{"id":2126,"date":"2017-09-20T07:04:10","date_gmt":"2017-09-20T04:04:10","guid":{"rendered":"http:\/\/happybubbles.com\/?page_id=2126"},"modified":"2017-09-20T07:08:18","modified_gmt":"2017-09-20T04:08:18","slug":"perfect-bouyancy-specialty","status":"publish","type":"page","link":"https:\/\/happybubbles.com\/en\/perfect-bouyancy-specialty\/","title":{"rendered":"Perfect Bouyancy Specialty"},"content":{"rendered":"<p><img decoding=\"async\" src=\"https:\/\/cdn-mdb-originpull.head.com\/CDN\/D\/93700553\/1\/598.jpg\" \/><\/p>\n<p>Do you want to increase your buoyancy control, minimize your breathing gas consumption, or move effortlessly above the ocean floor? The SSI Perfect Buoyancy program teaches you the skills and techniques needed to maximize your dive experience, increase your comfort in the water, and get the most from your equipment. You will earn earn the SSI Perfect Buoyancy Specialty certification.<\/p>\n<table>\n<tbody>\n<tr valign=\"top\">\n<td><b>Minimum Age:<\/b><\/td>\n<td>10<\/td>\n<\/tr>\n<tr valign=\"top\">\n<td><b>Certification Prerequisites:<\/b><\/td>\n<td>Open Water Diver<\/td>\n<\/tr>\n<tr valign=\"top\">\n<td><b>Academic Sessions:<\/b><\/td>\n<td>Online Learning<\/td>\n<\/tr>\n<tr valign=\"top\">\n<td><b>Pool\/Confined Water Sessions:<\/b><\/td>\n<td>1+<\/td>\n<\/tr>\n<tr valign=\"top\">\n<td><b>Open Water Dives:<\/b><\/td>\n<td>Optional<\/td>\n<\/tr>\n<tr valign=\"top\">\n<td><b>Maximum Training Depth:<\/b><\/td>\n<td>Optional<\/td>\n<\/tr>\n<tr valign=\"top\">\n<td><b>Suggested Duration:<\/b><\/td>\n<td>6 &#8211; 10 hours<\/td>\n<\/tr>\n<\/tbody>\n<\/table>\n<p><iframe loading=\"lazy\" src=\"https:\/\/www.youtube.com\/embed\/kADfwwso7sg\" width=\"560\" height=\"315\" frameborder=\"0\" allowfullscreen=\"allowfullscreen\"><\/iframe><\/p>\n","protected":false},"excerpt":{"rendered":"<p>Do you want to increase your buoyancy control, minimize your breathing gas consumption, or move effortlessly above the ocean floor? The SSI Perfect Buoyancy program teaches you the skills and techniques needed to maximize your &hellip;<\/p>\n","protected":false},"author":10,"featured_media":0,"parent":0,"menu_order":0,"comment_status":"closed","ping_status":"closed","template":"","meta":{"footnotes":""},"class_list":["post-2126","page","type-page","status-publish","hentry"],"yoast_head":"<!-- This site is optimized with the Yoast SEO plugin v27.1.1 - https:\/\/yoast.com\/product\/yoast-seo-wordpress\/ -->\n<title>Perfect Bouyancy Specialty &#187; Happy Bubbles Dive Center<\/title>\n<meta name=\"robots\" content=\"index, follow, max-snippet:-1, max-image-preview:large, max-video-preview:-1\" \/>\n<link rel=\"canonical\" href=\"https:\/\/happybubbles.com\/tr\/perfect-bouyancy-specialty\/\" \/>\n<meta property=\"og:locale\" content=\"en_US\" \/>\n<meta property=\"og:type\" content=\"article\" \/>\n<meta property=\"og:title\" content=\"Perfect Bouyancy Specialty &#187; Happy Bubbles Dive Center\" \/>\n<meta property=\"og:description\" content=\"Do you want to increase your buoyancy control, minimize your breathing gas consumption, or move effortlessly above the ocean floor? The SSI Perfect Buoyancy program teaches you the skills and techniques needed to maximize your &hellip;\" \/>\n<meta property=\"og:url\" content=\"https:\/\/happybubbles.com\/tr\/perfect-bouyancy-specialty\/\" \/>\n<meta property=\"og:site_name\" content=\"Happy Bubbles Dive Center\" \/>\n<meta property=\"article:publisher\" content=\"https:\/\/www.facebook.com\/HappyBubblesDive\/\" \/>\n<meta property=\"article:modified_time\" content=\"2017-09-20T04:08:18+00:00\" \/>\n<meta property=\"og:image\" content=\"https:\/\/cdn-mdb-originpull.head.com\/CDN\/D\/93700553\/1\/598.jpg\" \/>\n<meta name=\"twitter:card\" content=\"summary_large_image\" \/>\n<script type=\"application\/ld+json\" class=\"yoast-schema-graph\">{\"@context\":\"https:\/\/schema.org\",\"@graph\":[{\"@type\":\"WebPage\",\"@id\":\"https:\/\/happybubbles.com\/tr\/perfect-bouyancy-specialty\/\",\"url\":\"https:\/\/happybubbles.com\/tr\/perfect-bouyancy-specialty\/\",\"name\":\"Perfect Bouyancy Specialty &#187; Happy Bubbles Dive Center\",\"isPartOf\":{\"@id\":\"https:\/\/happybubbles.com\/#website\"},\"primaryImageOfPage\":{\"@id\":\"https:\/\/happybubbles.com\/tr\/perfect-bouyancy-specialty\/#primaryimage\"},\"image\":{\"@id\":\"https:\/\/happybubbles.com\/tr\/perfect-bouyancy-specialty\/#primaryimage\"},\"thumbnailUrl\":\"https:\/\/cdn-mdb-originpull.head.com\/CDN\/D\/93700553\/1\/598.jpg\",\"datePublished\":\"2017-09-20T04:04:10+00:00\",\"dateModified\":\"2017-09-20T04:08:18+00:00\",\"breadcrumb\":{\"@id\":\"https:\/\/happybubbles.com\/tr\/perfect-bouyancy-specialty\/#breadcrumb\"},\"inLanguage\":\"en-US\",\"potentialAction\":[{\"@type\":\"ReadAction\",\"target\":[\"https:\/\/happybubbles.com\/tr\/perfect-bouyancy-specialty\/\"]}]},{\"@type\":\"ImageObject\",\"inLanguage\":\"en-US\",\"@id\":\"https:\/\/happybubbles.com\/tr\/perfect-bouyancy-specialty\/#primaryimage\",\"url\":\"https:\/\/cdn-mdb-originpull.head.com\/CDN\/D\/93700553\/1\/598.jpg\",\"contentUrl\":\"https:\/\/cdn-mdb-originpull.head.com\/CDN\/D\/93700553\/1\/598.jpg\"},{\"@type\":\"BreadcrumbList\",\"@id\":\"https:\/\/happybubbles.com\/tr\/perfect-bouyancy-specialty\/#breadcrumb\",\"itemListElement\":[{\"@type\":\"ListItem\",\"position\":1,\"name\":\"Ana sayfa\",\"item\":\"https:\/\/happybubbles.com\/\"},{\"@type\":\"ListItem\",\"position\":2,\"name\":\"M\u00fckemmel Y\u00fczerlilik Uzmanl\u0131\u011f\u0131\"}]},{\"@type\":\"WebSite\",\"@id\":\"https:\/\/happybubbles.com\/#website\",\"url\":\"https:\/\/happybubbles.com\/\",\"name\":\"Happy Bubbles Dive Center\",\"description\":\"friendly &amp; relaxing dive center in Bodrum, Turkey\",\"publisher\":{\"@id\":\"https:\/\/happybubbles.com\/#organization\"},\"potentialAction\":[{\"@type\":\"SearchAction\",\"target\":{\"@type\":\"EntryPoint\",\"urlTemplate\":\"https:\/\/happybubbles.com\/?s={search_term_string}\"},\"query-input\":{\"@type\":\"PropertyValueSpecification\",\"valueRequired\":true,\"valueName\":\"search_term_string\"}}],\"inLanguage\":\"en-US\"},{\"@type\":\"Organization\",\"@id\":\"https:\/\/happybubbles.com\/#organization\",\"name\":\"Happy Bubbles Dive Center\",\"url\":\"https:\/\/happybubbles.com\/\",\"logo\":{\"@type\":\"ImageObject\",\"inLanguage\":\"en-US\",\"@id\":\"https:\/\/happybubbles.com\/#\/schema\/logo\/image\/\",\"url\":\"https:\/\/happybubbles.com\/wp-content\/uploads\/anaLogo4.png\",\"contentUrl\":\"https:\/\/happybubbles.com\/wp-content\/uploads\/anaLogo4.png\",\"width\":139,\"height\":128,\"caption\":\"Happy Bubbles Dive Center\"},\"image\":{\"@id\":\"https:\/\/happybubbles.com\/#\/schema\/logo\/image\/\"},\"sameAs\":[\"https:\/\/www.facebook.com\/HappyBubblesDive\/\",\"https:\/\/www.instagram.com\/happybubblesdive\/\"]}]}<\/script>\n<!-- \/ Yoast SEO plugin. -->","yoast_head_json":{"title":"Perfect Bouyancy Specialty &#187; Happy Bubbles Dive Center","robots":{"index":"index","follow":"follow","max-snippet":"max-snippet:-1","max-image-preview":"max-image-preview:large","max-video-preview":"max-video-preview:-1"},"canonical":"https:\/\/happybubbles.com\/tr\/perfect-bouyancy-specialty\/","og_locale":"en_US","og_type":"article","og_title":"Perfect Bouyancy Specialty &#187; Happy Bubbles Dive Center","og_description":"Do you want to increase your buoyancy control, minimize your breathing gas consumption, or move effortlessly above the ocean floor? The SSI Perfect Buoyancy program teaches you the skills and techniques needed to maximize your &hellip;","og_url":"https:\/\/happybubbles.com\/tr\/perfect-bouyancy-specialty\/","og_site_name":"Happy Bubbles Dive Center","article_publisher":"https:\/\/www.facebook.com\/HappyBubblesDive\/","article_modified_time":"2017-09-20T04:08:18+00:00","og_image":[{"url":"https:\/\/cdn-mdb-originpull.head.com\/CDN\/D\/93700553\/1\/598.jpg","type":"","width":"","height":""}],"twitter_card":"summary_large_image","schema":{"@context":"https:\/\/schema.org","@graph":[{"@type":"WebPage","@id":"https:\/\/happybubbles.com\/tr\/perfect-bouyancy-specialty\/","url":"https:\/\/happybubbles.com\/tr\/perfect-bouyancy-specialty\/","name":"Perfect Bouyancy Specialty &#187; Happy Bubbles Dive Center","isPartOf":{"@id":"https:\/\/happybubbles.com\/#website"},"primaryImageOfPage":{"@id":"https:\/\/happybubbles.com\/tr\/perfect-bouyancy-specialty\/#primaryimage"},"image":{"@id":"https:\/\/happybubbles.com\/tr\/perfect-bouyancy-specialty\/#primaryimage"},"thumbnailUrl":"https:\/\/cdn-mdb-originpull.head.com\/CDN\/D\/93700553\/1\/598.jpg","datePublished":"2017-09-20T04:04:10+00:00","dateModified":"2017-09-20T04:08:18+00:00","breadcrumb":{"@id":"https:\/\/happybubbles.com\/tr\/perfect-bouyancy-specialty\/#breadcrumb"},"inLanguage":"en-US","potentialAction":[{"@type":"ReadAction","target":["https:\/\/happybubbles.com\/tr\/perfect-bouyancy-specialty\/"]}]},{"@type":"ImageObject","inLanguage":"en-US","@id":"https:\/\/happybubbles.com\/tr\/perfect-bouyancy-specialty\/#primaryimage","url":"https:\/\/cdn-mdb-originpull.head.com\/CDN\/D\/93700553\/1\/598.jpg","contentUrl":"https:\/\/cdn-mdb-originpull.head.com\/CDN\/D\/93700553\/1\/598.jpg"},{"@type":"BreadcrumbList","@id":"https:\/\/happybubbles.com\/tr\/perfect-bouyancy-specialty\/#breadcrumb","itemListElement":[{"@type":"ListItem","position":1,"name":"Ana sayfa","item":"https:\/\/happybubbles.com\/"},{"@type":"ListItem","position":2,"name":"M\u00fckemmel Y\u00fczerlilik Uzmanl\u0131\u011f\u0131"}]},{"@type":"WebSite","@id":"https:\/\/happybubbles.com\/#website","url":"https:\/\/happybubbles.com\/","name":"Happy Bubbles Dive Center","description":"friendly &amp; relaxing dive center in Bodrum, Turkey","publisher":{"@id":"https:\/\/happybubbles.com\/#organization"},"potentialAction":[{"@type":"SearchAction","target":{"@type":"EntryPoint","urlTemplate":"https:\/\/happybubbles.com\/?s={search_term_string}"},"query-input":{"@type":"PropertyValueSpecification","valueRequired":true,"valueName":"search_term_string"}}],"inLanguage":"en-US"},{"@type":"Organization","@id":"https:\/\/happybubbles.com\/#organization","name":"Happy Bubbles Dive Center","url":"https:\/\/happybubbles.com\/","logo":{"@type":"ImageObject","inLanguage":"en-US","@id":"https:\/\/happybubbles.com\/#\/schema\/logo\/image\/","url":"https:\/\/happybubbles.com\/wp-content\/uploads\/anaLogo4.png","contentUrl":"https:\/\/happybubbles.com\/wp-content\/uploads\/anaLogo4.png","width":139,"height":128,"caption":"Happy Bubbles Dive Center"},"image":{"@id":"https:\/\/happybubbles.com\/#\/schema\/logo\/image\/"},"sameAs":["https:\/\/www.facebook.com\/HappyBubblesDive\/","https:\/\/www.instagram.com\/happybubblesdive\/"]}]}},"_links":{"self":[{"href":"https:\/\/happybubbles.com\/en\/wp-json\/wp\/v2\/pages\/2126","targetHints":{"allow":["GET"]}}],"collection":[{"href":"https:\/\/happybubbles.com\/en\/wp-json\/wp\/v2\/pages"}],"about":[{"href":"https:\/\/happybubbles.com\/en\/wp-json\/wp\/v2\/types\/page"}],"author":[{"embeddable":true,"href":"https:\/\/happybubbles.com\/en\/wp-json\/wp\/v2\/users\/10"}],"replies":[{"embeddable":true,"href":"https:\/\/happybubbles.com\/en\/wp-json\/wp\/v2\/comments?post=2126"}],"version-history":[{"count":3,"href":"https:\/\/happybubbles.com\/en\/wp-json\/wp\/v2\/pages\/2126\/revisions"}],"predecessor-version":[{"id":2130,"href":"https:\/\/happybubbles.com\/en\/wp-json\/wp\/v2\/pages\/2126\/revisions\/2130"}],"wp:attachment":[{"href":"https:\/\/happybubbles.com\/en\/wp-json\/wp\/v2\/media?parent=2126"}],"curies":[{"name":"wp","href":"https:\/\/api.w.org\/{rel}","templated":true}]}}