{"id":46,"date":"2013-03-06T17:15:21","date_gmt":"2013-03-06T15:15:21","guid":{"rendered":"http:\/\/happybubbles.com\/?page_id=46"},"modified":"2024-03-05T21:02:26","modified_gmt":"2024-03-05T18:02:26","slug":"daily-diving-tours","status":"publish","type":"page","link":"https:\/\/happybubbles.com\/en\/daily-diving-tours\/","title":{"rendered":"Daily Diving Tours"},"content":{"rendered":"<p><img loading=\"lazy\" decoding=\"async\" class=\"alignnone size-full wp-image-57274\" src=\"https:\/\/happybubbles.com\/wp-content\/uploads\/certifiedHeader2024.png\" alt=\"\" width=\"2590\" height=\"442\" srcset=\"https:\/\/happybubbles.com\/wp-content\/uploads\/certifiedHeader2024.png 2590w, https:\/\/happybubbles.com\/wp-content\/uploads\/certifiedHeader2024-300x51.png 300w, https:\/\/happybubbles.com\/wp-content\/uploads\/certifiedHeader2024-1024x175.png 1024w, https:\/\/happybubbles.com\/wp-content\/uploads\/certifiedHeader2024-768x131.png 768w, https:\/\/happybubbles.com\/wp-content\/uploads\/certifiedHeader2024-1536x262.png 1536w, https:\/\/happybubbles.com\/wp-content\/uploads\/certifiedHeader2024-2048x350.png 2048w, https:\/\/happybubbles.com\/wp-content\/uploads\/certifiedHeader2024-1510x258.png 1510w, https:\/\/happybubbles.com\/wp-content\/uploads\/certifiedHeader2024-800x137.png 800w, https:\/\/happybubbles.com\/wp-content\/uploads\/certifiedHeader2024-512x87.png 512w\" sizes=\"auto, (max-width: 2590px) 100vw, 2590px\" \/><\/p>\n<h5>CERTIFIED DIVERS<\/h5>\n<p>If you are a certified diver, you are welcome on board to join our daily diving excursions. Our dive boat sets out every day to the best diving spots around Bodrum. Reefs with sponges, giant groupers, octopuses and moray eels, wrecks of combat planes, coast guard boats and tankers, exciting caverns with nocturnal tube worms are visited everyday by hundreds of divers from all over the world. Bodrum has an ancient history of many civilizations. It is amazing to see the amphorae and feel the history like an underwater archeologist does.<\/p>\n<p>If you have your own equipment, we supply two tanks and weights for you. If you need any additional equipment you may rent one of ours. Nitrox will be available soon. Accompanying non-divers are also welcome on board.<\/p>\n<p><strong>Photo Gallery<\/strong><\/p>\n<div id='gallery-1' class='gallery galleryid-46 gallery-columns-3 gallery-size-medium'><figure class='gallery-item'>\n\t\t\t<div class='gallery-icon portrait'>\n\t\t\t\t<a href='https:\/\/happybubbles.com\/en\/daily-diving-tours\/hakanegel_0021_resize\/'><img loading=\"lazy\" decoding=\"async\" width=\"200\" height=\"300\" src=\"https:\/\/happybubbles.com\/wp-content\/uploads\/HakanEgel_0021_resize-200x300.jpg\" class=\"attachment-medium size-medium\" alt=\"\" srcset=\"https:\/\/happybubbles.com\/wp-content\/uploads\/HakanEgel_0021_resize-200x300.jpg 200w, https:\/\/happybubbles.com\/wp-content\/uploads\/HakanEgel_0021_resize-685x1024.jpg 685w, https:\/\/happybubbles.com\/wp-content\/uploads\/HakanEgel_0021_resize-100x150.jpg 100w, https:\/\/happybubbles.com\/wp-content\/uploads\/HakanEgel_0021_resize.jpg 1296w\" sizes=\"auto, (max-width: 200px) 100vw, 200px\" \/><\/a>\n\t\t\t<\/div><\/figure><figure class='gallery-item'>\n\t\t\t<div class='gallery-icon portrait'>\n\t\t\t\t<a href='https:\/\/happybubbles.com\/en\/daily-diving-tours\/alpbaranok_012_resize\/'><img loading=\"lazy\" decoding=\"async\" width=\"200\" height=\"300\" src=\"https:\/\/happybubbles.com\/wp-content\/uploads\/AlpBaranok_012_resize-200x300.jpg\" class=\"attachment-medium size-medium\" alt=\"\" srcset=\"https:\/\/happybubbles.com\/wp-content\/uploads\/AlpBaranok_012_resize-200x300.jpg 200w, https:\/\/happybubbles.com\/wp-content\/uploads\/AlpBaranok_012_resize-685x1024.jpg 685w, https:\/\/happybubbles.com\/wp-content\/uploads\/AlpBaranok_012_resize-100x150.jpg 100w, https:\/\/happybubbles.com\/wp-content\/uploads\/AlpBaranok_012_resize.jpg 1296w\" sizes=\"auto, (max-width: 200px) 100vw, 200px\" \/><\/a>\n\t\t\t<\/div><\/figure><figure class='gallery-item'>\n\t\t\t<div class='gallery-icon landscape'>\n\t\t\t\t<a href='https:\/\/happybubbles.com\/en\/daily-diving-tours\/alpbaranok_013_resize-2\/'><img loading=\"lazy\" decoding=\"async\" width=\"300\" height=\"200\" src=\"https:\/\/happybubbles.com\/wp-content\/uploads\/AlpBaranok_013_resize1-300x200.jpg\" class=\"attachment-medium size-medium\" alt=\"\" srcset=\"https:\/\/happybubbles.com\/wp-content\/uploads\/AlpBaranok_013_resize1-300x200.jpg 300w, https:\/\/happybubbles.com\/wp-content\/uploads\/AlpBaranok_013_resize1-1024x685.jpg 1024w, https:\/\/happybubbles.com\/wp-content\/uploads\/AlpBaranok_013_resize1-224x150.jpg 224w, https:\/\/happybubbles.com\/wp-content\/uploads\/AlpBaranok_013_resize1.jpg 1936w\" sizes=\"auto, (max-width: 300px) 100vw, 300px\" \/><\/a>\n\t\t\t<\/div><\/figure><figure class='gallery-item'>\n\t\t\t<div class='gallery-icon landscape'>\n\t\t\t\t<a href='https:\/\/happybubbles.com\/en\/daily-diving-tours\/alpbaranok_026_resize\/'><img loading=\"lazy\" decoding=\"async\" width=\"300\" height=\"200\" src=\"https:\/\/happybubbles.com\/wp-content\/uploads\/AlpBaranok_026_resize-300x200.jpg\" class=\"attachment-medium size-medium\" alt=\"\" srcset=\"https:\/\/happybubbles.com\/wp-content\/uploads\/AlpBaranok_026_resize-300x200.jpg 300w, https:\/\/happybubbles.com\/wp-content\/uploads\/AlpBaranok_026_resize-1024x685.jpg 1024w, https:\/\/happybubbles.com\/wp-content\/uploads\/AlpBaranok_026_resize-224x150.jpg 224w, https:\/\/happybubbles.com\/wp-content\/uploads\/AlpBaranok_026_resize.jpg 1936w\" sizes=\"auto, (max-width: 300px) 100vw, 300px\" \/><\/a>\n\t\t\t<\/div><\/figure><figure class='gallery-item'>\n\t\t\t<div class='gallery-icon landscape'>\n\t\t\t\t<a href='https:\/\/happybubbles.com\/en\/daily-diving-tours\/dsc_3460\/'><img loading=\"lazy\" decoding=\"async\" width=\"300\" height=\"199\" src=\"https:\/\/happybubbles.com\/wp-content\/uploads\/DSC_3460-300x199.jpeg\" class=\"attachment-medium size-medium\" alt=\"\" srcset=\"https:\/\/happybubbles.com\/wp-content\/uploads\/DSC_3460-300x199.jpeg 300w, https:\/\/happybubbles.com\/wp-content\/uploads\/DSC_3460-225x150.jpeg 225w, https:\/\/happybubbles.com\/wp-content\/uploads\/DSC_3460.jpeg 722w\" sizes=\"auto, (max-width: 300px) 100vw, 300px\" \/><\/a>\n\t\t\t<\/div><\/figure><figure class='gallery-item'>\n\t\t\t<div class='gallery-icon portrait'>\n\t\t\t\t<a href='https:\/\/happybubbles.com\/en\/daily-diving-tours\/hakanegel_0024_resize\/'><img loading=\"lazy\" decoding=\"async\" width=\"200\" height=\"300\" src=\"https:\/\/happybubbles.com\/wp-content\/uploads\/HakanEgel_0024_resize-200x300.jpg\" class=\"attachment-medium size-medium\" alt=\"\" srcset=\"https:\/\/happybubbles.com\/wp-content\/uploads\/HakanEgel_0024_resize-200x300.jpg 200w, https:\/\/happybubbles.com\/wp-content\/uploads\/HakanEgel_0024_resize-685x1024.jpg 685w, https:\/\/happybubbles.com\/wp-content\/uploads\/HakanEgel_0024_resize-100x150.jpg 100w, https:\/\/happybubbles.com\/wp-content\/uploads\/HakanEgel_0024_resize.jpg 1296w\" sizes=\"auto, (max-width: 200px) 100vw, 200px\" \/><\/a>\n\t\t\t<\/div><\/figure><figure class='gallery-item'>\n\t\t\t<div class='gallery-icon landscape'>\n\t\t\t\t<a href='https:\/\/happybubbles.com\/en\/daily-diving-tours\/hakanegel_0016_resize\/'><img loading=\"lazy\" decoding=\"async\" width=\"300\" height=\"200\" src=\"https:\/\/happybubbles.com\/wp-content\/uploads\/HakanEgel_0016_resize-300x200.jpg\" class=\"attachment-medium size-medium\" alt=\"\" srcset=\"https:\/\/happybubbles.com\/wp-content\/uploads\/HakanEgel_0016_resize-300x200.jpg 300w, https:\/\/happybubbles.com\/wp-content\/uploads\/HakanEgel_0016_resize-1024x685.jpg 1024w, https:\/\/happybubbles.com\/wp-content\/uploads\/HakanEgel_0016_resize-224x150.jpg 224w, https:\/\/happybubbles.com\/wp-content\/uploads\/HakanEgel_0016_resize.jpg 1936w\" sizes=\"auto, (max-width: 300px) 100vw, 300px\" \/><\/a>\n\t\t\t<\/div><\/figure>\n\t\t<\/div>\n\n","protected":false},"excerpt":{"rendered":"<p>CERTIFIED DIVERS If you are a certified diver, you are welcome on board to join our daily diving excursions. Our dive boat sets out every day to the best diving spots around Bodrum. Reefs with &hellip;<\/p>\n","protected":false},"author":1,"featured_media":0,"parent":0,"menu_order":0,"comment_status":"closed","ping_status":"closed","template":"","meta":{"footnotes":""},"class_list":["post-46","page","type-page","status-publish","hentry"],"yoast_head":"<!-- This site is optimized with the Yoast SEO plugin v27.1.1 - https:\/\/yoast.com\/product\/yoast-seo-wordpress\/ -->\n<title>Daily Diving Tours &#187; Happy Bubbles Dive Center<\/title>\n<meta name=\"robots\" content=\"index, follow, max-snippet:-1, max-image-preview:large, max-video-preview:-1\" \/>\n<link rel=\"canonical\" href=\"https:\/\/happybubbles.com\/daily-diving-tours\/\" \/>\n<meta property=\"og:locale\" content=\"en_US\" \/>\n<meta property=\"og:type\" content=\"article\" \/>\n<meta property=\"og:title\" content=\"Daily Diving Tours &#187; Happy Bubbles Dive Center\" \/>\n<meta property=\"og:description\" content=\"CERTIFIED DIVERS If you are a certified diver, you are welcome on board to join our daily diving excursions. Our dive boat sets out every day to the best diving spots around Bodrum. Reefs with &hellip;\" \/>\n<meta property=\"og:url\" content=\"https:\/\/happybubbles.com\/daily-diving-tours\/\" \/>\n<meta property=\"og:site_name\" content=\"Happy Bubbles Dive Center\" \/>\n<meta property=\"article:publisher\" content=\"https:\/\/www.facebook.com\/HappyBubblesDive\/\" \/>\n<meta property=\"article:modified_time\" content=\"2024-03-05T18:02:26+00:00\" \/>\n<meta property=\"og:image\" content=\"https:\/\/happybubbles.com\/wp-content\/uploads\/HakanEgel_0021_resize-200x300.jpg\" \/>\n<meta name=\"twitter:card\" content=\"summary_large_image\" \/>\n<meta name=\"twitter:label1\" content=\"Est. reading time\" \/>\n\t<meta name=\"twitter:data1\" content=\"1 minute\" \/>\n<script type=\"application\/ld+json\" class=\"yoast-schema-graph\">{\"@context\":\"https:\/\/schema.org\",\"@graph\":[{\"@type\":\"WebPage\",\"@id\":\"https:\/\/happybubbles.com\/daily-diving-tours\/\",\"url\":\"https:\/\/happybubbles.com\/daily-diving-tours\/\",\"name\":\"Daily Diving Tours &#187; Happy Bubbles Dive Center\",\"isPartOf\":{\"@id\":\"https:\/\/happybubbles.com\/#website\"},\"primaryImageOfPage\":{\"@id\":\"https:\/\/happybubbles.com\/daily-diving-tours\/#primaryimage\"},\"image\":{\"@id\":\"https:\/\/happybubbles.com\/daily-diving-tours\/#primaryimage\"},\"thumbnailUrl\":\"https:\/\/happybubbles.com\/wp-content\/uploads\/certifiedHeader2024.png\",\"datePublished\":\"2013-03-06T15:15:21+00:00\",\"dateModified\":\"2024-03-05T18:02:26+00:00\",\"breadcrumb\":{\"@id\":\"https:\/\/happybubbles.com\/daily-diving-tours\/#breadcrumb\"},\"inLanguage\":\"en-US\",\"potentialAction\":[{\"@type\":\"ReadAction\",\"target\":[\"https:\/\/happybubbles.com\/daily-diving-tours\/\"]}]},{\"@type\":\"ImageObject\",\"inLanguage\":\"en-US\",\"@id\":\"https:\/\/happybubbles.com\/daily-diving-tours\/#primaryimage\",\"url\":\"https:\/\/happybubbles.com\/wp-content\/uploads\/certifiedHeader2024.png\",\"contentUrl\":\"https:\/\/happybubbles.com\/wp-content\/uploads\/certifiedHeader2024.png\"},{\"@type\":\"BreadcrumbList\",\"@id\":\"https:\/\/happybubbles.com\/daily-diving-tours\/#breadcrumb\",\"itemListElement\":[{\"@type\":\"ListItem\",\"position\":1,\"name\":\"Ana sayfa\",\"item\":\"https:\/\/happybubbles.com\/\"},{\"@type\":\"ListItem\",\"position\":2,\"name\":\"G\u00fcnl\u00fck Dal\u0131\u015f Turlar\u0131\"}]},{\"@type\":\"WebSite\",\"@id\":\"https:\/\/happybubbles.com\/#website\",\"url\":\"https:\/\/happybubbles.com\/\",\"name\":\"Happy Bubbles Dive Center\",\"description\":\"friendly &amp; relaxing dive center in Bodrum, Turkey\",\"publisher\":{\"@id\":\"https:\/\/happybubbles.com\/#organization\"},\"potentialAction\":[{\"@type\":\"SearchAction\",\"target\":{\"@type\":\"EntryPoint\",\"urlTemplate\":\"https:\/\/happybubbles.com\/?s={search_term_string}\"},\"query-input\":{\"@type\":\"PropertyValueSpecification\",\"valueRequired\":true,\"valueName\":\"search_term_string\"}}],\"inLanguage\":\"en-US\"},{\"@type\":\"Organization\",\"@id\":\"https:\/\/happybubbles.com\/#organization\",\"name\":\"Happy Bubbles Dive Center\",\"url\":\"https:\/\/happybubbles.com\/\",\"logo\":{\"@type\":\"ImageObject\",\"inLanguage\":\"en-US\",\"@id\":\"https:\/\/happybubbles.com\/#\/schema\/logo\/image\/\",\"url\":\"https:\/\/happybubbles.com\/wp-content\/uploads\/anaLogo4.png\",\"contentUrl\":\"https:\/\/happybubbles.com\/wp-content\/uploads\/anaLogo4.png\",\"width\":139,\"height\":128,\"caption\":\"Happy Bubbles Dive Center\"},\"image\":{\"@id\":\"https:\/\/happybubbles.com\/#\/schema\/logo\/image\/\"},\"sameAs\":[\"https:\/\/www.facebook.com\/HappyBubblesDive\/\",\"https:\/\/www.instagram.com\/happybubblesdive\/\"]}]}<\/script>\n<!-- \/ Yoast SEO plugin. -->","yoast_head_json":{"title":"Daily Diving Tours &#187; Happy Bubbles Dive Center","robots":{"index":"index","follow":"follow","max-snippet":"max-snippet:-1","max-image-preview":"max-image-preview:large","max-video-preview":"max-video-preview:-1"},"canonical":"https:\/\/happybubbles.com\/daily-diving-tours\/","og_locale":"en_US","og_type":"article","og_title":"Daily Diving Tours &#187; Happy Bubbles Dive Center","og_description":"CERTIFIED DIVERS If you are a certified diver, you are welcome on board to join our daily diving excursions. Our dive boat sets out every day to the best diving spots around Bodrum. Reefs with &hellip;","og_url":"https:\/\/happybubbles.com\/daily-diving-tours\/","og_site_name":"Happy Bubbles Dive Center","article_publisher":"https:\/\/www.facebook.com\/HappyBubblesDive\/","article_modified_time":"2024-03-05T18:02:26+00:00","og_image":[{"url":"https:\/\/happybubbles.com\/wp-content\/uploads\/HakanEgel_0021_resize-200x300.jpg","type":"","width":"","height":""}],"twitter_card":"summary_large_image","twitter_misc":{"Est. reading time":"1 minute"},"schema":{"@context":"https:\/\/schema.org","@graph":[{"@type":"WebPage","@id":"https:\/\/happybubbles.com\/daily-diving-tours\/","url":"https:\/\/happybubbles.com\/daily-diving-tours\/","name":"Daily Diving Tours &#187; Happy Bubbles Dive Center","isPartOf":{"@id":"https:\/\/happybubbles.com\/#website"},"primaryImageOfPage":{"@id":"https:\/\/happybubbles.com\/daily-diving-tours\/#primaryimage"},"image":{"@id":"https:\/\/happybubbles.com\/daily-diving-tours\/#primaryimage"},"thumbnailUrl":"https:\/\/happybubbles.com\/wp-content\/uploads\/certifiedHeader2024.png","datePublished":"2013-03-06T15:15:21+00:00","dateModified":"2024-03-05T18:02:26+00:00","breadcrumb":{"@id":"https:\/\/happybubbles.com\/daily-diving-tours\/#breadcrumb"},"inLanguage":"en-US","potentialAction":[{"@type":"ReadAction","target":["https:\/\/happybubbles.com\/daily-diving-tours\/"]}]},{"@type":"ImageObject","inLanguage":"en-US","@id":"https:\/\/happybubbles.com\/daily-diving-tours\/#primaryimage","url":"https:\/\/happybubbles.com\/wp-content\/uploads\/certifiedHeader2024.png","contentUrl":"https:\/\/happybubbles.com\/wp-content\/uploads\/certifiedHeader2024.png"},{"@type":"BreadcrumbList","@id":"https:\/\/happybubbles.com\/daily-diving-tours\/#breadcrumb","itemListElement":[{"@type":"ListItem","position":1,"name":"Ana sayfa","item":"https:\/\/happybubbles.com\/"},{"@type":"ListItem","position":2,"name":"G\u00fcnl\u00fck Dal\u0131\u015f Turlar\u0131"}]},{"@type":"WebSite","@id":"https:\/\/happybubbles.com\/#website","url":"https:\/\/happybubbles.com\/","name":"Happy Bubbles Dive Center","description":"friendly &amp; relaxing dive center in Bodrum, Turkey","publisher":{"@id":"https:\/\/happybubbles.com\/#organization"},"potentialAction":[{"@type":"SearchAction","target":{"@type":"EntryPoint","urlTemplate":"https:\/\/happybubbles.com\/?s={search_term_string}"},"query-input":{"@type":"PropertyValueSpecification","valueRequired":true,"valueName":"search_term_string"}}],"inLanguage":"en-US"},{"@type":"Organization","@id":"https:\/\/happybubbles.com\/#organization","name":"Happy Bubbles Dive Center","url":"https:\/\/happybubbles.com\/","logo":{"@type":"ImageObject","inLanguage":"en-US","@id":"https:\/\/happybubbles.com\/#\/schema\/logo\/image\/","url":"https:\/\/happybubbles.com\/wp-content\/uploads\/anaLogo4.png","contentUrl":"https:\/\/happybubbles.com\/wp-content\/uploads\/anaLogo4.png","width":139,"height":128,"caption":"Happy Bubbles Dive Center"},"image":{"@id":"https:\/\/happybubbles.com\/#\/schema\/logo\/image\/"},"sameAs":["https:\/\/www.facebook.com\/HappyBubblesDive\/","https:\/\/www.instagram.com\/happybubblesdive\/"]}]}},"_links":{"self":[{"href":"https:\/\/happybubbles.com\/en\/wp-json\/wp\/v2\/pages\/46","targetHints":{"allow":["GET"]}}],"collection":[{"href":"https:\/\/happybubbles.com\/en\/wp-json\/wp\/v2\/pages"}],"about":[{"href":"https:\/\/happybubbles.com\/en\/wp-json\/wp\/v2\/types\/page"}],"author":[{"embeddable":true,"href":"https:\/\/happybubbles.com\/en\/wp-json\/wp\/v2\/users\/1"}],"replies":[{"embeddable":true,"href":"https:\/\/happybubbles.com\/en\/wp-json\/wp\/v2\/comments?post=46"}],"version-history":[{"count":26,"href":"https:\/\/happybubbles.com\/en\/wp-json\/wp\/v2\/pages\/46\/revisions"}],"predecessor-version":[{"id":57276,"href":"https:\/\/happybubbles.com\/en\/wp-json\/wp\/v2\/pages\/46\/revisions\/57276"}],"wp:attachment":[{"href":"https:\/\/happybubbles.com\/en\/wp-json\/wp\/v2\/media?parent=46"}],"curies":[{"name":"wp","href":"https:\/\/api.w.org\/{rel}","templated":true}]}}