{"id":1119,"date":"2015-01-07T14:45:11","date_gmt":"2015-01-07T12:45:11","guid":{"rendered":"http:\/\/happybubbles.com\/?page_id=1119"},"modified":"2024-03-06T14:39:51","modified_gmt":"2024-03-06T11:39:51","slug":"selkie-the-new-boat","status":"publish","type":"page","link":"https:\/\/happybubbles.com\/tr\/selkie-the-new-boat\/","title":{"rendered":"SELKIE &#8211; Yeni Teknemiz"},"content":{"rendered":"<p><img loading=\"lazy\" decoding=\"async\" class=\"alignnone size-full wp-image-57277\" src=\"https:\/\/happybubbles.com\/wp-content\/uploads\/selkieHeader2024.png\" alt=\"\" width=\"2590\" height=\"442\" srcset=\"https:\/\/happybubbles.com\/wp-content\/uploads\/selkieHeader2024.png 2590w, https:\/\/happybubbles.com\/wp-content\/uploads\/selkieHeader2024-300x51.png 300w, https:\/\/happybubbles.com\/wp-content\/uploads\/selkieHeader2024-1024x175.png 1024w, https:\/\/happybubbles.com\/wp-content\/uploads\/selkieHeader2024-768x131.png 768w, https:\/\/happybubbles.com\/wp-content\/uploads\/selkieHeader2024-1536x262.png 1536w, https:\/\/happybubbles.com\/wp-content\/uploads\/selkieHeader2024-2048x350.png 2048w, https:\/\/happybubbles.com\/wp-content\/uploads\/selkieHeader2024-1510x258.png 1510w, https:\/\/happybubbles.com\/wp-content\/uploads\/selkieHeader2024-800x137.png 800w, https:\/\/happybubbles.com\/wp-content\/uploads\/selkieHeader2024-512x87.png 512w\" sizes=\"auto, (max-width: 2590px) 100vw, 2590px\" \/><\/p>\n<p>Yeni teknemiz\u00a0&#8220;M\/V Selkie&#8221; 2014 senesinde in\u015fa edilmi\u015f ve 2015 ba\u015f\u0131nda denize indirilmi\u015ftir.\u00a0!!!<\/p>\n<p>Bu g\u00fczel k\u0131z\u0131m\u0131z sacdan yap\u0131lm\u0131\u015ft\u0131r ve \u00f6ncekinden daha b\u00fcy\u00fckt\u00fcr. 75 m2 \u00fcst g\u00fcverte alan\u0131, daha geni\u015f dal\u0131\u015f haz\u0131rlanma g\u00fcvertesi, deniz seviyesine al\u00e7alt\u0131lm\u0131\u015f t\u00fcmle\u015fik dal\u0131\u015f platformu, y\u00fcksek performansl\u0131 dizel motoru, 2 ev tipi l\u00fcks tuvaleti, 220V invert\u00f6r\u00fc, g\u00fcne\u015f enerjisi panelleri ve yepyeni altyap\u0131s\u0131 yeni teknemizin \u00e7arp\u0131c\u0131 \u00f6zelliklerinden baz\u0131lar\u0131d\u0131r. Teknemiz 45 yolcu + tayfa ta\u015f\u0131yabilecek \u015fekilde tasarlanm\u0131\u015ft\u0131r.<\/p>\n<table style=\"height: 848px;\" width=\"904\">\n<tbody>\n<tr>\n<td width=\"132\"><strong>Yap\u0131m Y\u0131l\u0131<\/strong><\/td>\n<td width=\"104\">2014<\/td>\n<td width=\"142\"><strong>Kompres\u00f6rler<\/strong><\/td>\n<td width=\"142\">Nardi 350lt\/dk<\/td>\n<\/tr>\n<tr>\n<td width=\"132\"><strong>Boy<\/strong><\/td>\n<td width=\"104\">14,90<\/td>\n<td width=\"142\"><strong>\u00a0<\/strong><\/td>\n<td width=\"142\">Alk\u0131n 270 lt\/dk<\/td>\n<\/tr>\n<tr>\n<td width=\"132\"><strong>En<\/strong><\/td>\n<td width=\"104\">5,70<\/td>\n<td width=\"142\"><strong>\u00a0<\/strong><\/td>\n<td width=\"142\">Bauer 190 lt\/dk<\/td>\n<\/tr>\n<tr>\n<td width=\"132\"><strong>Draft<\/strong><\/td>\n<td width=\"104\">1,20<\/td>\n<td width=\"142\"><strong>Nitrox<\/strong><\/td>\n<td width=\"142\">Var (%36 maks)<\/td>\n<\/tr>\n<tr>\n<td width=\"132\"><strong>Makine G\u00fcc\u00fc<\/strong><\/td>\n<td width=\"104\">280 bhp<\/td>\n<td width=\"142\"><strong>T\u00fcp<\/strong><\/td>\n<td width=\"142\">110 adet ALU 12lt<\/td>\n<\/tr>\n<tr>\n<td width=\"132\"><strong>Kapasite<\/strong><\/td>\n<td width=\"104\">45 ki\u015fi<\/td>\n<td width=\"142\"><strong>BC<\/strong><\/td>\n<td width=\"142\">35 adet<\/td>\n<\/tr>\n<tr>\n<td width=\"132\"><strong>220V<\/strong><\/td>\n<td width=\"104\">Var (invert\u00f6r)<\/td>\n<td width=\"142\"><strong>Reg<\/strong><\/td>\n<td width=\"142\">35 adet<\/td>\n<\/tr>\n<tr>\n<td width=\"132\"><strong>G\u00fcne\u015f Enerjisi<\/strong><\/td>\n<td width=\"104\">Var<\/td>\n<td width=\"142\"><strong>ABC<\/strong><\/td>\n<td width=\"142\">~40+ adet<\/td>\n<\/tr>\n<tr>\n<td width=\"132\"><strong>WC<\/strong><\/td>\n<td width=\"104\">2 adet ev tipi<\/td>\n<td width=\"142\"><strong>Serbest Dal\u0131\u015f<\/strong><\/td>\n<td width=\"142\">10 tak\u0131m<\/td>\n<\/tr>\n<tr>\n<td width=\"132\"><strong>Gross Tonilatosu<\/strong><\/td>\n<td width=\"104\">49,7 gt<\/td>\n<td width=\"142\"><strong>E\u011fitim \u015famand\u0131ras\u0131<\/strong><\/td>\n<td width=\"142\">2 adet<\/td>\n<\/tr>\n<tr>\n<td width=\"132\"><strong>Dal\u0131\u015f G\u00fcvertesi<\/strong><\/td>\n<td width=\"104\">40 m<sup>2<\/sup><\/td>\n<td width=\"142\"><strong>\u0130lk yard\u0131m seti<\/strong><\/td>\n<td width=\"142\">Var<\/td>\n<\/tr>\n<tr>\n<td width=\"132\"><strong>\u00dcst G\u00fcverte<\/strong><\/td>\n<td width=\"104\">75 m<sup>2<\/sup><\/td>\n<td width=\"142\"><strong>Acil durum O<sub>2<\/sub><\/strong><\/td>\n<td width=\"142\">15 lt x 150 bar<\/td>\n<\/tr>\n<\/tbody>\n<\/table>\n<p>&nbsp;<\/p>\n<div id='gallery-1' class='gallery galleryid-1119 gallery-columns-3 gallery-size-medium'><figure class='gallery-item'>\n\t\t\t<div class='gallery-icon landscape'>\n\t\t\t\t<a href='https:\/\/happybubbles.com\/tr\/selkie-the-new-boat\/2015-03-04-11-48-11\/'><img loading=\"lazy\" decoding=\"async\" width=\"300\" height=\"169\" src=\"https:\/\/happybubbles.com\/wp-content\/uploads\/2015-03-04-11.48.11-300x169.jpg\" class=\"attachment-medium size-medium\" alt=\"\" srcset=\"https:\/\/happybubbles.com\/wp-content\/uploads\/2015-03-04-11.48.11-300x169.jpg 300w, https:\/\/happybubbles.com\/wp-content\/uploads\/2015-03-04-11.48.11-1024x576.jpg 1024w, https:\/\/happybubbles.com\/wp-content\/uploads\/2015-03-04-11.48.11-250x141.jpg 250w, https:\/\/happybubbles.com\/wp-content\/uploads\/2015-03-04-11.48.11-150x84.jpg 150w\" sizes=\"auto, (max-width: 300px) 100vw, 300px\" \/><\/a>\n\t\t\t<\/div><\/figure><figure class='gallery-item'>\n\t\t\t<div class='gallery-icon landscape'>\n\t\t\t\t<a href='https:\/\/happybubbles.com\/tr\/selkie-the-new-boat\/10854282_831111790312812_7717007720520570516_o\/'><img loading=\"lazy\" decoding=\"async\" width=\"300\" height=\"230\" src=\"https:\/\/happybubbles.com\/wp-content\/uploads\/10854282_831111790312812_7717007720520570516_o-300x230.jpg\" class=\"attachment-medium size-medium\" alt=\"\" srcset=\"https:\/\/happybubbles.com\/wp-content\/uploads\/10854282_831111790312812_7717007720520570516_o-300x230.jpg 300w, https:\/\/happybubbles.com\/wp-content\/uploads\/10854282_831111790312812_7717007720520570516_o-1024x786.jpg 1024w, https:\/\/happybubbles.com\/wp-content\/uploads\/10854282_831111790312812_7717007720520570516_o-195x150.jpg 195w, https:\/\/happybubbles.com\/wp-content\/uploads\/10854282_831111790312812_7717007720520570516_o-150x115.jpg 150w, https:\/\/happybubbles.com\/wp-content\/uploads\/10854282_831111790312812_7717007720520570516_o.jpg 1343w\" sizes=\"auto, (max-width: 300px) 100vw, 300px\" \/><\/a>\n\t\t\t<\/div><\/figure><figure class='gallery-item'>\n\t\t\t<div class='gallery-icon landscape'>\n\t\t\t\t<a href='https:\/\/happybubbles.com\/tr\/selkie-the-new-boat\/2016-04-05-10-39-19\/'><img loading=\"lazy\" decoding=\"async\" width=\"300\" height=\"225\" src=\"https:\/\/happybubbles.com\/wp-content\/uploads\/2016-04-05-10.39.19-300x225.jpg\" class=\"attachment-medium size-medium\" alt=\"\" srcset=\"https:\/\/happybubbles.com\/wp-content\/uploads\/2016-04-05-10.39.19-300x225.jpg 300w, https:\/\/happybubbles.com\/wp-content\/uploads\/2016-04-05-10.39.19-1024x768.jpg 1024w, https:\/\/happybubbles.com\/wp-content\/uploads\/2016-04-05-10.39.19-768x576.jpg 768w, https:\/\/happybubbles.com\/wp-content\/uploads\/2016-04-05-10.39.19-1536x1152.jpg 1536w, https:\/\/happybubbles.com\/wp-content\/uploads\/2016-04-05-10.39.19-2048x1536.jpg 2048w, https:\/\/happybubbles.com\/wp-content\/uploads\/2016-04-05-10.39.19-467x350.jpg 467w, https:\/\/happybubbles.com\/wp-content\/uploads\/2016-04-05-10.39.19-1510x1133.jpg 1510w\" sizes=\"auto, (max-width: 300px) 100vw, 300px\" \/><\/a>\n\t\t\t<\/div><\/figure><figure class='gallery-item'>\n\t\t\t<div class='gallery-icon landscape'>\n\t\t\t\t<a href='https:\/\/happybubbles.com\/tr\/selkie-the-new-boat\/photo_20180922_090032\/'><img loading=\"lazy\" decoding=\"async\" width=\"300\" height=\"169\" src=\"https:\/\/happybubbles.com\/wp-content\/uploads\/PHOTO_20180922_090032-300x169.jpg\" class=\"attachment-medium size-medium\" alt=\"\" srcset=\"https:\/\/happybubbles.com\/wp-content\/uploads\/PHOTO_20180922_090032-300x169.jpg 300w, https:\/\/happybubbles.com\/wp-content\/uploads\/PHOTO_20180922_090032-1024x576.jpg 1024w, https:\/\/happybubbles.com\/wp-content\/uploads\/PHOTO_20180922_090032-768x432.jpg 768w, https:\/\/happybubbles.com\/wp-content\/uploads\/PHOTO_20180922_090032-1536x864.jpg 1536w, https:\/\/happybubbles.com\/wp-content\/uploads\/PHOTO_20180922_090032-2048x1152.jpg 2048w, https:\/\/happybubbles.com\/wp-content\/uploads\/PHOTO_20180922_090032-622x350.jpg 622w, https:\/\/happybubbles.com\/wp-content\/uploads\/PHOTO_20180922_090032-1510x849.jpg 1510w, https:\/\/happybubbles.com\/wp-content\/uploads\/PHOTO_20180922_090032-512x288.jpg 512w\" sizes=\"auto, (max-width: 300px) 100vw, 300px\" \/><\/a>\n\t\t\t<\/div><\/figure><figure class='gallery-item'>\n\t\t\t<div class='gallery-icon landscape'>\n\t\t\t\t<a href='https:\/\/happybubbles.com\/tr\/selkie-the-new-boat\/dcim-113media-dji_1801-jpg\/'><img loading=\"lazy\" decoding=\"async\" width=\"300\" height=\"225\" src=\"https:\/\/happybubbles.com\/wp-content\/uploads\/DJI_1801-300x225.jpg\" class=\"attachment-medium size-medium\" alt=\"\" srcset=\"https:\/\/happybubbles.com\/wp-content\/uploads\/DJI_1801-300x225.jpg 300w, https:\/\/happybubbles.com\/wp-content\/uploads\/DJI_1801-1024x768.jpg 1024w, https:\/\/happybubbles.com\/wp-content\/uploads\/DJI_1801-768x576.jpg 768w, https:\/\/happybubbles.com\/wp-content\/uploads\/DJI_1801-1536x1152.jpg 1536w, https:\/\/happybubbles.com\/wp-content\/uploads\/DJI_1801-2048x1536.jpg 2048w, https:\/\/happybubbles.com\/wp-content\/uploads\/DJI_1801-467x350.jpg 467w, https:\/\/happybubbles.com\/wp-content\/uploads\/DJI_1801-1510x1133.jpg 1510w\" sizes=\"auto, (max-width: 300px) 100vw, 300px\" \/><\/a>\n\t\t\t<\/div><\/figure><figure class='gallery-item'>\n\t\t\t<div class='gallery-icon landscape'>\n\t\t\t\t<a href='https:\/\/happybubbles.com\/tr\/selkie-the-new-boat\/dcim-113media-dji_1869-jpg\/'><img loading=\"lazy\" decoding=\"async\" width=\"300\" height=\"225\" src=\"https:\/\/happybubbles.com\/wp-content\/uploads\/DJI_1869-300x225.jpg\" class=\"attachment-medium size-medium\" alt=\"\" srcset=\"https:\/\/happybubbles.com\/wp-content\/uploads\/DJI_1869-300x225.jpg 300w, https:\/\/happybubbles.com\/wp-content\/uploads\/DJI_1869-1024x768.jpg 1024w, https:\/\/happybubbles.com\/wp-content\/uploads\/DJI_1869-768x576.jpg 768w, https:\/\/happybubbles.com\/wp-content\/uploads\/DJI_1869-1536x1152.jpg 1536w, https:\/\/happybubbles.com\/wp-content\/uploads\/DJI_1869-2048x1536.jpg 2048w, https:\/\/happybubbles.com\/wp-content\/uploads\/DJI_1869-467x350.jpg 467w, https:\/\/happybubbles.com\/wp-content\/uploads\/DJI_1869-1510x1133.jpg 1510w\" sizes=\"auto, (max-width: 300px) 100vw, 300px\" \/><\/a>\n\t\t\t<\/div><\/figure>\n\t\t<\/div>\n\n<p>Teknemizin\u00a0ismi \u0130sko\u00e7, \u0130rlanda ve Faroe Adalar\u0131 mitolojisinde bulunan &#8220;Selkie&#8221; isimli bir yarat\u0131ktan gelmektedir. Selkie&#8217;ler foklarla beraber denizde ya\u015farlar ancak karaya \u00e7\u0131kt\u0131klar\u0131nda insana d\u00f6n\u00fc\u015f\u00fcrler. Efsane, g\u00f6r\u00fcn\u00fc\u015fe bak\u0131l\u0131rsa Orkney ve Shetland b\u00f6lgelerinde daha pop\u00fclerdir ve bakire ku\u011fular sembolizmas\u0131na benzemektedir. \u00a0(<a title=\"Selkie\" href=\"http:\/\/en.wikipedia.org\/wiki\/Selkie\" target=\"_blank\" rel=\"noopener\">Wikipedia<\/a>)<\/p>\n<div id='gallery-2' class='gallery galleryid-1119 gallery-columns-3 gallery-size-medium'><figure class='gallery-item'>\n\t\t\t<div class='gallery-icon landscape'>\n\t\t\t\t<a href='https:\/\/happybubbles.com\/tr\/selkie-the-new-boat\/selkie_blues_by_sgorbissa-d4iia8r\/'><img loading=\"lazy\" decoding=\"async\" width=\"300\" height=\"221\" src=\"https:\/\/happybubbles.com\/wp-content\/uploads\/selkie_blues_by_sgorbissa-d4iia8r-300x221.jpg\" class=\"attachment-medium size-medium\" alt=\"\" srcset=\"https:\/\/happybubbles.com\/wp-content\/uploads\/selkie_blues_by_sgorbissa-d4iia8r-300x221.jpg 300w, https:\/\/happybubbles.com\/wp-content\/uploads\/selkie_blues_by_sgorbissa-d4iia8r-204x150.jpg 204w, https:\/\/happybubbles.com\/wp-content\/uploads\/selkie_blues_by_sgorbissa-d4iia8r-150x111.jpg 150w, https:\/\/happybubbles.com\/wp-content\/uploads\/selkie_blues_by_sgorbissa-d4iia8r.jpg 900w\" sizes=\"auto, (max-width: 300px) 100vw, 300px\" \/><\/a>\n\t\t\t<\/div><\/figure><figure class='gallery-item'>\n\t\t\t<div class='gallery-icon portrait'>\n\t\t\t\t<a href='https:\/\/happybubbles.com\/tr\/selkie-the-new-boat\/selkie\/'><img loading=\"lazy\" decoding=\"async\" width=\"212\" height=\"300\" src=\"https:\/\/happybubbles.com\/wp-content\/uploads\/Selkie-212x300.jpg\" class=\"attachment-medium size-medium\" alt=\"\" srcset=\"https:\/\/happybubbles.com\/wp-content\/uploads\/Selkie-212x300.jpg 212w, https:\/\/happybubbles.com\/wp-content\/uploads\/Selkie-106x150.jpg 106w, https:\/\/happybubbles.com\/wp-content\/uploads\/Selkie.jpg 566w\" sizes=\"auto, (max-width: 212px) 100vw, 212px\" \/><\/a>\n\t\t\t<\/div><\/figure><figure class='gallery-item'>\n\t\t\t<div class='gallery-icon portrait'>\n\t\t\t\t<a href='https:\/\/happybubbles.com\/tr\/selkie-the-new-boat\/640x746_17333_selkie_2d_character_mermaid_fantasy_illustration_picture_image_digital_art\/'><img loading=\"lazy\" decoding=\"async\" width=\"257\" height=\"300\" src=\"https:\/\/happybubbles.com\/wp-content\/uploads\/640x746_17333_Selkie_2d_character_mermaid_fantasy_illustration_picture_image_digital_art-257x300.jpg\" class=\"attachment-medium size-medium\" alt=\"\" srcset=\"https:\/\/happybubbles.com\/wp-content\/uploads\/640x746_17333_Selkie_2d_character_mermaid_fantasy_illustration_picture_image_digital_art-257x300.jpg 257w, https:\/\/happybubbles.com\/wp-content\/uploads\/640x746_17333_Selkie_2d_character_mermaid_fantasy_illustration_picture_image_digital_art-129x150.jpg 129w, https:\/\/happybubbles.com\/wp-content\/uploads\/640x746_17333_Selkie_2d_character_mermaid_fantasy_illustration_picture_image_digital_art.jpg 640w\" sizes=\"auto, (max-width: 257px) 100vw, 257px\" \/><\/a>\n\t\t\t<\/div><\/figure><figure class='gallery-item'>\n\t\t\t<div class='gallery-icon portrait'>\n\t\t\t\t<a href='https:\/\/happybubbles.com\/tr\/selkie-the-new-boat\/selkie2\/'><img loading=\"lazy\" decoding=\"async\" width=\"209\" height=\"300\" src=\"https:\/\/happybubbles.com\/wp-content\/uploads\/selkie2-209x300.jpg\" class=\"attachment-medium size-medium\" alt=\"\" srcset=\"https:\/\/happybubbles.com\/wp-content\/uploads\/selkie2-209x300.jpg 209w, https:\/\/happybubbles.com\/wp-content\/uploads\/selkie2-104x150.jpg 104w, https:\/\/happybubbles.com\/wp-content\/uploads\/selkie2.jpg 557w\" sizes=\"auto, (max-width: 209px) 100vw, 209px\" \/><\/a>\n\t\t\t<\/div><\/figure><figure class='gallery-item'>\n\t\t\t<div class='gallery-icon portrait'>\n\t\t\t\t<a href='https:\/\/happybubbles.com\/tr\/selkie-the-new-boat\/selkiemaiden_catherine_moore_6265d37e-0129-477c-a490-704edf9d3beb_large\/'><img loading=\"lazy\" decoding=\"async\" width=\"224\" height=\"300\" src=\"https:\/\/happybubbles.com\/wp-content\/uploads\/SelkieMaiden_CATHERINE_MOORE_6265d37e-0129-477c-a490-704edf9d3beb_large-224x300.jpg\" class=\"attachment-medium size-medium\" alt=\"\" srcset=\"https:\/\/happybubbles.com\/wp-content\/uploads\/SelkieMaiden_CATHERINE_MOORE_6265d37e-0129-477c-a490-704edf9d3beb_large-224x300.jpg 224w, https:\/\/happybubbles.com\/wp-content\/uploads\/SelkieMaiden_CATHERINE_MOORE_6265d37e-0129-477c-a490-704edf9d3beb_large-112x150.jpg 112w, https:\/\/happybubbles.com\/wp-content\/uploads\/SelkieMaiden_CATHERINE_MOORE_6265d37e-0129-477c-a490-704edf9d3beb_large.jpg 359w\" sizes=\"auto, (max-width: 224px) 100vw, 224px\" \/><\/a>\n\t\t\t<\/div><\/figure>\n\t\t<\/div>\n\n","protected":false},"excerpt":{"rendered":"<p>Yeni teknemiz\u00a0&#8220;M\/V Selkie&#8221; 2014 senesinde in\u015fa edilmi\u015f ve 2015 ba\u015f\u0131nda denize indirilmi\u015ftir.\u00a0!!! Bu g\u00fczel k\u0131z\u0131m\u0131z sacdan yap\u0131lm\u0131\u015ft\u0131r ve \u00f6ncekinden daha b\u00fcy\u00fckt\u00fcr. 75 m2 \u00fcst g\u00fcverte alan\u0131, daha geni\u015f dal\u0131\u015f haz\u0131rlanma g\u00fcvertesi, deniz seviyesine al\u00e7alt\u0131lm\u0131\u015f t\u00fcmle\u015fik &hellip;<\/p>\n","protected":false},"author":1,"featured_media":0,"parent":0,"menu_order":0,"comment_status":"closed","ping_status":"closed","template":"","meta":{"footnotes":""},"class_list":["post-1119","page","type-page","status-publish","hentry"],"yoast_head":"<!-- This site is optimized with the Yoast SEO plugin v27.1.1 - https:\/\/yoast.com\/product\/yoast-seo-wordpress\/ -->\n<title>SELKIE - Yeni Teknemiz &#187; Happy Bubbles Dal\u0131\u015f Merkezi<\/title>\n<meta name=\"robots\" content=\"index, follow, max-snippet:-1, max-image-preview:large, max-video-preview:-1\" \/>\n<link rel=\"canonical\" href=\"https:\/\/happybubbles.com\/selkie-the-new-boat\/\" \/>\n<meta property=\"og:locale\" content=\"tr_TR\" \/>\n<meta property=\"og:type\" content=\"article\" \/>\n<meta property=\"og:title\" content=\"SELKIE - Yeni Teknemiz &#187; Happy Bubbles Dal\u0131\u015f Merkezi\" \/>\n<meta property=\"og:description\" content=\"Yeni teknemiz\u00a0&#8220;M\/V Selkie&#8221; 2014 senesinde in\u015fa edilmi\u015f ve 2015 ba\u015f\u0131nda denize indirilmi\u015ftir.\u00a0!!! Bu g\u00fczel k\u0131z\u0131m\u0131z sacdan yap\u0131lm\u0131\u015ft\u0131r ve \u00f6ncekinden daha b\u00fcy\u00fckt\u00fcr. 75 m2 \u00fcst g\u00fcverte alan\u0131, daha geni\u015f dal\u0131\u015f haz\u0131rlanma g\u00fcvertesi, deniz seviyesine al\u00e7alt\u0131lm\u0131\u015f t\u00fcmle\u015fik &hellip;\" \/>\n<meta property=\"og:url\" content=\"https:\/\/happybubbles.com\/selkie-the-new-boat\/\" \/>\n<meta property=\"og:site_name\" content=\"Happy Bubbles Dal\u0131\u015f Merkezi\" \/>\n<meta property=\"article:publisher\" content=\"https:\/\/www.facebook.com\/HappyBubblesDive\/\" \/>\n<meta property=\"article:modified_time\" content=\"2024-03-06T11:39:51+00:00\" \/>\n<meta property=\"og:image\" content=\"https:\/\/happybubbles.com\/wp-content\/uploads\/2015-03-04-11.48.11-300x169.jpg\" \/>\n<meta name=\"twitter:card\" content=\"summary_large_image\" \/>\n<meta name=\"twitter:label1\" content=\"Tahmini okuma s\u00fcresi\" \/>\n\t<meta name=\"twitter:data1\" content=\"2 dakika\" \/>\n<script type=\"application\/ld+json\" class=\"yoast-schema-graph\">{\"@context\":\"https:\/\/schema.org\",\"@graph\":[{\"@type\":\"WebPage\",\"@id\":\"https:\/\/happybubbles.com\/selkie-the-new-boat\/\",\"url\":\"https:\/\/happybubbles.com\/selkie-the-new-boat\/\",\"name\":\"SELKIE - Yeni Teknemiz &#187; Happy Bubbles Dal\u0131\u015f Merkezi\",\"isPartOf\":{\"@id\":\"https:\/\/happybubbles.com\/#website\"},\"primaryImageOfPage\":{\"@id\":\"https:\/\/happybubbles.com\/selkie-the-new-boat\/#primaryimage\"},\"image\":{\"@id\":\"https:\/\/happybubbles.com\/selkie-the-new-boat\/#primaryimage\"},\"thumbnailUrl\":\"https:\/\/happybubbles.com\/wp-content\/uploads\/selkieHeader2024.png\",\"datePublished\":\"2015-01-07T12:45:11+00:00\",\"dateModified\":\"2024-03-06T11:39:51+00:00\",\"breadcrumb\":{\"@id\":\"https:\/\/happybubbles.com\/selkie-the-new-boat\/#breadcrumb\"},\"inLanguage\":\"tr\",\"potentialAction\":[{\"@type\":\"ReadAction\",\"target\":[\"https:\/\/happybubbles.com\/selkie-the-new-boat\/\"]}]},{\"@type\":\"ImageObject\",\"inLanguage\":\"tr\",\"@id\":\"https:\/\/happybubbles.com\/selkie-the-new-boat\/#primaryimage\",\"url\":\"https:\/\/happybubbles.com\/wp-content\/uploads\/selkieHeader2024.png\",\"contentUrl\":\"https:\/\/happybubbles.com\/wp-content\/uploads\/selkieHeader2024.png\"},{\"@type\":\"BreadcrumbList\",\"@id\":\"https:\/\/happybubbles.com\/selkie-the-new-boat\/#breadcrumb\",\"itemListElement\":[{\"@type\":\"ListItem\",\"position\":1,\"name\":\"Ana sayfa\",\"item\":\"https:\/\/happybubbles.com\/\"},{\"@type\":\"ListItem\",\"position\":2,\"name\":\"SELKIE &#8211; Yeni Teknemiz\"}]},{\"@type\":\"WebSite\",\"@id\":\"https:\/\/happybubbles.com\/#website\",\"url\":\"https:\/\/happybubbles.com\/\",\"name\":\"Happy Bubbles Dal\u0131\u015f Merkezi\",\"description\":\"arkada\u015f\u00e7a ve keyifli dal\u0131\u015flar, Bodrum - T\u00fcrkiye\",\"publisher\":{\"@id\":\"https:\/\/happybubbles.com\/#organization\"},\"potentialAction\":[{\"@type\":\"SearchAction\",\"target\":{\"@type\":\"EntryPoint\",\"urlTemplate\":\"https:\/\/happybubbles.com\/?s={search_term_string}\"},\"query-input\":{\"@type\":\"PropertyValueSpecification\",\"valueRequired\":true,\"valueName\":\"search_term_string\"}}],\"inLanguage\":\"tr\"},{\"@type\":\"Organization\",\"@id\":\"https:\/\/happybubbles.com\/#organization\",\"name\":\"Happy Bubbles Dive Center\",\"url\":\"https:\/\/happybubbles.com\/\",\"logo\":{\"@type\":\"ImageObject\",\"inLanguage\":\"tr\",\"@id\":\"https:\/\/happybubbles.com\/#\/schema\/logo\/image\/\",\"url\":\"https:\/\/happybubbles.com\/wp-content\/uploads\/anaLogo4.png\",\"contentUrl\":\"https:\/\/happybubbles.com\/wp-content\/uploads\/anaLogo4.png\",\"width\":139,\"height\":128,\"caption\":\"Happy Bubbles Dive Center\"},\"image\":{\"@id\":\"https:\/\/happybubbles.com\/#\/schema\/logo\/image\/\"},\"sameAs\":[\"https:\/\/www.facebook.com\/HappyBubblesDive\/\",\"https:\/\/www.instagram.com\/happybubblesdive\/\"]}]}<\/script>\n<!-- \/ Yoast SEO plugin. -->","yoast_head_json":{"title":"SELKIE - Yeni Teknemiz &#187; Happy Bubbles Dal\u0131\u015f Merkezi","robots":{"index":"index","follow":"follow","max-snippet":"max-snippet:-1","max-image-preview":"max-image-preview:large","max-video-preview":"max-video-preview:-1"},"canonical":"https:\/\/happybubbles.com\/selkie-the-new-boat\/","og_locale":"tr_TR","og_type":"article","og_title":"SELKIE - Yeni Teknemiz &#187; Happy Bubbles Dal\u0131\u015f Merkezi","og_description":"Yeni teknemiz\u00a0&#8220;M\/V Selkie&#8221; 2014 senesinde in\u015fa edilmi\u015f ve 2015 ba\u015f\u0131nda denize indirilmi\u015ftir.\u00a0!!! Bu g\u00fczel k\u0131z\u0131m\u0131z sacdan yap\u0131lm\u0131\u015ft\u0131r ve \u00f6ncekinden daha b\u00fcy\u00fckt\u00fcr. 75 m2 \u00fcst g\u00fcverte alan\u0131, daha geni\u015f dal\u0131\u015f haz\u0131rlanma g\u00fcvertesi, deniz seviyesine al\u00e7alt\u0131lm\u0131\u015f t\u00fcmle\u015fik &hellip;","og_url":"https:\/\/happybubbles.com\/selkie-the-new-boat\/","og_site_name":"Happy Bubbles Dal\u0131\u015f Merkezi","article_publisher":"https:\/\/www.facebook.com\/HappyBubblesDive\/","article_modified_time":"2024-03-06T11:39:51+00:00","og_image":[{"url":"https:\/\/happybubbles.com\/wp-content\/uploads\/2015-03-04-11.48.11-300x169.jpg","type":"","width":"","height":""}],"twitter_card":"summary_large_image","twitter_misc":{"Tahmini okuma s\u00fcresi":"2 dakika"},"schema":{"@context":"https:\/\/schema.org","@graph":[{"@type":"WebPage","@id":"https:\/\/happybubbles.com\/selkie-the-new-boat\/","url":"https:\/\/happybubbles.com\/selkie-the-new-boat\/","name":"SELKIE - Yeni Teknemiz &#187; Happy Bubbles Dal\u0131\u015f Merkezi","isPartOf":{"@id":"https:\/\/happybubbles.com\/#website"},"primaryImageOfPage":{"@id":"https:\/\/happybubbles.com\/selkie-the-new-boat\/#primaryimage"},"image":{"@id":"https:\/\/happybubbles.com\/selkie-the-new-boat\/#primaryimage"},"thumbnailUrl":"https:\/\/happybubbles.com\/wp-content\/uploads\/selkieHeader2024.png","datePublished":"2015-01-07T12:45:11+00:00","dateModified":"2024-03-06T11:39:51+00:00","breadcrumb":{"@id":"https:\/\/happybubbles.com\/selkie-the-new-boat\/#breadcrumb"},"inLanguage":"tr","potentialAction":[{"@type":"ReadAction","target":["https:\/\/happybubbles.com\/selkie-the-new-boat\/"]}]},{"@type":"ImageObject","inLanguage":"tr","@id":"https:\/\/happybubbles.com\/selkie-the-new-boat\/#primaryimage","url":"https:\/\/happybubbles.com\/wp-content\/uploads\/selkieHeader2024.png","contentUrl":"https:\/\/happybubbles.com\/wp-content\/uploads\/selkieHeader2024.png"},{"@type":"BreadcrumbList","@id":"https:\/\/happybubbles.com\/selkie-the-new-boat\/#breadcrumb","itemListElement":[{"@type":"ListItem","position":1,"name":"Ana sayfa","item":"https:\/\/happybubbles.com\/"},{"@type":"ListItem","position":2,"name":"SELKIE &#8211; Yeni Teknemiz"}]},{"@type":"WebSite","@id":"https:\/\/happybubbles.com\/#website","url":"https:\/\/happybubbles.com\/","name":"Happy Bubbles Dal\u0131\u015f Merkezi","description":"arkada\u015f\u00e7a ve keyifli dal\u0131\u015flar, Bodrum - T\u00fcrkiye","publisher":{"@id":"https:\/\/happybubbles.com\/#organization"},"potentialAction":[{"@type":"SearchAction","target":{"@type":"EntryPoint","urlTemplate":"https:\/\/happybubbles.com\/?s={search_term_string}"},"query-input":{"@type":"PropertyValueSpecification","valueRequired":true,"valueName":"search_term_string"}}],"inLanguage":"tr"},{"@type":"Organization","@id":"https:\/\/happybubbles.com\/#organization","name":"Happy Bubbles Dive Center","url":"https:\/\/happybubbles.com\/","logo":{"@type":"ImageObject","inLanguage":"tr","@id":"https:\/\/happybubbles.com\/#\/schema\/logo\/image\/","url":"https:\/\/happybubbles.com\/wp-content\/uploads\/anaLogo4.png","contentUrl":"https:\/\/happybubbles.com\/wp-content\/uploads\/anaLogo4.png","width":139,"height":128,"caption":"Happy Bubbles Dive Center"},"image":{"@id":"https:\/\/happybubbles.com\/#\/schema\/logo\/image\/"},"sameAs":["https:\/\/www.facebook.com\/HappyBubblesDive\/","https:\/\/www.instagram.com\/happybubblesdive\/"]}]}},"_links":{"self":[{"href":"https:\/\/happybubbles.com\/tr\/wp-json\/wp\/v2\/pages\/1119","targetHints":{"allow":["GET"]}}],"collection":[{"href":"https:\/\/happybubbles.com\/tr\/wp-json\/wp\/v2\/pages"}],"about":[{"href":"https:\/\/happybubbles.com\/tr\/wp-json\/wp\/v2\/types\/page"}],"author":[{"embeddable":true,"href":"https:\/\/happybubbles.com\/tr\/wp-json\/wp\/v2\/users\/1"}],"replies":[{"embeddable":true,"href":"https:\/\/happybubbles.com\/tr\/wp-json\/wp\/v2\/comments?post=1119"}],"version-history":[{"count":26,"href":"https:\/\/happybubbles.com\/tr\/wp-json\/wp\/v2\/pages\/1119\/revisions"}],"predecessor-version":[{"id":57327,"href":"https:\/\/happybubbles.com\/tr\/wp-json\/wp\/v2\/pages\/1119\/revisions\/57327"}],"wp:attachment":[{"href":"https:\/\/happybubbles.com\/tr\/wp-json\/wp\/v2\/media?parent=1119"}],"curies":[{"name":"wp","href":"https:\/\/api.w.org\/{rel}","templated":true}]}}