{"id":1519,"date":"2015-11-14T13:54:37","date_gmt":"2015-11-14T11:54:37","guid":{"rendered":"http:\/\/happybubbles.com\/?page_id=1519"},"modified":"2024-03-05T21:22:51","modified_gmt":"2024-03-05T18:22:51","slug":"ssi-the-system-philosophy","status":"publish","type":"page","link":"https:\/\/happybubbles.com\/tr\/ssi-the-system-philosophy\/","title":{"rendered":"SSI &#8211; Sistem ve Felsefesi"},"content":{"rendered":"<h3><img loading=\"lazy\" decoding=\"async\" class=\"alignnone size-full wp-image-57279\" src=\"https:\/\/happybubbles.com\/wp-content\/uploads\/ssiHeader2024.png\" alt=\"\" width=\"2590\" height=\"442\" srcset=\"https:\/\/happybubbles.com\/wp-content\/uploads\/ssiHeader2024.png 2590w, https:\/\/happybubbles.com\/wp-content\/uploads\/ssiHeader2024-300x51.png 300w, https:\/\/happybubbles.com\/wp-content\/uploads\/ssiHeader2024-1024x175.png 1024w, https:\/\/happybubbles.com\/wp-content\/uploads\/ssiHeader2024-768x131.png 768w, https:\/\/happybubbles.com\/wp-content\/uploads\/ssiHeader2024-1536x262.png 1536w, https:\/\/happybubbles.com\/wp-content\/uploads\/ssiHeader2024-2048x350.png 2048w, https:\/\/happybubbles.com\/wp-content\/uploads\/ssiHeader2024-1510x258.png 1510w, https:\/\/happybubbles.com\/wp-content\/uploads\/ssiHeader2024-800x137.png 800w, https:\/\/happybubbles.com\/wp-content\/uploads\/ssiHeader2024-512x87.png 512w\" sizes=\"auto, (max-width: 2590px) 100vw, 2590px\" \/><\/h3>\n<h3>SSI HAKKINDA<\/h3>\n<h3>SCUBA SCHOOLS INTERNATIONAL SCUBA DALI\u015eI \u00d6\u011eRENMEYI HERKES I\u00c7IN M\u00dcMK\u00dcN KILMAYA KARAR VERMI\u015e BIRKA\u00c7 HEVESLI DALICININ TUTKUSUNDAN DO\u011eDU<\/h3>\n<p>SSI d\u00fcnyan\u0131n d\u00f6rt bir yan\u0131ndaki dal\u0131c\u0131lara, dal\u0131\u015f e\u011fitmenlerine, dal\u0131\u015f merkezlerine ve turizm tesislerine e\u011fitim, scuba dal\u0131\u015f belgesi ve e\u011fitim materyali sa\u011fl\u0131yor. 1970&#8217;te kurulup giderek b\u00fcy\u00fcyen SSI bug\u00fcn 30 B\u00f6lge Ofisi, 110\u2019u a\u015fk\u0131n \u00fclkede en az 2400 uluslararas\u0131 lokasyonda bulunan temsilcileri ve 25 dilde bas\u0131l\u0131 materyalleriyle hizmet veriyor<\/p>\n<p>SSI dal\u0131\u015f d\u00fcnyas\u0131nda g\u00fcvenilir bir isim. Biz bu ba\u015far\u0131y\u0131 \u00f6d\u00fcn vermeden uygulad\u0131\u011f\u0131m\u0131z standartlara ve dal\u0131\u015f odakl\u0131 metodolojimize bor\u00e7luyuz.<\/p>\n<h3><img loading=\"lazy\" decoding=\"async\" class=\"size-full wp-image-57281 alignleft\" src=\"https:\/\/happybubbles.com\/wp-content\/uploads\/Poster_DiverDiamond.png\" alt=\"\" width=\"585\" height=\"833\" srcset=\"https:\/\/happybubbles.com\/wp-content\/uploads\/Poster_DiverDiamond.png 585w, https:\/\/happybubbles.com\/wp-content\/uploads\/Poster_DiverDiamond-211x300.png 211w, https:\/\/happybubbles.com\/wp-content\/uploads\/Poster_DiverDiamond-246x350.png 246w\" sizes=\"auto, (max-width: 585px) 100vw, 585px\" \/>E\u011eITIM FELSEFEMIZ<\/h3>\n<p>E\u011fitim Programlar\u0131m\u0131z\u0131n her biri <strong>Diver Diamond Metodolojisi<\/strong>ne dayal\u0131d\u0131r. Diver Diamond Metodolojisi, yetkin bir dal\u0131c\u0131 olabilmeniz i\u00e7in gereken do\u011fru <strong>bilgi<\/strong>, <strong>beceri<\/strong>, <strong>ekipman<\/strong> ve <strong>deneyim<\/strong> merkezinde olu\u015fturulmu\u015ftur.<\/p>\n<p><b>Bilgi<\/b><\/p>\n<p>Bilgi korku ve fantezileri ger\u00e7ek enformasyonla de\u011fistirir. SSI Evde \u00c7al\u0131\u015fma Toplam E\u011fitim Sistemi (Tamamen Renkli \u00d6\u011frenci Kitab\u0131, DVD ve \u00c7al\u0131\u015fma K\u0131lavuzu) size g\u00fcvenlik kurallar\u0131n\u0131 \u00f6\u011fretecek ve E\u011fitmeniniz bu bilgileri &#8220;karasal de\u011ferler&#8221; den<br \/>\n&#8220;su de\u011ferleri&#8221; format\u0131na inter-aktif s\u0131n\u0131f sunumu ile ili\u015fkilendirecektir.<\/p>\n<p><b>Beceri<\/b><\/p>\n<p>\u0130nsanlar\u0131n \u00f6\u011frenebilmesi i\u00e7in iki y\u00f6ntem mevcuttur Bunlardan birisi \u015foklama di\u011feri tekrar y\u00f6ntemidir. \u015eok bir \u015feyi \u00f6\u011frenmek i\u00e7in iyi bir y\u00f6ntem de\u011fildir. \u00d6zellikle s\u00f6z konusu dal\u0131\u015f ise bu kabul edilemez. SSI\u2019\u0131n suda \u00f6\u011fretimdeki imzas\u0131 \u201cTekrar ile Gelen Konfor\u201d dur. Sizi g\u00fcvenli ve konforlu bir dal\u0131c\u0131 yapmak i\u00e7in gerekli becerilerin \u00f6\u011fretilmesine zaman ay\u0131rmak son derece \u00f6nemlidir.<\/p>\n<p><b>Ekipman<\/b><\/p>\n<p>Birinin dal\u0131c\u0131 olabilmesi i\u00e7in en g\u00fcvenli yollardan birisi y\u00fcksek kalitede kendisine uygun Toplam Dal\u0131\u015f Sistemi\u2019ne sahip olmas\u0131d\u0131r.Al\u0131\u015fk\u0131n oldu\u011funuz ekipman sizin yetenek ve konforunuzun artmas\u0131na neden olacakt\u0131r E\u011fitimler s\u0131ras\u0131nda de\u011fi\u015fik bir ka\u00e7 ekipman konfig\u00fcrasyonu \u00f6\u011freneceksiniz. Bu size kendi Toplam Dal\u0131\u015f Sisteminizin se\u00e7iminde m\u00fcmk\u00fcn olan en iyisini anlama olana\u011f\u0131 sa\u011flayacakt\u0131r.<\/p>\n<p><b>Deneyim<\/b><\/p>\n<p>E\u011fitimler Bilgi ve Beceriyi geli\u015ftirirken deneyim kazanman\u0131n tek yolu dal\u0131\u015f yapmakt\u0131r. Bu nedenle SSI daha e\u011fitimler s\u0131ras\u0131nda daha fazla a\u00e7\u0131k deniz dal\u0131\u015f\u0131 yap\u0131lmas\u0131n\u0131 te\u015fvik eder. SSI End\u00fcstrinin \u00f6n g\u00f6rd\u00fc\u011f\u00fc asgari dal\u0131\u015f say\u0131s\u0131 ile yetinmez. Ne kadar \u00e7ok dalarsan\u0131z bu spordan o kadar\u00a0\u00e7ok ho\u015flanacaks\u0131n\u0131z. O zaman d\u0131\u015far\u0131 \u00e7\u0131k\u0131n\u00a0yeni d\u00fcnyalar\u0131 ke\u015ffedin, yeni arkada\u015flar edinin ve\u00a0SSI ile dalman\u0131n neden\u00a0&#8220;Dal\u0131\u015f Deneyiminde Son Nokta&#8221; oldu\u011funu anlay\u0131n!<\/p>\n<p>\u00d6\u011frendikleriniz, becerilerinizi kullanman\u0131z\u0131 sa\u011flayan ger\u00e7e\u011fe dayal\u0131 e\u011fitim senaryolar\u0131yla hayata ge\u00e7ecek. Bizim dal\u0131\u015f e\u011fitimi konusundaki benzersiz yakla\u015f\u0131m\u0131m\u0131z:<\/p>\n<p><b>Tekrarla gelen Konfor<\/b><\/p>\n<p>E\u011fitiminiz boyunca farkl\u0131 d\u00fczeylerde kazand\u0131\u011f\u0131n\u0131z her beceriyi tekrar tekrar kulland\u0131\u011f\u0131n\u0131z i\u00e7in hareketleriniz \u015fartl\u0131 tepkiye d\u00f6n\u00fc\u015fecek, al\u0131\u015fkanl\u0131\u011f\u0131n\u0131z haline gelecek! SSI e\u011fitimi, \u00f6\u011frenmeye devam ederken bildiklerinizi unutmaman\u0131z\u0131 sa\u011flayacak. Sonu\u00e7 olarak, dal\u0131\u015f haf\u0131za ya da beyin jimnasti\u011fi haline gelmeyecek, size her zaman zevk verecek.<\/p>\n<p><b>Sonu\u00e7: Dal\u0131\u015f\u0131 \u00f6\u011frenmek bir e\u011flence ve sonunda hak etti\u011finizi alacaks\u0131n\u0131z&#8221; Dal\u0131\u015f Deneyiminde Son Nokta&#8221; <\/b><\/p>\n<h3>TOPLAM E\u011eITIM SISTEMI<\/h3>\n<p><a href=\"http:\/\/www.divessi.com\/online_training\"><img decoding=\"async\" class=\" alignleft\" src=\"http:\/\/www.divessi.com\/data\/Image\/menu\/menu_online_training.jpg\" alt=\"\" width=\"33%\" align=\"right\" hspace=\"8\" vspace=\"0\" \/><\/a><\/p>\n<p>&nbsp;<\/p>\n<p>SSI E\u011fitim Sistemi e\u011fitim almak istedi\u011finizde t\u00fcm bilgileri<strong> kendi \u00f6\u011frenme h\u0131z\u0131n\u0131zda<\/strong> ve takviminize uygun olarak \u00f6\u011frenmenize imkan verir. S\u0131n\u0131f ve havuz \u00e7al\u0131\u015fmalar\u0131 \u00f6\u011frendi\u011finiz her\u015feyi peki\u015ftirmeye y\u00f6neliktir.<\/p>\n<p>Size uyan bir zamanda ve evinizin rahatl\u0131\u011f\u0131nda Online E\u011fitim program\u0131m\u0131za kat\u0131labilir ya da interaktif DVD destekli, ba\u015ftan sona renkli el kitab\u0131n\u0131z\u0131 okuyabilirsiniz. SSI Toplam E\u011fitim Sisteminin t\u00fcm par\u00e7alar\u0131, b\u00fcy\u00fck &#8211; k\u00fc\u00e7\u00fck t\u00fcm \u00f6\u011frencilerin keyifli ve \u00e7ok ama\u00e7l\u0131 bilgi edinmelerini sa\u011flar. En konforlu e\u011fitim y\u00f6ntemini kendiniz se\u00e7in. S\u0131n\u0131fta, online olarak ya da kendi evinizin konforunda- bu size kalm\u0131\u015f.<\/p>\n<h3>ULUSLARARASI TANINMA<\/h3>\n<p>Scuba Schools International 1 Haziran 2010 tarihinden itibaren tan\u0131mlanm\u0131\u015f birka\u00e7 e\u011fitim sisteminden biridir. Yedi SSI Program\u0131ndan be\u015fi dal\u0131c\u0131lar, ,ikisi de e\u011fitmenler i\u00e7in Uluslararas\u0131 Standartlarla sertifikaland\u0131r\u0131lm\u0131\u015ft\u0131r \u2013 ISO 11121 Try Scuba Dal\u0131\u015f\u0131 i\u00e7in, ISO 28401-1 to -3 Scuba Diver&#8217;dan Dive Guide&#8217;a kadar, ISO 11107 Enriched Air Nitrox i\u00e7in ve 28402-1 ve -2 Dive Control Specialist ve Open Water E\u011fitmen i\u00e7indir.SSI C-Cardlar\u0131 gelecekte de ISO kalite belgesini ta\u015f\u0131yacaklar.<\/p>\n<p><a href=\"http:\/\/happybubbles.com\/wp-content\/uploads\/ISO-Certification-SSI-2010_BIG.png\" target=\"_blank\" rel=\"noopener\"><img loading=\"lazy\" decoding=\"async\" class=\"aligncenter wp-image-1523 size-medium\" src=\"http:\/\/happybubbles.com\/wp-content\/uploads\/ISO-Certification-SSI-2010_BIG-300x213.png\" alt=\"ISO-Certification-SSI-2010_BIG\" width=\"300\" height=\"213\" srcset=\"https:\/\/happybubbles.com\/wp-content\/uploads\/ISO-Certification-SSI-2010_BIG-300x213.png 300w, https:\/\/happybubbles.com\/wp-content\/uploads\/ISO-Certification-SSI-2010_BIG-212x150.png 212w, https:\/\/happybubbles.com\/wp-content\/uploads\/ISO-Certification-SSI-2010_BIG-150x106.png 150w, https:\/\/happybubbles.com\/wp-content\/uploads\/ISO-Certification-SSI-2010_BIG.png 900w\" sizes=\"auto, (max-width: 300px) 100vw, 300px\" \/><\/a><\/p>\n<p><img loading=\"lazy\" decoding=\"async\" class=\" wp-image-1520 alignright\" src=\"http:\/\/happybubbles.com\/wp-content\/uploads\/rstc_logo.png\" alt=\"rstc_logo\" width=\"123\" height=\"66\" srcset=\"https:\/\/happybubbles.com\/wp-content\/uploads\/rstc_logo.png 250w, https:\/\/happybubbles.com\/wp-content\/uploads\/rstc_logo-150x80.png 150w\" sizes=\"auto, (max-width: 123px) 100vw, 123px\" \/>Buna ek olarak, SSI RSTC (Recreational Scuba Training Council) kurucu \u00fcyesidir ve dal\u0131\u015f toplumunun \u00e7\u0131karlar\u0131n\u0131 sa\u011flamak amac\u0131yla t\u00fcm \u00f6nemli ulusal komitelerde temsil edilir.<\/p>\n<h3>SSI ILE SCUBA DALI\u015eI \u00d6\u011eRENEBILECE\u011eINIZ YERLER KONUSUNDA SINIRSIZ SAYILABILECEK -VE S\u00dcREKLI ARTAN- SE\u00c7ENEKLERE SAHIPSINIZ!<\/h3>\n","protected":false},"excerpt":{"rendered":"<p>SSI HAKKINDA SCUBA SCHOOLS INTERNATIONAL SCUBA DALI\u015eI \u00d6\u011eRENMEYI HERKES I\u00c7IN M\u00dcMK\u00dcN KILMAYA KARAR VERMI\u015e BIRKA\u00c7 HEVESLI DALICININ TUTKUSUNDAN DO\u011eDU SSI d\u00fcnyan\u0131n d\u00f6rt bir yan\u0131ndaki dal\u0131c\u0131lara, dal\u0131\u015f e\u011fitmenlerine, dal\u0131\u015f merkezlerine ve turizm tesislerine e\u011fitim, scuba dal\u0131\u015f &hellip;<\/p>\n","protected":false},"author":1,"featured_media":0,"parent":0,"menu_order":0,"comment_status":"closed","ping_status":"closed","template":"","meta":{"footnotes":""},"class_list":["post-1519","page","type-page","status-publish","hentry"],"yoast_head":"<!-- This site is optimized with the Yoast SEO plugin v27.1.1 - https:\/\/yoast.com\/product\/yoast-seo-wordpress\/ -->\n<title>SSI - Sistem ve Felsefesi &#187; Happy Bubbles Dal\u0131\u015f Merkezi<\/title>\n<meta name=\"robots\" content=\"index, follow, max-snippet:-1, max-image-preview:large, max-video-preview:-1\" \/>\n<link rel=\"canonical\" href=\"https:\/\/happybubbles.com\/ssi-the-system-philosophy\/\" \/>\n<meta property=\"og:locale\" content=\"tr_TR\" \/>\n<meta property=\"og:type\" content=\"article\" \/>\n<meta property=\"og:title\" content=\"SSI - Sistem ve Felsefesi &#187; Happy Bubbles Dal\u0131\u015f Merkezi\" \/>\n<meta property=\"og:description\" content=\"SSI HAKKINDA SCUBA SCHOOLS INTERNATIONAL SCUBA DALI\u015eI \u00d6\u011eRENMEYI HERKES I\u00c7IN M\u00dcMK\u00dcN KILMAYA KARAR VERMI\u015e BIRKA\u00c7 HEVESLI DALICININ TUTKUSUNDAN DO\u011eDU SSI d\u00fcnyan\u0131n d\u00f6rt bir yan\u0131ndaki dal\u0131c\u0131lara, dal\u0131\u015f e\u011fitmenlerine, dal\u0131\u015f merkezlerine ve turizm tesislerine e\u011fitim, scuba dal\u0131\u015f &hellip;\" \/>\n<meta property=\"og:url\" content=\"https:\/\/happybubbles.com\/ssi-the-system-philosophy\/\" \/>\n<meta property=\"og:site_name\" content=\"Happy Bubbles Dal\u0131\u015f Merkezi\" \/>\n<meta property=\"article:publisher\" content=\"https:\/\/www.facebook.com\/HappyBubblesDive\/\" \/>\n<meta property=\"article:modified_time\" content=\"2024-03-05T18:22:51+00:00\" \/>\n<meta property=\"og:image\" content=\"https:\/\/happybubbles.com\/wp-content\/uploads\/ssiHeader2024.png\" \/>\n<meta name=\"twitter:card\" content=\"summary_large_image\" \/>\n<meta name=\"twitter:label1\" content=\"Tahmini okuma s\u00fcresi\" \/>\n\t<meta name=\"twitter:data1\" content=\"6 dakika\" \/>\n<script type=\"application\/ld+json\" class=\"yoast-schema-graph\">{\"@context\":\"https:\/\/schema.org\",\"@graph\":[{\"@type\":\"WebPage\",\"@id\":\"https:\/\/happybubbles.com\/ssi-the-system-philosophy\/\",\"url\":\"https:\/\/happybubbles.com\/ssi-the-system-philosophy\/\",\"name\":\"SSI - Sistem ve Felsefesi &#187; Happy Bubbles Dal\u0131\u015f Merkezi\",\"isPartOf\":{\"@id\":\"https:\/\/happybubbles.com\/#website\"},\"primaryImageOfPage\":{\"@id\":\"https:\/\/happybubbles.com\/ssi-the-system-philosophy\/#primaryimage\"},\"image\":{\"@id\":\"https:\/\/happybubbles.com\/ssi-the-system-philosophy\/#primaryimage\"},\"thumbnailUrl\":\"https:\/\/happybubbles.com\/wp-content\/uploads\/ssiHeader2024.png\",\"datePublished\":\"2015-11-14T11:54:37+00:00\",\"dateModified\":\"2024-03-05T18:22:51+00:00\",\"breadcrumb\":{\"@id\":\"https:\/\/happybubbles.com\/ssi-the-system-philosophy\/#breadcrumb\"},\"inLanguage\":\"tr\",\"potentialAction\":[{\"@type\":\"ReadAction\",\"target\":[\"https:\/\/happybubbles.com\/ssi-the-system-philosophy\/\"]}]},{\"@type\":\"ImageObject\",\"inLanguage\":\"tr\",\"@id\":\"https:\/\/happybubbles.com\/ssi-the-system-philosophy\/#primaryimage\",\"url\":\"https:\/\/happybubbles.com\/wp-content\/uploads\/ssiHeader2024.png\",\"contentUrl\":\"https:\/\/happybubbles.com\/wp-content\/uploads\/ssiHeader2024.png\"},{\"@type\":\"BreadcrumbList\",\"@id\":\"https:\/\/happybubbles.com\/ssi-the-system-philosophy\/#breadcrumb\",\"itemListElement\":[{\"@type\":\"ListItem\",\"position\":1,\"name\":\"Ana sayfa\",\"item\":\"https:\/\/happybubbles.com\/\"},{\"@type\":\"ListItem\",\"position\":2,\"name\":\"SSI &#8211; Sistem ve Felsefesi\"}]},{\"@type\":\"WebSite\",\"@id\":\"https:\/\/happybubbles.com\/#website\",\"url\":\"https:\/\/happybubbles.com\/\",\"name\":\"Happy Bubbles Dal\u0131\u015f Merkezi\",\"description\":\"arkada\u015f\u00e7a ve keyifli dal\u0131\u015flar, Bodrum - T\u00fcrkiye\",\"publisher\":{\"@id\":\"https:\/\/happybubbles.com\/#organization\"},\"potentialAction\":[{\"@type\":\"SearchAction\",\"target\":{\"@type\":\"EntryPoint\",\"urlTemplate\":\"https:\/\/happybubbles.com\/?s={search_term_string}\"},\"query-input\":{\"@type\":\"PropertyValueSpecification\",\"valueRequired\":true,\"valueName\":\"search_term_string\"}}],\"inLanguage\":\"tr\"},{\"@type\":\"Organization\",\"@id\":\"https:\/\/happybubbles.com\/#organization\",\"name\":\"Happy Bubbles Dive Center\",\"url\":\"https:\/\/happybubbles.com\/\",\"logo\":{\"@type\":\"ImageObject\",\"inLanguage\":\"tr\",\"@id\":\"https:\/\/happybubbles.com\/#\/schema\/logo\/image\/\",\"url\":\"https:\/\/happybubbles.com\/wp-content\/uploads\/anaLogo4.png\",\"contentUrl\":\"https:\/\/happybubbles.com\/wp-content\/uploads\/anaLogo4.png\",\"width\":139,\"height\":128,\"caption\":\"Happy Bubbles Dive Center\"},\"image\":{\"@id\":\"https:\/\/happybubbles.com\/#\/schema\/logo\/image\/\"},\"sameAs\":[\"https:\/\/www.facebook.com\/HappyBubblesDive\/\",\"https:\/\/www.instagram.com\/happybubblesdive\/\"]}]}<\/script>\n<!-- \/ Yoast SEO plugin. -->","yoast_head_json":{"title":"SSI - Sistem ve Felsefesi &#187; Happy Bubbles Dal\u0131\u015f Merkezi","robots":{"index":"index","follow":"follow","max-snippet":"max-snippet:-1","max-image-preview":"max-image-preview:large","max-video-preview":"max-video-preview:-1"},"canonical":"https:\/\/happybubbles.com\/ssi-the-system-philosophy\/","og_locale":"tr_TR","og_type":"article","og_title":"SSI - Sistem ve Felsefesi &#187; Happy Bubbles Dal\u0131\u015f Merkezi","og_description":"SSI HAKKINDA SCUBA SCHOOLS INTERNATIONAL SCUBA DALI\u015eI \u00d6\u011eRENMEYI HERKES I\u00c7IN M\u00dcMK\u00dcN KILMAYA KARAR VERMI\u015e BIRKA\u00c7 HEVESLI DALICININ TUTKUSUNDAN DO\u011eDU SSI d\u00fcnyan\u0131n d\u00f6rt bir yan\u0131ndaki dal\u0131c\u0131lara, dal\u0131\u015f e\u011fitmenlerine, dal\u0131\u015f merkezlerine ve turizm tesislerine e\u011fitim, scuba dal\u0131\u015f &hellip;","og_url":"https:\/\/happybubbles.com\/ssi-the-system-philosophy\/","og_site_name":"Happy Bubbles Dal\u0131\u015f Merkezi","article_publisher":"https:\/\/www.facebook.com\/HappyBubblesDive\/","article_modified_time":"2024-03-05T18:22:51+00:00","og_image":[{"url":"https:\/\/happybubbles.com\/wp-content\/uploads\/ssiHeader2024.png","type":"","width":"","height":""}],"twitter_card":"summary_large_image","twitter_misc":{"Tahmini okuma s\u00fcresi":"6 dakika"},"schema":{"@context":"https:\/\/schema.org","@graph":[{"@type":"WebPage","@id":"https:\/\/happybubbles.com\/ssi-the-system-philosophy\/","url":"https:\/\/happybubbles.com\/ssi-the-system-philosophy\/","name":"SSI - Sistem ve Felsefesi &#187; Happy Bubbles Dal\u0131\u015f Merkezi","isPartOf":{"@id":"https:\/\/happybubbles.com\/#website"},"primaryImageOfPage":{"@id":"https:\/\/happybubbles.com\/ssi-the-system-philosophy\/#primaryimage"},"image":{"@id":"https:\/\/happybubbles.com\/ssi-the-system-philosophy\/#primaryimage"},"thumbnailUrl":"https:\/\/happybubbles.com\/wp-content\/uploads\/ssiHeader2024.png","datePublished":"2015-11-14T11:54:37+00:00","dateModified":"2024-03-05T18:22:51+00:00","breadcrumb":{"@id":"https:\/\/happybubbles.com\/ssi-the-system-philosophy\/#breadcrumb"},"inLanguage":"tr","potentialAction":[{"@type":"ReadAction","target":["https:\/\/happybubbles.com\/ssi-the-system-philosophy\/"]}]},{"@type":"ImageObject","inLanguage":"tr","@id":"https:\/\/happybubbles.com\/ssi-the-system-philosophy\/#primaryimage","url":"https:\/\/happybubbles.com\/wp-content\/uploads\/ssiHeader2024.png","contentUrl":"https:\/\/happybubbles.com\/wp-content\/uploads\/ssiHeader2024.png"},{"@type":"BreadcrumbList","@id":"https:\/\/happybubbles.com\/ssi-the-system-philosophy\/#breadcrumb","itemListElement":[{"@type":"ListItem","position":1,"name":"Ana sayfa","item":"https:\/\/happybubbles.com\/"},{"@type":"ListItem","position":2,"name":"SSI &#8211; Sistem ve Felsefesi"}]},{"@type":"WebSite","@id":"https:\/\/happybubbles.com\/#website","url":"https:\/\/happybubbles.com\/","name":"Happy Bubbles Dal\u0131\u015f Merkezi","description":"arkada\u015f\u00e7a ve keyifli dal\u0131\u015flar, Bodrum - T\u00fcrkiye","publisher":{"@id":"https:\/\/happybubbles.com\/#organization"},"potentialAction":[{"@type":"SearchAction","target":{"@type":"EntryPoint","urlTemplate":"https:\/\/happybubbles.com\/?s={search_term_string}"},"query-input":{"@type":"PropertyValueSpecification","valueRequired":true,"valueName":"search_term_string"}}],"inLanguage":"tr"},{"@type":"Organization","@id":"https:\/\/happybubbles.com\/#organization","name":"Happy Bubbles Dive Center","url":"https:\/\/happybubbles.com\/","logo":{"@type":"ImageObject","inLanguage":"tr","@id":"https:\/\/happybubbles.com\/#\/schema\/logo\/image\/","url":"https:\/\/happybubbles.com\/wp-content\/uploads\/anaLogo4.png","contentUrl":"https:\/\/happybubbles.com\/wp-content\/uploads\/anaLogo4.png","width":139,"height":128,"caption":"Happy Bubbles Dive Center"},"image":{"@id":"https:\/\/happybubbles.com\/#\/schema\/logo\/image\/"},"sameAs":["https:\/\/www.facebook.com\/HappyBubblesDive\/","https:\/\/www.instagram.com\/happybubblesdive\/"]}]}},"_links":{"self":[{"href":"https:\/\/happybubbles.com\/tr\/wp-json\/wp\/v2\/pages\/1519","targetHints":{"allow":["GET"]}}],"collection":[{"href":"https:\/\/happybubbles.com\/tr\/wp-json\/wp\/v2\/pages"}],"about":[{"href":"https:\/\/happybubbles.com\/tr\/wp-json\/wp\/v2\/types\/page"}],"author":[{"embeddable":true,"href":"https:\/\/happybubbles.com\/tr\/wp-json\/wp\/v2\/users\/1"}],"replies":[{"embeddable":true,"href":"https:\/\/happybubbles.com\/tr\/wp-json\/wp\/v2\/comments?post=1519"}],"version-history":[{"count":19,"href":"https:\/\/happybubbles.com\/tr\/wp-json\/wp\/v2\/pages\/1519\/revisions"}],"predecessor-version":[{"id":57284,"href":"https:\/\/happybubbles.com\/tr\/wp-json\/wp\/v2\/pages\/1519\/revisions\/57284"}],"wp:attachment":[{"href":"https:\/\/happybubbles.com\/tr\/wp-json\/wp\/v2\/media?parent=1519"}],"curies":[{"name":"wp","href":"https:\/\/api.w.org\/{rel}","templated":true}]}}