{"id":1535,"date":"2015-11-14T14:05:40","date_gmt":"2015-11-14T12:05:40","guid":{"rendered":"http:\/\/happybubbles.com\/?page_id=1535"},"modified":"2024-03-05T21:32:43","modified_gmt":"2024-03-05T18:32:43","slug":"ssi-open-water-diver","status":"publish","type":"page","link":"https:\/\/happybubbles.com\/tr\/ssi-open-water-diver\/","title":{"rendered":"SSI Open Water Diver"},"content":{"rendered":"<p><img loading=\"lazy\" decoding=\"async\" class=\"alignnone size-full wp-image-57279\" src=\"https:\/\/happybubbles.com\/wp-content\/uploads\/ssiHeader2024.png\" alt=\"\" width=\"2590\" height=\"442\" srcset=\"https:\/\/happybubbles.com\/wp-content\/uploads\/ssiHeader2024.png 2590w, https:\/\/happybubbles.com\/wp-content\/uploads\/ssiHeader2024-300x51.png 300w, https:\/\/happybubbles.com\/wp-content\/uploads\/ssiHeader2024-1024x175.png 1024w, https:\/\/happybubbles.com\/wp-content\/uploads\/ssiHeader2024-768x131.png 768w, https:\/\/happybubbles.com\/wp-content\/uploads\/ssiHeader2024-1536x262.png 1536w, https:\/\/happybubbles.com\/wp-content\/uploads\/ssiHeader2024-2048x350.png 2048w, https:\/\/happybubbles.com\/wp-content\/uploads\/ssiHeader2024-1510x258.png 1510w, https:\/\/happybubbles.com\/wp-content\/uploads\/ssiHeader2024-800x137.png 800w, https:\/\/happybubbles.com\/wp-content\/uploads\/ssiHeader2024-512x87.png 512w\" sizes=\"auto, (max-width: 2590px) 100vw, 2590px\" \/><\/p>\n<h5>SSI OPEN WATER DIVER KURSU<\/h5>\n<p><b>D\u00fcnya \u00e7ap\u0131nda bilinirli\u011fi ile, scuba maceran\u0131za ba\u015flaman\u0131n en iyi yolu SSI Open Water Diver olmakt\u0131r!<\/b><\/p>\n<p>Ki\u015fiselle\u015ftirilmi\u015f e\u011fitim ve yeterli zaman tan\u0131ma ile\u00a0becerilerin \u00f6\u011frenilmesi ve kulland\u0131\u011f\u0131n\u0131z ekipmana al\u0131\u015fma a\u00e7\u0131s\u0131ndan sualt\u0131nda yeterli konfora sahip olman\u0131z\u0131 sa\u011fl\u0131yoruz. \u00a0Genel olarak Open Water Diver kursu 3 b\u00f6l\u00fcmden olu\u015fur:<\/p>\n<h6>AKADEM\u0130K DERSLER:<\/h6>\n<p>SSI E\u011fitim Sistemi e\u011fitim almak istedi\u011finizde t\u00fcm bilgileri kendi \u00f6\u011frenme h\u0131z\u0131n\u0131zda ve takviminize uygun olarak \u00f6\u011frenmenize imkan verir.S\u0131n\u0131f ve havuz \u00e7al\u0131\u015fmalar\u0131 \u00f6\u011frendi\u011finiz her\u015feyi peki\u015ftirmeye y\u00f6neliktir.<\/p>\n<h6>SINIRLI SU \/ HAVUZ E\u011e\u0130T\u0130MLER\u0130:<\/h6>\n<p>Havuz ve a\u00e7\u0131k deniz e\u011fitiminiz i\u00e7in e\u011fitmeniniz sizi scuba ekipman\u0131n\u0131za haz\u0131rlayacak ve b\u00f6ylece sanki ikinci cildinizmi\u015f gibi konforlu olacaks\u0131n\u0131z.A\u00e7\u0131k Deniz E\u011fitim dal\u0131\u015flar\u0131n\u0131za ba\u015flamadan \u00f6nce,sualt\u0131 \u00e7evresine kendinizi uyumland\u0131rmak i\u00e7in yeterince vaktiniz olacak.<\/p>\n<h6>A\u00c7IK DEN\u0130Z DALI\u015eLARI:<\/h6>\n<p>En az 4 a\u00e7\u0131k deniz dal\u0131\u015f\u0131n\u0131 tamamlayacak ve havuzda \u00f6\u011frendiklerinizi tecr\u00fcbe etme \u015fans\u0131 yakalayacaks\u0131n\u0131z. (A\u00e7\u0131k Deniz; A\u00e7\u0131k su, su gibi bir g\u00f6l ya da okyanus kadar a\u00e7\u0131k bir yap\u0131 olarak tan\u0131mlanabilir) .<\/p>\n<p>A\u00e7\u0131k deniz dal\u0131\u015flar\u0131n\u0131z\u0131 tamamlad\u0131ktan sonra sertifikal\u0131 bir dal\u0131c\u0131 olacaks\u0131n\u0131z. SSI Open Water Diver sertifikas\u0131 d\u00fcnyan\u0131n her yerinde ge\u00e7erlidir, dal\u0131\u015f tecr\u00fcbeleriniz s\u0131n\u0131rs\u0131z olacakt\u0131r.<\/p>\n<p><iframe loading=\"lazy\" title=\"SSI Open Water Diver Trailer | Scuba Schools International\" width=\"1183\" height=\"665\" src=\"https:\/\/www.youtube.com\/embed\/-paDQXtRQzk?feature=oembed\" frameborder=\"0\" allow=\"accelerometer; autoplay; clipboard-write; encrypted-media; gyroscope; picture-in-picture; web-share\" allowfullscreen><\/iframe><\/p>\n<p>E\u011flence burada bitmiyor! Birazc\u0131k daha \u00e7al\u0131\u015fmayla daha da ilerleyebilirsiniz. Tasavvur edin &#8211; bat\u0131klara dald\u0131\u011f\u0131n\u0131z\u0131 ya da bir sualt\u0131 foto\u011fraf\u00e7\u0131s\u0131 oldu\u011funuzu hayal edin! <strong><a href=\"http:\/\/happybubbles.com\/specialty-programs\/\">Uzmanl\u0131k Programlar\u0131<\/a><\/strong>m\u0131z\u0131 inceleyin. Dal\u0131\u015f maceran\u0131zda bir sonraki ad\u0131ma ge\u00e7mek i\u00e7in f\u0131rsatlar\u0131 de\u011ferlendirin. SSI sizin i\u00e7in en iyi yol arkada\u015f\u0131 olacakt\u0131r.<\/p>\n<p style=\"text-align: center;\"><img loading=\"lazy\" decoding=\"async\" class=\"alignnone wp-image-57291 size-medium\" src=\"https:\/\/happybubbles.com\/wp-content\/uploads\/Open-Water-Diver-1-300x191.jpg\" alt=\"\" width=\"300\" height=\"191\" srcset=\"https:\/\/happybubbles.com\/wp-content\/uploads\/Open-Water-Diver-1-300x191.jpg 300w, https:\/\/happybubbles.com\/wp-content\/uploads\/Open-Water-Diver-1-1024x651.jpg 1024w, https:\/\/happybubbles.com\/wp-content\/uploads\/Open-Water-Diver-1-768x488.jpg 768w, https:\/\/happybubbles.com\/wp-content\/uploads\/Open-Water-Diver-1-1536x976.jpg 1536w, https:\/\/happybubbles.com\/wp-content\/uploads\/Open-Water-Diver-1-551x350.jpg 551w, https:\/\/happybubbles.com\/wp-content\/uploads\/Open-Water-Diver-1-1510x959.jpg 1510w, https:\/\/happybubbles.com\/wp-content\/uploads\/Open-Water-Diver-1-512x325.jpg 512w, https:\/\/happybubbles.com\/wp-content\/uploads\/Open-Water-Diver-1.jpg 1673w\" sizes=\"auto, (max-width: 300px) 100vw, 300px\" \/> <img loading=\"lazy\" decoding=\"async\" class=\"alignnone wp-image-57289 size-medium\" src=\"https:\/\/happybubbles.com\/wp-content\/uploads\/Scuba-Diver-300x191.jpg\" alt=\"\" width=\"300\" height=\"191\" srcset=\"https:\/\/happybubbles.com\/wp-content\/uploads\/Scuba-Diver-300x191.jpg 300w, https:\/\/happybubbles.com\/wp-content\/uploads\/Scuba-Diver-1024x651.jpg 1024w, https:\/\/happybubbles.com\/wp-content\/uploads\/Scuba-Diver-768x488.jpg 768w, https:\/\/happybubbles.com\/wp-content\/uploads\/Scuba-Diver-1536x976.jpg 1536w, https:\/\/happybubbles.com\/wp-content\/uploads\/Scuba-Diver-551x350.jpg 551w, https:\/\/happybubbles.com\/wp-content\/uploads\/Scuba-Diver-1510x959.jpg 1510w, https:\/\/happybubbles.com\/wp-content\/uploads\/Scuba-Diver-512x325.jpg 512w, https:\/\/happybubbles.com\/wp-content\/uploads\/Scuba-Diver.jpg 1673w\" sizes=\"auto, (max-width: 300px) 100vw, 300px\" \/><\/p>\n<h6>ZAMAN MI KALMADI? SCUBA SERTIFIKASYONUNUZA TATILDE BA\u015eLAYIN VE EVE D\u00d6N\u00dcNCEYE KADAR BITIRIN!<\/h6>\n<p>Scuba Diver b\u00fct\u00fcn bir Open Water Diver Program\u0131n\u0131 tamamlamaya zaman bulamayanlar i\u00e7in m\u00fckemmel bir program. Bu program\u0131n i\u00e7eri\u011fi Open Water Diver Program\u0131n\u0131n yar\u0131ya yak\u0131n\u0131n\u0131 i\u00e7eriyor. Daha sonra program\u0131n ikinci yar\u0131s\u0131n\u0131 da tamamlay\u0131p sizin i\u00e7in uygun olan bir zamanda ve yerde sertifikal\u0131 bir dal\u0131c\u0131 olabilirsiniz.<\/p>\n<p>Program\u0131n sonunda, program\u0131 ba\u015far\u0131yla tamamlad\u0131\u011f\u0131n\u0131z\u0131 g\u00f6steren SCUBA DIVER Sertifikan\u0131z\u0131 al\u0131rs\u0131n\u0131z. Bu sertifika d\u00fcnya \u00e7ap\u0131nda rehberli dal\u0131\u015flara kat\u0131lman\u0131za olanak verir. E\u011fer e\u011fitiminize devam edip sertifikal\u0131 dal\u0131c\u0131 olmak isterseniz yerel SSI E\u011fitim Merkezi&#8217;nizle\u00a0SSI OPEN WATER DIVER derecenizi nas\u0131l tamamlayaca\u011f\u0131n\u0131z konusunda ileti\u015fime ge\u00e7meniz yeterli.<\/p>\n","protected":false},"excerpt":{"rendered":"<p>SSI OPEN WATER DIVER KURSU D\u00fcnya \u00e7ap\u0131nda bilinirli\u011fi ile, scuba maceran\u0131za ba\u015flaman\u0131n en iyi yolu SSI Open Water Diver olmakt\u0131r! Ki\u015fiselle\u015ftirilmi\u015f e\u011fitim ve yeterli zaman tan\u0131ma ile\u00a0becerilerin \u00f6\u011frenilmesi ve kulland\u0131\u011f\u0131n\u0131z ekipmana al\u0131\u015fma a\u00e7\u0131s\u0131ndan sualt\u0131nda yeterli &hellip;<\/p>\n","protected":false},"author":1,"featured_media":0,"parent":0,"menu_order":0,"comment_status":"closed","ping_status":"closed","template":"","meta":{"footnotes":""},"class_list":["post-1535","page","type-page","status-publish","hentry"],"yoast_head":"<!-- This site is optimized with the Yoast SEO plugin v27.1.1 - https:\/\/yoast.com\/product\/yoast-seo-wordpress\/ -->\n<title>SSI Open Water Diver &#187; Happy Bubbles Dal\u0131\u015f Merkezi<\/title>\n<meta name=\"robots\" content=\"index, follow, max-snippet:-1, max-image-preview:large, max-video-preview:-1\" \/>\n<link rel=\"canonical\" href=\"https:\/\/happybubbles.com\/ssi-open-water-diver\/\" \/>\n<meta property=\"og:locale\" content=\"tr_TR\" \/>\n<meta property=\"og:type\" content=\"article\" \/>\n<meta property=\"og:title\" content=\"SSI Open Water Diver &#187; Happy Bubbles Dal\u0131\u015f Merkezi\" \/>\n<meta property=\"og:description\" content=\"SSI OPEN WATER DIVER KURSU D\u00fcnya \u00e7ap\u0131nda bilinirli\u011fi ile, scuba maceran\u0131za ba\u015flaman\u0131n en iyi yolu SSI Open Water Diver olmakt\u0131r! Ki\u015fiselle\u015ftirilmi\u015f e\u011fitim ve yeterli zaman tan\u0131ma ile\u00a0becerilerin \u00f6\u011frenilmesi ve kulland\u0131\u011f\u0131n\u0131z ekipmana al\u0131\u015fma a\u00e7\u0131s\u0131ndan sualt\u0131nda yeterli &hellip;\" \/>\n<meta property=\"og:url\" content=\"https:\/\/happybubbles.com\/ssi-open-water-diver\/\" \/>\n<meta property=\"og:site_name\" content=\"Happy Bubbles Dal\u0131\u015f Merkezi\" \/>\n<meta property=\"article:publisher\" content=\"https:\/\/www.facebook.com\/HappyBubblesDive\/\" \/>\n<meta property=\"article:modified_time\" content=\"2024-03-05T18:32:43+00:00\" \/>\n<meta property=\"og:image\" content=\"https:\/\/happybubbles.com\/wp-content\/uploads\/ssiHeader2024.png\" \/>\n<meta name=\"twitter:card\" content=\"summary_large_image\" \/>\n<meta name=\"twitter:label1\" content=\"Tahmini okuma s\u00fcresi\" \/>\n\t<meta name=\"twitter:data1\" content=\"4 dakika\" \/>\n<script type=\"application\/ld+json\" class=\"yoast-schema-graph\">{\"@context\":\"https:\/\/schema.org\",\"@graph\":[{\"@type\":\"WebPage\",\"@id\":\"https:\/\/happybubbles.com\/ssi-open-water-diver\/\",\"url\":\"https:\/\/happybubbles.com\/ssi-open-water-diver\/\",\"name\":\"SSI Open Water Diver &#187; Happy Bubbles Dal\u0131\u015f Merkezi\",\"isPartOf\":{\"@id\":\"https:\/\/happybubbles.com\/#website\"},\"primaryImageOfPage\":{\"@id\":\"https:\/\/happybubbles.com\/ssi-open-water-diver\/#primaryimage\"},\"image\":{\"@id\":\"https:\/\/happybubbles.com\/ssi-open-water-diver\/#primaryimage\"},\"thumbnailUrl\":\"https:\/\/happybubbles.com\/wp-content\/uploads\/ssiHeader2024.png\",\"datePublished\":\"2015-11-14T12:05:40+00:00\",\"dateModified\":\"2024-03-05T18:32:43+00:00\",\"breadcrumb\":{\"@id\":\"https:\/\/happybubbles.com\/ssi-open-water-diver\/#breadcrumb\"},\"inLanguage\":\"tr\",\"potentialAction\":[{\"@type\":\"ReadAction\",\"target\":[\"https:\/\/happybubbles.com\/ssi-open-water-diver\/\"]}]},{\"@type\":\"ImageObject\",\"inLanguage\":\"tr\",\"@id\":\"https:\/\/happybubbles.com\/ssi-open-water-diver\/#primaryimage\",\"url\":\"https:\/\/happybubbles.com\/wp-content\/uploads\/ssiHeader2024.png\",\"contentUrl\":\"https:\/\/happybubbles.com\/wp-content\/uploads\/ssiHeader2024.png\"},{\"@type\":\"BreadcrumbList\",\"@id\":\"https:\/\/happybubbles.com\/ssi-open-water-diver\/#breadcrumb\",\"itemListElement\":[{\"@type\":\"ListItem\",\"position\":1,\"name\":\"Ana sayfa\",\"item\":\"https:\/\/happybubbles.com\/\"},{\"@type\":\"ListItem\",\"position\":2,\"name\":\"SSI Open Water Diver\"}]},{\"@type\":\"WebSite\",\"@id\":\"https:\/\/happybubbles.com\/#website\",\"url\":\"https:\/\/happybubbles.com\/\",\"name\":\"Happy Bubbles Dal\u0131\u015f Merkezi\",\"description\":\"arkada\u015f\u00e7a ve keyifli dal\u0131\u015flar, Bodrum - T\u00fcrkiye\",\"publisher\":{\"@id\":\"https:\/\/happybubbles.com\/#organization\"},\"potentialAction\":[{\"@type\":\"SearchAction\",\"target\":{\"@type\":\"EntryPoint\",\"urlTemplate\":\"https:\/\/happybubbles.com\/?s={search_term_string}\"},\"query-input\":{\"@type\":\"PropertyValueSpecification\",\"valueRequired\":true,\"valueName\":\"search_term_string\"}}],\"inLanguage\":\"tr\"},{\"@type\":\"Organization\",\"@id\":\"https:\/\/happybubbles.com\/#organization\",\"name\":\"Happy Bubbles Dive Center\",\"url\":\"https:\/\/happybubbles.com\/\",\"logo\":{\"@type\":\"ImageObject\",\"inLanguage\":\"tr\",\"@id\":\"https:\/\/happybubbles.com\/#\/schema\/logo\/image\/\",\"url\":\"https:\/\/happybubbles.com\/wp-content\/uploads\/anaLogo4.png\",\"contentUrl\":\"https:\/\/happybubbles.com\/wp-content\/uploads\/anaLogo4.png\",\"width\":139,\"height\":128,\"caption\":\"Happy Bubbles Dive Center\"},\"image\":{\"@id\":\"https:\/\/happybubbles.com\/#\/schema\/logo\/image\/\"},\"sameAs\":[\"https:\/\/www.facebook.com\/HappyBubblesDive\/\",\"https:\/\/www.instagram.com\/happybubblesdive\/\"]}]}<\/script>\n<!-- \/ Yoast SEO plugin. -->","yoast_head_json":{"title":"SSI Open Water Diver &#187; Happy Bubbles Dal\u0131\u015f Merkezi","robots":{"index":"index","follow":"follow","max-snippet":"max-snippet:-1","max-image-preview":"max-image-preview:large","max-video-preview":"max-video-preview:-1"},"canonical":"https:\/\/happybubbles.com\/ssi-open-water-diver\/","og_locale":"tr_TR","og_type":"article","og_title":"SSI Open Water Diver &#187; Happy Bubbles Dal\u0131\u015f Merkezi","og_description":"SSI OPEN WATER DIVER KURSU D\u00fcnya \u00e7ap\u0131nda bilinirli\u011fi ile, scuba maceran\u0131za ba\u015flaman\u0131n en iyi yolu SSI Open Water Diver olmakt\u0131r! Ki\u015fiselle\u015ftirilmi\u015f e\u011fitim ve yeterli zaman tan\u0131ma ile\u00a0becerilerin \u00f6\u011frenilmesi ve kulland\u0131\u011f\u0131n\u0131z ekipmana al\u0131\u015fma a\u00e7\u0131s\u0131ndan sualt\u0131nda yeterli &hellip;","og_url":"https:\/\/happybubbles.com\/ssi-open-water-diver\/","og_site_name":"Happy Bubbles Dal\u0131\u015f Merkezi","article_publisher":"https:\/\/www.facebook.com\/HappyBubblesDive\/","article_modified_time":"2024-03-05T18:32:43+00:00","og_image":[{"url":"https:\/\/happybubbles.com\/wp-content\/uploads\/ssiHeader2024.png","type":"","width":"","height":""}],"twitter_card":"summary_large_image","twitter_misc":{"Tahmini okuma s\u00fcresi":"4 dakika"},"schema":{"@context":"https:\/\/schema.org","@graph":[{"@type":"WebPage","@id":"https:\/\/happybubbles.com\/ssi-open-water-diver\/","url":"https:\/\/happybubbles.com\/ssi-open-water-diver\/","name":"SSI Open Water Diver &#187; Happy Bubbles Dal\u0131\u015f Merkezi","isPartOf":{"@id":"https:\/\/happybubbles.com\/#website"},"primaryImageOfPage":{"@id":"https:\/\/happybubbles.com\/ssi-open-water-diver\/#primaryimage"},"image":{"@id":"https:\/\/happybubbles.com\/ssi-open-water-diver\/#primaryimage"},"thumbnailUrl":"https:\/\/happybubbles.com\/wp-content\/uploads\/ssiHeader2024.png","datePublished":"2015-11-14T12:05:40+00:00","dateModified":"2024-03-05T18:32:43+00:00","breadcrumb":{"@id":"https:\/\/happybubbles.com\/ssi-open-water-diver\/#breadcrumb"},"inLanguage":"tr","potentialAction":[{"@type":"ReadAction","target":["https:\/\/happybubbles.com\/ssi-open-water-diver\/"]}]},{"@type":"ImageObject","inLanguage":"tr","@id":"https:\/\/happybubbles.com\/ssi-open-water-diver\/#primaryimage","url":"https:\/\/happybubbles.com\/wp-content\/uploads\/ssiHeader2024.png","contentUrl":"https:\/\/happybubbles.com\/wp-content\/uploads\/ssiHeader2024.png"},{"@type":"BreadcrumbList","@id":"https:\/\/happybubbles.com\/ssi-open-water-diver\/#breadcrumb","itemListElement":[{"@type":"ListItem","position":1,"name":"Ana sayfa","item":"https:\/\/happybubbles.com\/"},{"@type":"ListItem","position":2,"name":"SSI Open Water Diver"}]},{"@type":"WebSite","@id":"https:\/\/happybubbles.com\/#website","url":"https:\/\/happybubbles.com\/","name":"Happy Bubbles Dal\u0131\u015f Merkezi","description":"arkada\u015f\u00e7a ve keyifli dal\u0131\u015flar, Bodrum - T\u00fcrkiye","publisher":{"@id":"https:\/\/happybubbles.com\/#organization"},"potentialAction":[{"@type":"SearchAction","target":{"@type":"EntryPoint","urlTemplate":"https:\/\/happybubbles.com\/?s={search_term_string}"},"query-input":{"@type":"PropertyValueSpecification","valueRequired":true,"valueName":"search_term_string"}}],"inLanguage":"tr"},{"@type":"Organization","@id":"https:\/\/happybubbles.com\/#organization","name":"Happy Bubbles Dive Center","url":"https:\/\/happybubbles.com\/","logo":{"@type":"ImageObject","inLanguage":"tr","@id":"https:\/\/happybubbles.com\/#\/schema\/logo\/image\/","url":"https:\/\/happybubbles.com\/wp-content\/uploads\/anaLogo4.png","contentUrl":"https:\/\/happybubbles.com\/wp-content\/uploads\/anaLogo4.png","width":139,"height":128,"caption":"Happy Bubbles Dive Center"},"image":{"@id":"https:\/\/happybubbles.com\/#\/schema\/logo\/image\/"},"sameAs":["https:\/\/www.facebook.com\/HappyBubblesDive\/","https:\/\/www.instagram.com\/happybubblesdive\/"]}]}},"_links":{"self":[{"href":"https:\/\/happybubbles.com\/tr\/wp-json\/wp\/v2\/pages\/1535","targetHints":{"allow":["GET"]}}],"collection":[{"href":"https:\/\/happybubbles.com\/tr\/wp-json\/wp\/v2\/pages"}],"about":[{"href":"https:\/\/happybubbles.com\/tr\/wp-json\/wp\/v2\/types\/page"}],"author":[{"embeddable":true,"href":"https:\/\/happybubbles.com\/tr\/wp-json\/wp\/v2\/users\/1"}],"replies":[{"embeddable":true,"href":"https:\/\/happybubbles.com\/tr\/wp-json\/wp\/v2\/comments?post=1535"}],"version-history":[{"count":23,"href":"https:\/\/happybubbles.com\/tr\/wp-json\/wp\/v2\/pages\/1535\/revisions"}],"predecessor-version":[{"id":57294,"href":"https:\/\/happybubbles.com\/tr\/wp-json\/wp\/v2\/pages\/1535\/revisions\/57294"}],"wp:attachment":[{"href":"https:\/\/happybubbles.com\/tr\/wp-json\/wp\/v2\/media?parent=1535"}],"curies":[{"name":"wp","href":"https:\/\/api.w.org\/{rel}","templated":true}]}}