{"id":1550,"date":"2015-11-14T14:57:40","date_gmt":"2015-11-14T12:57:40","guid":{"rendered":"http:\/\/happybubbles.com\/?page_id=1550"},"modified":"2026-02-17T10:56:12","modified_gmt":"2026-02-17T07:56:12","slug":"continue-your-education","status":"publish","type":"page","link":"https:\/\/happybubbles.com\/tr\/continue-your-education\/","title":{"rendered":"E\u011fitime Devam"},"content":{"rendered":"<p><img loading=\"lazy\" decoding=\"async\" class=\"alignnone size-full wp-image-57279\" src=\"https:\/\/happybubbles.com\/wp-content\/uploads\/ssiHeader2024.png\" alt=\"\" width=\"2590\" height=\"442\" srcset=\"https:\/\/happybubbles.com\/wp-content\/uploads\/ssiHeader2024.png 2590w, https:\/\/happybubbles.com\/wp-content\/uploads\/ssiHeader2024-300x51.png 300w, https:\/\/happybubbles.com\/wp-content\/uploads\/ssiHeader2024-1024x175.png 1024w, https:\/\/happybubbles.com\/wp-content\/uploads\/ssiHeader2024-768x131.png 768w, https:\/\/happybubbles.com\/wp-content\/uploads\/ssiHeader2024-1536x262.png 1536w, https:\/\/happybubbles.com\/wp-content\/uploads\/ssiHeader2024-2048x350.png 2048w, https:\/\/happybubbles.com\/wp-content\/uploads\/ssiHeader2024-1510x258.png 1510w, https:\/\/happybubbles.com\/wp-content\/uploads\/ssiHeader2024-800x137.png 800w, https:\/\/happybubbles.com\/wp-content\/uploads\/ssiHeader2024-512x87.png 512w\" sizes=\"auto, (max-width: 2590px) 100vw, 2590px\" \/><\/p>\n<h5>SSI DEVAM EDEN E\u011e\u0130T\u0130M\u0130 &#8211; SSI ADVANCED OPEN WATER DIVER<\/h5>\n<p>Hangi uzmanl\u0131k program\u0131n\u0131n sizin i\u00e7in en uygun oldu\u011funa karar veremiyorsan\u0131z, SSI Advanced Open Water Diver program\u0131na kat\u0131l\u0131n! Tam uzmanl\u0131k e\u011fitimine ba\u015flamadan \u00f6nce Deep Diving ve Navigation&#8217;un yan\u0131 s\u0131ra 3 farkl\u0131 uzmanl\u0131k alan\u0131n\u0131 daha deneyimleyeceksiniz. \u0130leri dal\u0131\u015f e\u011fitiminin ne anlama geldi\u011fini ve dal\u0131\u015f maceralar\u0131n\u0131z i\u00e7in ne kadar de\u011ferli olabilece\u011fini deneyimlemenin harika bir yolu.<\/p>\n<h6><img decoding=\"async\" src=\"https:\/\/my.divessi.com\/img_repository\/category\/continue_scuba-banner.jpg\/600\" \/><\/h6>\n<p>Advanced Open Water Diver Program\u0131 s\u0131ras\u0131nda, SSI E\u011fitmeninizle kapsaml\u0131 bir brifingin ard\u0131ndan her uzmanl\u0131k alan\u0131 i\u00e7in bir a\u00e7\u0131k su e\u011fitim dal\u0131\u015f\u0131 tamamlayarak 5 farkl\u0131 uzmanl\u0131k alan\u0131n\u0131 deneyimleyeceksiniz.<\/p>\n<p>Bu programa kat\u0131larak ke\u015ffetme \u00f6zg\u00fcrl\u00fc\u011f\u00fcne sahip olacaks\u0131n\u0131z.Uzmanl\u0131k e\u011fitimlerinin tamam\u0131n\u0131 ileride istedi\u011finiz zaman tamamlayabilir ve Advanced Open Water Diver e\u011fitiminizi bunlara sayd\u0131rabilirsiniz.<\/p>\n<h5>ADVANCED SPECIALTY DIVER &#8211; DAHA FAZLA B\u0130LG\u0130 VE BECER\u0130 ED\u0130N\u0130N<\/h5>\n<p><img loading=\"lazy\" decoding=\"async\" class=\"alignnone wp-image-57529 \" src=\"https:\/\/happybubbles.com\/wp-content\/uploads\/ASP-1024x651.jpg\" alt=\"\" width=\"607\" height=\"386\" srcset=\"https:\/\/happybubbles.com\/wp-content\/uploads\/ASP-1024x651.jpg 1024w, https:\/\/happybubbles.com\/wp-content\/uploads\/ASP-300x191.jpg 300w, https:\/\/happybubbles.com\/wp-content\/uploads\/ASP-768x488.jpg 768w, https:\/\/happybubbles.com\/wp-content\/uploads\/ASP-1536x976.jpg 1536w, https:\/\/happybubbles.com\/wp-content\/uploads\/ASP-2048x1301.jpg 2048w, https:\/\/happybubbles.com\/wp-content\/uploads\/ASP-551x350.jpg 551w, https:\/\/happybubbles.com\/wp-content\/uploads\/ASP-1510x959.jpg 1510w, https:\/\/happybubbles.com\/wp-content\/uploads\/ASP-512x325.jpg 512w\" sizes=\"auto, (max-width: 607px) 100vw, 607px\" \/><\/p>\n<p>Belli bir say\u0131da <strong>SSI Uzmanl\u0131klar\u0131<\/strong> al\u0131rsan\u0131z ve <strong>dal\u0131\u015flara devam ederseniz<\/strong>, daha y\u00fcksek seviyeli\u00a0<strong>dal\u0131c\u0131 seviyeleri<\/strong>ne sahip olursunuz. SSI seviyeleri dal\u0131\u015f end\u00fcstrisindeki e\u011fitim ve tecr\u00fcbeyi harmanlayabilen yegane sistemdir.<\/p>\n<p>Ne kadar ilerleyece\u011finiz size kam\u0131\u015ft\u0131r. \u0130\u015fin g\u00fczel taraf\u0131 SSI&#8217;\u0131n sizi tan\u0131ma ve taltif\u00a0etmesi \u00fccretsizdir. Uzmanl\u0131k Programlar\u0131n\u0131z\u0131 tamamlay\u0131n, SSI Uzmanl\u0131k sertifikalar\u0131n\u0131z\u0131 al\u0131n. <strong>Uzman Dal\u0131c\u0131, Advanced Open Water Diver <\/strong>ve<strong> Master Diver\u00a0<\/strong>kartlar\u0131n\u0131z \u00fccretsiz olarak gelecektir. SSI sertifikalar\u0131 uluslararas\u0131 kabul g\u00f6r\u00fcr ve dal\u0131\u015f tecr\u00fcbesi imkanlar\u0131n\u0131z s\u0131n\u0131rs\u0131z hale gelir.<\/p>\n<p>E\u011flence burada da bitmiyor! Biraz daha fazla e\u011fitimle, daha da ileri gidebilir ve bir <strong><a href=\"http:\/\/prodiver.happybubbles.com\">Dal\u0131\u015f Profesyoneli<\/a><\/strong> olabilirsiniz. Dal\u0131\u015f a\u015fk\u0131n\u0131z\u0131 ba\u015fkala\u0131yla payla\u015fabildi\u011finizi d\u00fc\u015f\u00fcn\u00fcn!<\/p>\n<p>Kat\u0131labilece\u011finiz Dal\u0131\u015f Profesyoneli programlar\u0131n\u0131 inceleyin. Dal\u0131\u015f maceran\u0131zda sonraki seviyeye ge\u00e7me \u015fans\u0131n\u0131 yakalay\u0131n. SSI size yol arkada\u015f\u0131 olacakt\u0131r.<\/p>\n<h6><a href=\"https:\/\/happybubbles.com\/specialty-programs\/\">Uzmanl\u0131k kurslar\u0131m\u0131z\u0131 g\u00f6rmek i\u00e7in buraya t\u0131klay\u0131n&#8230;<\/a><\/h6>\n","protected":false},"excerpt":{"rendered":"<p>SSI DEVAM EDEN E\u011e\u0130T\u0130M\u0130 &#8211; SSI ADVANCED OPEN WATER DIVER Hangi uzmanl\u0131k program\u0131n\u0131n sizin i\u00e7in en uygun oldu\u011funa karar veremiyorsan\u0131z, SSI Advanced Open Water Diver program\u0131na kat\u0131l\u0131n! Tam uzmanl\u0131k e\u011fitimine ba\u015flamadan \u00f6nce Deep Diving ve &hellip;<\/p>\n","protected":false},"author":1,"featured_media":0,"parent":0,"menu_order":0,"comment_status":"closed","ping_status":"closed","template":"","meta":{"footnotes":""},"class_list":["post-1550","page","type-page","status-publish","hentry"],"yoast_head":"<!-- This site is optimized with the Yoast SEO plugin v27.1.1 - https:\/\/yoast.com\/product\/yoast-seo-wordpress\/ -->\n<title>E\u011fitime Devam &#187; Happy Bubbles Dal\u0131\u015f Merkezi<\/title>\n<meta name=\"robots\" content=\"index, follow, max-snippet:-1, max-image-preview:large, max-video-preview:-1\" \/>\n<link rel=\"canonical\" href=\"https:\/\/happybubbles.com\/continue-your-education\/\" \/>\n<meta property=\"og:locale\" content=\"tr_TR\" \/>\n<meta property=\"og:type\" content=\"article\" \/>\n<meta property=\"og:title\" content=\"E\u011fitime Devam &#187; Happy Bubbles Dal\u0131\u015f Merkezi\" \/>\n<meta property=\"og:description\" content=\"SSI DEVAM EDEN E\u011e\u0130T\u0130M\u0130 &#8211; SSI ADVANCED OPEN WATER DIVER Hangi uzmanl\u0131k program\u0131n\u0131n sizin i\u00e7in en uygun oldu\u011funa karar veremiyorsan\u0131z, SSI Advanced Open Water Diver program\u0131na kat\u0131l\u0131n! Tam uzmanl\u0131k e\u011fitimine ba\u015flamadan \u00f6nce Deep Diving ve &hellip;\" \/>\n<meta property=\"og:url\" content=\"https:\/\/happybubbles.com\/continue-your-education\/\" \/>\n<meta property=\"og:site_name\" content=\"Happy Bubbles Dal\u0131\u015f Merkezi\" \/>\n<meta property=\"article:publisher\" content=\"https:\/\/www.facebook.com\/HappyBubblesDive\/\" \/>\n<meta property=\"article:modified_time\" content=\"2026-02-17T07:56:12+00:00\" \/>\n<meta property=\"og:image\" content=\"https:\/\/happybubbles.com\/wp-content\/uploads\/ssiHeader2024.png\" \/>\n\t<meta property=\"og:image:width\" content=\"2590\" \/>\n\t<meta property=\"og:image:height\" content=\"442\" \/>\n\t<meta property=\"og:image:type\" content=\"image\/png\" \/>\n<meta name=\"twitter:card\" content=\"summary_large_image\" \/>\n<meta name=\"twitter:label1\" content=\"Tahmini okuma s\u00fcresi\" \/>\n\t<meta name=\"twitter:data1\" content=\"2 dakika\" \/>\n<script type=\"application\/ld+json\" class=\"yoast-schema-graph\">{\"@context\":\"https:\/\/schema.org\",\"@graph\":[{\"@type\":\"WebPage\",\"@id\":\"https:\/\/happybubbles.com\/continue-your-education\/\",\"url\":\"https:\/\/happybubbles.com\/continue-your-education\/\",\"name\":\"E\u011fitime Devam &#187; Happy Bubbles Dal\u0131\u015f Merkezi\",\"isPartOf\":{\"@id\":\"https:\/\/happybubbles.com\/#website\"},\"primaryImageOfPage\":{\"@id\":\"https:\/\/happybubbles.com\/continue-your-education\/#primaryimage\"},\"image\":{\"@id\":\"https:\/\/happybubbles.com\/continue-your-education\/#primaryimage\"},\"thumbnailUrl\":\"https:\/\/happybubbles.com\/wp-content\/uploads\/ssiHeader2024.png\",\"datePublished\":\"2015-11-14T12:57:40+00:00\",\"dateModified\":\"2026-02-17T07:56:12+00:00\",\"breadcrumb\":{\"@id\":\"https:\/\/happybubbles.com\/continue-your-education\/#breadcrumb\"},\"inLanguage\":\"tr\",\"potentialAction\":[{\"@type\":\"ReadAction\",\"target\":[\"https:\/\/happybubbles.com\/continue-your-education\/\"]}]},{\"@type\":\"ImageObject\",\"inLanguage\":\"tr\",\"@id\":\"https:\/\/happybubbles.com\/continue-your-education\/#primaryimage\",\"url\":\"https:\/\/happybubbles.com\/wp-content\/uploads\/ssiHeader2024.png\",\"contentUrl\":\"https:\/\/happybubbles.com\/wp-content\/uploads\/ssiHeader2024.png\"},{\"@type\":\"BreadcrumbList\",\"@id\":\"https:\/\/happybubbles.com\/continue-your-education\/#breadcrumb\",\"itemListElement\":[{\"@type\":\"ListItem\",\"position\":1,\"name\":\"Ana sayfa\",\"item\":\"https:\/\/happybubbles.com\/\"},{\"@type\":\"ListItem\",\"position\":2,\"name\":\"Continue Your Education\"}]},{\"@type\":\"WebSite\",\"@id\":\"https:\/\/happybubbles.com\/#website\",\"url\":\"https:\/\/happybubbles.com\/\",\"name\":\"Happy Bubbles Dal\u0131\u015f Merkezi\",\"description\":\"arkada\u015f\u00e7a ve keyifli dal\u0131\u015flar, Bodrum - T\u00fcrkiye\",\"publisher\":{\"@id\":\"https:\/\/happybubbles.com\/#organization\"},\"potentialAction\":[{\"@type\":\"SearchAction\",\"target\":{\"@type\":\"EntryPoint\",\"urlTemplate\":\"https:\/\/happybubbles.com\/?s={search_term_string}\"},\"query-input\":{\"@type\":\"PropertyValueSpecification\",\"valueRequired\":true,\"valueName\":\"search_term_string\"}}],\"inLanguage\":\"tr\"},{\"@type\":\"Organization\",\"@id\":\"https:\/\/happybubbles.com\/#organization\",\"name\":\"Happy Bubbles Dive Center\",\"url\":\"https:\/\/happybubbles.com\/\",\"logo\":{\"@type\":\"ImageObject\",\"inLanguage\":\"tr\",\"@id\":\"https:\/\/happybubbles.com\/#\/schema\/logo\/image\/\",\"url\":\"https:\/\/happybubbles.com\/wp-content\/uploads\/anaLogo4.png\",\"contentUrl\":\"https:\/\/happybubbles.com\/wp-content\/uploads\/anaLogo4.png\",\"width\":139,\"height\":128,\"caption\":\"Happy Bubbles Dive Center\"},\"image\":{\"@id\":\"https:\/\/happybubbles.com\/#\/schema\/logo\/image\/\"},\"sameAs\":[\"https:\/\/www.facebook.com\/HappyBubblesDive\/\",\"https:\/\/www.instagram.com\/happybubblesdive\/\"]}]}<\/script>\n<!-- \/ Yoast SEO plugin. -->","yoast_head_json":{"title":"E\u011fitime Devam &#187; Happy Bubbles Dal\u0131\u015f Merkezi","robots":{"index":"index","follow":"follow","max-snippet":"max-snippet:-1","max-image-preview":"max-image-preview:large","max-video-preview":"max-video-preview:-1"},"canonical":"https:\/\/happybubbles.com\/continue-your-education\/","og_locale":"tr_TR","og_type":"article","og_title":"E\u011fitime Devam &#187; Happy Bubbles Dal\u0131\u015f Merkezi","og_description":"SSI DEVAM EDEN E\u011e\u0130T\u0130M\u0130 &#8211; SSI ADVANCED OPEN WATER DIVER Hangi uzmanl\u0131k program\u0131n\u0131n sizin i\u00e7in en uygun oldu\u011funa karar veremiyorsan\u0131z, SSI Advanced Open Water Diver program\u0131na kat\u0131l\u0131n! Tam uzmanl\u0131k e\u011fitimine ba\u015flamadan \u00f6nce Deep Diving ve &hellip;","og_url":"https:\/\/happybubbles.com\/continue-your-education\/","og_site_name":"Happy Bubbles Dal\u0131\u015f Merkezi","article_publisher":"https:\/\/www.facebook.com\/HappyBubblesDive\/","article_modified_time":"2026-02-17T07:56:12+00:00","og_image":[{"width":2590,"height":442,"url":"https:\/\/happybubbles.com\/wp-content\/uploads\/ssiHeader2024.png","type":"image\/png"}],"twitter_card":"summary_large_image","twitter_misc":{"Tahmini okuma s\u00fcresi":"2 dakika"},"schema":{"@context":"https:\/\/schema.org","@graph":[{"@type":"WebPage","@id":"https:\/\/happybubbles.com\/continue-your-education\/","url":"https:\/\/happybubbles.com\/continue-your-education\/","name":"E\u011fitime Devam &#187; Happy Bubbles Dal\u0131\u015f Merkezi","isPartOf":{"@id":"https:\/\/happybubbles.com\/#website"},"primaryImageOfPage":{"@id":"https:\/\/happybubbles.com\/continue-your-education\/#primaryimage"},"image":{"@id":"https:\/\/happybubbles.com\/continue-your-education\/#primaryimage"},"thumbnailUrl":"https:\/\/happybubbles.com\/wp-content\/uploads\/ssiHeader2024.png","datePublished":"2015-11-14T12:57:40+00:00","dateModified":"2026-02-17T07:56:12+00:00","breadcrumb":{"@id":"https:\/\/happybubbles.com\/continue-your-education\/#breadcrumb"},"inLanguage":"tr","potentialAction":[{"@type":"ReadAction","target":["https:\/\/happybubbles.com\/continue-your-education\/"]}]},{"@type":"ImageObject","inLanguage":"tr","@id":"https:\/\/happybubbles.com\/continue-your-education\/#primaryimage","url":"https:\/\/happybubbles.com\/wp-content\/uploads\/ssiHeader2024.png","contentUrl":"https:\/\/happybubbles.com\/wp-content\/uploads\/ssiHeader2024.png"},{"@type":"BreadcrumbList","@id":"https:\/\/happybubbles.com\/continue-your-education\/#breadcrumb","itemListElement":[{"@type":"ListItem","position":1,"name":"Ana sayfa","item":"https:\/\/happybubbles.com\/"},{"@type":"ListItem","position":2,"name":"Continue Your Education"}]},{"@type":"WebSite","@id":"https:\/\/happybubbles.com\/#website","url":"https:\/\/happybubbles.com\/","name":"Happy Bubbles Dal\u0131\u015f Merkezi","description":"arkada\u015f\u00e7a ve keyifli dal\u0131\u015flar, Bodrum - T\u00fcrkiye","publisher":{"@id":"https:\/\/happybubbles.com\/#organization"},"potentialAction":[{"@type":"SearchAction","target":{"@type":"EntryPoint","urlTemplate":"https:\/\/happybubbles.com\/?s={search_term_string}"},"query-input":{"@type":"PropertyValueSpecification","valueRequired":true,"valueName":"search_term_string"}}],"inLanguage":"tr"},{"@type":"Organization","@id":"https:\/\/happybubbles.com\/#organization","name":"Happy Bubbles Dive Center","url":"https:\/\/happybubbles.com\/","logo":{"@type":"ImageObject","inLanguage":"tr","@id":"https:\/\/happybubbles.com\/#\/schema\/logo\/image\/","url":"https:\/\/happybubbles.com\/wp-content\/uploads\/anaLogo4.png","contentUrl":"https:\/\/happybubbles.com\/wp-content\/uploads\/anaLogo4.png","width":139,"height":128,"caption":"Happy Bubbles Dive Center"},"image":{"@id":"https:\/\/happybubbles.com\/#\/schema\/logo\/image\/"},"sameAs":["https:\/\/www.facebook.com\/HappyBubblesDive\/","https:\/\/www.instagram.com\/happybubblesdive\/"]}]}},"_links":{"self":[{"href":"https:\/\/happybubbles.com\/tr\/wp-json\/wp\/v2\/pages\/1550","targetHints":{"allow":["GET"]}}],"collection":[{"href":"https:\/\/happybubbles.com\/tr\/wp-json\/wp\/v2\/pages"}],"about":[{"href":"https:\/\/happybubbles.com\/tr\/wp-json\/wp\/v2\/types\/page"}],"author":[{"embeddable":true,"href":"https:\/\/happybubbles.com\/tr\/wp-json\/wp\/v2\/users\/1"}],"replies":[{"embeddable":true,"href":"https:\/\/happybubbles.com\/tr\/wp-json\/wp\/v2\/comments?post=1550"}],"version-history":[{"count":23,"href":"https:\/\/happybubbles.com\/tr\/wp-json\/wp\/v2\/pages\/1550\/revisions"}],"predecessor-version":[{"id":57533,"href":"https:\/\/happybubbles.com\/tr\/wp-json\/wp\/v2\/pages\/1550\/revisions\/57533"}],"wp:attachment":[{"href":"https:\/\/happybubbles.com\/tr\/wp-json\/wp\/v2\/media?parent=1550"}],"curies":[{"name":"wp","href":"https:\/\/api.w.org\/{rel}","templated":true}]}}