{"id":1561,"date":"2015-11-14T15:16:32","date_gmt":"2015-11-14T13:16:32","guid":{"rendered":"http:\/\/happybubbles.com\/?page_id=1561"},"modified":"2024-03-05T21:26:55","modified_gmt":"2024-03-05T18:26:55","slug":"specialty-programs","status":"publish","type":"page","link":"https:\/\/happybubbles.com\/tr\/specialty-programs\/","title":{"rendered":"Uzmanl\u0131k Programlar\u0131"},"content":{"rendered":"<p><img loading=\"lazy\" decoding=\"async\" class=\"alignnone size-full wp-image-57279\" src=\"https:\/\/happybubbles.com\/wp-content\/uploads\/ssiHeader2024.png\" alt=\"\" width=\"2590\" height=\"442\" srcset=\"https:\/\/happybubbles.com\/wp-content\/uploads\/ssiHeader2024.png 2590w, https:\/\/happybubbles.com\/wp-content\/uploads\/ssiHeader2024-300x51.png 300w, https:\/\/happybubbles.com\/wp-content\/uploads\/ssiHeader2024-1024x175.png 1024w, https:\/\/happybubbles.com\/wp-content\/uploads\/ssiHeader2024-768x131.png 768w, https:\/\/happybubbles.com\/wp-content\/uploads\/ssiHeader2024-1536x262.png 1536w, https:\/\/happybubbles.com\/wp-content\/uploads\/ssiHeader2024-2048x350.png 2048w, https:\/\/happybubbles.com\/wp-content\/uploads\/ssiHeader2024-1510x258.png 1510w, https:\/\/happybubbles.com\/wp-content\/uploads\/ssiHeader2024-800x137.png 800w, https:\/\/happybubbles.com\/wp-content\/uploads\/ssiHeader2024-512x87.png 512w\" sizes=\"auto, (max-width: 2590px) 100vw, 2590px\" \/><\/p>\n<h5>SSI UZMANLIK KURSLARI<\/h5>\n<p>A\u015fa\u011f\u0131da dal\u0131\u015f merkezimizde bulabiliece\u011finiz uzmanl\u0131k kurslar\u0131n\u0131n listesini bulabilirsiniz\u2026 Herhangi bir program hakk\u0131nda daha fazla bilgi alabilmek i\u00e7in g\u00f6rseline t\u0131klay\u0131n\u0131z:<\/p>\n<div id='gallery-1' class='gallery galleryid-1561 gallery-columns-4 gallery-size-medium'><figure class='gallery-item'>\n\t\t\t<div class='gallery-icon landscape'>\n\t\t\t\t<img loading=\"lazy\" decoding=\"async\" width=\"300\" height=\"191\" src=\"https:\/\/happybubbles.com\/wp-content\/uploads\/Deep-Diving-1-300x191.jpg\" class=\"attachment-medium size-medium\" alt=\"\" srcset=\"https:\/\/happybubbles.com\/wp-content\/uploads\/Deep-Diving-1-300x191.jpg 300w, https:\/\/happybubbles.com\/wp-content\/uploads\/Deep-Diving-1-768x488.jpg 768w, https:\/\/happybubbles.com\/wp-content\/uploads\/Deep-Diving-1-1024x651.jpg 1024w, https:\/\/happybubbles.com\/wp-content\/uploads\/Deep-Diving-1-150x95.jpg 150w, https:\/\/happybubbles.com\/wp-content\/uploads\/Deep-Diving-1.jpg 1673w\" sizes=\"auto, (max-width: 300px) 100vw, 300px\" \/>\n\t\t\t<\/div><\/figure><figure class='gallery-item'>\n\t\t\t<div class='gallery-icon landscape'>\n\t\t\t\t<img loading=\"lazy\" decoding=\"async\" width=\"300\" height=\"191\" src=\"https:\/\/happybubbles.com\/wp-content\/uploads\/Enriched-Air-Nitrox-Small-300x191.jpg\" class=\"attachment-medium size-medium\" alt=\"\" srcset=\"https:\/\/happybubbles.com\/wp-content\/uploads\/Enriched-Air-Nitrox-Small-300x191.jpg 300w, https:\/\/happybubbles.com\/wp-content\/uploads\/Enriched-Air-Nitrox-Small-150x95.jpg 150w, https:\/\/happybubbles.com\/wp-content\/uploads\/Enriched-Air-Nitrox-Small.jpg 755w\" sizes=\"auto, (max-width: 300px) 100vw, 300px\" \/>\n\t\t\t<\/div><\/figure><figure class='gallery-item'>\n\t\t\t<div class='gallery-icon landscape'>\n\t\t\t\t<img loading=\"lazy\" decoding=\"async\" width=\"300\" height=\"191\" src=\"https:\/\/happybubbles.com\/wp-content\/uploads\/Wreck-Diving-300x191.jpg\" class=\"attachment-medium size-medium\" alt=\"\" srcset=\"https:\/\/happybubbles.com\/wp-content\/uploads\/Wreck-Diving-300x191.jpg 300w, https:\/\/happybubbles.com\/wp-content\/uploads\/Wreck-Diving-768x488.jpg 768w, https:\/\/happybubbles.com\/wp-content\/uploads\/Wreck-Diving-1024x651.jpg 1024w, https:\/\/happybubbles.com\/wp-content\/uploads\/Wreck-Diving-150x95.jpg 150w, https:\/\/happybubbles.com\/wp-content\/uploads\/Wreck-Diving.jpg 1673w\" sizes=\"auto, (max-width: 300px) 100vw, 300px\" \/>\n\t\t\t<\/div><\/figure><figure class='gallery-item'>\n\t\t\t<div class='gallery-icon landscape'>\n\t\t\t\t<img loading=\"lazy\" decoding=\"async\" width=\"300\" height=\"191\" src=\"https:\/\/happybubbles.com\/wp-content\/uploads\/Perfect-Buoyancy-1-300x191.jpg\" class=\"attachment-medium size-medium\" alt=\"\" srcset=\"https:\/\/happybubbles.com\/wp-content\/uploads\/Perfect-Buoyancy-1-300x191.jpg 300w, https:\/\/happybubbles.com\/wp-content\/uploads\/Perfect-Buoyancy-1-768x488.jpg 768w, https:\/\/happybubbles.com\/wp-content\/uploads\/Perfect-Buoyancy-1-1024x651.jpg 1024w, https:\/\/happybubbles.com\/wp-content\/uploads\/Perfect-Buoyancy-1-150x95.jpg 150w, https:\/\/happybubbles.com\/wp-content\/uploads\/Perfect-Buoyancy-1.jpg 1673w\" sizes=\"auto, (max-width: 300px) 100vw, 300px\" \/>\n\t\t\t<\/div><\/figure><figure class='gallery-item'>\n\t\t\t<div class='gallery-icon landscape'>\n\t\t\t\t<img loading=\"lazy\" decoding=\"async\" width=\"300\" height=\"191\" src=\"https:\/\/happybubbles.com\/wp-content\/uploads\/Night-Limited-Visibility-1-300x191.jpg\" class=\"attachment-medium size-medium\" alt=\"\" srcset=\"https:\/\/happybubbles.com\/wp-content\/uploads\/Night-Limited-Visibility-1-300x191.jpg 300w, https:\/\/happybubbles.com\/wp-content\/uploads\/Night-Limited-Visibility-1-768x488.jpg 768w, https:\/\/happybubbles.com\/wp-content\/uploads\/Night-Limited-Visibility-1-1024x651.jpg 1024w, https:\/\/happybubbles.com\/wp-content\/uploads\/Night-Limited-Visibility-1-150x95.jpg 150w, https:\/\/happybubbles.com\/wp-content\/uploads\/Night-Limited-Visibility-1.jpg 1673w\" sizes=\"auto, (max-width: 300px) 100vw, 300px\" \/>\n\t\t\t<\/div><\/figure><figure class='gallery-item'>\n\t\t\t<div class='gallery-icon landscape'>\n\t\t\t\t<img loading=\"lazy\" decoding=\"async\" width=\"300\" height=\"191\" src=\"https:\/\/happybubbles.com\/wp-content\/uploads\/nav-2-300x191.jpg\" class=\"attachment-medium size-medium\" alt=\"\" srcset=\"https:\/\/happybubbles.com\/wp-content\/uploads\/nav-2-300x191.jpg 300w, https:\/\/happybubbles.com\/wp-content\/uploads\/nav-2-150x95.jpg 150w, https:\/\/happybubbles.com\/wp-content\/uploads\/nav-2.jpg 598w\" sizes=\"auto, (max-width: 300px) 100vw, 300px\" \/>\n\t\t\t<\/div><\/figure><figure class='gallery-item'>\n\t\t\t<div class='gallery-icon landscape'>\n\t\t\t\t<img loading=\"lazy\" decoding=\"async\" width=\"300\" height=\"191\" src=\"https:\/\/happybubbles.com\/wp-content\/uploads\/Search-Recovery-1-300x191.jpg\" class=\"attachment-medium size-medium\" alt=\"\" srcset=\"https:\/\/happybubbles.com\/wp-content\/uploads\/Search-Recovery-1-300x191.jpg 300w, https:\/\/happybubbles.com\/wp-content\/uploads\/Search-Recovery-1-768x488.jpg 768w, https:\/\/happybubbles.com\/wp-content\/uploads\/Search-Recovery-1-1024x651.jpg 1024w, https:\/\/happybubbles.com\/wp-content\/uploads\/Search-Recovery-1-150x95.jpg 150w, https:\/\/happybubbles.com\/wp-content\/uploads\/Search-Recovery-1.jpg 1673w\" sizes=\"auto, (max-width: 300px) 100vw, 300px\" \/>\n\t\t\t<\/div><\/figure><figure class='gallery-item'>\n\t\t\t<div class='gallery-icon landscape'>\n\t\t\t\t<img loading=\"lazy\" decoding=\"async\" width=\"300\" height=\"191\" src=\"https:\/\/happybubbles.com\/wp-content\/uploads\/Photo-Video-1-300x191.jpg\" class=\"attachment-medium size-medium\" alt=\"\" srcset=\"https:\/\/happybubbles.com\/wp-content\/uploads\/Photo-Video-1-300x191.jpg 300w, https:\/\/happybubbles.com\/wp-content\/uploads\/Photo-Video-1-768x488.jpg 768w, https:\/\/happybubbles.com\/wp-content\/uploads\/Photo-Video-1-1024x651.jpg 1024w, https:\/\/happybubbles.com\/wp-content\/uploads\/Photo-Video-1-150x95.jpg 150w, https:\/\/happybubbles.com\/wp-content\/uploads\/Photo-Video-1.jpg 1673w\" sizes=\"auto, (max-width: 300px) 100vw, 300px\" \/>\n\t\t\t<\/div><\/figure><figure class='gallery-item'>\n\t\t\t<div class='gallery-icon landscape'>\n\t\t\t\t<img loading=\"lazy\" decoding=\"async\" width=\"300\" height=\"191\" src=\"https:\/\/happybubbles.com\/wp-content\/uploads\/Full-faced-mask-768x488-300x191.jpg\" class=\"attachment-medium size-medium\" alt=\"\" srcset=\"https:\/\/happybubbles.com\/wp-content\/uploads\/Full-faced-mask-768x488-300x191.jpg 300w, https:\/\/happybubbles.com\/wp-content\/uploads\/Full-faced-mask-768x488.jpg 768w, https:\/\/happybubbles.com\/wp-content\/uploads\/Full-faced-mask-768x488-150x95.jpg 150w\" sizes=\"auto, (max-width: 300px) 100vw, 300px\" \/>\n\t\t\t<\/div><\/figure><figure class='gallery-item'>\n\t\t\t<div class='gallery-icon landscape'>\n\t\t\t\t<img loading=\"lazy\" decoding=\"async\" width=\"300\" height=\"191\" src=\"https:\/\/happybubbles.com\/wp-content\/uploads\/Extended-Range-Nitrox-Diving-300x191.jpg\" class=\"attachment-medium size-medium\" alt=\"\" srcset=\"https:\/\/happybubbles.com\/wp-content\/uploads\/Extended-Range-Nitrox-Diving-300x191.jpg 300w, https:\/\/happybubbles.com\/wp-content\/uploads\/Extended-Range-Nitrox-Diving-768x488.jpg 768w, https:\/\/happybubbles.com\/wp-content\/uploads\/Extended-Range-Nitrox-Diving-1024x651.jpg 1024w, https:\/\/happybubbles.com\/wp-content\/uploads\/Extended-Range-Nitrox-Diving-150x95.jpg 150w, https:\/\/happybubbles.com\/wp-content\/uploads\/Extended-Range-Nitrox-Diving.jpg 1673w\" sizes=\"auto, (max-width: 300px) 100vw, 300px\" \/>\n\t\t\t<\/div><\/figure><figure class='gallery-item'>\n\t\t\t<div class='gallery-icon landscape'>\n\t\t\t\t<img loading=\"lazy\" decoding=\"async\" width=\"300\" height=\"191\" src=\"https:\/\/happybubbles.com\/wp-content\/uploads\/drySuit-300x191.jpg\" class=\"attachment-medium size-medium\" alt=\"\" srcset=\"https:\/\/happybubbles.com\/wp-content\/uploads\/drySuit-300x191.jpg 300w, https:\/\/happybubbles.com\/wp-content\/uploads\/drySuit-150x95.jpg 150w, https:\/\/happybubbles.com\/wp-content\/uploads\/drySuit.jpg 598w\" sizes=\"auto, (max-width: 300px) 100vw, 300px\" \/>\n\t\t\t<\/div><\/figure><figure class='gallery-item'>\n\t\t\t<div class='gallery-icon landscape'>\n\t\t\t\t<img loading=\"lazy\" decoding=\"async\" width=\"300\" height=\"191\" src=\"https:\/\/happybubbles.com\/wp-content\/uploads\/Boat-Diving-1-300x191.jpg\" class=\"attachment-medium size-medium\" alt=\"\" srcset=\"https:\/\/happybubbles.com\/wp-content\/uploads\/Boat-Diving-1-300x191.jpg 300w, https:\/\/happybubbles.com\/wp-content\/uploads\/Boat-Diving-1-768x488.jpg 768w, https:\/\/happybubbles.com\/wp-content\/uploads\/Boat-Diving-1-1024x651.jpg 1024w, https:\/\/happybubbles.com\/wp-content\/uploads\/Boat-Diving-1-150x95.jpg 150w, https:\/\/happybubbles.com\/wp-content\/uploads\/Boat-Diving-1.jpg 1673w\" sizes=\"auto, (max-width: 300px) 100vw, 300px\" \/>\n\t\t\t<\/div><\/figure><figure class='gallery-item'>\n\t\t\t<div class='gallery-icon landscape'>\n\t\t\t\t<img loading=\"lazy\" decoding=\"async\" width=\"300\" height=\"191\" src=\"https:\/\/happybubbles.com\/wp-content\/uploads\/Science-of-Diving-1-300x191.jpg\" class=\"attachment-medium size-medium\" alt=\"\" srcset=\"https:\/\/happybubbles.com\/wp-content\/uploads\/Science-of-Diving-1-300x191.jpg 300w, https:\/\/happybubbles.com\/wp-content\/uploads\/Science-of-Diving-1-768x488.jpg 768w, https:\/\/happybubbles.com\/wp-content\/uploads\/Science-of-Diving-1-1024x651.jpg 1024w, https:\/\/happybubbles.com\/wp-content\/uploads\/Science-of-Diving-1-150x95.jpg 150w, https:\/\/happybubbles.com\/wp-content\/uploads\/Science-of-Diving-1.jpg 1673w\" sizes=\"auto, (max-width: 300px) 100vw, 300px\" \/>\n\t\t\t<\/div><\/figure><figure class='gallery-item'>\n\t\t\t<div class='gallery-icon landscape'>\n\t\t\t\t<img loading=\"lazy\" decoding=\"async\" width=\"300\" height=\"191\" src=\"https:\/\/happybubbles.com\/wp-content\/uploads\/eqp-1-300x191.jpg\" class=\"attachment-medium size-medium\" alt=\"\" srcset=\"https:\/\/happybubbles.com\/wp-content\/uploads\/eqp-1-300x191.jpg 300w, https:\/\/happybubbles.com\/wp-content\/uploads\/eqp-1-150x95.jpg 150w, https:\/\/happybubbles.com\/wp-content\/uploads\/eqp-1.jpg 598w\" sizes=\"auto, (max-width: 300px) 100vw, 300px\" \/>\n\t\t\t<\/div><\/figure><figure class='gallery-item'>\n\t\t\t<div class='gallery-icon landscape'>\n\t\t\t\t<img loading=\"lazy\" decoding=\"async\" width=\"300\" height=\"191\" src=\"https:\/\/happybubbles.com\/wp-content\/uploads\/Deco-300x191.jpg\" class=\"attachment-medium size-medium\" alt=\"\" srcset=\"https:\/\/happybubbles.com\/wp-content\/uploads\/Deco-300x191.jpg 300w, https:\/\/happybubbles.com\/wp-content\/uploads\/Deco-1024x652.jpg 1024w, https:\/\/happybubbles.com\/wp-content\/uploads\/Deco-768x489.jpg 768w, https:\/\/happybubbles.com\/wp-content\/uploads\/Deco-150x95.jpg 150w, https:\/\/happybubbles.com\/wp-content\/uploads\/Deco.jpg 1320w\" sizes=\"auto, (max-width: 300px) 100vw, 300px\" \/>\n\t\t\t<\/div><\/figure><figure class='gallery-item'>\n\t\t\t<div class='gallery-icon landscape'>\n\t\t\t\t<img loading=\"lazy\" decoding=\"async\" width=\"300\" height=\"191\" src=\"https:\/\/happybubbles.com\/wp-content\/uploads\/ADV-Wreck-300x191.jpg\" class=\"attachment-medium size-medium\" alt=\"\" srcset=\"https:\/\/happybubbles.com\/wp-content\/uploads\/ADV-Wreck-300x191.jpg 300w, https:\/\/happybubbles.com\/wp-content\/uploads\/ADV-Wreck-768x488.jpg 768w, https:\/\/happybubbles.com\/wp-content\/uploads\/ADV-Wreck-150x95.jpg 150w, https:\/\/happybubbles.com\/wp-content\/uploads\/ADV-Wreck.jpg 1000w\" sizes=\"auto, (max-width: 300px) 100vw, 300px\" \/>\n\t\t\t<\/div><\/figure><figure class='gallery-item'>\n\t\t\t<div class='gallery-icon landscape'>\n\t\t\t\t<img loading=\"lazy\" decoding=\"async\" width=\"300\" height=\"191\" src=\"https:\/\/happybubbles.com\/wp-content\/uploads\/GasBlender-300x191.jpg\" class=\"attachment-medium size-medium\" alt=\"\" srcset=\"https:\/\/happybubbles.com\/wp-content\/uploads\/GasBlender-300x191.jpg 300w, https:\/\/happybubbles.com\/wp-content\/uploads\/GasBlender-768x488.jpg 768w, https:\/\/happybubbles.com\/wp-content\/uploads\/GasBlender-150x95.jpg 150w, https:\/\/happybubbles.com\/wp-content\/uploads\/GasBlender.jpg 1000w\" sizes=\"auto, (max-width: 300px) 100vw, 300px\" \/>\n\t\t\t<\/div><\/figure><figure class='gallery-item'>\n\t\t\t<div class='gallery-icon landscape'>\n\t\t\t\t<img loading=\"lazy\" decoding=\"async\" width=\"300\" height=\"191\" src=\"https:\/\/happybubbles.com\/wp-content\/uploads\/Diver-Stress-Rescue-2-300x191.jpg\" class=\"attachment-medium size-medium\" alt=\"\" srcset=\"https:\/\/happybubbles.com\/wp-content\/uploads\/Diver-Stress-Rescue-2-300x191.jpg 300w, https:\/\/happybubbles.com\/wp-content\/uploads\/Diver-Stress-Rescue-2-1024x651.jpg 1024w, https:\/\/happybubbles.com\/wp-content\/uploads\/Diver-Stress-Rescue-2-768x488.jpg 768w, https:\/\/happybubbles.com\/wp-content\/uploads\/Diver-Stress-Rescue-2-1536x976.jpg 1536w, https:\/\/happybubbles.com\/wp-content\/uploads\/Diver-Stress-Rescue-2-150x95.jpg 150w, https:\/\/happybubbles.com\/wp-content\/uploads\/Diver-Stress-Rescue-2.jpg 1673w\" sizes=\"auto, (max-width: 300px) 100vw, 300px\" \/>\n\t\t\t<\/div><\/figure><figure class='gallery-item'>\n\t\t\t<div class='gallery-icon landscape'>\n\t\t\t\t<img loading=\"lazy\" decoding=\"async\" width=\"300\" height=\"191\" src=\"https:\/\/happybubbles.com\/wp-content\/uploads\/React-Right-300x191.jpg\" class=\"attachment-medium size-medium\" alt=\"\" srcset=\"https:\/\/happybubbles.com\/wp-content\/uploads\/React-Right-300x191.jpg 300w, https:\/\/happybubbles.com\/wp-content\/uploads\/React-Right-1024x651.jpg 1024w, https:\/\/happybubbles.com\/wp-content\/uploads\/React-Right-768x488.jpg 768w, https:\/\/happybubbles.com\/wp-content\/uploads\/React-Right-1536x976.jpg 1536w, https:\/\/happybubbles.com\/wp-content\/uploads\/React-Right-150x95.jpg 150w, https:\/\/happybubbles.com\/wp-content\/uploads\/React-Right.jpg 1673w\" sizes=\"auto, (max-width: 300px) 100vw, 300px\" \/>\n\t\t\t<\/div><\/figure>\n\t\t<\/div>\n\n","protected":false},"excerpt":{"rendered":"<p>SSI UZMANLIK KURSLARI A\u015fa\u011f\u0131da dal\u0131\u015f merkezimizde bulabiliece\u011finiz uzmanl\u0131k kurslar\u0131n\u0131n listesini bulabilirsiniz\u2026 Herhangi bir program hakk\u0131nda daha fazla bilgi alabilmek i\u00e7in g\u00f6rseline t\u0131klay\u0131n\u0131z:<\/p>\n","protected":false},"author":1,"featured_media":0,"parent":0,"menu_order":0,"comment_status":"closed","ping_status":"closed","template":"","meta":{"footnotes":""},"class_list":["post-1561","page","type-page","status-publish","hentry"],"yoast_head":"<!-- This site is optimized with the Yoast SEO plugin v27.1.1 - https:\/\/yoast.com\/product\/yoast-seo-wordpress\/ -->\n<title>Uzmanl\u0131k Programlar\u0131 &#187; Happy Bubbles Dal\u0131\u015f Merkezi<\/title>\n<meta name=\"robots\" content=\"index, follow, max-snippet:-1, max-image-preview:large, max-video-preview:-1\" \/>\n<link rel=\"canonical\" href=\"https:\/\/happybubbles.com\/specialty-programs\/\" \/>\n<meta property=\"og:locale\" content=\"tr_TR\" \/>\n<meta property=\"og:type\" content=\"article\" \/>\n<meta property=\"og:title\" content=\"Uzmanl\u0131k Programlar\u0131 &#187; Happy Bubbles Dal\u0131\u015f Merkezi\" \/>\n<meta property=\"og:description\" content=\"SSI UZMANLIK KURSLARI A\u015fa\u011f\u0131da dal\u0131\u015f merkezimizde bulabiliece\u011finiz uzmanl\u0131k kurslar\u0131n\u0131n listesini bulabilirsiniz\u2026 Herhangi bir program hakk\u0131nda daha fazla bilgi alabilmek i\u00e7in g\u00f6rseline t\u0131klay\u0131n\u0131z:\" \/>\n<meta property=\"og:url\" content=\"https:\/\/happybubbles.com\/specialty-programs\/\" \/>\n<meta property=\"og:site_name\" content=\"Happy Bubbles Dal\u0131\u015f Merkezi\" \/>\n<meta property=\"article:publisher\" content=\"https:\/\/www.facebook.com\/HappyBubblesDive\/\" \/>\n<meta property=\"article:modified_time\" content=\"2024-03-05T18:26:55+00:00\" \/>\n<meta property=\"og:image\" content=\"https:\/\/happybubbles.com\/wp-content\/uploads\/Deep-Diving-1-300x191.jpg\" \/>\n<meta name=\"twitter:card\" content=\"summary_large_image\" \/>\n<meta name=\"twitter:label1\" content=\"Tahmini okuma s\u00fcresi\" \/>\n\t<meta name=\"twitter:data1\" content=\"1 dakika\" \/>\n<script type=\"application\/ld+json\" class=\"yoast-schema-graph\">{\"@context\":\"https:\/\/schema.org\",\"@graph\":[{\"@type\":\"WebPage\",\"@id\":\"https:\/\/happybubbles.com\/specialty-programs\/\",\"url\":\"https:\/\/happybubbles.com\/specialty-programs\/\",\"name\":\"Uzmanl\u0131k Programlar\u0131 &#187; Happy Bubbles Dal\u0131\u015f Merkezi\",\"isPartOf\":{\"@id\":\"https:\/\/happybubbles.com\/#website\"},\"primaryImageOfPage\":{\"@id\":\"https:\/\/happybubbles.com\/specialty-programs\/#primaryimage\"},\"image\":{\"@id\":\"https:\/\/happybubbles.com\/specialty-programs\/#primaryimage\"},\"thumbnailUrl\":\"https:\/\/happybubbles.com\/wp-content\/uploads\/ssiHeader2024.png\",\"datePublished\":\"2015-11-14T13:16:32+00:00\",\"dateModified\":\"2024-03-05T18:26:55+00:00\",\"breadcrumb\":{\"@id\":\"https:\/\/happybubbles.com\/specialty-programs\/#breadcrumb\"},\"inLanguage\":\"tr\",\"potentialAction\":[{\"@type\":\"ReadAction\",\"target\":[\"https:\/\/happybubbles.com\/specialty-programs\/\"]}]},{\"@type\":\"ImageObject\",\"inLanguage\":\"tr\",\"@id\":\"https:\/\/happybubbles.com\/specialty-programs\/#primaryimage\",\"url\":\"https:\/\/happybubbles.com\/wp-content\/uploads\/ssiHeader2024.png\",\"contentUrl\":\"https:\/\/happybubbles.com\/wp-content\/uploads\/ssiHeader2024.png\"},{\"@type\":\"BreadcrumbList\",\"@id\":\"https:\/\/happybubbles.com\/specialty-programs\/#breadcrumb\",\"itemListElement\":[{\"@type\":\"ListItem\",\"position\":1,\"name\":\"Ana sayfa\",\"item\":\"https:\/\/happybubbles.com\/\"},{\"@type\":\"ListItem\",\"position\":2,\"name\":\"Uzmanl\u0131k Programlar\u0131\"}]},{\"@type\":\"WebSite\",\"@id\":\"https:\/\/happybubbles.com\/#website\",\"url\":\"https:\/\/happybubbles.com\/\",\"name\":\"Happy Bubbles Dal\u0131\u015f Merkezi\",\"description\":\"arkada\u015f\u00e7a ve keyifli dal\u0131\u015flar, Bodrum - T\u00fcrkiye\",\"publisher\":{\"@id\":\"https:\/\/happybubbles.com\/#organization\"},\"potentialAction\":[{\"@type\":\"SearchAction\",\"target\":{\"@type\":\"EntryPoint\",\"urlTemplate\":\"https:\/\/happybubbles.com\/?s={search_term_string}\"},\"query-input\":{\"@type\":\"PropertyValueSpecification\",\"valueRequired\":true,\"valueName\":\"search_term_string\"}}],\"inLanguage\":\"tr\"},{\"@type\":\"Organization\",\"@id\":\"https:\/\/happybubbles.com\/#organization\",\"name\":\"Happy Bubbles Dive Center\",\"url\":\"https:\/\/happybubbles.com\/\",\"logo\":{\"@type\":\"ImageObject\",\"inLanguage\":\"tr\",\"@id\":\"https:\/\/happybubbles.com\/#\/schema\/logo\/image\/\",\"url\":\"https:\/\/happybubbles.com\/wp-content\/uploads\/anaLogo4.png\",\"contentUrl\":\"https:\/\/happybubbles.com\/wp-content\/uploads\/anaLogo4.png\",\"width\":139,\"height\":128,\"caption\":\"Happy Bubbles Dive Center\"},\"image\":{\"@id\":\"https:\/\/happybubbles.com\/#\/schema\/logo\/image\/\"},\"sameAs\":[\"https:\/\/www.facebook.com\/HappyBubblesDive\/\",\"https:\/\/www.instagram.com\/happybubblesdive\/\"]}]}<\/script>\n<!-- \/ Yoast SEO plugin. -->","yoast_head_json":{"title":"Uzmanl\u0131k Programlar\u0131 &#187; Happy Bubbles Dal\u0131\u015f Merkezi","robots":{"index":"index","follow":"follow","max-snippet":"max-snippet:-1","max-image-preview":"max-image-preview:large","max-video-preview":"max-video-preview:-1"},"canonical":"https:\/\/happybubbles.com\/specialty-programs\/","og_locale":"tr_TR","og_type":"article","og_title":"Uzmanl\u0131k Programlar\u0131 &#187; Happy Bubbles Dal\u0131\u015f Merkezi","og_description":"SSI UZMANLIK KURSLARI A\u015fa\u011f\u0131da dal\u0131\u015f merkezimizde bulabiliece\u011finiz uzmanl\u0131k kurslar\u0131n\u0131n listesini bulabilirsiniz\u2026 Herhangi bir program hakk\u0131nda daha fazla bilgi alabilmek i\u00e7in g\u00f6rseline t\u0131klay\u0131n\u0131z:","og_url":"https:\/\/happybubbles.com\/specialty-programs\/","og_site_name":"Happy Bubbles Dal\u0131\u015f Merkezi","article_publisher":"https:\/\/www.facebook.com\/HappyBubblesDive\/","article_modified_time":"2024-03-05T18:26:55+00:00","og_image":[{"url":"https:\/\/happybubbles.com\/wp-content\/uploads\/Deep-Diving-1-300x191.jpg","type":"","width":"","height":""}],"twitter_card":"summary_large_image","twitter_misc":{"Tahmini okuma s\u00fcresi":"1 dakika"},"schema":{"@context":"https:\/\/schema.org","@graph":[{"@type":"WebPage","@id":"https:\/\/happybubbles.com\/specialty-programs\/","url":"https:\/\/happybubbles.com\/specialty-programs\/","name":"Uzmanl\u0131k Programlar\u0131 &#187; Happy Bubbles Dal\u0131\u015f Merkezi","isPartOf":{"@id":"https:\/\/happybubbles.com\/#website"},"primaryImageOfPage":{"@id":"https:\/\/happybubbles.com\/specialty-programs\/#primaryimage"},"image":{"@id":"https:\/\/happybubbles.com\/specialty-programs\/#primaryimage"},"thumbnailUrl":"https:\/\/happybubbles.com\/wp-content\/uploads\/ssiHeader2024.png","datePublished":"2015-11-14T13:16:32+00:00","dateModified":"2024-03-05T18:26:55+00:00","breadcrumb":{"@id":"https:\/\/happybubbles.com\/specialty-programs\/#breadcrumb"},"inLanguage":"tr","potentialAction":[{"@type":"ReadAction","target":["https:\/\/happybubbles.com\/specialty-programs\/"]}]},{"@type":"ImageObject","inLanguage":"tr","@id":"https:\/\/happybubbles.com\/specialty-programs\/#primaryimage","url":"https:\/\/happybubbles.com\/wp-content\/uploads\/ssiHeader2024.png","contentUrl":"https:\/\/happybubbles.com\/wp-content\/uploads\/ssiHeader2024.png"},{"@type":"BreadcrumbList","@id":"https:\/\/happybubbles.com\/specialty-programs\/#breadcrumb","itemListElement":[{"@type":"ListItem","position":1,"name":"Ana sayfa","item":"https:\/\/happybubbles.com\/"},{"@type":"ListItem","position":2,"name":"Uzmanl\u0131k Programlar\u0131"}]},{"@type":"WebSite","@id":"https:\/\/happybubbles.com\/#website","url":"https:\/\/happybubbles.com\/","name":"Happy Bubbles Dal\u0131\u015f Merkezi","description":"arkada\u015f\u00e7a ve keyifli dal\u0131\u015flar, Bodrum - T\u00fcrkiye","publisher":{"@id":"https:\/\/happybubbles.com\/#organization"},"potentialAction":[{"@type":"SearchAction","target":{"@type":"EntryPoint","urlTemplate":"https:\/\/happybubbles.com\/?s={search_term_string}"},"query-input":{"@type":"PropertyValueSpecification","valueRequired":true,"valueName":"search_term_string"}}],"inLanguage":"tr"},{"@type":"Organization","@id":"https:\/\/happybubbles.com\/#organization","name":"Happy Bubbles Dive Center","url":"https:\/\/happybubbles.com\/","logo":{"@type":"ImageObject","inLanguage":"tr","@id":"https:\/\/happybubbles.com\/#\/schema\/logo\/image\/","url":"https:\/\/happybubbles.com\/wp-content\/uploads\/anaLogo4.png","contentUrl":"https:\/\/happybubbles.com\/wp-content\/uploads\/anaLogo4.png","width":139,"height":128,"caption":"Happy Bubbles Dive Center"},"image":{"@id":"https:\/\/happybubbles.com\/#\/schema\/logo\/image\/"},"sameAs":["https:\/\/www.facebook.com\/HappyBubblesDive\/","https:\/\/www.instagram.com\/happybubblesdive\/"]}]}},"_links":{"self":[{"href":"https:\/\/happybubbles.com\/tr\/wp-json\/wp\/v2\/pages\/1561","targetHints":{"allow":["GET"]}}],"collection":[{"href":"https:\/\/happybubbles.com\/tr\/wp-json\/wp\/v2\/pages"}],"about":[{"href":"https:\/\/happybubbles.com\/tr\/wp-json\/wp\/v2\/types\/page"}],"author":[{"embeddable":true,"href":"https:\/\/happybubbles.com\/tr\/wp-json\/wp\/v2\/users\/1"}],"replies":[{"embeddable":true,"href":"https:\/\/happybubbles.com\/tr\/wp-json\/wp\/v2\/comments?post=1561"}],"version-history":[{"count":47,"href":"https:\/\/happybubbles.com\/tr\/wp-json\/wp\/v2\/pages\/1561\/revisions"}],"predecessor-version":[{"id":57288,"href":"https:\/\/happybubbles.com\/tr\/wp-json\/wp\/v2\/pages\/1561\/revisions\/57288"}],"wp:attachment":[{"href":"https:\/\/happybubbles.com\/tr\/wp-json\/wp\/v2\/media?parent=1561"}],"curies":[{"name":"wp","href":"https:\/\/api.w.org\/{rel}","templated":true}]}}