{"id":1572,"date":"2015-11-15T19:06:56","date_gmt":"2015-11-15T17:06:56","guid":{"rendered":"http:\/\/happybubbles.com\/?page_id=1572"},"modified":"2024-03-05T22:01:02","modified_gmt":"2024-03-05T19:01:02","slug":"ssi-online-training","status":"publish","type":"page","link":"https:\/\/happybubbles.com\/tr\/ssi-online-training\/","title":{"rendered":"SSI \u00c7evrimi\u00e7i E\u011fitim"},"content":{"rendered":"<h3><img loading=\"lazy\" decoding=\"async\" class=\"alignnone wp-image-57279 size-full\" src=\"https:\/\/happybubbles.com\/wp-content\/uploads\/ssiHeader2024.png\" alt=\"\" width=\"2590\" height=\"442\" srcset=\"https:\/\/happybubbles.com\/wp-content\/uploads\/ssiHeader2024.png 2590w, https:\/\/happybubbles.com\/wp-content\/uploads\/ssiHeader2024-300x51.png 300w, https:\/\/happybubbles.com\/wp-content\/uploads\/ssiHeader2024-1024x175.png 1024w, https:\/\/happybubbles.com\/wp-content\/uploads\/ssiHeader2024-768x131.png 768w, https:\/\/happybubbles.com\/wp-content\/uploads\/ssiHeader2024-1536x262.png 1536w, https:\/\/happybubbles.com\/wp-content\/uploads\/ssiHeader2024-2048x350.png 2048w, https:\/\/happybubbles.com\/wp-content\/uploads\/ssiHeader2024-1510x258.png 1510w, https:\/\/happybubbles.com\/wp-content\/uploads\/ssiHeader2024-800x137.png 800w, https:\/\/happybubbles.com\/wp-content\/uploads\/ssiHeader2024-512x87.png 512w\" sizes=\"auto, (max-width: 2590px) 100vw, 2590px\" \/><\/h3>\n<h5>SSI&#8217;IN D\u0130J\u0130TAL\u00a0DEVR\u0130M\u0130NE HO\u015eGELD\u0130N\u0130Z!<\/h5>\n<p>Dijital E\u011fitim sayesinde kendi keyfinize g\u00f6re istedi\u011finiz zaman ve yerde \u00e7al\u0131\u015fabilirsiniz. Bilgisayar\u0131n\u0131zdan, tabletinizden ya da ak\u0131ll\u0131 telefonunuzdan kullanabilirsiniz. Dijital E\u011fitim sistemlerindeki geli\u015fmeler sayesinde, SSI teknolojiyi kullanmay\u0131 ve e\u011fitim deneyimini geli\u015ftirmeyi en \u00fcst seviyede ba\u015farm\u0131\u015ft\u0131r. Kurslar a\u00e7\u0131k, az ve \u00f6z, t\u00fcm\u00fcyle etkile\u015fimli ve e\u011flenceli hale getirilmi\u015ftir.<\/p>\n<p>SSI Dijital E\u011fitim sistemi <strong>30<\/strong> farkl\u0131\u00a0<strong>lisan\u0131<\/strong> desteklemektedir!<\/p>\n<p><iframe loading=\"lazy\" title=\"SSI #realdiving (English) | Scuba Schools International\" width=\"1183\" height=\"665\" src=\"https:\/\/www.youtube.com\/embed\/Z4AVk3ENXXY?feature=oembed\" frameborder=\"0\" allow=\"accelerometer; autoplay; clipboard-write; encrypted-media; gyroscope; picture-in-picture; web-share\" allowfullscreen><\/iframe><\/p>\n<p><strong>Dijital devrim SSI i\u00e7in ne anlam ifade etmektedir?<\/strong><br \/>\n<img decoding=\"async\" src=\"http:\/\/www.divessi.com\/data\/Image\/ems\/whaleshark.png\" alt=\"\" width=\"250\" align=\"right\" \/><br \/>\nBasit\u00e7e anlatmak gerekilirse, bunun anlam\u0131 tek boyutlu e\u011fitim sisteminden (bas\u0131l\u0131 materyal), \u00e7ok boyutlu ve etkile\u015fimli bir e\u011fitim sistemine (dijital) ge\u00e7ilmi\u015ftir. Ni\u00e7in? \u00c7\u00fcnk\u00fc dijital e\u011fitim sayesinde bilgi aktar\u0131m\u0131n\u0131 \u00a0ak\u0131lda kal\u0131c\u0131 \u015fekilde art\u0131rmak ba\u015far\u0131lm\u0131\u015ft\u0131r.<\/p>\n<p><strong>AVANTAJLARI:<\/strong><\/p>\n<p><img decoding=\"async\" src=\"http:\/\/www.divessi.com\/data\/Image\/ems\/2.jpg\" alt=\"\" width=\"250\" align=\"left\" \/><\/p>\n<ul>\n<li>\u00c7evre dostu, a\u011f\u0131r kitaplar ta\u015fmak zorunlulu\u011fu kalmad\u0131.<\/li>\n<li>Dijital materyal divessi.com adresinde her zaman elinizin alt\u0131nda.<\/li>\n<li>DiveSSI uygulamas\u0131n\u0131 \u00fccretsiz indirin ve e\u011fitim materyalini \u00e7evrim i\u00e7i ya da d\u0131\u015f\u0131 kullanabilirsiniz.<\/li>\n<li>Anla\u015f\u0131l\u0131r HD videolar, animasyonlar, grafik ve foto\u011fraflar \u00f6\u011frenme deneyiminizi geli\u015ftirir.<\/li>\n<li>Dijital sistemde ki\u015fisel notlar yazabilir ve konular\u0131\u00a0SSI E\u011fitmeninizle tart\u0131\u015fabilirsiniz.<\/li>\n<li>Bilginizi test edebilmek i\u00e7in etkile\u015fimli g\u00f6zden ge\u00e7irme sorular\u0131.<\/li>\n<\/ul>\n<h3><img loading=\"lazy\" decoding=\"async\" class=\"size-full wp-image-1577 aligncenter\" src=\"http:\/\/happybubbles.com\/wp-content\/uploads\/SSIdigitalLearning.png\" alt=\"SSIdigitalLearning\" width=\"700\" height=\"300\" srcset=\"https:\/\/happybubbles.com\/wp-content\/uploads\/SSIdigitalLearning.png 700w, https:\/\/happybubbles.com\/wp-content\/uploads\/SSIdigitalLearning-300x129.png 300w, https:\/\/happybubbles.com\/wp-content\/uploads\/SSIdigitalLearning-250x107.png 250w, https:\/\/happybubbles.com\/wp-content\/uploads\/SSIdigitalLearning-150x64.png 150w\" sizes=\"auto, (max-width: 700px) 100vw, 700px\" \/><\/h3>\n<p><strong>Dijital Materyallere nas\u0131l ula\u015fabilirim?<\/strong><br \/>\n<img decoding=\"async\" src=\"http:\/\/www.divessi.com\/data\/Image\/content\/app_1.png\" alt=\"\" width=\"150\" align=\"right\" \/><br \/>\n\u00dccretsiz DiveSSI uygulamas\u0131n\u0131 indirin. \u2013 iOS ya da\u00a0Android. Baz\u0131 e\u011fitimleri \u00fccretsiz deneyebilirsiniz. divessi.com adresine girin ve kay\u0131t olun. Kay\u0131t sonras\u0131nda Serbest Dal\u0131\u015f Temel\/\u015enorkel, Scuba Deneme ve Scuba Diver kurslar\u0131na \u00dcCRETS\u0130Z eri\u015fim hakk\u0131 kazanacaks\u0131n\u0131z.<\/p>\n<p>Program\u0131n tamam\u0131na, Open Water Diver kursuna kaydoldu\u011funuzda, i\u00e7eri\u011fin tamam\u0131na eri\u015fim hakk\u0131n\u0131z olacakt\u0131r. Ayn\u0131 zamanda \u00e7evrimd\u0131\u015f\u0131 s\u00fcr\u00fcm\u00fcne de eri\u015fim hakk\u0131n\u0131z olacak ve i\u00e7eri\u011fi ak\u0131ll\u0131 cihaz\u0131n\u0131za indirerek daha sonra eri\u015fim imkan\u0131n\u0131z olacakt\u0131r. \u00c7evrimi\u00e7i ya da \u00e7evrimd\u0131\u015f\u0131.<\/p>\n<p><strong>D\u0130J\u0130TAL E\u011e\u0130T\u0130M MATERYALLER\u0130&#8217;N\u0130N BA\u015eKA AVANTAJLARI VAR MIDIR?<\/strong><\/p>\n<p>Evet! DiveSSI uygulamas\u0131n\u0131n i\u00e7inde \u00fccretsiz <strong>Dijital Dal\u0131\u015f Kay\u0131t Defteri<\/strong> vard\u0131r. B\u00fct\u00fcn dal\u0131\u015f bilgilerini girebilir, dal\u0131\u015f e\u015finizle \u00e7ektirdi\u011finizi bir foto\u011fraf\u0131 y\u00fckleyebilir, dal\u0131\u015f noktas\u0131n\u0131n co\u011frafi konumunu i\u015faretleyebilir, dal\u0131\u015f e\u015finize imzalatabilirsiniz, do\u011frudan ak\u0131ll\u0131 cihaz\u0131n\u0131z \u00fczerinden &#8211; e\u011flenceli ve haval\u0131! Daha sonra dal\u0131\u015flar\u0131n\u0131z\u0131 Facebook \u00fczerinden payla\u015fabilirsiniz de.<\/p>\n<p>Uygulama ayn\u0131 zamanda <strong>Dijital Sertifika Kartlar\u0131<\/strong>&#8216;n\u0131z\u0131 saklar. Ak\u0131ll\u0131 cihaz\u0131n\u0131z ile do\u011frudan sertifikalar\u0131n\u0131z\u0131 g\u00f6sterebilir, do\u011frulatabilirsiniz. Cep telefonlar\u0131m\u0131z\u0131 evde unutmayaca\u011f\u0131m\u0131zdan, sertifikalar\u0131n\u0131z\u0131 da unutmam\u0131\u015f olursunuz.<\/p>\n<p>E\u011fitim kitlerinin Diamond versiyonunu al\u0131rsan\u0131z, e\u011fitim materyalinizi 3 farkl\u0131 cihazdan \u00e7evrimi\u00e7i ve \u00e7evrimd\u0131\u015f\u0131 olarak g\u00f6r\u00fcnt\u00fcleyebilirsiniz.<\/p>\n","protected":false},"excerpt":{"rendered":"<p>SSI&#8217;IN D\u0130J\u0130TAL\u00a0DEVR\u0130M\u0130NE HO\u015eGELD\u0130N\u0130Z! Dijital E\u011fitim sayesinde kendi keyfinize g\u00f6re istedi\u011finiz zaman ve yerde \u00e7al\u0131\u015fabilirsiniz. Bilgisayar\u0131n\u0131zdan, tabletinizden ya da ak\u0131ll\u0131 telefonunuzdan kullanabilirsiniz. Dijital E\u011fitim sistemlerindeki geli\u015fmeler sayesinde, SSI teknolojiyi kullanmay\u0131 ve e\u011fitim deneyimini geli\u015ftirmeyi en \u00fcst &hellip;<\/p>\n","protected":false},"author":1,"featured_media":0,"parent":0,"menu_order":0,"comment_status":"closed","ping_status":"closed","template":"","meta":{"footnotes":""},"class_list":["post-1572","page","type-page","status-publish","hentry"],"yoast_head":"<!-- This site is optimized with the Yoast SEO plugin v27.1.1 - https:\/\/yoast.com\/product\/yoast-seo-wordpress\/ -->\n<title>SSI \u00c7evrimi\u00e7i E\u011fitim &#187; Happy Bubbles Dal\u0131\u015f Merkezi<\/title>\n<meta name=\"robots\" content=\"index, follow, max-snippet:-1, max-image-preview:large, max-video-preview:-1\" \/>\n<link rel=\"canonical\" href=\"https:\/\/happybubbles.com\/ssi-online-training\/\" \/>\n<meta property=\"og:locale\" content=\"tr_TR\" \/>\n<meta property=\"og:type\" content=\"article\" \/>\n<meta property=\"og:title\" content=\"SSI \u00c7evrimi\u00e7i E\u011fitim &#187; Happy Bubbles Dal\u0131\u015f Merkezi\" \/>\n<meta property=\"og:description\" content=\"SSI&#8217;IN D\u0130J\u0130TAL\u00a0DEVR\u0130M\u0130NE HO\u015eGELD\u0130N\u0130Z! Dijital E\u011fitim sayesinde kendi keyfinize g\u00f6re istedi\u011finiz zaman ve yerde \u00e7al\u0131\u015fabilirsiniz. Bilgisayar\u0131n\u0131zdan, tabletinizden ya da ak\u0131ll\u0131 telefonunuzdan kullanabilirsiniz. Dijital E\u011fitim sistemlerindeki geli\u015fmeler sayesinde, SSI teknolojiyi kullanmay\u0131 ve e\u011fitim deneyimini geli\u015ftirmeyi en \u00fcst &hellip;\" \/>\n<meta property=\"og:url\" content=\"https:\/\/happybubbles.com\/ssi-online-training\/\" \/>\n<meta property=\"og:site_name\" content=\"Happy Bubbles Dal\u0131\u015f Merkezi\" \/>\n<meta property=\"article:publisher\" content=\"https:\/\/www.facebook.com\/HappyBubblesDive\/\" \/>\n<meta property=\"article:modified_time\" content=\"2024-03-05T19:01:02+00:00\" \/>\n<meta property=\"og:image\" content=\"https:\/\/happybubbles.com\/wp-content\/uploads\/ssiHeader2024.png\" \/>\n<meta name=\"twitter:card\" content=\"summary_large_image\" \/>\n<meta name=\"twitter:label1\" content=\"Tahmini okuma s\u00fcresi\" \/>\n\t<meta name=\"twitter:data1\" content=\"3 dakika\" \/>\n<script type=\"application\/ld+json\" class=\"yoast-schema-graph\">{\"@context\":\"https:\/\/schema.org\",\"@graph\":[{\"@type\":\"WebPage\",\"@id\":\"https:\/\/happybubbles.com\/ssi-online-training\/\",\"url\":\"https:\/\/happybubbles.com\/ssi-online-training\/\",\"name\":\"SSI \u00c7evrimi\u00e7i E\u011fitim &#187; Happy Bubbles Dal\u0131\u015f Merkezi\",\"isPartOf\":{\"@id\":\"https:\/\/happybubbles.com\/#website\"},\"primaryImageOfPage\":{\"@id\":\"https:\/\/happybubbles.com\/ssi-online-training\/#primaryimage\"},\"image\":{\"@id\":\"https:\/\/happybubbles.com\/ssi-online-training\/#primaryimage\"},\"thumbnailUrl\":\"https:\/\/happybubbles.com\/wp-content\/uploads\/ssiHeader2024.png\",\"datePublished\":\"2015-11-15T17:06:56+00:00\",\"dateModified\":\"2024-03-05T19:01:02+00:00\",\"breadcrumb\":{\"@id\":\"https:\/\/happybubbles.com\/ssi-online-training\/#breadcrumb\"},\"inLanguage\":\"tr\",\"potentialAction\":[{\"@type\":\"ReadAction\",\"target\":[\"https:\/\/happybubbles.com\/ssi-online-training\/\"]}]},{\"@type\":\"ImageObject\",\"inLanguage\":\"tr\",\"@id\":\"https:\/\/happybubbles.com\/ssi-online-training\/#primaryimage\",\"url\":\"https:\/\/happybubbles.com\/wp-content\/uploads\/ssiHeader2024.png\",\"contentUrl\":\"https:\/\/happybubbles.com\/wp-content\/uploads\/ssiHeader2024.png\"},{\"@type\":\"BreadcrumbList\",\"@id\":\"https:\/\/happybubbles.com\/ssi-online-training\/#breadcrumb\",\"itemListElement\":[{\"@type\":\"ListItem\",\"position\":1,\"name\":\"Ana sayfa\",\"item\":\"https:\/\/happybubbles.com\/\"},{\"@type\":\"ListItem\",\"position\":2,\"name\":\"SSI \u00c7evrimi\u00e7i E\u011fitim\"}]},{\"@type\":\"WebSite\",\"@id\":\"https:\/\/happybubbles.com\/#website\",\"url\":\"https:\/\/happybubbles.com\/\",\"name\":\"Happy Bubbles Dal\u0131\u015f Merkezi\",\"description\":\"arkada\u015f\u00e7a ve keyifli dal\u0131\u015flar, Bodrum - T\u00fcrkiye\",\"publisher\":{\"@id\":\"https:\/\/happybubbles.com\/#organization\"},\"potentialAction\":[{\"@type\":\"SearchAction\",\"target\":{\"@type\":\"EntryPoint\",\"urlTemplate\":\"https:\/\/happybubbles.com\/?s={search_term_string}\"},\"query-input\":{\"@type\":\"PropertyValueSpecification\",\"valueRequired\":true,\"valueName\":\"search_term_string\"}}],\"inLanguage\":\"tr\"},{\"@type\":\"Organization\",\"@id\":\"https:\/\/happybubbles.com\/#organization\",\"name\":\"Happy Bubbles Dive Center\",\"url\":\"https:\/\/happybubbles.com\/\",\"logo\":{\"@type\":\"ImageObject\",\"inLanguage\":\"tr\",\"@id\":\"https:\/\/happybubbles.com\/#\/schema\/logo\/image\/\",\"url\":\"https:\/\/happybubbles.com\/wp-content\/uploads\/anaLogo4.png\",\"contentUrl\":\"https:\/\/happybubbles.com\/wp-content\/uploads\/anaLogo4.png\",\"width\":139,\"height\":128,\"caption\":\"Happy Bubbles Dive Center\"},\"image\":{\"@id\":\"https:\/\/happybubbles.com\/#\/schema\/logo\/image\/\"},\"sameAs\":[\"https:\/\/www.facebook.com\/HappyBubblesDive\/\",\"https:\/\/www.instagram.com\/happybubblesdive\/\"]}]}<\/script>\n<!-- \/ Yoast SEO plugin. -->","yoast_head_json":{"title":"SSI \u00c7evrimi\u00e7i E\u011fitim &#187; Happy Bubbles Dal\u0131\u015f Merkezi","robots":{"index":"index","follow":"follow","max-snippet":"max-snippet:-1","max-image-preview":"max-image-preview:large","max-video-preview":"max-video-preview:-1"},"canonical":"https:\/\/happybubbles.com\/ssi-online-training\/","og_locale":"tr_TR","og_type":"article","og_title":"SSI \u00c7evrimi\u00e7i E\u011fitim &#187; Happy Bubbles Dal\u0131\u015f Merkezi","og_description":"SSI&#8217;IN D\u0130J\u0130TAL\u00a0DEVR\u0130M\u0130NE HO\u015eGELD\u0130N\u0130Z! Dijital E\u011fitim sayesinde kendi keyfinize g\u00f6re istedi\u011finiz zaman ve yerde \u00e7al\u0131\u015fabilirsiniz. Bilgisayar\u0131n\u0131zdan, tabletinizden ya da ak\u0131ll\u0131 telefonunuzdan kullanabilirsiniz. Dijital E\u011fitim sistemlerindeki geli\u015fmeler sayesinde, SSI teknolojiyi kullanmay\u0131 ve e\u011fitim deneyimini geli\u015ftirmeyi en \u00fcst &hellip;","og_url":"https:\/\/happybubbles.com\/ssi-online-training\/","og_site_name":"Happy Bubbles Dal\u0131\u015f Merkezi","article_publisher":"https:\/\/www.facebook.com\/HappyBubblesDive\/","article_modified_time":"2024-03-05T19:01:02+00:00","og_image":[{"url":"https:\/\/happybubbles.com\/wp-content\/uploads\/ssiHeader2024.png","type":"","width":"","height":""}],"twitter_card":"summary_large_image","twitter_misc":{"Tahmini okuma s\u00fcresi":"3 dakika"},"schema":{"@context":"https:\/\/schema.org","@graph":[{"@type":"WebPage","@id":"https:\/\/happybubbles.com\/ssi-online-training\/","url":"https:\/\/happybubbles.com\/ssi-online-training\/","name":"SSI \u00c7evrimi\u00e7i E\u011fitim &#187; Happy Bubbles Dal\u0131\u015f Merkezi","isPartOf":{"@id":"https:\/\/happybubbles.com\/#website"},"primaryImageOfPage":{"@id":"https:\/\/happybubbles.com\/ssi-online-training\/#primaryimage"},"image":{"@id":"https:\/\/happybubbles.com\/ssi-online-training\/#primaryimage"},"thumbnailUrl":"https:\/\/happybubbles.com\/wp-content\/uploads\/ssiHeader2024.png","datePublished":"2015-11-15T17:06:56+00:00","dateModified":"2024-03-05T19:01:02+00:00","breadcrumb":{"@id":"https:\/\/happybubbles.com\/ssi-online-training\/#breadcrumb"},"inLanguage":"tr","potentialAction":[{"@type":"ReadAction","target":["https:\/\/happybubbles.com\/ssi-online-training\/"]}]},{"@type":"ImageObject","inLanguage":"tr","@id":"https:\/\/happybubbles.com\/ssi-online-training\/#primaryimage","url":"https:\/\/happybubbles.com\/wp-content\/uploads\/ssiHeader2024.png","contentUrl":"https:\/\/happybubbles.com\/wp-content\/uploads\/ssiHeader2024.png"},{"@type":"BreadcrumbList","@id":"https:\/\/happybubbles.com\/ssi-online-training\/#breadcrumb","itemListElement":[{"@type":"ListItem","position":1,"name":"Ana sayfa","item":"https:\/\/happybubbles.com\/"},{"@type":"ListItem","position":2,"name":"SSI \u00c7evrimi\u00e7i E\u011fitim"}]},{"@type":"WebSite","@id":"https:\/\/happybubbles.com\/#website","url":"https:\/\/happybubbles.com\/","name":"Happy Bubbles Dal\u0131\u015f Merkezi","description":"arkada\u015f\u00e7a ve keyifli dal\u0131\u015flar, Bodrum - T\u00fcrkiye","publisher":{"@id":"https:\/\/happybubbles.com\/#organization"},"potentialAction":[{"@type":"SearchAction","target":{"@type":"EntryPoint","urlTemplate":"https:\/\/happybubbles.com\/?s={search_term_string}"},"query-input":{"@type":"PropertyValueSpecification","valueRequired":true,"valueName":"search_term_string"}}],"inLanguage":"tr"},{"@type":"Organization","@id":"https:\/\/happybubbles.com\/#organization","name":"Happy Bubbles Dive Center","url":"https:\/\/happybubbles.com\/","logo":{"@type":"ImageObject","inLanguage":"tr","@id":"https:\/\/happybubbles.com\/#\/schema\/logo\/image\/","url":"https:\/\/happybubbles.com\/wp-content\/uploads\/anaLogo4.png","contentUrl":"https:\/\/happybubbles.com\/wp-content\/uploads\/anaLogo4.png","width":139,"height":128,"caption":"Happy Bubbles Dive Center"},"image":{"@id":"https:\/\/happybubbles.com\/#\/schema\/logo\/image\/"},"sameAs":["https:\/\/www.facebook.com\/HappyBubblesDive\/","https:\/\/www.instagram.com\/happybubblesdive\/"]}]}},"_links":{"self":[{"href":"https:\/\/happybubbles.com\/tr\/wp-json\/wp\/v2\/pages\/1572","targetHints":{"allow":["GET"]}}],"collection":[{"href":"https:\/\/happybubbles.com\/tr\/wp-json\/wp\/v2\/pages"}],"about":[{"href":"https:\/\/happybubbles.com\/tr\/wp-json\/wp\/v2\/types\/page"}],"author":[{"embeddable":true,"href":"https:\/\/happybubbles.com\/tr\/wp-json\/wp\/v2\/users\/1"}],"replies":[{"embeddable":true,"href":"https:\/\/happybubbles.com\/tr\/wp-json\/wp\/v2\/comments?post=1572"}],"version-history":[{"count":10,"href":"https:\/\/happybubbles.com\/tr\/wp-json\/wp\/v2\/pages\/1572\/revisions"}],"predecessor-version":[{"id":57307,"href":"https:\/\/happybubbles.com\/tr\/wp-json\/wp\/v2\/pages\/1572\/revisions\/57307"}],"wp:attachment":[{"href":"https:\/\/happybubbles.com\/tr\/wp-json\/wp\/v2\/media?parent=1572"}],"curies":[{"name":"wp","href":"https:\/\/api.w.org\/{rel}","templated":true}]}}