{"id":1603,"date":"2015-11-15T22:08:53","date_gmt":"2015-11-15T20:08:53","guid":{"rendered":"http:\/\/happybubbles.com\/?page_id=1603"},"modified":"2024-03-05T21:54:29","modified_gmt":"2024-03-05T18:54:29","slug":"scuba-skills-update","status":"publish","type":"page","link":"https:\/\/happybubbles.com\/tr\/scuba-skills-update\/","title":{"rendered":"Scuba Becerileri G\u00fcncelleme"},"content":{"rendered":"<p><img loading=\"lazy\" decoding=\"async\" class=\"alignnone size-full wp-image-57279\" src=\"https:\/\/happybubbles.com\/wp-content\/uploads\/ssiHeader2024.png\" alt=\"\" width=\"2590\" height=\"442\" srcset=\"https:\/\/happybubbles.com\/wp-content\/uploads\/ssiHeader2024.png 2590w, https:\/\/happybubbles.com\/wp-content\/uploads\/ssiHeader2024-300x51.png 300w, https:\/\/happybubbles.com\/wp-content\/uploads\/ssiHeader2024-1024x175.png 1024w, https:\/\/happybubbles.com\/wp-content\/uploads\/ssiHeader2024-768x131.png 768w, https:\/\/happybubbles.com\/wp-content\/uploads\/ssiHeader2024-1536x262.png 1536w, https:\/\/happybubbles.com\/wp-content\/uploads\/ssiHeader2024-2048x350.png 2048w, https:\/\/happybubbles.com\/wp-content\/uploads\/ssiHeader2024-1510x258.png 1510w, https:\/\/happybubbles.com\/wp-content\/uploads\/ssiHeader2024-800x137.png 800w, https:\/\/happybubbles.com\/wp-content\/uploads\/ssiHeader2024-512x87.png 512w\" sizes=\"auto, (max-width: 2590px) 100vw, 2590px\" \/><\/p>\n<h5>SCUBA BECER\u0130LER\u0130 G\u00dcNCELLEME<\/h5>\n<p><b>Uzun s\u00fcre dal\u0131\u015f yapmad\u0131ysan\u0131z Open Water Diver kursunda \u00f6\u011frendi\u011finiz becerilerinizi g\u00fcncelleyerek kendinize g\u00fcveninizi yeniden yakalayabilirsiniz.\u00a0<\/b><\/p>\n<p><img loading=\"lazy\" decoding=\"async\" class=\"alignnone size-medium wp-image-57303\" src=\"https:\/\/happybubbles.com\/wp-content\/uploads\/SSU-300x191.jpg\" alt=\"\" width=\"300\" height=\"191\" srcset=\"https:\/\/happybubbles.com\/wp-content\/uploads\/SSU-300x191.jpg 300w, https:\/\/happybubbles.com\/wp-content\/uploads\/SSU-768x488.jpg 768w, https:\/\/happybubbles.com\/wp-content\/uploads\/SSU-551x350.jpg 551w, https:\/\/happybubbles.com\/wp-content\/uploads\/SSU-512x325.jpg 512w, https:\/\/happybubbles.com\/wp-content\/uploads\/SSU.jpg 1000w\" sizes=\"auto, (max-width: 300px) 100vw, 300px\" \/><\/p>\n<h6>B\u0130LG\u0130<\/h6>\n<p>Scuba Becerileri G\u00fcncelleme e\u011fitmeniniz sizinle birlikte Open Water Diver kursunda \u00f6\u011frendi\u011finiz bilgileri g\u00f6zden ge\u00e7irecek ve varsa yenilikleri anlatacakt\u0131r. Dal\u0131\u015f planlama, tablolar ve g\u00fcvenli dal\u0131\u015f yapma becerilerinizi g\u00f6zden ge\u00e7irerek bundan sonraki dal\u0131\u015flar\u0131n\u0131z\u0131 g\u00fcvenle yapman\u0131z\u0131 sa\u011flayacakt\u0131r.<\/p>\n<h6>BECER\u0130<br \/>\n<img decoding=\"async\" class=\"aligncenter\" src=\"http:\/\/www.divessi.com\/data\/Image\/content\/ssu_1.jpg\" alt=\"\" width=\"45%\" align=\"right\" hspace=\"16\" vspace=\"8\" \/><\/h6>\n<p>Bu \u00e7al\u0131\u015fmada\u00a0Open Water Diver kursu s\u00fcresince \u00f6\u011frendi\u011finiz sualt\u0131 becerileri ve bu s\u00fcre zarf\u0131nda de\u011fi\u015fmi\u015f olabilecek yeniliklere bakma f\u0131rsat\u0131n\u0131z olacakt\u0131r. Haf\u0131zan\u0131z\u0131 tazeleme, motor becerilerinizi yenileme, ayn\u0131 zamanda kendini koruma\/kollama bilgilerinizi bir dal\u0131\u015f lideri e\u015fli\u011finde g\u00fcncelleyebileceksiniz.<\/p>\n<h6>EK\u0130PMAN<\/h6>\n<p>Scuba Becerileri G\u00fcncelleme program\u0131 sayesinde mevcut malzemenizi yeniden hat\u0131rlaman\u0131z ve yeni malzemelerin kullan\u0131m\u0131n\u0131 \u00f6\u011frenmeniz m\u00fcmk\u00fcn olacakt\u0131r. Bu \u00e7al\u0131\u015fmalar\u0131 bir dal\u0131\u015f lideriyle y\u00fcr\u00fctmek size g\u00fcven verecektir.<\/p>\n<hr \/>\n<p>B\u00f6yle bir e\u011fitim sayesinde daha rahat ve g\u00fcvenli dal\u0131\u015flar yapman\u0131z m\u00fcmk\u00fcn olacakt\u0131r.<\/p>\n<p>&nbsp;<\/p>\n","protected":false},"excerpt":{"rendered":"<p>SCUBA BECER\u0130LER\u0130 G\u00dcNCELLEME Uzun s\u00fcre dal\u0131\u015f yapmad\u0131ysan\u0131z Open Water Diver kursunda \u00f6\u011frendi\u011finiz becerilerinizi g\u00fcncelleyerek kendinize g\u00fcveninizi yeniden yakalayabilirsiniz.\u00a0 B\u0130LG\u0130 Scuba Becerileri G\u00fcncelleme e\u011fitmeniniz sizinle birlikte Open Water Diver kursunda \u00f6\u011frendi\u011finiz bilgileri g\u00f6zden ge\u00e7irecek ve varsa &hellip;<\/p>\n","protected":false},"author":1,"featured_media":0,"parent":0,"menu_order":0,"comment_status":"closed","ping_status":"closed","template":"","meta":{"footnotes":""},"class_list":["post-1603","page","type-page","status-publish","hentry"],"yoast_head":"<!-- This site is optimized with the Yoast SEO plugin v27.1.1 - https:\/\/yoast.com\/product\/yoast-seo-wordpress\/ -->\n<title>Scuba Becerileri G\u00fcncelleme &#187; Happy Bubbles Dal\u0131\u015f Merkezi<\/title>\n<meta name=\"robots\" content=\"index, follow, max-snippet:-1, max-image-preview:large, max-video-preview:-1\" \/>\n<link rel=\"canonical\" href=\"https:\/\/happybubbles.com\/scuba-skills-update\/\" \/>\n<meta property=\"og:locale\" content=\"tr_TR\" \/>\n<meta property=\"og:type\" content=\"article\" \/>\n<meta property=\"og:title\" content=\"Scuba Becerileri G\u00fcncelleme &#187; Happy Bubbles Dal\u0131\u015f Merkezi\" \/>\n<meta property=\"og:description\" content=\"SCUBA BECER\u0130LER\u0130 G\u00dcNCELLEME Uzun s\u00fcre dal\u0131\u015f yapmad\u0131ysan\u0131z Open Water Diver kursunda \u00f6\u011frendi\u011finiz becerilerinizi g\u00fcncelleyerek kendinize g\u00fcveninizi yeniden yakalayabilirsiniz.\u00a0 B\u0130LG\u0130 Scuba Becerileri G\u00fcncelleme e\u011fitmeniniz sizinle birlikte Open Water Diver kursunda \u00f6\u011frendi\u011finiz bilgileri g\u00f6zden ge\u00e7irecek ve varsa &hellip;\" \/>\n<meta property=\"og:url\" content=\"https:\/\/happybubbles.com\/scuba-skills-update\/\" \/>\n<meta property=\"og:site_name\" content=\"Happy Bubbles Dal\u0131\u015f Merkezi\" \/>\n<meta property=\"article:publisher\" content=\"https:\/\/www.facebook.com\/HappyBubblesDive\/\" \/>\n<meta property=\"article:modified_time\" content=\"2024-03-05T18:54:29+00:00\" \/>\n<meta property=\"og:image\" content=\"https:\/\/happybubbles.com\/wp-content\/uploads\/ssiHeader2024.png\" \/>\n<meta name=\"twitter:card\" content=\"summary_large_image\" \/>\n<meta name=\"twitter:label1\" content=\"Tahmini okuma s\u00fcresi\" \/>\n\t<meta name=\"twitter:data1\" content=\"2 dakika\" \/>\n<script type=\"application\/ld+json\" class=\"yoast-schema-graph\">{\"@context\":\"https:\/\/schema.org\",\"@graph\":[{\"@type\":\"WebPage\",\"@id\":\"https:\/\/happybubbles.com\/scuba-skills-update\/\",\"url\":\"https:\/\/happybubbles.com\/scuba-skills-update\/\",\"name\":\"Scuba Becerileri G\u00fcncelleme &#187; Happy Bubbles Dal\u0131\u015f Merkezi\",\"isPartOf\":{\"@id\":\"https:\/\/happybubbles.com\/#website\"},\"primaryImageOfPage\":{\"@id\":\"https:\/\/happybubbles.com\/scuba-skills-update\/#primaryimage\"},\"image\":{\"@id\":\"https:\/\/happybubbles.com\/scuba-skills-update\/#primaryimage\"},\"thumbnailUrl\":\"https:\/\/happybubbles.com\/wp-content\/uploads\/ssiHeader2024.png\",\"datePublished\":\"2015-11-15T20:08:53+00:00\",\"dateModified\":\"2024-03-05T18:54:29+00:00\",\"breadcrumb\":{\"@id\":\"https:\/\/happybubbles.com\/scuba-skills-update\/#breadcrumb\"},\"inLanguage\":\"tr\",\"potentialAction\":[{\"@type\":\"ReadAction\",\"target\":[\"https:\/\/happybubbles.com\/scuba-skills-update\/\"]}]},{\"@type\":\"ImageObject\",\"inLanguage\":\"tr\",\"@id\":\"https:\/\/happybubbles.com\/scuba-skills-update\/#primaryimage\",\"url\":\"https:\/\/happybubbles.com\/wp-content\/uploads\/ssiHeader2024.png\",\"contentUrl\":\"https:\/\/happybubbles.com\/wp-content\/uploads\/ssiHeader2024.png\"},{\"@type\":\"BreadcrumbList\",\"@id\":\"https:\/\/happybubbles.com\/scuba-skills-update\/#breadcrumb\",\"itemListElement\":[{\"@type\":\"ListItem\",\"position\":1,\"name\":\"Ana sayfa\",\"item\":\"https:\/\/happybubbles.com\/\"},{\"@type\":\"ListItem\",\"position\":2,\"name\":\"Scuba Becerileri G\u00fcncelleme\"}]},{\"@type\":\"WebSite\",\"@id\":\"https:\/\/happybubbles.com\/#website\",\"url\":\"https:\/\/happybubbles.com\/\",\"name\":\"Happy Bubbles Dal\u0131\u015f Merkezi\",\"description\":\"arkada\u015f\u00e7a ve keyifli dal\u0131\u015flar, Bodrum - T\u00fcrkiye\",\"publisher\":{\"@id\":\"https:\/\/happybubbles.com\/#organization\"},\"potentialAction\":[{\"@type\":\"SearchAction\",\"target\":{\"@type\":\"EntryPoint\",\"urlTemplate\":\"https:\/\/happybubbles.com\/?s={search_term_string}\"},\"query-input\":{\"@type\":\"PropertyValueSpecification\",\"valueRequired\":true,\"valueName\":\"search_term_string\"}}],\"inLanguage\":\"tr\"},{\"@type\":\"Organization\",\"@id\":\"https:\/\/happybubbles.com\/#organization\",\"name\":\"Happy Bubbles Dive Center\",\"url\":\"https:\/\/happybubbles.com\/\",\"logo\":{\"@type\":\"ImageObject\",\"inLanguage\":\"tr\",\"@id\":\"https:\/\/happybubbles.com\/#\/schema\/logo\/image\/\",\"url\":\"https:\/\/happybubbles.com\/wp-content\/uploads\/anaLogo4.png\",\"contentUrl\":\"https:\/\/happybubbles.com\/wp-content\/uploads\/anaLogo4.png\",\"width\":139,\"height\":128,\"caption\":\"Happy Bubbles Dive Center\"},\"image\":{\"@id\":\"https:\/\/happybubbles.com\/#\/schema\/logo\/image\/\"},\"sameAs\":[\"https:\/\/www.facebook.com\/HappyBubblesDive\/\",\"https:\/\/www.instagram.com\/happybubblesdive\/\"]}]}<\/script>\n<!-- \/ Yoast SEO plugin. -->","yoast_head_json":{"title":"Scuba Becerileri G\u00fcncelleme &#187; Happy Bubbles Dal\u0131\u015f Merkezi","robots":{"index":"index","follow":"follow","max-snippet":"max-snippet:-1","max-image-preview":"max-image-preview:large","max-video-preview":"max-video-preview:-1"},"canonical":"https:\/\/happybubbles.com\/scuba-skills-update\/","og_locale":"tr_TR","og_type":"article","og_title":"Scuba Becerileri G\u00fcncelleme &#187; Happy Bubbles Dal\u0131\u015f Merkezi","og_description":"SCUBA BECER\u0130LER\u0130 G\u00dcNCELLEME Uzun s\u00fcre dal\u0131\u015f yapmad\u0131ysan\u0131z Open Water Diver kursunda \u00f6\u011frendi\u011finiz becerilerinizi g\u00fcncelleyerek kendinize g\u00fcveninizi yeniden yakalayabilirsiniz.\u00a0 B\u0130LG\u0130 Scuba Becerileri G\u00fcncelleme e\u011fitmeniniz sizinle birlikte Open Water Diver kursunda \u00f6\u011frendi\u011finiz bilgileri g\u00f6zden ge\u00e7irecek ve varsa &hellip;","og_url":"https:\/\/happybubbles.com\/scuba-skills-update\/","og_site_name":"Happy Bubbles Dal\u0131\u015f Merkezi","article_publisher":"https:\/\/www.facebook.com\/HappyBubblesDive\/","article_modified_time":"2024-03-05T18:54:29+00:00","og_image":[{"url":"https:\/\/happybubbles.com\/wp-content\/uploads\/ssiHeader2024.png","type":"","width":"","height":""}],"twitter_card":"summary_large_image","twitter_misc":{"Tahmini okuma s\u00fcresi":"2 dakika"},"schema":{"@context":"https:\/\/schema.org","@graph":[{"@type":"WebPage","@id":"https:\/\/happybubbles.com\/scuba-skills-update\/","url":"https:\/\/happybubbles.com\/scuba-skills-update\/","name":"Scuba Becerileri G\u00fcncelleme &#187; Happy Bubbles Dal\u0131\u015f Merkezi","isPartOf":{"@id":"https:\/\/happybubbles.com\/#website"},"primaryImageOfPage":{"@id":"https:\/\/happybubbles.com\/scuba-skills-update\/#primaryimage"},"image":{"@id":"https:\/\/happybubbles.com\/scuba-skills-update\/#primaryimage"},"thumbnailUrl":"https:\/\/happybubbles.com\/wp-content\/uploads\/ssiHeader2024.png","datePublished":"2015-11-15T20:08:53+00:00","dateModified":"2024-03-05T18:54:29+00:00","breadcrumb":{"@id":"https:\/\/happybubbles.com\/scuba-skills-update\/#breadcrumb"},"inLanguage":"tr","potentialAction":[{"@type":"ReadAction","target":["https:\/\/happybubbles.com\/scuba-skills-update\/"]}]},{"@type":"ImageObject","inLanguage":"tr","@id":"https:\/\/happybubbles.com\/scuba-skills-update\/#primaryimage","url":"https:\/\/happybubbles.com\/wp-content\/uploads\/ssiHeader2024.png","contentUrl":"https:\/\/happybubbles.com\/wp-content\/uploads\/ssiHeader2024.png"},{"@type":"BreadcrumbList","@id":"https:\/\/happybubbles.com\/scuba-skills-update\/#breadcrumb","itemListElement":[{"@type":"ListItem","position":1,"name":"Ana sayfa","item":"https:\/\/happybubbles.com\/"},{"@type":"ListItem","position":2,"name":"Scuba Becerileri G\u00fcncelleme"}]},{"@type":"WebSite","@id":"https:\/\/happybubbles.com\/#website","url":"https:\/\/happybubbles.com\/","name":"Happy Bubbles Dal\u0131\u015f Merkezi","description":"arkada\u015f\u00e7a ve keyifli dal\u0131\u015flar, Bodrum - T\u00fcrkiye","publisher":{"@id":"https:\/\/happybubbles.com\/#organization"},"potentialAction":[{"@type":"SearchAction","target":{"@type":"EntryPoint","urlTemplate":"https:\/\/happybubbles.com\/?s={search_term_string}"},"query-input":{"@type":"PropertyValueSpecification","valueRequired":true,"valueName":"search_term_string"}}],"inLanguage":"tr"},{"@type":"Organization","@id":"https:\/\/happybubbles.com\/#organization","name":"Happy Bubbles Dive Center","url":"https:\/\/happybubbles.com\/","logo":{"@type":"ImageObject","inLanguage":"tr","@id":"https:\/\/happybubbles.com\/#\/schema\/logo\/image\/","url":"https:\/\/happybubbles.com\/wp-content\/uploads\/anaLogo4.png","contentUrl":"https:\/\/happybubbles.com\/wp-content\/uploads\/anaLogo4.png","width":139,"height":128,"caption":"Happy Bubbles Dive Center"},"image":{"@id":"https:\/\/happybubbles.com\/#\/schema\/logo\/image\/"},"sameAs":["https:\/\/www.facebook.com\/HappyBubblesDive\/","https:\/\/www.instagram.com\/happybubblesdive\/"]}]}},"_links":{"self":[{"href":"https:\/\/happybubbles.com\/tr\/wp-json\/wp\/v2\/pages\/1603","targetHints":{"allow":["GET"]}}],"collection":[{"href":"https:\/\/happybubbles.com\/tr\/wp-json\/wp\/v2\/pages"}],"about":[{"href":"https:\/\/happybubbles.com\/tr\/wp-json\/wp\/v2\/types\/page"}],"author":[{"embeddable":true,"href":"https:\/\/happybubbles.com\/tr\/wp-json\/wp\/v2\/users\/1"}],"replies":[{"embeddable":true,"href":"https:\/\/happybubbles.com\/tr\/wp-json\/wp\/v2\/comments?post=1603"}],"version-history":[{"count":8,"href":"https:\/\/happybubbles.com\/tr\/wp-json\/wp\/v2\/pages\/1603\/revisions"}],"predecessor-version":[{"id":57304,"href":"https:\/\/happybubbles.com\/tr\/wp-json\/wp\/v2\/pages\/1603\/revisions\/57304"}],"wp:attachment":[{"href":"https:\/\/happybubbles.com\/tr\/wp-json\/wp\/v2\/media?parent=1603"}],"curies":[{"name":"wp","href":"https:\/\/api.w.org\/{rel}","templated":true}]}}