{"id":1644,"date":"2015-11-20T20:59:53","date_gmt":"2015-11-20T18:59:53","guid":{"rendered":"http:\/\/happybubbles.com\/?page_id=1644"},"modified":"2024-03-12T17:04:15","modified_gmt":"2024-03-12T14:04:15","slug":"ssi-react-right","status":"publish","type":"page","link":"https:\/\/happybubbles.com\/tr\/ssi-react-right\/","title":{"rendered":"SSI React Right"},"content":{"rendered":"<div id=\"main_content_inside\">\n<div class=\"content content_67\">\n<p><img loading=\"lazy\" decoding=\"async\" class=\"alignnone size-full wp-image-57279\" src=\"https:\/\/happybubbles.com\/wp-content\/uploads\/ssiHeader2024.png\" alt=\"\" width=\"2590\" height=\"442\" srcset=\"https:\/\/happybubbles.com\/wp-content\/uploads\/ssiHeader2024.png 2590w, https:\/\/happybubbles.com\/wp-content\/uploads\/ssiHeader2024-300x51.png 300w, https:\/\/happybubbles.com\/wp-content\/uploads\/ssiHeader2024-1024x175.png 1024w, https:\/\/happybubbles.com\/wp-content\/uploads\/ssiHeader2024-768x131.png 768w, https:\/\/happybubbles.com\/wp-content\/uploads\/ssiHeader2024-1536x262.png 1536w, https:\/\/happybubbles.com\/wp-content\/uploads\/ssiHeader2024-2048x350.png 2048w, https:\/\/happybubbles.com\/wp-content\/uploads\/ssiHeader2024-1510x258.png 1510w, https:\/\/happybubbles.com\/wp-content\/uploads\/ssiHeader2024-800x137.png 800w, https:\/\/happybubbles.com\/wp-content\/uploads\/ssiHeader2024-512x87.png 512w\" sizes=\"auto, (max-width: 2590px) 100vw, 2590px\" \/><\/p>\n<h5>REACT RIGHT &#8211;\u00a0BEKLENMED\u0130K AC\u0130L DURUMLAR \u0130\u00c7\u0130N GEREKL\u0130 E\u011e\u0130T\u0130M<\/h5>\n<p>REACT RIGHT<b>, <\/b><strong>SSI&#8217;\u0131n Acil Durum E\u011fitim Program\u0131<\/strong>d\u0131r. \u0130lk Yard\u0131m, CPR, AED ve Oksijen Verme y\u00f6netimi gibi konular\u0131 \u00f6\u011frenin. Sadece dal\u0131\u015f kazalar\u0131 de\u011fil ayn\u0131 zamanda acil durum de\u011ferlendirme bilgileriniz sayesinde her t\u00fcrl\u00fc kazaya\u00a0uygun \u015fekilde m\u00fcdahale edebilirsiniz.<\/p>\n<p><img loading=\"lazy\" decoding=\"async\" class=\"alignnone wp-image-56556 size-medium\" src=\"https:\/\/happybubbles.com\/wp-content\/uploads\/React-Right-300x191.jpg\" alt=\"\" width=\"300\" height=\"191\" srcset=\"https:\/\/happybubbles.com\/wp-content\/uploads\/React-Right-300x191.jpg 300w, https:\/\/happybubbles.com\/wp-content\/uploads\/React-Right-1024x651.jpg 1024w, https:\/\/happybubbles.com\/wp-content\/uploads\/React-Right-768x488.jpg 768w, https:\/\/happybubbles.com\/wp-content\/uploads\/React-Right-1536x976.jpg 1536w, https:\/\/happybubbles.com\/wp-content\/uploads\/React-Right-150x95.jpg 150w, https:\/\/happybubbles.com\/wp-content\/uploads\/React-Right.jpg 1673w\" sizes=\"auto, (max-width: 300px) 100vw, 300px\" \/><\/p>\n<p>REACT RIGHT program\u0131na yaz\u0131ld\u0131\u011f\u0131n\u0131zda, dal\u0131\u015f g\u00fcvenli\u011finiz ve konforunuz g\u00f6zle g\u00f6r\u00fcl\u00fcr \u015fekilde artacakt\u0131r. Ayn\u0131 zamanda SSI ve di\u011fer dal\u0131\u015f e\u011fitim sistemleri <strong>Dal\u0131c\u0131 Stres ve Kurtarma<\/strong> kurslar\u0131na \u00f6n \u015fart olarak\u00a0<strong>ge\u00e7erli bir \u0130lk Yard\u0131m ve CPR Sertifikas\u0131<\/strong> istemektedirler.<\/p>\n<p><b>REACT RIGHT \u00d6\u011frenci\u00a0Kiti<\/b> teorik bilgilerin \u00f6\u011frenilebilmesi i\u00e7in gerekli t\u00fcm saha referans rehberini i\u00e7ermektedir. Pratik becerileri\u00a0<strong>REACT RIGHT E\u011fitmeni<\/strong> e\u015fli\u011finde \u00e7al\u0131\u015facaks\u0131n\u0131z.\u00a0E\u011fitimin kapsam\u0131:<\/p>\n<ul>\n<li>Birincil De\u011ferlendirme<\/li>\n<li>\u0130lk Yard\u0131m\u00a0&amp; CPR\u00a0Becerileri<\/li>\n<li>Temel Stabilizasyon Teknikleri<\/li>\n<li>Dal\u0131\u015f Kazalar\u0131nda Oksijen \u0130lkyard\u0131m Y\u00f6netimi<\/li>\n<li>Otomatik Harici Defibrilat\u00f6r&#8217;\u00fcn (AED) temelleri<\/li>\n<\/ul>\n<p>Bir sonraki React Right program\u0131na kat\u0131labilmek i\u00e7in, l\u00fctfen bizimle <a href=\"http:\/\/happybubbles.com\/contact\/\">ileti\u015fim <\/a>\u00a0kurun!<\/p>\n<p>&nbsp;<\/p>\n<\/div>\n<div><\/div>\n<\/div>\n<div><\/div>\n<p>&nbsp;<\/p>\n","protected":false},"excerpt":{"rendered":"<p>REACT RIGHT &#8211;\u00a0BEKLENMED\u0130K AC\u0130L DURUMLAR \u0130\u00c7\u0130N GEREKL\u0130 E\u011e\u0130T\u0130M REACT RIGHT, SSI&#8217;\u0131n Acil Durum E\u011fitim Program\u0131d\u0131r. \u0130lk Yard\u0131m, CPR, AED ve Oksijen Verme y\u00f6netimi gibi konular\u0131 \u00f6\u011frenin. Sadece dal\u0131\u015f kazalar\u0131 de\u011fil ayn\u0131 zamanda acil durum de\u011ferlendirme &hellip;<\/p>\n","protected":false},"author":1,"featured_media":0,"parent":0,"menu_order":0,"comment_status":"closed","ping_status":"closed","template":"","meta":{"footnotes":""},"class_list":["post-1644","page","type-page","status-publish","hentry"],"yoast_head":"<!-- This site is optimized with the Yoast SEO plugin v27.1.1 - https:\/\/yoast.com\/product\/yoast-seo-wordpress\/ -->\n<title>SSI React Right &#187; Happy Bubbles Dal\u0131\u015f Merkezi<\/title>\n<meta name=\"robots\" content=\"index, follow, max-snippet:-1, max-image-preview:large, max-video-preview:-1\" \/>\n<link rel=\"canonical\" href=\"https:\/\/happybubbles.com\/ssi-react-right\/\" \/>\n<meta property=\"og:locale\" content=\"tr_TR\" \/>\n<meta property=\"og:type\" content=\"article\" \/>\n<meta property=\"og:title\" content=\"SSI React Right &#187; Happy Bubbles Dal\u0131\u015f Merkezi\" \/>\n<meta property=\"og:description\" content=\"REACT RIGHT &#8211;\u00a0BEKLENMED\u0130K AC\u0130L DURUMLAR \u0130\u00c7\u0130N GEREKL\u0130 E\u011e\u0130T\u0130M REACT RIGHT, SSI&#8217;\u0131n Acil Durum E\u011fitim Program\u0131d\u0131r. \u0130lk Yard\u0131m, CPR, AED ve Oksijen Verme y\u00f6netimi gibi konular\u0131 \u00f6\u011frenin. Sadece dal\u0131\u015f kazalar\u0131 de\u011fil ayn\u0131 zamanda acil durum de\u011ferlendirme &hellip;\" \/>\n<meta property=\"og:url\" content=\"https:\/\/happybubbles.com\/ssi-react-right\/\" \/>\n<meta property=\"og:site_name\" content=\"Happy Bubbles Dal\u0131\u015f Merkezi\" \/>\n<meta property=\"article:publisher\" content=\"https:\/\/www.facebook.com\/HappyBubblesDive\/\" \/>\n<meta property=\"article:modified_time\" content=\"2024-03-12T14:04:15+00:00\" \/>\n<meta property=\"og:image\" content=\"https:\/\/happybubbles.com\/wp-content\/uploads\/ssiHeader2024.png\" \/>\n<meta name=\"twitter:card\" content=\"summary_large_image\" \/>\n<meta name=\"twitter:label1\" content=\"Tahmini okuma s\u00fcresi\" \/>\n\t<meta name=\"twitter:data1\" content=\"2 dakika\" \/>\n<script type=\"application\/ld+json\" class=\"yoast-schema-graph\">{\"@context\":\"https:\/\/schema.org\",\"@graph\":[{\"@type\":\"WebPage\",\"@id\":\"https:\/\/happybubbles.com\/ssi-react-right\/\",\"url\":\"https:\/\/happybubbles.com\/ssi-react-right\/\",\"name\":\"SSI React Right &#187; Happy Bubbles Dal\u0131\u015f Merkezi\",\"isPartOf\":{\"@id\":\"https:\/\/happybubbles.com\/#website\"},\"primaryImageOfPage\":{\"@id\":\"https:\/\/happybubbles.com\/ssi-react-right\/#primaryimage\"},\"image\":{\"@id\":\"https:\/\/happybubbles.com\/ssi-react-right\/#primaryimage\"},\"thumbnailUrl\":\"https:\/\/happybubbles.com\/wp-content\/uploads\/ssiHeader2024.png\",\"datePublished\":\"2015-11-20T18:59:53+00:00\",\"dateModified\":\"2024-03-12T14:04:15+00:00\",\"breadcrumb\":{\"@id\":\"https:\/\/happybubbles.com\/ssi-react-right\/#breadcrumb\"},\"inLanguage\":\"tr\",\"potentialAction\":[{\"@type\":\"ReadAction\",\"target\":[\"https:\/\/happybubbles.com\/ssi-react-right\/\"]}]},{\"@type\":\"ImageObject\",\"inLanguage\":\"tr\",\"@id\":\"https:\/\/happybubbles.com\/ssi-react-right\/#primaryimage\",\"url\":\"https:\/\/happybubbles.com\/wp-content\/uploads\/ssiHeader2024.png\",\"contentUrl\":\"https:\/\/happybubbles.com\/wp-content\/uploads\/ssiHeader2024.png\"},{\"@type\":\"BreadcrumbList\",\"@id\":\"https:\/\/happybubbles.com\/ssi-react-right\/#breadcrumb\",\"itemListElement\":[{\"@type\":\"ListItem\",\"position\":1,\"name\":\"Ana sayfa\",\"item\":\"https:\/\/happybubbles.com\/\"},{\"@type\":\"ListItem\",\"position\":2,\"name\":\"SSI React Right\"}]},{\"@type\":\"WebSite\",\"@id\":\"https:\/\/happybubbles.com\/#website\",\"url\":\"https:\/\/happybubbles.com\/\",\"name\":\"Happy Bubbles Dal\u0131\u015f Merkezi\",\"description\":\"arkada\u015f\u00e7a ve keyifli dal\u0131\u015flar, Bodrum - T\u00fcrkiye\",\"publisher\":{\"@id\":\"https:\/\/happybubbles.com\/#organization\"},\"potentialAction\":[{\"@type\":\"SearchAction\",\"target\":{\"@type\":\"EntryPoint\",\"urlTemplate\":\"https:\/\/happybubbles.com\/?s={search_term_string}\"},\"query-input\":{\"@type\":\"PropertyValueSpecification\",\"valueRequired\":true,\"valueName\":\"search_term_string\"}}],\"inLanguage\":\"tr\"},{\"@type\":\"Organization\",\"@id\":\"https:\/\/happybubbles.com\/#organization\",\"name\":\"Happy Bubbles Dive Center\",\"url\":\"https:\/\/happybubbles.com\/\",\"logo\":{\"@type\":\"ImageObject\",\"inLanguage\":\"tr\",\"@id\":\"https:\/\/happybubbles.com\/#\/schema\/logo\/image\/\",\"url\":\"https:\/\/happybubbles.com\/wp-content\/uploads\/anaLogo4.png\",\"contentUrl\":\"https:\/\/happybubbles.com\/wp-content\/uploads\/anaLogo4.png\",\"width\":139,\"height\":128,\"caption\":\"Happy Bubbles Dive Center\"},\"image\":{\"@id\":\"https:\/\/happybubbles.com\/#\/schema\/logo\/image\/\"},\"sameAs\":[\"https:\/\/www.facebook.com\/HappyBubblesDive\/\",\"https:\/\/www.instagram.com\/happybubblesdive\/\"]}]}<\/script>\n<!-- \/ Yoast SEO plugin. -->","yoast_head_json":{"title":"SSI React Right &#187; Happy Bubbles Dal\u0131\u015f Merkezi","robots":{"index":"index","follow":"follow","max-snippet":"max-snippet:-1","max-image-preview":"max-image-preview:large","max-video-preview":"max-video-preview:-1"},"canonical":"https:\/\/happybubbles.com\/ssi-react-right\/","og_locale":"tr_TR","og_type":"article","og_title":"SSI React Right &#187; Happy Bubbles Dal\u0131\u015f Merkezi","og_description":"REACT RIGHT &#8211;\u00a0BEKLENMED\u0130K AC\u0130L DURUMLAR \u0130\u00c7\u0130N GEREKL\u0130 E\u011e\u0130T\u0130M REACT RIGHT, SSI&#8217;\u0131n Acil Durum E\u011fitim Program\u0131d\u0131r. \u0130lk Yard\u0131m, CPR, AED ve Oksijen Verme y\u00f6netimi gibi konular\u0131 \u00f6\u011frenin. Sadece dal\u0131\u015f kazalar\u0131 de\u011fil ayn\u0131 zamanda acil durum de\u011ferlendirme &hellip;","og_url":"https:\/\/happybubbles.com\/ssi-react-right\/","og_site_name":"Happy Bubbles Dal\u0131\u015f Merkezi","article_publisher":"https:\/\/www.facebook.com\/HappyBubblesDive\/","article_modified_time":"2024-03-12T14:04:15+00:00","og_image":[{"url":"https:\/\/happybubbles.com\/wp-content\/uploads\/ssiHeader2024.png","type":"","width":"","height":""}],"twitter_card":"summary_large_image","twitter_misc":{"Tahmini okuma s\u00fcresi":"2 dakika"},"schema":{"@context":"https:\/\/schema.org","@graph":[{"@type":"WebPage","@id":"https:\/\/happybubbles.com\/ssi-react-right\/","url":"https:\/\/happybubbles.com\/ssi-react-right\/","name":"SSI React Right &#187; Happy Bubbles Dal\u0131\u015f Merkezi","isPartOf":{"@id":"https:\/\/happybubbles.com\/#website"},"primaryImageOfPage":{"@id":"https:\/\/happybubbles.com\/ssi-react-right\/#primaryimage"},"image":{"@id":"https:\/\/happybubbles.com\/ssi-react-right\/#primaryimage"},"thumbnailUrl":"https:\/\/happybubbles.com\/wp-content\/uploads\/ssiHeader2024.png","datePublished":"2015-11-20T18:59:53+00:00","dateModified":"2024-03-12T14:04:15+00:00","breadcrumb":{"@id":"https:\/\/happybubbles.com\/ssi-react-right\/#breadcrumb"},"inLanguage":"tr","potentialAction":[{"@type":"ReadAction","target":["https:\/\/happybubbles.com\/ssi-react-right\/"]}]},{"@type":"ImageObject","inLanguage":"tr","@id":"https:\/\/happybubbles.com\/ssi-react-right\/#primaryimage","url":"https:\/\/happybubbles.com\/wp-content\/uploads\/ssiHeader2024.png","contentUrl":"https:\/\/happybubbles.com\/wp-content\/uploads\/ssiHeader2024.png"},{"@type":"BreadcrumbList","@id":"https:\/\/happybubbles.com\/ssi-react-right\/#breadcrumb","itemListElement":[{"@type":"ListItem","position":1,"name":"Ana sayfa","item":"https:\/\/happybubbles.com\/"},{"@type":"ListItem","position":2,"name":"SSI React Right"}]},{"@type":"WebSite","@id":"https:\/\/happybubbles.com\/#website","url":"https:\/\/happybubbles.com\/","name":"Happy Bubbles Dal\u0131\u015f Merkezi","description":"arkada\u015f\u00e7a ve keyifli dal\u0131\u015flar, Bodrum - T\u00fcrkiye","publisher":{"@id":"https:\/\/happybubbles.com\/#organization"},"potentialAction":[{"@type":"SearchAction","target":{"@type":"EntryPoint","urlTemplate":"https:\/\/happybubbles.com\/?s={search_term_string}"},"query-input":{"@type":"PropertyValueSpecification","valueRequired":true,"valueName":"search_term_string"}}],"inLanguage":"tr"},{"@type":"Organization","@id":"https:\/\/happybubbles.com\/#organization","name":"Happy Bubbles Dive Center","url":"https:\/\/happybubbles.com\/","logo":{"@type":"ImageObject","inLanguage":"tr","@id":"https:\/\/happybubbles.com\/#\/schema\/logo\/image\/","url":"https:\/\/happybubbles.com\/wp-content\/uploads\/anaLogo4.png","contentUrl":"https:\/\/happybubbles.com\/wp-content\/uploads\/anaLogo4.png","width":139,"height":128,"caption":"Happy Bubbles Dive Center"},"image":{"@id":"https:\/\/happybubbles.com\/#\/schema\/logo\/image\/"},"sameAs":["https:\/\/www.facebook.com\/HappyBubblesDive\/","https:\/\/www.instagram.com\/happybubblesdive\/"]}]}},"_links":{"self":[{"href":"https:\/\/happybubbles.com\/tr\/wp-json\/wp\/v2\/pages\/1644","targetHints":{"allow":["GET"]}}],"collection":[{"href":"https:\/\/happybubbles.com\/tr\/wp-json\/wp\/v2\/pages"}],"about":[{"href":"https:\/\/happybubbles.com\/tr\/wp-json\/wp\/v2\/types\/page"}],"author":[{"embeddable":true,"href":"https:\/\/happybubbles.com\/tr\/wp-json\/wp\/v2\/users\/1"}],"replies":[{"embeddable":true,"href":"https:\/\/happybubbles.com\/tr\/wp-json\/wp\/v2\/comments?post=1644"}],"version-history":[{"count":13,"href":"https:\/\/happybubbles.com\/tr\/wp-json\/wp\/v2\/pages\/1644\/revisions"}],"predecessor-version":[{"id":57350,"href":"https:\/\/happybubbles.com\/tr\/wp-json\/wp\/v2\/pages\/1644\/revisions\/57350"}],"wp:attachment":[{"href":"https:\/\/happybubbles.com\/tr\/wp-json\/wp\/v2\/media?parent=1644"}],"curies":[{"name":"wp","href":"https:\/\/api.w.org\/{rel}","templated":true}]}}