{"id":2126,"date":"2017-09-20T07:04:10","date_gmt":"2017-09-20T04:04:10","guid":{"rendered":"http:\/\/happybubbles.com\/?page_id=2126"},"modified":"2017-09-20T07:08:18","modified_gmt":"2017-09-20T04:08:18","slug":"perfect-bouyancy-specialty","status":"publish","type":"page","link":"https:\/\/happybubbles.com\/tr\/perfect-bouyancy-specialty\/","title":{"rendered":"M\u00fckemmel Y\u00fczerlilik Uzmanl\u0131\u011f\u0131"},"content":{"rendered":"<p><img decoding=\"async\" src=\"https:\/\/cdn-mdb-originpull.head.com\/CDN\/D\/93700553\/1\/598.jpg\" \/><\/p>\n<p>Y\u00fczerlilik kontrol\u00fcn\u00fc artt\u0131rmak, solunum gaz\u0131 sarfiyat\u0131n\u0131z\u0131 d\u00fc\u015f\u00fcrmek ya da deniz taban\u0131nda kolayl\u0131kla gezinmek ister misiniz? SSI M\u00fckemmel Y\u00fczerlilik program\u0131 size dal\u0131\u015f tecr\u00fcbenizi, sualt\u0131ndaki konfronuzu artt\u0131rmay\u0131 ve ekipman\u0131n\u0131zdan en iyi \u015fekilde yararlanmay\u0131 \u00f6\u011fretecektir. Kursu tamamlad\u0131\u011f\u0131n\u0131zda SSI M\u00fckemmel Y\u00fczerlilik Sertifikas\u0131 alacaks\u0131n\u0131z<\/p>\n<table>\n<tbody>\n<tr valign=\"top\">\n<td><b>M<\/b><b>inimum Ya\u015f:<\/b><\/td>\n<td>10<\/td>\n<\/tr>\n<tr valign=\"top\">\n<td><b>Sertifika \u00d6n\u015fartlar\u0131:<\/b><\/td>\n<td>Open Water Diver<\/td>\n<\/tr>\n<tr valign=\"top\">\n<td><b>Akademik \u00c7al\u0131\u015fmalar\u0131:<\/b><\/td>\n<td>\u00c7evrimi\u00e7i e\u011fitim<\/td>\n<\/tr>\n<tr valign=\"top\">\n<td><b>Havuz\/K\u0131s\u0131tl\u0131 Su \u00c7al\u0131\u015fmalar\u0131:<\/b><\/td>\n<td>1+<\/td>\n<\/tr>\n<tr valign=\"top\">\n<td><b>A\u00e7\u0131k Deniz Dal\u0131\u015flar\u0131:<\/b><\/td>\n<td>\u0130ste\u011fe ba\u011fl\u0131<\/td>\n<\/tr>\n<tr valign=\"top\">\n<td><b>Maksimum E\u011fitim Derinli\u011fi:<\/b><\/td>\n<td>\u0130ste\u011fe ba\u011fl\u0131<\/td>\n<\/tr>\n<tr valign=\"top\">\n<td><b>Tavsiye Edilen S\u00fcre:<\/b><\/td>\n<td>6 &#8211; 10 saat<\/td>\n<\/tr>\n<tr valign=\"top\">\n<td><\/td>\n<td><\/td>\n<\/tr>\n<\/tbody>\n<\/table>\n<p><iframe loading=\"lazy\" src=\"https:\/\/www.youtube.com\/embed\/kADfwwso7sg\" width=\"560\" height=\"315\" frameborder=\"0\" allowfullscreen=\"allowfullscreen\" data-mce-fragment=\"1\"><\/iframe><\/p>\n","protected":false},"excerpt":{"rendered":"<p>Y\u00fczerlilik kontrol\u00fcn\u00fc artt\u0131rmak, solunum gaz\u0131 sarfiyat\u0131n\u0131z\u0131 d\u00fc\u015f\u00fcrmek ya da deniz taban\u0131nda kolayl\u0131kla gezinmek ister misiniz? SSI M\u00fckemmel Y\u00fczerlilik program\u0131 size dal\u0131\u015f tecr\u00fcbenizi, sualt\u0131ndaki konfronuzu artt\u0131rmay\u0131 ve ekipman\u0131n\u0131zdan en iyi \u015fekilde yararlanmay\u0131 \u00f6\u011fretecektir. Kursu tamamlad\u0131\u011f\u0131n\u0131zda SSI &hellip;<\/p>\n","protected":false},"author":10,"featured_media":0,"parent":0,"menu_order":0,"comment_status":"closed","ping_status":"closed","template":"","meta":{"footnotes":""},"class_list":["post-2126","page","type-page","status-publish","hentry"],"yoast_head":"<!-- This site is optimized with the Yoast SEO plugin v27.1.1 - https:\/\/yoast.com\/product\/yoast-seo-wordpress\/ -->\n<title>M\u00fckemmel Y\u00fczerlilik Uzmanl\u0131\u011f\u0131 &#187; Happy Bubbles Dal\u0131\u015f Merkezi<\/title>\n<meta name=\"robots\" content=\"index, follow, max-snippet:-1, max-image-preview:large, max-video-preview:-1\" \/>\n<link rel=\"canonical\" href=\"https:\/\/happybubbles.com\/tr\/perfect-bouyancy-specialty\/\" \/>\n<meta property=\"og:locale\" content=\"tr_TR\" \/>\n<meta property=\"og:type\" content=\"article\" \/>\n<meta property=\"og:title\" content=\"M\u00fckemmel Y\u00fczerlilik Uzmanl\u0131\u011f\u0131 &#187; Happy Bubbles Dal\u0131\u015f Merkezi\" \/>\n<meta property=\"og:description\" content=\"Y\u00fczerlilik kontrol\u00fcn\u00fc artt\u0131rmak, solunum gaz\u0131 sarfiyat\u0131n\u0131z\u0131 d\u00fc\u015f\u00fcrmek ya da deniz taban\u0131nda kolayl\u0131kla gezinmek ister misiniz? SSI M\u00fckemmel Y\u00fczerlilik program\u0131 size dal\u0131\u015f tecr\u00fcbenizi, sualt\u0131ndaki konfronuzu artt\u0131rmay\u0131 ve ekipman\u0131n\u0131zdan en iyi \u015fekilde yararlanmay\u0131 \u00f6\u011fretecektir. Kursu tamamlad\u0131\u011f\u0131n\u0131zda SSI &hellip;\" \/>\n<meta property=\"og:url\" content=\"https:\/\/happybubbles.com\/tr\/perfect-bouyancy-specialty\/\" \/>\n<meta property=\"og:site_name\" content=\"Happy Bubbles Dal\u0131\u015f Merkezi\" \/>\n<meta property=\"article:publisher\" content=\"https:\/\/www.facebook.com\/HappyBubblesDive\/\" \/>\n<meta property=\"article:modified_time\" content=\"2017-09-20T04:08:18+00:00\" \/>\n<meta property=\"og:image\" content=\"https:\/\/cdn-mdb-originpull.head.com\/CDN\/D\/93700553\/1\/598.jpg\" \/>\n<meta name=\"twitter:card\" content=\"summary_large_image\" \/>\n<meta name=\"twitter:label1\" content=\"Tahmini okuma s\u00fcresi\" \/>\n\t<meta name=\"twitter:data1\" content=\"1 dakika\" \/>\n<script type=\"application\/ld+json\" class=\"yoast-schema-graph\">{\"@context\":\"https:\/\/schema.org\",\"@graph\":[{\"@type\":\"WebPage\",\"@id\":\"https:\/\/happybubbles.com\/tr\/perfect-bouyancy-specialty\/\",\"url\":\"https:\/\/happybubbles.com\/tr\/perfect-bouyancy-specialty\/\",\"name\":\"M\u00fckemmel Y\u00fczerlilik Uzmanl\u0131\u011f\u0131 &#187; Happy Bubbles Dal\u0131\u015f Merkezi\",\"isPartOf\":{\"@id\":\"https:\/\/happybubbles.com\/#website\"},\"primaryImageOfPage\":{\"@id\":\"https:\/\/happybubbles.com\/tr\/perfect-bouyancy-specialty\/#primaryimage\"},\"image\":{\"@id\":\"https:\/\/happybubbles.com\/tr\/perfect-bouyancy-specialty\/#primaryimage\"},\"thumbnailUrl\":\"https:\/\/cdn-mdb-originpull.head.com\/CDN\/D\/93700553\/1\/598.jpg\",\"datePublished\":\"2017-09-20T04:04:10+00:00\",\"dateModified\":\"2017-09-20T04:08:18+00:00\",\"breadcrumb\":{\"@id\":\"https:\/\/happybubbles.com\/tr\/perfect-bouyancy-specialty\/#breadcrumb\"},\"inLanguage\":\"tr\",\"potentialAction\":[{\"@type\":\"ReadAction\",\"target\":[\"https:\/\/happybubbles.com\/tr\/perfect-bouyancy-specialty\/\"]}]},{\"@type\":\"ImageObject\",\"inLanguage\":\"tr\",\"@id\":\"https:\/\/happybubbles.com\/tr\/perfect-bouyancy-specialty\/#primaryimage\",\"url\":\"https:\/\/cdn-mdb-originpull.head.com\/CDN\/D\/93700553\/1\/598.jpg\",\"contentUrl\":\"https:\/\/cdn-mdb-originpull.head.com\/CDN\/D\/93700553\/1\/598.jpg\"},{\"@type\":\"BreadcrumbList\",\"@id\":\"https:\/\/happybubbles.com\/tr\/perfect-bouyancy-specialty\/#breadcrumb\",\"itemListElement\":[{\"@type\":\"ListItem\",\"position\":1,\"name\":\"Ana sayfa\",\"item\":\"https:\/\/happybubbles.com\/\"},{\"@type\":\"ListItem\",\"position\":2,\"name\":\"M\u00fckemmel Y\u00fczerlilik Uzmanl\u0131\u011f\u0131\"}]},{\"@type\":\"WebSite\",\"@id\":\"https:\/\/happybubbles.com\/#website\",\"url\":\"https:\/\/happybubbles.com\/\",\"name\":\"Happy Bubbles Dal\u0131\u015f Merkezi\",\"description\":\"arkada\u015f\u00e7a ve keyifli dal\u0131\u015flar, Bodrum - T\u00fcrkiye\",\"publisher\":{\"@id\":\"https:\/\/happybubbles.com\/#organization\"},\"potentialAction\":[{\"@type\":\"SearchAction\",\"target\":{\"@type\":\"EntryPoint\",\"urlTemplate\":\"https:\/\/happybubbles.com\/?s={search_term_string}\"},\"query-input\":{\"@type\":\"PropertyValueSpecification\",\"valueRequired\":true,\"valueName\":\"search_term_string\"}}],\"inLanguage\":\"tr\"},{\"@type\":\"Organization\",\"@id\":\"https:\/\/happybubbles.com\/#organization\",\"name\":\"Happy Bubbles Dive Center\",\"url\":\"https:\/\/happybubbles.com\/\",\"logo\":{\"@type\":\"ImageObject\",\"inLanguage\":\"tr\",\"@id\":\"https:\/\/happybubbles.com\/#\/schema\/logo\/image\/\",\"url\":\"https:\/\/happybubbles.com\/wp-content\/uploads\/anaLogo4.png\",\"contentUrl\":\"https:\/\/happybubbles.com\/wp-content\/uploads\/anaLogo4.png\",\"width\":139,\"height\":128,\"caption\":\"Happy Bubbles Dive Center\"},\"image\":{\"@id\":\"https:\/\/happybubbles.com\/#\/schema\/logo\/image\/\"},\"sameAs\":[\"https:\/\/www.facebook.com\/HappyBubblesDive\/\",\"https:\/\/www.instagram.com\/happybubblesdive\/\"]}]}<\/script>\n<!-- \/ Yoast SEO plugin. -->","yoast_head_json":{"title":"M\u00fckemmel Y\u00fczerlilik Uzmanl\u0131\u011f\u0131 &#187; Happy Bubbles Dal\u0131\u015f Merkezi","robots":{"index":"index","follow":"follow","max-snippet":"max-snippet:-1","max-image-preview":"max-image-preview:large","max-video-preview":"max-video-preview:-1"},"canonical":"https:\/\/happybubbles.com\/tr\/perfect-bouyancy-specialty\/","og_locale":"tr_TR","og_type":"article","og_title":"M\u00fckemmel Y\u00fczerlilik Uzmanl\u0131\u011f\u0131 &#187; Happy Bubbles Dal\u0131\u015f Merkezi","og_description":"Y\u00fczerlilik kontrol\u00fcn\u00fc artt\u0131rmak, solunum gaz\u0131 sarfiyat\u0131n\u0131z\u0131 d\u00fc\u015f\u00fcrmek ya da deniz taban\u0131nda kolayl\u0131kla gezinmek ister misiniz? SSI M\u00fckemmel Y\u00fczerlilik program\u0131 size dal\u0131\u015f tecr\u00fcbenizi, sualt\u0131ndaki konfronuzu artt\u0131rmay\u0131 ve ekipman\u0131n\u0131zdan en iyi \u015fekilde yararlanmay\u0131 \u00f6\u011fretecektir. Kursu tamamlad\u0131\u011f\u0131n\u0131zda SSI &hellip;","og_url":"https:\/\/happybubbles.com\/tr\/perfect-bouyancy-specialty\/","og_site_name":"Happy Bubbles Dal\u0131\u015f Merkezi","article_publisher":"https:\/\/www.facebook.com\/HappyBubblesDive\/","article_modified_time":"2017-09-20T04:08:18+00:00","og_image":[{"url":"https:\/\/cdn-mdb-originpull.head.com\/CDN\/D\/93700553\/1\/598.jpg","type":"","width":"","height":""}],"twitter_card":"summary_large_image","twitter_misc":{"Tahmini okuma s\u00fcresi":"1 dakika"},"schema":{"@context":"https:\/\/schema.org","@graph":[{"@type":"WebPage","@id":"https:\/\/happybubbles.com\/tr\/perfect-bouyancy-specialty\/","url":"https:\/\/happybubbles.com\/tr\/perfect-bouyancy-specialty\/","name":"M\u00fckemmel Y\u00fczerlilik Uzmanl\u0131\u011f\u0131 &#187; Happy Bubbles Dal\u0131\u015f Merkezi","isPartOf":{"@id":"https:\/\/happybubbles.com\/#website"},"primaryImageOfPage":{"@id":"https:\/\/happybubbles.com\/tr\/perfect-bouyancy-specialty\/#primaryimage"},"image":{"@id":"https:\/\/happybubbles.com\/tr\/perfect-bouyancy-specialty\/#primaryimage"},"thumbnailUrl":"https:\/\/cdn-mdb-originpull.head.com\/CDN\/D\/93700553\/1\/598.jpg","datePublished":"2017-09-20T04:04:10+00:00","dateModified":"2017-09-20T04:08:18+00:00","breadcrumb":{"@id":"https:\/\/happybubbles.com\/tr\/perfect-bouyancy-specialty\/#breadcrumb"},"inLanguage":"tr","potentialAction":[{"@type":"ReadAction","target":["https:\/\/happybubbles.com\/tr\/perfect-bouyancy-specialty\/"]}]},{"@type":"ImageObject","inLanguage":"tr","@id":"https:\/\/happybubbles.com\/tr\/perfect-bouyancy-specialty\/#primaryimage","url":"https:\/\/cdn-mdb-originpull.head.com\/CDN\/D\/93700553\/1\/598.jpg","contentUrl":"https:\/\/cdn-mdb-originpull.head.com\/CDN\/D\/93700553\/1\/598.jpg"},{"@type":"BreadcrumbList","@id":"https:\/\/happybubbles.com\/tr\/perfect-bouyancy-specialty\/#breadcrumb","itemListElement":[{"@type":"ListItem","position":1,"name":"Ana sayfa","item":"https:\/\/happybubbles.com\/"},{"@type":"ListItem","position":2,"name":"M\u00fckemmel Y\u00fczerlilik Uzmanl\u0131\u011f\u0131"}]},{"@type":"WebSite","@id":"https:\/\/happybubbles.com\/#website","url":"https:\/\/happybubbles.com\/","name":"Happy Bubbles Dal\u0131\u015f Merkezi","description":"arkada\u015f\u00e7a ve keyifli dal\u0131\u015flar, Bodrum - T\u00fcrkiye","publisher":{"@id":"https:\/\/happybubbles.com\/#organization"},"potentialAction":[{"@type":"SearchAction","target":{"@type":"EntryPoint","urlTemplate":"https:\/\/happybubbles.com\/?s={search_term_string}"},"query-input":{"@type":"PropertyValueSpecification","valueRequired":true,"valueName":"search_term_string"}}],"inLanguage":"tr"},{"@type":"Organization","@id":"https:\/\/happybubbles.com\/#organization","name":"Happy Bubbles Dive Center","url":"https:\/\/happybubbles.com\/","logo":{"@type":"ImageObject","inLanguage":"tr","@id":"https:\/\/happybubbles.com\/#\/schema\/logo\/image\/","url":"https:\/\/happybubbles.com\/wp-content\/uploads\/anaLogo4.png","contentUrl":"https:\/\/happybubbles.com\/wp-content\/uploads\/anaLogo4.png","width":139,"height":128,"caption":"Happy Bubbles Dive Center"},"image":{"@id":"https:\/\/happybubbles.com\/#\/schema\/logo\/image\/"},"sameAs":["https:\/\/www.facebook.com\/HappyBubblesDive\/","https:\/\/www.instagram.com\/happybubblesdive\/"]}]}},"_links":{"self":[{"href":"https:\/\/happybubbles.com\/tr\/wp-json\/wp\/v2\/pages\/2126","targetHints":{"allow":["GET"]}}],"collection":[{"href":"https:\/\/happybubbles.com\/tr\/wp-json\/wp\/v2\/pages"}],"about":[{"href":"https:\/\/happybubbles.com\/tr\/wp-json\/wp\/v2\/types\/page"}],"author":[{"embeddable":true,"href":"https:\/\/happybubbles.com\/tr\/wp-json\/wp\/v2\/users\/10"}],"replies":[{"embeddable":true,"href":"https:\/\/happybubbles.com\/tr\/wp-json\/wp\/v2\/comments?post=2126"}],"version-history":[{"count":3,"href":"https:\/\/happybubbles.com\/tr\/wp-json\/wp\/v2\/pages\/2126\/revisions"}],"predecessor-version":[{"id":2130,"href":"https:\/\/happybubbles.com\/tr\/wp-json\/wp\/v2\/pages\/2126\/revisions\/2130"}],"wp:attachment":[{"href":"https:\/\/happybubbles.com\/tr\/wp-json\/wp\/v2\/media?parent=2126"}],"curies":[{"name":"wp","href":"https:\/\/api.w.org\/{rel}","templated":true}]}}