{"id":2161,"date":"2018-01-04T16:10:43","date_gmt":"2018-01-04T13:10:43","guid":{"rendered":"http:\/\/happybubbles.com\/?page_id=2161"},"modified":"2018-01-04T16:18:49","modified_gmt":"2018-01-04T13:18:49","slug":"wreck-diving-specialty","status":"publish","type":"page","link":"https:\/\/happybubbles.com\/tr\/wreck-diving-specialty\/","title":{"rendered":"Bat\u0131k Dal\u0131\u015f\u0131 Uzmanl\u0131\u011f\u0131"},"content":{"rendered":"<p><img decoding=\"async\" src=\"https:\/\/cdn-mdb-originpull.head.com\/CDN\/D\/93700560\/1\/598.jpg\" \/><\/p>\n<p>Denizlerdeki en iyi dal\u0131\u015f noktalar\u0131 \u00e7a\u011flar boyu \u00e7e\u015fitli nedenle batm\u0131\u015f ya da bat\u0131r\u0131lm\u0131\u015f gemiler ve suni resiflerdir. Bu program bat\u0131klara g\u00fcvenli dal\u0131\u015f yapabilmeniz i\u00e7in bilmeniz gerekenleri ve bu sualt\u0131 hazinelerini nas\u0131l koruyaca\u011f\u0131n\u0131z\u0131 \u00f6\u011fretir. Kurs tamamland\u0131\u011f\u0131nda SSI Bat\u0131k Dal\u0131\u015f Uzmanl\u0131\u011f\u0131 sertifikas\u0131 almaya hak kazanacaks\u0131n\u0131z.<\/p>\n<table>\n<tbody>\n<tr valign=\"top\">\n<td><b>M<\/b><b>inimum Ya\u015f:<\/b><\/td>\n<td>10<\/td>\n<\/tr>\n<tr valign=\"top\">\n<td><b>Sertifika \u00d6n\u015fartlar\u0131:<\/b><\/td>\n<td>Open Water Diver<\/td>\n<\/tr>\n<tr valign=\"top\">\n<td><b>Akademik \u00c7al\u0131\u015fmalar\u0131:<\/b><\/td>\n<td>\u00c7evrimi\u00e7i e\u011fitim<\/td>\n<\/tr>\n<tr valign=\"top\">\n<td><b>Havuz\/K\u0131s\u0131tl\u0131 Su \u00c7al\u0131\u015fmalar\u0131:<\/b><\/td>\n<td>1 Se\u00e7imlik<\/td>\n<\/tr>\n<tr valign=\"top\">\n<td><b>A\u00e7\u0131k Deniz Dal\u0131\u015flar\u0131:<\/b><\/td>\n<td>2<\/td>\n<\/tr>\n<tr valign=\"top\">\n<td><b>Maksimum E\u011fitim Derinli\u011fi:<\/b><\/td>\n<td>Ya\u015fa G\u00f6re De\u011fi\u015fir<\/td>\n<\/tr>\n<tr valign=\"top\">\n<td><b>Tavsiye Edilen S\u00fcre:<\/b><\/td>\n<td>6 &#8211; 10 saat<\/td>\n<\/tr>\n<\/tbody>\n<\/table>\n<p><iframe loading=\"lazy\" src=\"https:\/\/www.youtube.com\/embed\/s5nEXXMdtXY\" width=\"560\" height=\"315\" frameborder=\"0\" allowfullscreen=\"allowfullscreen\"><\/iframe><\/p>\n","protected":false},"excerpt":{"rendered":"<p>Denizlerdeki en iyi dal\u0131\u015f noktalar\u0131 \u00e7a\u011flar boyu \u00e7e\u015fitli nedenle batm\u0131\u015f ya da bat\u0131r\u0131lm\u0131\u015f gemiler ve suni resiflerdir. Bu program bat\u0131klara g\u00fcvenli dal\u0131\u015f yapabilmeniz i\u00e7in bilmeniz gerekenleri ve bu sualt\u0131 hazinelerini nas\u0131l koruyaca\u011f\u0131n\u0131z\u0131 \u00f6\u011fretir. Kurs tamamland\u0131\u011f\u0131nda &hellip;<\/p>\n","protected":false},"author":10,"featured_media":0,"parent":0,"menu_order":0,"comment_status":"closed","ping_status":"closed","template":"","meta":{"footnotes":""},"class_list":["post-2161","page","type-page","status-publish","hentry"],"yoast_head":"<!-- This site is optimized with the Yoast SEO plugin v27.1.1 - https:\/\/yoast.com\/product\/yoast-seo-wordpress\/ -->\n<title>Bat\u0131k Dal\u0131\u015f\u0131 Uzmanl\u0131\u011f\u0131 &#187; Happy Bubbles Dal\u0131\u015f Merkezi<\/title>\n<meta name=\"robots\" content=\"index, follow, max-snippet:-1, max-image-preview:large, max-video-preview:-1\" \/>\n<link rel=\"canonical\" href=\"https:\/\/happybubbles.com\/en\/wreck-diving-specialty\/\" \/>\n<meta property=\"og:locale\" content=\"tr_TR\" \/>\n<meta property=\"og:type\" content=\"article\" \/>\n<meta property=\"og:title\" content=\"Bat\u0131k Dal\u0131\u015f\u0131 Uzmanl\u0131\u011f\u0131 &#187; Happy Bubbles Dal\u0131\u015f Merkezi\" \/>\n<meta property=\"og:description\" content=\"Denizlerdeki en iyi dal\u0131\u015f noktalar\u0131 \u00e7a\u011flar boyu \u00e7e\u015fitli nedenle batm\u0131\u015f ya da bat\u0131r\u0131lm\u0131\u015f gemiler ve suni resiflerdir. Bu program bat\u0131klara g\u00fcvenli dal\u0131\u015f yapabilmeniz i\u00e7in bilmeniz gerekenleri ve bu sualt\u0131 hazinelerini nas\u0131l koruyaca\u011f\u0131n\u0131z\u0131 \u00f6\u011fretir. Kurs tamamland\u0131\u011f\u0131nda &hellip;\" \/>\n<meta property=\"og:url\" content=\"https:\/\/happybubbles.com\/en\/wreck-diving-specialty\/\" \/>\n<meta property=\"og:site_name\" content=\"Happy Bubbles Dal\u0131\u015f Merkezi\" \/>\n<meta property=\"article:publisher\" content=\"https:\/\/www.facebook.com\/HappyBubblesDive\/\" \/>\n<meta property=\"article:modified_time\" content=\"2018-01-04T13:18:49+00:00\" \/>\n<meta property=\"og:image\" content=\"https:\/\/cdn-mdb-originpull.head.com\/CDN\/D\/93700560\/1\/598.jpg\" \/>\n<meta name=\"twitter:card\" content=\"summary_large_image\" \/>\n<meta name=\"twitter:label1\" content=\"Tahmini okuma s\u00fcresi\" \/>\n\t<meta name=\"twitter:data1\" content=\"1 dakika\" \/>\n<script type=\"application\/ld+json\" class=\"yoast-schema-graph\">{\"@context\":\"https:\/\/schema.org\",\"@graph\":[{\"@type\":\"WebPage\",\"@id\":\"https:\/\/happybubbles.com\/en\/wreck-diving-specialty\/\",\"url\":\"https:\/\/happybubbles.com\/en\/wreck-diving-specialty\/\",\"name\":\"Bat\u0131k Dal\u0131\u015f\u0131 Uzmanl\u0131\u011f\u0131 &#187; Happy Bubbles Dal\u0131\u015f Merkezi\",\"isPartOf\":{\"@id\":\"https:\/\/happybubbles.com\/#website\"},\"primaryImageOfPage\":{\"@id\":\"https:\/\/happybubbles.com\/en\/wreck-diving-specialty\/#primaryimage\"},\"image\":{\"@id\":\"https:\/\/happybubbles.com\/en\/wreck-diving-specialty\/#primaryimage\"},\"thumbnailUrl\":\"https:\/\/cdn-mdb-originpull.head.com\/CDN\/D\/93700560\/1\/598.jpg\",\"datePublished\":\"2018-01-04T13:10:43+00:00\",\"dateModified\":\"2018-01-04T13:18:49+00:00\",\"breadcrumb\":{\"@id\":\"https:\/\/happybubbles.com\/en\/wreck-diving-specialty\/#breadcrumb\"},\"inLanguage\":\"tr\",\"potentialAction\":[{\"@type\":\"ReadAction\",\"target\":[\"https:\/\/happybubbles.com\/en\/wreck-diving-specialty\/\"]}]},{\"@type\":\"ImageObject\",\"inLanguage\":\"tr\",\"@id\":\"https:\/\/happybubbles.com\/en\/wreck-diving-specialty\/#primaryimage\",\"url\":\"https:\/\/cdn-mdb-originpull.head.com\/CDN\/D\/93700560\/1\/598.jpg\",\"contentUrl\":\"https:\/\/cdn-mdb-originpull.head.com\/CDN\/D\/93700560\/1\/598.jpg\"},{\"@type\":\"BreadcrumbList\",\"@id\":\"https:\/\/happybubbles.com\/en\/wreck-diving-specialty\/#breadcrumb\",\"itemListElement\":[{\"@type\":\"ListItem\",\"position\":1,\"name\":\"Ana sayfa\",\"item\":\"https:\/\/happybubbles.com\/\"},{\"@type\":\"ListItem\",\"position\":2,\"name\":\"Wreck Diving Specialty\"}]},{\"@type\":\"WebSite\",\"@id\":\"https:\/\/happybubbles.com\/#website\",\"url\":\"https:\/\/happybubbles.com\/\",\"name\":\"Happy Bubbles Dal\u0131\u015f Merkezi\",\"description\":\"arkada\u015f\u00e7a ve keyifli dal\u0131\u015flar, Bodrum - T\u00fcrkiye\",\"publisher\":{\"@id\":\"https:\/\/happybubbles.com\/#organization\"},\"potentialAction\":[{\"@type\":\"SearchAction\",\"target\":{\"@type\":\"EntryPoint\",\"urlTemplate\":\"https:\/\/happybubbles.com\/?s={search_term_string}\"},\"query-input\":{\"@type\":\"PropertyValueSpecification\",\"valueRequired\":true,\"valueName\":\"search_term_string\"}}],\"inLanguage\":\"tr\"},{\"@type\":\"Organization\",\"@id\":\"https:\/\/happybubbles.com\/#organization\",\"name\":\"Happy Bubbles Dive Center\",\"url\":\"https:\/\/happybubbles.com\/\",\"logo\":{\"@type\":\"ImageObject\",\"inLanguage\":\"tr\",\"@id\":\"https:\/\/happybubbles.com\/#\/schema\/logo\/image\/\",\"url\":\"https:\/\/happybubbles.com\/wp-content\/uploads\/anaLogo4.png\",\"contentUrl\":\"https:\/\/happybubbles.com\/wp-content\/uploads\/anaLogo4.png\",\"width\":139,\"height\":128,\"caption\":\"Happy Bubbles Dive Center\"},\"image\":{\"@id\":\"https:\/\/happybubbles.com\/#\/schema\/logo\/image\/\"},\"sameAs\":[\"https:\/\/www.facebook.com\/HappyBubblesDive\/\",\"https:\/\/www.instagram.com\/happybubblesdive\/\"]}]}<\/script>\n<!-- \/ Yoast SEO plugin. -->","yoast_head_json":{"title":"Bat\u0131k Dal\u0131\u015f\u0131 Uzmanl\u0131\u011f\u0131 &#187; Happy Bubbles Dal\u0131\u015f Merkezi","robots":{"index":"index","follow":"follow","max-snippet":"max-snippet:-1","max-image-preview":"max-image-preview:large","max-video-preview":"max-video-preview:-1"},"canonical":"https:\/\/happybubbles.com\/en\/wreck-diving-specialty\/","og_locale":"tr_TR","og_type":"article","og_title":"Bat\u0131k Dal\u0131\u015f\u0131 Uzmanl\u0131\u011f\u0131 &#187; Happy Bubbles Dal\u0131\u015f Merkezi","og_description":"Denizlerdeki en iyi dal\u0131\u015f noktalar\u0131 \u00e7a\u011flar boyu \u00e7e\u015fitli nedenle batm\u0131\u015f ya da bat\u0131r\u0131lm\u0131\u015f gemiler ve suni resiflerdir. Bu program bat\u0131klara g\u00fcvenli dal\u0131\u015f yapabilmeniz i\u00e7in bilmeniz gerekenleri ve bu sualt\u0131 hazinelerini nas\u0131l koruyaca\u011f\u0131n\u0131z\u0131 \u00f6\u011fretir. Kurs tamamland\u0131\u011f\u0131nda &hellip;","og_url":"https:\/\/happybubbles.com\/en\/wreck-diving-specialty\/","og_site_name":"Happy Bubbles Dal\u0131\u015f Merkezi","article_publisher":"https:\/\/www.facebook.com\/HappyBubblesDive\/","article_modified_time":"2018-01-04T13:18:49+00:00","og_image":[{"url":"https:\/\/cdn-mdb-originpull.head.com\/CDN\/D\/93700560\/1\/598.jpg","type":"","width":"","height":""}],"twitter_card":"summary_large_image","twitter_misc":{"Tahmini okuma s\u00fcresi":"1 dakika"},"schema":{"@context":"https:\/\/schema.org","@graph":[{"@type":"WebPage","@id":"https:\/\/happybubbles.com\/en\/wreck-diving-specialty\/","url":"https:\/\/happybubbles.com\/en\/wreck-diving-specialty\/","name":"Bat\u0131k Dal\u0131\u015f\u0131 Uzmanl\u0131\u011f\u0131 &#187; Happy Bubbles Dal\u0131\u015f Merkezi","isPartOf":{"@id":"https:\/\/happybubbles.com\/#website"},"primaryImageOfPage":{"@id":"https:\/\/happybubbles.com\/en\/wreck-diving-specialty\/#primaryimage"},"image":{"@id":"https:\/\/happybubbles.com\/en\/wreck-diving-specialty\/#primaryimage"},"thumbnailUrl":"https:\/\/cdn-mdb-originpull.head.com\/CDN\/D\/93700560\/1\/598.jpg","datePublished":"2018-01-04T13:10:43+00:00","dateModified":"2018-01-04T13:18:49+00:00","breadcrumb":{"@id":"https:\/\/happybubbles.com\/en\/wreck-diving-specialty\/#breadcrumb"},"inLanguage":"tr","potentialAction":[{"@type":"ReadAction","target":["https:\/\/happybubbles.com\/en\/wreck-diving-specialty\/"]}]},{"@type":"ImageObject","inLanguage":"tr","@id":"https:\/\/happybubbles.com\/en\/wreck-diving-specialty\/#primaryimage","url":"https:\/\/cdn-mdb-originpull.head.com\/CDN\/D\/93700560\/1\/598.jpg","contentUrl":"https:\/\/cdn-mdb-originpull.head.com\/CDN\/D\/93700560\/1\/598.jpg"},{"@type":"BreadcrumbList","@id":"https:\/\/happybubbles.com\/en\/wreck-diving-specialty\/#breadcrumb","itemListElement":[{"@type":"ListItem","position":1,"name":"Ana sayfa","item":"https:\/\/happybubbles.com\/"},{"@type":"ListItem","position":2,"name":"Wreck Diving Specialty"}]},{"@type":"WebSite","@id":"https:\/\/happybubbles.com\/#website","url":"https:\/\/happybubbles.com\/","name":"Happy Bubbles Dal\u0131\u015f Merkezi","description":"arkada\u015f\u00e7a ve keyifli dal\u0131\u015flar, Bodrum - T\u00fcrkiye","publisher":{"@id":"https:\/\/happybubbles.com\/#organization"},"potentialAction":[{"@type":"SearchAction","target":{"@type":"EntryPoint","urlTemplate":"https:\/\/happybubbles.com\/?s={search_term_string}"},"query-input":{"@type":"PropertyValueSpecification","valueRequired":true,"valueName":"search_term_string"}}],"inLanguage":"tr"},{"@type":"Organization","@id":"https:\/\/happybubbles.com\/#organization","name":"Happy Bubbles Dive Center","url":"https:\/\/happybubbles.com\/","logo":{"@type":"ImageObject","inLanguage":"tr","@id":"https:\/\/happybubbles.com\/#\/schema\/logo\/image\/","url":"https:\/\/happybubbles.com\/wp-content\/uploads\/anaLogo4.png","contentUrl":"https:\/\/happybubbles.com\/wp-content\/uploads\/anaLogo4.png","width":139,"height":128,"caption":"Happy Bubbles Dive Center"},"image":{"@id":"https:\/\/happybubbles.com\/#\/schema\/logo\/image\/"},"sameAs":["https:\/\/www.facebook.com\/HappyBubblesDive\/","https:\/\/www.instagram.com\/happybubblesdive\/"]}]}},"_links":{"self":[{"href":"https:\/\/happybubbles.com\/tr\/wp-json\/wp\/v2\/pages\/2161","targetHints":{"allow":["GET"]}}],"collection":[{"href":"https:\/\/happybubbles.com\/tr\/wp-json\/wp\/v2\/pages"}],"about":[{"href":"https:\/\/happybubbles.com\/tr\/wp-json\/wp\/v2\/types\/page"}],"author":[{"embeddable":true,"href":"https:\/\/happybubbles.com\/tr\/wp-json\/wp\/v2\/users\/10"}],"replies":[{"embeddable":true,"href":"https:\/\/happybubbles.com\/tr\/wp-json\/wp\/v2\/comments?post=2161"}],"version-history":[{"count":3,"href":"https:\/\/happybubbles.com\/tr\/wp-json\/wp\/v2\/pages\/2161\/revisions"}],"predecessor-version":[{"id":2165,"href":"https:\/\/happybubbles.com\/tr\/wp-json\/wp\/v2\/pages\/2161\/revisions\/2165"}],"wp:attachment":[{"href":"https:\/\/happybubbles.com\/tr\/wp-json\/wp\/v2\/media?parent=2161"}],"curies":[{"name":"wp","href":"https:\/\/api.w.org\/{rel}","templated":true}]}}