{"id":2170,"date":"2018-01-04T17:08:14","date_gmt":"2018-01-04T14:08:14","guid":{"rendered":"http:\/\/happybubbles.com\/?page_id=2170"},"modified":"2018-01-04T17:09:59","modified_gmt":"2018-01-04T14:09:59","slug":"enriched-air-nitrox-specialty","status":"publish","type":"page","link":"https:\/\/happybubbles.com\/tr\/enriched-air-nitrox-specialty\/","title":{"rendered":"Zenginle\u015ftirilmi\u015f Hava Nitrox Uzmanl\u0131\u011f\u0131"},"content":{"rendered":"<p><img decoding=\"async\" src=\"https:\/\/cdn-mdb-originpull.head.com\/CDN\/D\/93700552\/1\/598.jpg\" \/><\/p>\n<p>SSI Zenginle\u015ftirilmi\u015f Hava Nitrox program\u0131 size %40&#8217;a kadar oksijenle zenginle\u015ftirilmi\u015f hava gazlar\u0131 kullanarak nas\u0131l g\u00fcvenli bir dal\u0131\u015f planlayaca\u011f\u0131n\u0131z\u0131 ve ger\u00e7ekle\u015ftirece\u011finizi \u00f6\u011fretir. Nitrox ile yap\u0131lan dal\u0131\u015flar normal havayla yap\u0131lan dal\u0131\u015flara k\u0131yasla dekosuz dal\u0131\u015f s\u00fcrelerinizi uzatabilir, dal\u0131\u015f g\u00fcvenli\u011finizi artt\u0131r\u0131r ve dal\u0131\u015f aralar\u0131nda yapaca\u011f\u0131n\u0131z beklemeleri k\u0131salt\u0131r. Kursu tamamlad\u0131\u011f\u0131n\u0131zda %32 (dal\u0131\u015fs\u0131z) ya da %40 (dal\u0131\u015fl\u0131) SSI Zanginle\u015ftirilmi\u015f Hava Nitrox Uzmanl\u0131k sertifikas\u0131 almaya hak kazan\u0131rs\u0131n\u0131z.<\/p>\n<table>\n<tbody>\n<tr valign=\"top\">\n<td><b>M<\/b><b>inimum Ya\u015f:<\/b><\/td>\n<td>10<\/td>\n<\/tr>\n<tr valign=\"top\">\n<td><b>Sertifika \u00d6n\u015fartlar\u0131:<\/b><\/td>\n<td>Open Water Diver<\/td>\n<\/tr>\n<tr valign=\"top\">\n<td><b>Akademik \u00c7al\u0131\u015fmalar\u0131:<\/b><\/td>\n<td>\u00c7evrimi\u00e7i e\u011fitim<\/td>\n<\/tr>\n<tr valign=\"top\">\n<td><b>Havuz\/K\u0131s\u0131tl\u0131 Su \u00c7al\u0131\u015fmalar\u0131:<\/b><\/td>\n<td>Se\u00e7imlik<\/td>\n<\/tr>\n<tr valign=\"top\">\n<td><b>A\u00e7\u0131k Deniz Dal\u0131\u015flar\u0131:<\/b><\/td>\n<td>Se\u00e7imlik<\/td>\n<\/tr>\n<tr valign=\"top\">\n<td><b>Maksimum E\u011fitim Derinli\u011fi:<\/b><\/td>\n<td>Se\u00e7imlik<\/td>\n<\/tr>\n<tr valign=\"top\">\n<td><b>Tavsiye Edilen S\u00fcre:<\/b><\/td>\n<td>6 &#8211; 10 saat<\/td>\n<\/tr>\n<\/tbody>\n<\/table>\n<p><iframe loading=\"lazy\" src=\"https:\/\/www.youtube.com\/embed\/ymRy7dEiP8I\" width=\"560\" height=\"315\" frameborder=\"0\" allowfullscreen=\"allowfullscreen\"><\/iframe><\/p>\n","protected":false},"excerpt":{"rendered":"<p>SSI Zenginle\u015ftirilmi\u015f Hava Nitrox program\u0131 size %40&#8217;a kadar oksijenle zenginle\u015ftirilmi\u015f hava gazlar\u0131 kullanarak nas\u0131l g\u00fcvenli bir dal\u0131\u015f planlayaca\u011f\u0131n\u0131z\u0131 ve ger\u00e7ekle\u015ftirece\u011finizi \u00f6\u011fretir. Nitrox ile yap\u0131lan dal\u0131\u015flar normal havayla yap\u0131lan dal\u0131\u015flara k\u0131yasla dekosuz dal\u0131\u015f s\u00fcrelerinizi uzatabilir, dal\u0131\u015f &hellip;<\/p>\n","protected":false},"author":10,"featured_media":0,"parent":0,"menu_order":0,"comment_status":"closed","ping_status":"closed","template":"","meta":{"footnotes":""},"class_list":["post-2170","page","type-page","status-publish","hentry"],"yoast_head":"<!-- This site is optimized with the Yoast SEO plugin v27.1.1 - https:\/\/yoast.com\/product\/yoast-seo-wordpress\/ -->\n<title>Zenginle\u015ftirilmi\u015f Hava Nitrox Uzmanl\u0131\u011f\u0131 &#187; Happy Bubbles Dal\u0131\u015f Merkezi<\/title>\n<meta name=\"robots\" content=\"index, follow, max-snippet:-1, max-image-preview:large, max-video-preview:-1\" \/>\n<link rel=\"canonical\" href=\"https:\/\/happybubbles.com\/en\/enriched-air-nitrox-specialty\/\" \/>\n<meta property=\"og:locale\" content=\"tr_TR\" \/>\n<meta property=\"og:type\" content=\"article\" \/>\n<meta property=\"og:title\" content=\"Zenginle\u015ftirilmi\u015f Hava Nitrox Uzmanl\u0131\u011f\u0131 &#187; Happy Bubbles Dal\u0131\u015f Merkezi\" \/>\n<meta property=\"og:description\" content=\"SSI Zenginle\u015ftirilmi\u015f Hava Nitrox program\u0131 size %40&#8217;a kadar oksijenle zenginle\u015ftirilmi\u015f hava gazlar\u0131 kullanarak nas\u0131l g\u00fcvenli bir dal\u0131\u015f planlayaca\u011f\u0131n\u0131z\u0131 ve ger\u00e7ekle\u015ftirece\u011finizi \u00f6\u011fretir. Nitrox ile yap\u0131lan dal\u0131\u015flar normal havayla yap\u0131lan dal\u0131\u015flara k\u0131yasla dekosuz dal\u0131\u015f s\u00fcrelerinizi uzatabilir, dal\u0131\u015f &hellip;\" \/>\n<meta property=\"og:url\" content=\"https:\/\/happybubbles.com\/en\/enriched-air-nitrox-specialty\/\" \/>\n<meta property=\"og:site_name\" content=\"Happy Bubbles Dal\u0131\u015f Merkezi\" \/>\n<meta property=\"article:publisher\" content=\"https:\/\/www.facebook.com\/HappyBubblesDive\/\" \/>\n<meta property=\"article:modified_time\" content=\"2018-01-04T14:09:59+00:00\" \/>\n<meta property=\"og:image\" content=\"https:\/\/cdn-mdb-originpull.head.com\/CDN\/D\/93700552\/1\/598.jpg\" \/>\n<meta name=\"twitter:card\" content=\"summary_large_image\" \/>\n<meta name=\"twitter:label1\" content=\"Tahmini okuma s\u00fcresi\" \/>\n\t<meta name=\"twitter:data1\" content=\"1 dakika\" \/>\n<script type=\"application\/ld+json\" class=\"yoast-schema-graph\">{\"@context\":\"https:\/\/schema.org\",\"@graph\":[{\"@type\":\"WebPage\",\"@id\":\"https:\/\/happybubbles.com\/en\/enriched-air-nitrox-specialty\/\",\"url\":\"https:\/\/happybubbles.com\/en\/enriched-air-nitrox-specialty\/\",\"name\":\"Zenginle\u015ftirilmi\u015f Hava Nitrox Uzmanl\u0131\u011f\u0131 &#187; Happy Bubbles Dal\u0131\u015f Merkezi\",\"isPartOf\":{\"@id\":\"https:\/\/happybubbles.com\/#website\"},\"primaryImageOfPage\":{\"@id\":\"https:\/\/happybubbles.com\/en\/enriched-air-nitrox-specialty\/#primaryimage\"},\"image\":{\"@id\":\"https:\/\/happybubbles.com\/en\/enriched-air-nitrox-specialty\/#primaryimage\"},\"thumbnailUrl\":\"https:\/\/cdn-mdb-originpull.head.com\/CDN\/D\/93700552\/1\/598.jpg\",\"datePublished\":\"2018-01-04T14:08:14+00:00\",\"dateModified\":\"2018-01-04T14:09:59+00:00\",\"breadcrumb\":{\"@id\":\"https:\/\/happybubbles.com\/en\/enriched-air-nitrox-specialty\/#breadcrumb\"},\"inLanguage\":\"tr\",\"potentialAction\":[{\"@type\":\"ReadAction\",\"target\":[\"https:\/\/happybubbles.com\/en\/enriched-air-nitrox-specialty\/\"]}]},{\"@type\":\"ImageObject\",\"inLanguage\":\"tr\",\"@id\":\"https:\/\/happybubbles.com\/en\/enriched-air-nitrox-specialty\/#primaryimage\",\"url\":\"https:\/\/cdn-mdb-originpull.head.com\/CDN\/D\/93700552\/1\/598.jpg\",\"contentUrl\":\"https:\/\/cdn-mdb-originpull.head.com\/CDN\/D\/93700552\/1\/598.jpg\"},{\"@type\":\"BreadcrumbList\",\"@id\":\"https:\/\/happybubbles.com\/en\/enriched-air-nitrox-specialty\/#breadcrumb\",\"itemListElement\":[{\"@type\":\"ListItem\",\"position\":1,\"name\":\"Ana sayfa\",\"item\":\"https:\/\/happybubbles.com\/\"},{\"@type\":\"ListItem\",\"position\":2,\"name\":\"Enriched Air Nitrox Specialty\"}]},{\"@type\":\"WebSite\",\"@id\":\"https:\/\/happybubbles.com\/#website\",\"url\":\"https:\/\/happybubbles.com\/\",\"name\":\"Happy Bubbles Dal\u0131\u015f Merkezi\",\"description\":\"arkada\u015f\u00e7a ve keyifli dal\u0131\u015flar, Bodrum - T\u00fcrkiye\",\"publisher\":{\"@id\":\"https:\/\/happybubbles.com\/#organization\"},\"potentialAction\":[{\"@type\":\"SearchAction\",\"target\":{\"@type\":\"EntryPoint\",\"urlTemplate\":\"https:\/\/happybubbles.com\/?s={search_term_string}\"},\"query-input\":{\"@type\":\"PropertyValueSpecification\",\"valueRequired\":true,\"valueName\":\"search_term_string\"}}],\"inLanguage\":\"tr\"},{\"@type\":\"Organization\",\"@id\":\"https:\/\/happybubbles.com\/#organization\",\"name\":\"Happy Bubbles Dive Center\",\"url\":\"https:\/\/happybubbles.com\/\",\"logo\":{\"@type\":\"ImageObject\",\"inLanguage\":\"tr\",\"@id\":\"https:\/\/happybubbles.com\/#\/schema\/logo\/image\/\",\"url\":\"https:\/\/happybubbles.com\/wp-content\/uploads\/anaLogo4.png\",\"contentUrl\":\"https:\/\/happybubbles.com\/wp-content\/uploads\/anaLogo4.png\",\"width\":139,\"height\":128,\"caption\":\"Happy Bubbles Dive Center\"},\"image\":{\"@id\":\"https:\/\/happybubbles.com\/#\/schema\/logo\/image\/\"},\"sameAs\":[\"https:\/\/www.facebook.com\/HappyBubblesDive\/\",\"https:\/\/www.instagram.com\/happybubblesdive\/\"]}]}<\/script>\n<!-- \/ Yoast SEO plugin. -->","yoast_head_json":{"title":"Zenginle\u015ftirilmi\u015f Hava Nitrox Uzmanl\u0131\u011f\u0131 &#187; Happy Bubbles Dal\u0131\u015f Merkezi","robots":{"index":"index","follow":"follow","max-snippet":"max-snippet:-1","max-image-preview":"max-image-preview:large","max-video-preview":"max-video-preview:-1"},"canonical":"https:\/\/happybubbles.com\/en\/enriched-air-nitrox-specialty\/","og_locale":"tr_TR","og_type":"article","og_title":"Zenginle\u015ftirilmi\u015f Hava Nitrox Uzmanl\u0131\u011f\u0131 &#187; Happy Bubbles Dal\u0131\u015f Merkezi","og_description":"SSI Zenginle\u015ftirilmi\u015f Hava Nitrox program\u0131 size %40&#8217;a kadar oksijenle zenginle\u015ftirilmi\u015f hava gazlar\u0131 kullanarak nas\u0131l g\u00fcvenli bir dal\u0131\u015f planlayaca\u011f\u0131n\u0131z\u0131 ve ger\u00e7ekle\u015ftirece\u011finizi \u00f6\u011fretir. Nitrox ile yap\u0131lan dal\u0131\u015flar normal havayla yap\u0131lan dal\u0131\u015flara k\u0131yasla dekosuz dal\u0131\u015f s\u00fcrelerinizi uzatabilir, dal\u0131\u015f &hellip;","og_url":"https:\/\/happybubbles.com\/en\/enriched-air-nitrox-specialty\/","og_site_name":"Happy Bubbles Dal\u0131\u015f Merkezi","article_publisher":"https:\/\/www.facebook.com\/HappyBubblesDive\/","article_modified_time":"2018-01-04T14:09:59+00:00","og_image":[{"url":"https:\/\/cdn-mdb-originpull.head.com\/CDN\/D\/93700552\/1\/598.jpg","type":"","width":"","height":""}],"twitter_card":"summary_large_image","twitter_misc":{"Tahmini okuma s\u00fcresi":"1 dakika"},"schema":{"@context":"https:\/\/schema.org","@graph":[{"@type":"WebPage","@id":"https:\/\/happybubbles.com\/en\/enriched-air-nitrox-specialty\/","url":"https:\/\/happybubbles.com\/en\/enriched-air-nitrox-specialty\/","name":"Zenginle\u015ftirilmi\u015f Hava Nitrox Uzmanl\u0131\u011f\u0131 &#187; Happy Bubbles Dal\u0131\u015f Merkezi","isPartOf":{"@id":"https:\/\/happybubbles.com\/#website"},"primaryImageOfPage":{"@id":"https:\/\/happybubbles.com\/en\/enriched-air-nitrox-specialty\/#primaryimage"},"image":{"@id":"https:\/\/happybubbles.com\/en\/enriched-air-nitrox-specialty\/#primaryimage"},"thumbnailUrl":"https:\/\/cdn-mdb-originpull.head.com\/CDN\/D\/93700552\/1\/598.jpg","datePublished":"2018-01-04T14:08:14+00:00","dateModified":"2018-01-04T14:09:59+00:00","breadcrumb":{"@id":"https:\/\/happybubbles.com\/en\/enriched-air-nitrox-specialty\/#breadcrumb"},"inLanguage":"tr","potentialAction":[{"@type":"ReadAction","target":["https:\/\/happybubbles.com\/en\/enriched-air-nitrox-specialty\/"]}]},{"@type":"ImageObject","inLanguage":"tr","@id":"https:\/\/happybubbles.com\/en\/enriched-air-nitrox-specialty\/#primaryimage","url":"https:\/\/cdn-mdb-originpull.head.com\/CDN\/D\/93700552\/1\/598.jpg","contentUrl":"https:\/\/cdn-mdb-originpull.head.com\/CDN\/D\/93700552\/1\/598.jpg"},{"@type":"BreadcrumbList","@id":"https:\/\/happybubbles.com\/en\/enriched-air-nitrox-specialty\/#breadcrumb","itemListElement":[{"@type":"ListItem","position":1,"name":"Ana sayfa","item":"https:\/\/happybubbles.com\/"},{"@type":"ListItem","position":2,"name":"Enriched Air Nitrox Specialty"}]},{"@type":"WebSite","@id":"https:\/\/happybubbles.com\/#website","url":"https:\/\/happybubbles.com\/","name":"Happy Bubbles Dal\u0131\u015f Merkezi","description":"arkada\u015f\u00e7a ve keyifli dal\u0131\u015flar, Bodrum - T\u00fcrkiye","publisher":{"@id":"https:\/\/happybubbles.com\/#organization"},"potentialAction":[{"@type":"SearchAction","target":{"@type":"EntryPoint","urlTemplate":"https:\/\/happybubbles.com\/?s={search_term_string}"},"query-input":{"@type":"PropertyValueSpecification","valueRequired":true,"valueName":"search_term_string"}}],"inLanguage":"tr"},{"@type":"Organization","@id":"https:\/\/happybubbles.com\/#organization","name":"Happy Bubbles Dive Center","url":"https:\/\/happybubbles.com\/","logo":{"@type":"ImageObject","inLanguage":"tr","@id":"https:\/\/happybubbles.com\/#\/schema\/logo\/image\/","url":"https:\/\/happybubbles.com\/wp-content\/uploads\/anaLogo4.png","contentUrl":"https:\/\/happybubbles.com\/wp-content\/uploads\/anaLogo4.png","width":139,"height":128,"caption":"Happy Bubbles Dive Center"},"image":{"@id":"https:\/\/happybubbles.com\/#\/schema\/logo\/image\/"},"sameAs":["https:\/\/www.facebook.com\/HappyBubblesDive\/","https:\/\/www.instagram.com\/happybubblesdive\/"]}]}},"_links":{"self":[{"href":"https:\/\/happybubbles.com\/tr\/wp-json\/wp\/v2\/pages\/2170","targetHints":{"allow":["GET"]}}],"collection":[{"href":"https:\/\/happybubbles.com\/tr\/wp-json\/wp\/v2\/pages"}],"about":[{"href":"https:\/\/happybubbles.com\/tr\/wp-json\/wp\/v2\/types\/page"}],"author":[{"embeddable":true,"href":"https:\/\/happybubbles.com\/tr\/wp-json\/wp\/v2\/users\/10"}],"replies":[{"embeddable":true,"href":"https:\/\/happybubbles.com\/tr\/wp-json\/wp\/v2\/comments?post=2170"}],"version-history":[{"count":4,"href":"https:\/\/happybubbles.com\/tr\/wp-json\/wp\/v2\/pages\/2170\/revisions"}],"predecessor-version":[{"id":2172,"href":"https:\/\/happybubbles.com\/tr\/wp-json\/wp\/v2\/pages\/2170\/revisions\/2172"}],"wp:attachment":[{"href":"https:\/\/happybubbles.com\/tr\/wp-json\/wp\/v2\/media?parent=2170"}],"curies":[{"name":"wp","href":"https:\/\/api.w.org\/{rel}","templated":true}]}}