{"id":2208,"date":"2018-01-22T00:20:29","date_gmt":"2018-01-21T21:20:29","guid":{"rendered":"http:\/\/happybubbles.com\/?page_id=2208"},"modified":"2018-04-24T11:13:10","modified_gmt":"2018-04-24T08:13:10","slug":"one-night-stand-dalislar","status":"publish","type":"page","link":"https:\/\/happybubbles.com\/tr\/one-night-stand-dalislar\/","title":{"rendered":"One Night Stand Dal\u0131\u015flar"},"content":{"rendered":"<p><img loading=\"lazy\" decoding=\"async\" class=\"alignnone wp-image-2218 size-large\" src=\"http:\/\/happybubbles.com\/wp-content\/uploads\/IMG_20170716_063604-1024x576.jpg\" alt=\"\" width=\"800\" height=\"450\" srcset=\"https:\/\/happybubbles.com\/wp-content\/uploads\/IMG_20170716_063604-1024x576.jpg 1024w, https:\/\/happybubbles.com\/wp-content\/uploads\/IMG_20170716_063604-300x169.jpg 300w, https:\/\/happybubbles.com\/wp-content\/uploads\/IMG_20170716_063604-768x432.jpg 768w, https:\/\/happybubbles.com\/wp-content\/uploads\/IMG_20170716_063604-150x84.jpg 150w\" sizes=\"auto, (max-width: 800px) 100vw, 800px\" \/><\/p>\n<p>Bodrum, dal\u0131\u015flar\u0131 oldu\u011fu kadar mavi turlar\u0131yla da me\u015fhur bir tatil beldesidir. Biz bu iki muhte\u015fem aktiviteyi bir araya getirdik. Tek gece konaklamal\u0131 dal\u0131\u015f program\u0131m\u0131z &#8220;One Night Stand&#8221; dal\u0131\u015flarla uzak mesafeleri nedeniyle her zaman gidemedi\u011fimiz nefis dal\u0131\u015f noktalar\u0131na dalma imkan\u0131m\u0131z oluyor.<\/p>\n<p>Tam pansiyon tekne konaklamas\u0131 \u00fcst g\u00fcvertemizde, y\u0131ld\u0131zlar\u0131n alt\u0131nda ve uyku tulumlar\u0131n\u0131zda oluyor. S\u0131cak aylarda ince bir pike bile yeterli! A\u00e7\u0131k b\u00fcfe kahvalt\u0131 ve kaptan\u0131m\u0131z\u0131n marifetli elleriyle yapt\u0131\u011f\u0131 \u00f6\u011flen yemeklerimizin yan\u0131nda mangal profes\u00f6r\u00fc sevgili dalg\u0131c\u0131m\u0131z Harun da ak\u015fam sizlere leziz \u0131zgaralar sunuyor. Elbette b\u00f6yle g\u00fczel bir geceyi k\u00fc\u00e7\u00fck ka\u00e7amaklarla s\u00fcslemek m\u00fcmk\u00fcn! Yan\u0131n\u0131zda her t\u00fcrl\u00fc i\u00e7eceklerinizi getirebilirsiniz&#8230; \ud83d\ude42<\/p>\n<div id='gallery-1' class='gallery galleryid-2208 gallery-columns-4 gallery-size-medium'><figure class='gallery-item'>\n\t\t\t<div class='gallery-icon landscape'>\n\t\t\t\t<a href='https:\/\/happybubbles.com\/wp-content\/uploads\/11666235_10153119744754633_1870457737229999231_n.jpg'><img loading=\"lazy\" decoding=\"async\" width=\"300\" height=\"225\" src=\"https:\/\/happybubbles.com\/wp-content\/uploads\/11666235_10153119744754633_1870457737229999231_n-300x225.jpg\" class=\"attachment-medium size-medium\" alt=\"\" srcset=\"https:\/\/happybubbles.com\/wp-content\/uploads\/11666235_10153119744754633_1870457737229999231_n-300x225.jpg 300w, https:\/\/happybubbles.com\/wp-content\/uploads\/11666235_10153119744754633_1870457737229999231_n-768x576.jpg 768w, https:\/\/happybubbles.com\/wp-content\/uploads\/11666235_10153119744754633_1870457737229999231_n-150x113.jpg 150w, https:\/\/happybubbles.com\/wp-content\/uploads\/11666235_10153119744754633_1870457737229999231_n.jpg 960w\" sizes=\"auto, (max-width: 300px) 100vw, 300px\" \/><\/a>\n\t\t\t<\/div><\/figure><figure class='gallery-item'>\n\t\t\t<div class='gallery-icon landscape'>\n\t\t\t\t<a href='https:\/\/happybubbles.com\/wp-content\/uploads\/11046575_10153119744279633_389381772961866458_n.jpg'><img loading=\"lazy\" decoding=\"async\" width=\"300\" height=\"169\" src=\"https:\/\/happybubbles.com\/wp-content\/uploads\/11046575_10153119744279633_389381772961866458_n-300x169.jpg\" class=\"attachment-medium size-medium\" alt=\"\" srcset=\"https:\/\/happybubbles.com\/wp-content\/uploads\/11046575_10153119744279633_389381772961866458_n-300x169.jpg 300w, https:\/\/happybubbles.com\/wp-content\/uploads\/11046575_10153119744279633_389381772961866458_n-768x432.jpg 768w, https:\/\/happybubbles.com\/wp-content\/uploads\/11046575_10153119744279633_389381772961866458_n-150x84.jpg 150w, https:\/\/happybubbles.com\/wp-content\/uploads\/11046575_10153119744279633_389381772961866458_n.jpg 960w\" sizes=\"auto, (max-width: 300px) 100vw, 300px\" \/><\/a>\n\t\t\t<\/div><\/figure><figure class='gallery-item'>\n\t\t\t<div class='gallery-icon landscape'>\n\t\t\t\t<a href='https:\/\/happybubbles.com\/wp-content\/uploads\/20645492_10155112116964633_2973361476129123438_o.jpg'><img loading=\"lazy\" decoding=\"async\" width=\"300\" height=\"169\" src=\"https:\/\/happybubbles.com\/wp-content\/uploads\/20645492_10155112116964633_2973361476129123438_o-300x169.jpg\" class=\"attachment-medium size-medium\" alt=\"\" srcset=\"https:\/\/happybubbles.com\/wp-content\/uploads\/20645492_10155112116964633_2973361476129123438_o-300x169.jpg 300w, https:\/\/happybubbles.com\/wp-content\/uploads\/20645492_10155112116964633_2973361476129123438_o-768x432.jpg 768w, https:\/\/happybubbles.com\/wp-content\/uploads\/20645492_10155112116964633_2973361476129123438_o-1024x576.jpg 1024w, https:\/\/happybubbles.com\/wp-content\/uploads\/20645492_10155112116964633_2973361476129123438_o-150x84.jpg 150w, https:\/\/happybubbles.com\/wp-content\/uploads\/20645492_10155112116964633_2973361476129123438_o.jpg 1440w\" sizes=\"auto, (max-width: 300px) 100vw, 300px\" \/><\/a>\n\t\t\t<\/div><\/figure><figure class='gallery-item'>\n\t\t\t<div class='gallery-icon landscape'>\n\t\t\t\t<a href='https:\/\/happybubbles.com\/wp-content\/uploads\/20637797_10155109503459633_1131596992264987879_n.jpg'><img loading=\"lazy\" decoding=\"async\" width=\"300\" height=\"256\" src=\"https:\/\/happybubbles.com\/wp-content\/uploads\/20637797_10155109503459633_1131596992264987879_n-300x256.jpg\" class=\"attachment-medium size-medium\" alt=\"\" srcset=\"https:\/\/happybubbles.com\/wp-content\/uploads\/20637797_10155109503459633_1131596992264987879_n-300x256.jpg 300w, https:\/\/happybubbles.com\/wp-content\/uploads\/20637797_10155109503459633_1131596992264987879_n-150x128.jpg 150w, https:\/\/happybubbles.com\/wp-content\/uploads\/20637797_10155109503459633_1131596992264987879_n.jpg 698w\" sizes=\"auto, (max-width: 300px) 100vw, 300px\" \/><\/a>\n\t\t\t<\/div><\/figure><figure class='gallery-item'>\n\t\t\t<div class='gallery-icon landscape'>\n\t\t\t\t<a href='https:\/\/happybubbles.com\/wp-content\/uploads\/21106908_10155157921834633_5795748337905008838_n.jpg'><img loading=\"lazy\" decoding=\"async\" width=\"300\" height=\"169\" src=\"https:\/\/happybubbles.com\/wp-content\/uploads\/21106908_10155157921834633_5795748337905008838_n-300x169.jpg\" class=\"attachment-medium size-medium\" alt=\"\" srcset=\"https:\/\/happybubbles.com\/wp-content\/uploads\/21106908_10155157921834633_5795748337905008838_n-300x169.jpg 300w, https:\/\/happybubbles.com\/wp-content\/uploads\/21106908_10155157921834633_5795748337905008838_n-768x432.jpg 768w, https:\/\/happybubbles.com\/wp-content\/uploads\/21106908_10155157921834633_5795748337905008838_n-150x84.jpg 150w, https:\/\/happybubbles.com\/wp-content\/uploads\/21106908_10155157921834633_5795748337905008838_n.jpg 960w\" sizes=\"auto, (max-width: 300px) 100vw, 300px\" \/><\/a>\n\t\t\t<\/div><\/figure><figure class='gallery-item'>\n\t\t\t<div class='gallery-icon landscape'>\n\t\t\t\t<a href='https:\/\/happybubbles.com\/wp-content\/uploads\/11219539_10153119745254633_2642709647875949063_n.jpg'><img loading=\"lazy\" decoding=\"async\" width=\"300\" height=\"225\" src=\"https:\/\/happybubbles.com\/wp-content\/uploads\/11219539_10153119745254633_2642709647875949063_n-300x225.jpg\" class=\"attachment-medium size-medium\" alt=\"\" srcset=\"https:\/\/happybubbles.com\/wp-content\/uploads\/11219539_10153119745254633_2642709647875949063_n-300x225.jpg 300w, https:\/\/happybubbles.com\/wp-content\/uploads\/11219539_10153119745254633_2642709647875949063_n-768x576.jpg 768w, https:\/\/happybubbles.com\/wp-content\/uploads\/11219539_10153119745254633_2642709647875949063_n-150x113.jpg 150w, https:\/\/happybubbles.com\/wp-content\/uploads\/11219539_10153119745254633_2642709647875949063_n.jpg 960w\" sizes=\"auto, (max-width: 300px) 100vw, 300px\" \/><\/a>\n\t\t\t<\/div><\/figure><figure class='gallery-item'>\n\t\t\t<div class='gallery-icon landscape'>\n\t\t\t\t<a href='https:\/\/happybubbles.com\/wp-content\/uploads\/20506946_10155084421919633_400999943707603562_o.jpg'><img loading=\"lazy\" decoding=\"async\" width=\"300\" height=\"169\" src=\"https:\/\/happybubbles.com\/wp-content\/uploads\/20506946_10155084421919633_400999943707603562_o-300x169.jpg\" class=\"attachment-medium size-medium\" alt=\"\" srcset=\"https:\/\/happybubbles.com\/wp-content\/uploads\/20506946_10155084421919633_400999943707603562_o-300x169.jpg 300w, https:\/\/happybubbles.com\/wp-content\/uploads\/20506946_10155084421919633_400999943707603562_o-768x432.jpg 768w, https:\/\/happybubbles.com\/wp-content\/uploads\/20506946_10155084421919633_400999943707603562_o-1024x576.jpg 1024w, https:\/\/happybubbles.com\/wp-content\/uploads\/20506946_10155084421919633_400999943707603562_o-150x84.jpg 150w, https:\/\/happybubbles.com\/wp-content\/uploads\/20506946_10155084421919633_400999943707603562_o.jpg 1440w\" sizes=\"auto, (max-width: 300px) 100vw, 300px\" \/><\/a>\n\t\t\t<\/div><\/figure><figure class='gallery-item'>\n\t\t\t<div class='gallery-icon landscape'>\n\t\t\t\t<a href='https:\/\/happybubbles.com\/wp-content\/uploads\/20689760_10155103875854633_6721034568133821578_o.jpg'><img loading=\"lazy\" decoding=\"async\" width=\"300\" height=\"169\" src=\"https:\/\/happybubbles.com\/wp-content\/uploads\/20689760_10155103875854633_6721034568133821578_o-300x169.jpg\" class=\"attachment-medium size-medium\" alt=\"\" srcset=\"https:\/\/happybubbles.com\/wp-content\/uploads\/20689760_10155103875854633_6721034568133821578_o-300x169.jpg 300w, https:\/\/happybubbles.com\/wp-content\/uploads\/20689760_10155103875854633_6721034568133821578_o-768x432.jpg 768w, https:\/\/happybubbles.com\/wp-content\/uploads\/20689760_10155103875854633_6721034568133821578_o-1024x576.jpg 1024w, https:\/\/happybubbles.com\/wp-content\/uploads\/20689760_10155103875854633_6721034568133821578_o-150x84.jpg 150w, https:\/\/happybubbles.com\/wp-content\/uploads\/20689760_10155103875854633_6721034568133821578_o.jpg 1440w\" sizes=\"auto, (max-width: 300px) 100vw, 300px\" \/><\/a>\n\t\t\t<\/div><\/figure><figure class='gallery-item'>\n\t\t\t<div class='gallery-icon landscape'>\n\t\t\t\t<a href='https:\/\/happybubbles.com\/wp-content\/uploads\/21768972_10155226473604633_5497463119060280269_o.jpg'><img loading=\"lazy\" decoding=\"async\" width=\"300\" height=\"169\" src=\"https:\/\/happybubbles.com\/wp-content\/uploads\/21768972_10155226473604633_5497463119060280269_o-300x169.jpg\" class=\"attachment-medium size-medium\" alt=\"\" srcset=\"https:\/\/happybubbles.com\/wp-content\/uploads\/21768972_10155226473604633_5497463119060280269_o-300x169.jpg 300w, https:\/\/happybubbles.com\/wp-content\/uploads\/21768972_10155226473604633_5497463119060280269_o-768x432.jpg 768w, https:\/\/happybubbles.com\/wp-content\/uploads\/21768972_10155226473604633_5497463119060280269_o-1024x576.jpg 1024w, https:\/\/happybubbles.com\/wp-content\/uploads\/21768972_10155226473604633_5497463119060280269_o-150x84.jpg 150w, https:\/\/happybubbles.com\/wp-content\/uploads\/21768972_10155226473604633_5497463119060280269_o.jpg 1440w\" sizes=\"auto, (max-width: 300px) 100vw, 300px\" \/><\/a>\n\t\t\t<\/div><\/figure><figure class='gallery-item'>\n\t\t\t<div class='gallery-icon landscape'>\n\t\t\t\t<a href='https:\/\/happybubbles.com\/wp-content\/uploads\/IMG_20170716_063753_958.jpg'><img loading=\"lazy\" decoding=\"async\" width=\"300\" height=\"157\" src=\"https:\/\/happybubbles.com\/wp-content\/uploads\/IMG_20170716_063753_958-300x157.jpg\" class=\"attachment-medium size-medium\" alt=\"\" srcset=\"https:\/\/happybubbles.com\/wp-content\/uploads\/IMG_20170716_063753_958-300x157.jpg 300w, https:\/\/happybubbles.com\/wp-content\/uploads\/IMG_20170716_063753_958-768x402.jpg 768w, https:\/\/happybubbles.com\/wp-content\/uploads\/IMG_20170716_063753_958-1024x536.jpg 1024w, https:\/\/happybubbles.com\/wp-content\/uploads\/IMG_20170716_063753_958-150x79.jpg 150w\" sizes=\"auto, (max-width: 300px) 100vw, 300px\" \/><\/a>\n\t\t\t<\/div><\/figure><figure class='gallery-item'>\n\t\t\t<div class='gallery-icon landscape'>\n\t\t\t\t<a href='https:\/\/happybubbles.com\/wp-content\/uploads\/P7150142.jpg'><img loading=\"lazy\" decoding=\"async\" width=\"300\" height=\"169\" src=\"https:\/\/happybubbles.com\/wp-content\/uploads\/P7150142-300x169.jpg\" class=\"attachment-medium size-medium\" alt=\"\" srcset=\"https:\/\/happybubbles.com\/wp-content\/uploads\/P7150142-300x169.jpg 300w, https:\/\/happybubbles.com\/wp-content\/uploads\/P7150142-768x432.jpg 768w, https:\/\/happybubbles.com\/wp-content\/uploads\/P7150142-1024x576.jpg 1024w, https:\/\/happybubbles.com\/wp-content\/uploads\/P7150142-150x84.jpg 150w\" sizes=\"auto, (max-width: 300px) 100vw, 300px\" \/><\/a>\n\t\t\t<\/div><\/figure><figure class='gallery-item'>\n\t\t\t<div class='gallery-icon landscape'>\n\t\t\t\t<a href='https:\/\/happybubbles.com\/wp-content\/uploads\/IMG_20170715_103632.jpg'><img loading=\"lazy\" decoding=\"async\" width=\"300\" height=\"169\" src=\"https:\/\/happybubbles.com\/wp-content\/uploads\/IMG_20170715_103632-300x169.jpg\" class=\"attachment-medium size-medium\" alt=\"\" srcset=\"https:\/\/happybubbles.com\/wp-content\/uploads\/IMG_20170715_103632-300x169.jpg 300w, https:\/\/happybubbles.com\/wp-content\/uploads\/IMG_20170715_103632-768x432.jpg 768w, https:\/\/happybubbles.com\/wp-content\/uploads\/IMG_20170715_103632-1024x576.jpg 1024w, https:\/\/happybubbles.com\/wp-content\/uploads\/IMG_20170715_103632-150x84.jpg 150w\" sizes=\"auto, (max-width: 300px) 100vw, 300px\" \/><\/a>\n\t\t\t<\/div><\/figure>\n\t\t<\/div>\n\n<p>Orak adas\u0131 b\u00f6lgesinde duvar ve resif, 2 dal\u0131\u015f noktas\u0131, Pabu\u00e7 burnunda bir gece dal\u0131\u015f\u0131n\u0131n ard\u0131ndan ertesi g\u00fcn Karaada&#8217;n\u0131n g\u00fcney ucundaki sakl\u0131 resif ve hava\/ak\u0131nt\u0131 ko\u015fullar\u0131n\u0131n uygun olmas\u0131 halinde Yass\u0131kaya ya da 40 Kafalar duvar\u0131na 5 dal\u0131\u015f planl\u0131yoruz.<\/p>\n<p>(Bizden duymu\u015f olmay\u0131n ama bu sene belki 2 gece 3 g\u00fcnl\u00fck yeni bir program da deneyece\u011fiz&#8230;)<\/p>\n<p>En \u00e7ok 15 dal\u0131c\u0131 ve toplamda 20 ki\u015finin kat\u0131labilece\u011fi bu \u00f6zel organizasyon i\u00e7in bizleri aray\u0131n. Haftasonlar\u0131 k\u0131s\u0131tl\u0131, ka\u00e7\u0131rmadan yerinizi ay\u0131rt\u0131n.<\/p>\n<p>Bu turla ilgili seyahat blogger\u0131 arkada\u015f\u0131m\u0131z sevgili Yaprak G\u00fcrdal&#8217;\u0131n yaz\u0131s\u0131n\u0131 okuyabilirsiniz:<\/p>\n<blockquote class=\"wp-embedded-content\" data-secret=\"C1FVt9MclP\"><p><a href=\"https:\/\/kucukdunya.com\/bodrum-liveaboard\/\">Happy Bubbles ile Bodrum Liveaboard Dal\u0131\u015f<\/a><\/p><\/blockquote>\n<p><iframe loading=\"lazy\" class=\"wp-embedded-content\" sandbox=\"allow-scripts\" security=\"restricted\" style=\"position: absolute; clip: rect(1px, 1px, 1px, 1px);\" title=\"&#8220;Happy Bubbles ile Bodrum Liveaboard Dal\u0131\u015f&#8221; &#8212; K\u00fc\u00e7\u00fck D\u00fcnya | Gezi Rehberi\" src=\"https:\/\/kucukdunya.com\/bodrum-liveaboard\/embed\/#?secret=gaGXwwGctH#?secret=C1FVt9MclP\" data-secret=\"C1FVt9MclP\" width=\"600\" height=\"338\" frameborder=\"0\" marginwidth=\"0\" marginheight=\"0\" scrolling=\"no\"><\/iframe><\/p>\n<p>Te\u015fekk\u00fcrler sevgili Yaprak!<\/p>\n","protected":false},"excerpt":{"rendered":"<p>Bodrum, dal\u0131\u015flar\u0131 oldu\u011fu kadar mavi turlar\u0131yla da me\u015fhur bir tatil beldesidir. Biz bu iki muhte\u015fem aktiviteyi bir araya getirdik. Tek gece konaklamal\u0131 dal\u0131\u015f program\u0131m\u0131z &#8220;One Night Stand&#8221; dal\u0131\u015flarla uzak mesafeleri nedeniyle her zaman gidemedi\u011fimiz nefis &hellip;<\/p>\n","protected":false},"author":10,"featured_media":0,"parent":0,"menu_order":0,"comment_status":"closed","ping_status":"closed","template":"","meta":{"footnotes":""},"class_list":["post-2208","page","type-page","status-publish","hentry"],"yoast_head":"<!-- This site is optimized with the Yoast SEO plugin v27.1.1 - https:\/\/yoast.com\/product\/yoast-seo-wordpress\/ -->\n<title>One Night Stand Dal\u0131\u015flar &#187; Happy Bubbles Dal\u0131\u015f Merkezi<\/title>\n<meta name=\"robots\" content=\"index, follow, max-snippet:-1, max-image-preview:large, max-video-preview:-1\" \/>\n<link rel=\"canonical\" href=\"https:\/\/happybubbles.com\/en\/one-night-stand-dalislar\/\" \/>\n<meta property=\"og:locale\" content=\"tr_TR\" \/>\n<meta property=\"og:type\" content=\"article\" \/>\n<meta property=\"og:title\" content=\"One Night Stand Dal\u0131\u015flar &#187; Happy Bubbles Dal\u0131\u015f Merkezi\" \/>\n<meta property=\"og:description\" content=\"Bodrum, dal\u0131\u015flar\u0131 oldu\u011fu kadar mavi turlar\u0131yla da me\u015fhur bir tatil beldesidir. Biz bu iki muhte\u015fem aktiviteyi bir araya getirdik. Tek gece konaklamal\u0131 dal\u0131\u015f program\u0131m\u0131z &#8220;One Night Stand&#8221; dal\u0131\u015flarla uzak mesafeleri nedeniyle her zaman gidemedi\u011fimiz nefis &hellip;\" \/>\n<meta property=\"og:url\" content=\"https:\/\/happybubbles.com\/en\/one-night-stand-dalislar\/\" \/>\n<meta property=\"og:site_name\" content=\"Happy Bubbles Dal\u0131\u015f Merkezi\" \/>\n<meta property=\"article:publisher\" content=\"https:\/\/www.facebook.com\/HappyBubblesDive\/\" \/>\n<meta property=\"article:modified_time\" content=\"2018-04-24T08:13:10+00:00\" \/>\n<meta property=\"og:image\" content=\"https:\/\/happybubbles.com\/wp-content\/uploads\/11666235_10153119744754633_1870457737229999231_n-300x225.jpg\" \/>\n<meta name=\"twitter:card\" content=\"summary_large_image\" \/>\n<meta name=\"twitter:label1\" content=\"Tahmini okuma s\u00fcresi\" \/>\n\t<meta name=\"twitter:data1\" content=\"1 dakika\" \/>\n<script type=\"application\/ld+json\" class=\"yoast-schema-graph\">{\"@context\":\"https:\/\/schema.org\",\"@graph\":[{\"@type\":\"WebPage\",\"@id\":\"https:\/\/happybubbles.com\/en\/one-night-stand-dalislar\/\",\"url\":\"https:\/\/happybubbles.com\/en\/one-night-stand-dalislar\/\",\"name\":\"One Night Stand Dal\u0131\u015flar &#187; Happy Bubbles Dal\u0131\u015f Merkezi\",\"isPartOf\":{\"@id\":\"https:\/\/happybubbles.com\/#website\"},\"primaryImageOfPage\":{\"@id\":\"https:\/\/happybubbles.com\/en\/one-night-stand-dalislar\/#primaryimage\"},\"image\":{\"@id\":\"https:\/\/happybubbles.com\/en\/one-night-stand-dalislar\/#primaryimage\"},\"thumbnailUrl\":\"http:\/\/happybubbles.com\/wp-content\/uploads\/IMG_20170716_063604-1024x576.jpg\",\"datePublished\":\"2018-01-21T21:20:29+00:00\",\"dateModified\":\"2018-04-24T08:13:10+00:00\",\"breadcrumb\":{\"@id\":\"https:\/\/happybubbles.com\/en\/one-night-stand-dalislar\/#breadcrumb\"},\"inLanguage\":\"tr\",\"potentialAction\":[{\"@type\":\"ReadAction\",\"target\":[\"https:\/\/happybubbles.com\/en\/one-night-stand-dalislar\/\"]}]},{\"@type\":\"ImageObject\",\"inLanguage\":\"tr\",\"@id\":\"https:\/\/happybubbles.com\/en\/one-night-stand-dalislar\/#primaryimage\",\"url\":\"http:\/\/happybubbles.com\/wp-content\/uploads\/IMG_20170716_063604-1024x576.jpg\",\"contentUrl\":\"http:\/\/happybubbles.com\/wp-content\/uploads\/IMG_20170716_063604-1024x576.jpg\"},{\"@type\":\"BreadcrumbList\",\"@id\":\"https:\/\/happybubbles.com\/en\/one-night-stand-dalislar\/#breadcrumb\",\"itemListElement\":[{\"@type\":\"ListItem\",\"position\":1,\"name\":\"Ana sayfa\",\"item\":\"https:\/\/happybubbles.com\/\"},{\"@type\":\"ListItem\",\"position\":2,\"name\":\"One Night Stand Dives\"}]},{\"@type\":\"WebSite\",\"@id\":\"https:\/\/happybubbles.com\/#website\",\"url\":\"https:\/\/happybubbles.com\/\",\"name\":\"Happy Bubbles Dal\u0131\u015f Merkezi\",\"description\":\"arkada\u015f\u00e7a ve keyifli dal\u0131\u015flar, Bodrum - T\u00fcrkiye\",\"publisher\":{\"@id\":\"https:\/\/happybubbles.com\/#organization\"},\"potentialAction\":[{\"@type\":\"SearchAction\",\"target\":{\"@type\":\"EntryPoint\",\"urlTemplate\":\"https:\/\/happybubbles.com\/?s={search_term_string}\"},\"query-input\":{\"@type\":\"PropertyValueSpecification\",\"valueRequired\":true,\"valueName\":\"search_term_string\"}}],\"inLanguage\":\"tr\"},{\"@type\":\"Organization\",\"@id\":\"https:\/\/happybubbles.com\/#organization\",\"name\":\"Happy Bubbles Dive Center\",\"url\":\"https:\/\/happybubbles.com\/\",\"logo\":{\"@type\":\"ImageObject\",\"inLanguage\":\"tr\",\"@id\":\"https:\/\/happybubbles.com\/#\/schema\/logo\/image\/\",\"url\":\"https:\/\/happybubbles.com\/wp-content\/uploads\/anaLogo4.png\",\"contentUrl\":\"https:\/\/happybubbles.com\/wp-content\/uploads\/anaLogo4.png\",\"width\":139,\"height\":128,\"caption\":\"Happy Bubbles Dive Center\"},\"image\":{\"@id\":\"https:\/\/happybubbles.com\/#\/schema\/logo\/image\/\"},\"sameAs\":[\"https:\/\/www.facebook.com\/HappyBubblesDive\/\",\"https:\/\/www.instagram.com\/happybubblesdive\/\"]}]}<\/script>\n<!-- \/ Yoast SEO plugin. -->","yoast_head_json":{"title":"One Night Stand Dal\u0131\u015flar &#187; Happy Bubbles Dal\u0131\u015f Merkezi","robots":{"index":"index","follow":"follow","max-snippet":"max-snippet:-1","max-image-preview":"max-image-preview:large","max-video-preview":"max-video-preview:-1"},"canonical":"https:\/\/happybubbles.com\/en\/one-night-stand-dalislar\/","og_locale":"tr_TR","og_type":"article","og_title":"One Night Stand Dal\u0131\u015flar &#187; Happy Bubbles Dal\u0131\u015f Merkezi","og_description":"Bodrum, dal\u0131\u015flar\u0131 oldu\u011fu kadar mavi turlar\u0131yla da me\u015fhur bir tatil beldesidir. Biz bu iki muhte\u015fem aktiviteyi bir araya getirdik. Tek gece konaklamal\u0131 dal\u0131\u015f program\u0131m\u0131z &#8220;One Night Stand&#8221; dal\u0131\u015flarla uzak mesafeleri nedeniyle her zaman gidemedi\u011fimiz nefis &hellip;","og_url":"https:\/\/happybubbles.com\/en\/one-night-stand-dalislar\/","og_site_name":"Happy Bubbles Dal\u0131\u015f Merkezi","article_publisher":"https:\/\/www.facebook.com\/HappyBubblesDive\/","article_modified_time":"2018-04-24T08:13:10+00:00","og_image":[{"url":"https:\/\/happybubbles.com\/wp-content\/uploads\/11666235_10153119744754633_1870457737229999231_n-300x225.jpg","type":"","width":"","height":""}],"twitter_card":"summary_large_image","twitter_misc":{"Tahmini okuma s\u00fcresi":"1 dakika"},"schema":{"@context":"https:\/\/schema.org","@graph":[{"@type":"WebPage","@id":"https:\/\/happybubbles.com\/en\/one-night-stand-dalislar\/","url":"https:\/\/happybubbles.com\/en\/one-night-stand-dalislar\/","name":"One Night Stand Dal\u0131\u015flar &#187; Happy Bubbles Dal\u0131\u015f Merkezi","isPartOf":{"@id":"https:\/\/happybubbles.com\/#website"},"primaryImageOfPage":{"@id":"https:\/\/happybubbles.com\/en\/one-night-stand-dalislar\/#primaryimage"},"image":{"@id":"https:\/\/happybubbles.com\/en\/one-night-stand-dalislar\/#primaryimage"},"thumbnailUrl":"http:\/\/happybubbles.com\/wp-content\/uploads\/IMG_20170716_063604-1024x576.jpg","datePublished":"2018-01-21T21:20:29+00:00","dateModified":"2018-04-24T08:13:10+00:00","breadcrumb":{"@id":"https:\/\/happybubbles.com\/en\/one-night-stand-dalislar\/#breadcrumb"},"inLanguage":"tr","potentialAction":[{"@type":"ReadAction","target":["https:\/\/happybubbles.com\/en\/one-night-stand-dalislar\/"]}]},{"@type":"ImageObject","inLanguage":"tr","@id":"https:\/\/happybubbles.com\/en\/one-night-stand-dalislar\/#primaryimage","url":"http:\/\/happybubbles.com\/wp-content\/uploads\/IMG_20170716_063604-1024x576.jpg","contentUrl":"http:\/\/happybubbles.com\/wp-content\/uploads\/IMG_20170716_063604-1024x576.jpg"},{"@type":"BreadcrumbList","@id":"https:\/\/happybubbles.com\/en\/one-night-stand-dalislar\/#breadcrumb","itemListElement":[{"@type":"ListItem","position":1,"name":"Ana sayfa","item":"https:\/\/happybubbles.com\/"},{"@type":"ListItem","position":2,"name":"One Night Stand Dives"}]},{"@type":"WebSite","@id":"https:\/\/happybubbles.com\/#website","url":"https:\/\/happybubbles.com\/","name":"Happy Bubbles Dal\u0131\u015f Merkezi","description":"arkada\u015f\u00e7a ve keyifli dal\u0131\u015flar, Bodrum - T\u00fcrkiye","publisher":{"@id":"https:\/\/happybubbles.com\/#organization"},"potentialAction":[{"@type":"SearchAction","target":{"@type":"EntryPoint","urlTemplate":"https:\/\/happybubbles.com\/?s={search_term_string}"},"query-input":{"@type":"PropertyValueSpecification","valueRequired":true,"valueName":"search_term_string"}}],"inLanguage":"tr"},{"@type":"Organization","@id":"https:\/\/happybubbles.com\/#organization","name":"Happy Bubbles Dive Center","url":"https:\/\/happybubbles.com\/","logo":{"@type":"ImageObject","inLanguage":"tr","@id":"https:\/\/happybubbles.com\/#\/schema\/logo\/image\/","url":"https:\/\/happybubbles.com\/wp-content\/uploads\/anaLogo4.png","contentUrl":"https:\/\/happybubbles.com\/wp-content\/uploads\/anaLogo4.png","width":139,"height":128,"caption":"Happy Bubbles Dive Center"},"image":{"@id":"https:\/\/happybubbles.com\/#\/schema\/logo\/image\/"},"sameAs":["https:\/\/www.facebook.com\/HappyBubblesDive\/","https:\/\/www.instagram.com\/happybubblesdive\/"]}]}},"_links":{"self":[{"href":"https:\/\/happybubbles.com\/tr\/wp-json\/wp\/v2\/pages\/2208","targetHints":{"allow":["GET"]}}],"collection":[{"href":"https:\/\/happybubbles.com\/tr\/wp-json\/wp\/v2\/pages"}],"about":[{"href":"https:\/\/happybubbles.com\/tr\/wp-json\/wp\/v2\/types\/page"}],"author":[{"embeddable":true,"href":"https:\/\/happybubbles.com\/tr\/wp-json\/wp\/v2\/users\/10"}],"replies":[{"embeddable":true,"href":"https:\/\/happybubbles.com\/tr\/wp-json\/wp\/v2\/comments?post=2208"}],"version-history":[{"count":10,"href":"https:\/\/happybubbles.com\/tr\/wp-json\/wp\/v2\/pages\/2208\/revisions"}],"predecessor-version":[{"id":2359,"href":"https:\/\/happybubbles.com\/tr\/wp-json\/wp\/v2\/pages\/2208\/revisions\/2359"}],"wp:attachment":[{"href":"https:\/\/happybubbles.com\/tr\/wp-json\/wp\/v2\/media?parent=2208"}],"curies":[{"name":"wp","href":"https:\/\/api.w.org\/{rel}","templated":true}]}}