{"id":2369,"date":"2018-05-05T07:24:58","date_gmt":"2018-05-05T04:24:58","guid":{"rendered":"http:\/\/happybubbles.com\/?page_id=2369"},"modified":"2024-03-05T21:41:04","modified_gmt":"2024-03-05T18:41:04","slug":"ssi-diver-stress-and-rescue","status":"publish","type":"page","link":"https:\/\/happybubbles.com\/tr\/ssi-diver-stress-and-rescue\/","title":{"rendered":"SSI Dalg\u0131\u00e7 Stres ve Kurtarma"},"content":{"rendered":"<p><img loading=\"lazy\" decoding=\"async\" class=\"alignnone size-full wp-image-57279\" src=\"https:\/\/happybubbles.com\/wp-content\/uploads\/ssiHeader2024.png\" alt=\"\" width=\"2590\" height=\"442\" srcset=\"https:\/\/happybubbles.com\/wp-content\/uploads\/ssiHeader2024.png 2590w, https:\/\/happybubbles.com\/wp-content\/uploads\/ssiHeader2024-300x51.png 300w, https:\/\/happybubbles.com\/wp-content\/uploads\/ssiHeader2024-1024x175.png 1024w, https:\/\/happybubbles.com\/wp-content\/uploads\/ssiHeader2024-768x131.png 768w, https:\/\/happybubbles.com\/wp-content\/uploads\/ssiHeader2024-1536x262.png 1536w, https:\/\/happybubbles.com\/wp-content\/uploads\/ssiHeader2024-2048x350.png 2048w, https:\/\/happybubbles.com\/wp-content\/uploads\/ssiHeader2024-1510x258.png 1510w, https:\/\/happybubbles.com\/wp-content\/uploads\/ssiHeader2024-800x137.png 800w, https:\/\/happybubbles.com\/wp-content\/uploads\/ssiHeader2024-512x87.png 512w\" sizes=\"auto, (max-width: 2590px) 100vw, 2590px\" \/><\/p>\n<h5>DIVER STRESS AND RESCUE<\/h5>\n<p><img loading=\"lazy\" decoding=\"async\" class=\"alignnone wp-image-2370 size-medium\" src=\"https:\/\/happybubbles.com\/wp-content\/uploads\/Diver-Stress-Rescue-1-300x191.jpg\" alt=\"\" width=\"300\" height=\"191\" srcset=\"https:\/\/happybubbles.com\/wp-content\/uploads\/Diver-Stress-Rescue-1-300x191.jpg 300w, https:\/\/happybubbles.com\/wp-content\/uploads\/Diver-Stress-Rescue-1-768x488.jpg 768w, https:\/\/happybubbles.com\/wp-content\/uploads\/Diver-Stress-Rescue-1-1024x651.jpg 1024w, https:\/\/happybubbles.com\/wp-content\/uploads\/Diver-Stress-Rescue-1-150x95.jpg 150w, https:\/\/happybubbles.com\/wp-content\/uploads\/Diver-Stress-Rescue-1.jpg 1673w\" sizes=\"auto, (max-width: 300px) 100vw, 300px\" \/><\/p>\n<p>Stres dal\u0131\u015f kazalar\u0131n\u0131n en \u00f6nemli sebeplerinden biridir ve kurtarma s\u00fcrecini de etkiler. Bu program size stresi nas\u0131l tan\u0131mlayabilece\u011finiz ve onunla nas\u0131l ba\u015fa \u00e7\u0131kabilece\u011finize dair bilgi ve becerileri \u00f6\u011fretir. Bu sayede kazalar\u0131 engelleyebilir ve acil durumlarla kar\u015f\u0131la\u015fan dalg\u0131\u00e7lara uygun \u015fekilde yard\u0131mc\u0131 olabilirsiniz. Kurs tamamland\u0131\u011f\u0131nda SSI Dalg\u0131\u00e7 Stress ve Kurtarma Uzmanl\u0131k sertifikas\u0131n\u0131 alabilirsiniz.<\/p>\n<table>\n<tbody>\n<tr valign=\"top\">\n<td><b>M<\/b><b>inimum Ya\u015f:<\/b><\/td>\n<td>15<\/td>\n<\/tr>\n<tr valign=\"top\">\n<td><b>Sertifika \u00d6n\u015fartlar\u0131:<\/b><\/td>\n<td>Open Water Diver<br \/>\n\u00d6\u011frenciler iki y\u0131l\u0131 ge\u00e7memi\u015f ge\u00e7erli bir ilk yard\u0131m ve CPR e\u011fitimi g\u00f6rm\u00fc\u015f olmal\u0131d\u0131r.(<a href=\"http:\/\/happybubbles.com\/ssi-react-right\/\">React Right kurslar\u0131m\u0131z i\u00e7in buraya t\u0131klay\u0131n<\/a>)<\/td>\n<\/tr>\n<tr valign=\"top\">\n<td><b>Akademik \u00c7al\u0131\u015fmalar\u0131:<\/b><\/td>\n<td>2<\/td>\n<\/tr>\n<tr valign=\"top\">\n<td><b>Havuz\/K\u0131s\u0131tl\u0131 Su \u00c7al\u0131\u015fmalar\u0131:<\/b><\/td>\n<td>2 (+1 tercihli)<\/td>\n<\/tr>\n<tr valign=\"top\">\n<td><b>A\u00e7\u0131k Deniz Dal\u0131\u015flar\u0131:<\/b><\/td>\n<td>3<\/td>\n<\/tr>\n<tr valign=\"top\">\n<td><b>Maksimum E\u011fitim Derinli\u011fi:<\/b><\/td>\n<td>30 metre<\/td>\n<\/tr>\n<tr valign=\"top\">\n<td><b>Tavsiye Edilen S\u00fcre:<\/b><\/td>\n<td>10 &#8211; 15 saat<\/td>\n<\/tr>\n<tr valign=\"top\">\n<td><\/td>\n<td><\/td>\n<\/tr>\n<\/tbody>\n<\/table>\n<p><iframe loading=\"lazy\" src=\"https:\/\/www.youtube.com\/embed\/quU-pUwl2IA\" width=\"560\" height=\"315\" frameborder=\"0\" allowfullscreen=\"allowfullscreen\"><\/iframe><\/p>\n","protected":false},"excerpt":{"rendered":"<p>DIVER STRESS AND RESCUE Stres dal\u0131\u015f kazalar\u0131n\u0131n en \u00f6nemli sebeplerinden biridir ve kurtarma s\u00fcrecini de etkiler. Bu program size stresi nas\u0131l tan\u0131mlayabilece\u011finiz ve onunla nas\u0131l ba\u015fa \u00e7\u0131kabilece\u011finize dair bilgi ve becerileri \u00f6\u011fretir. Bu sayede kazalar\u0131 &hellip;<\/p>\n","protected":false},"author":10,"featured_media":0,"parent":0,"menu_order":0,"comment_status":"closed","ping_status":"closed","template":"","meta":{"footnotes":""},"class_list":["post-2369","page","type-page","status-publish","hentry"],"yoast_head":"<!-- This site is optimized with the Yoast SEO plugin v27.1.1 - https:\/\/yoast.com\/product\/yoast-seo-wordpress\/ -->\n<title>SSI Dalg\u0131\u00e7 Stres ve Kurtarma &#187; Happy Bubbles Dal\u0131\u015f Merkezi<\/title>\n<meta name=\"robots\" content=\"index, follow, max-snippet:-1, max-image-preview:large, max-video-preview:-1\" \/>\n<link rel=\"canonical\" href=\"https:\/\/happybubbles.com\/ssi-diver-stress-and-rescue\/\" \/>\n<meta property=\"og:locale\" content=\"tr_TR\" \/>\n<meta property=\"og:type\" content=\"article\" \/>\n<meta property=\"og:title\" content=\"SSI Dalg\u0131\u00e7 Stres ve Kurtarma &#187; Happy Bubbles Dal\u0131\u015f Merkezi\" \/>\n<meta property=\"og:description\" content=\"DIVER STRESS AND RESCUE Stres dal\u0131\u015f kazalar\u0131n\u0131n en \u00f6nemli sebeplerinden biridir ve kurtarma s\u00fcrecini de etkiler. Bu program size stresi nas\u0131l tan\u0131mlayabilece\u011finiz ve onunla nas\u0131l ba\u015fa \u00e7\u0131kabilece\u011finize dair bilgi ve becerileri \u00f6\u011fretir. Bu sayede kazalar\u0131 &hellip;\" \/>\n<meta property=\"og:url\" content=\"https:\/\/happybubbles.com\/ssi-diver-stress-and-rescue\/\" \/>\n<meta property=\"og:site_name\" content=\"Happy Bubbles Dal\u0131\u015f Merkezi\" \/>\n<meta property=\"article:publisher\" content=\"https:\/\/www.facebook.com\/HappyBubblesDive\/\" \/>\n<meta property=\"article:modified_time\" content=\"2024-03-05T18:41:04+00:00\" \/>\n<meta property=\"og:image\" content=\"https:\/\/happybubbles.com\/wp-content\/uploads\/ssiHeader2024.png\" \/>\n<meta name=\"twitter:card\" content=\"summary_large_image\" \/>\n<meta name=\"twitter:label1\" content=\"Tahmini okuma s\u00fcresi\" \/>\n\t<meta name=\"twitter:data1\" content=\"2 dakika\" \/>\n<script type=\"application\/ld+json\" class=\"yoast-schema-graph\">{\"@context\":\"https:\/\/schema.org\",\"@graph\":[{\"@type\":\"WebPage\",\"@id\":\"https:\/\/happybubbles.com\/ssi-diver-stress-and-rescue\/\",\"url\":\"https:\/\/happybubbles.com\/ssi-diver-stress-and-rescue\/\",\"name\":\"SSI Dalg\u0131\u00e7 Stres ve Kurtarma &#187; Happy Bubbles Dal\u0131\u015f Merkezi\",\"isPartOf\":{\"@id\":\"https:\/\/happybubbles.com\/#website\"},\"primaryImageOfPage\":{\"@id\":\"https:\/\/happybubbles.com\/ssi-diver-stress-and-rescue\/#primaryimage\"},\"image\":{\"@id\":\"https:\/\/happybubbles.com\/ssi-diver-stress-and-rescue\/#primaryimage\"},\"thumbnailUrl\":\"https:\/\/happybubbles.com\/wp-content\/uploads\/ssiHeader2024.png\",\"datePublished\":\"2018-05-05T04:24:58+00:00\",\"dateModified\":\"2024-03-05T18:41:04+00:00\",\"breadcrumb\":{\"@id\":\"https:\/\/happybubbles.com\/ssi-diver-stress-and-rescue\/#breadcrumb\"},\"inLanguage\":\"tr\",\"potentialAction\":[{\"@type\":\"ReadAction\",\"target\":[\"https:\/\/happybubbles.com\/ssi-diver-stress-and-rescue\/\"]}]},{\"@type\":\"ImageObject\",\"inLanguage\":\"tr\",\"@id\":\"https:\/\/happybubbles.com\/ssi-diver-stress-and-rescue\/#primaryimage\",\"url\":\"https:\/\/happybubbles.com\/wp-content\/uploads\/ssiHeader2024.png\",\"contentUrl\":\"https:\/\/happybubbles.com\/wp-content\/uploads\/ssiHeader2024.png\"},{\"@type\":\"BreadcrumbList\",\"@id\":\"https:\/\/happybubbles.com\/ssi-diver-stress-and-rescue\/#breadcrumb\",\"itemListElement\":[{\"@type\":\"ListItem\",\"position\":1,\"name\":\"Ana sayfa\",\"item\":\"https:\/\/happybubbles.com\/\"},{\"@type\":\"ListItem\",\"position\":2,\"name\":\"SSI Dalg\u0131\u00e7 Stres ve Kurtarma\"}]},{\"@type\":\"WebSite\",\"@id\":\"https:\/\/happybubbles.com\/#website\",\"url\":\"https:\/\/happybubbles.com\/\",\"name\":\"Happy Bubbles Dal\u0131\u015f Merkezi\",\"description\":\"arkada\u015f\u00e7a ve keyifli dal\u0131\u015flar, Bodrum - T\u00fcrkiye\",\"publisher\":{\"@id\":\"https:\/\/happybubbles.com\/#organization\"},\"potentialAction\":[{\"@type\":\"SearchAction\",\"target\":{\"@type\":\"EntryPoint\",\"urlTemplate\":\"https:\/\/happybubbles.com\/?s={search_term_string}\"},\"query-input\":{\"@type\":\"PropertyValueSpecification\",\"valueRequired\":true,\"valueName\":\"search_term_string\"}}],\"inLanguage\":\"tr\"},{\"@type\":\"Organization\",\"@id\":\"https:\/\/happybubbles.com\/#organization\",\"name\":\"Happy Bubbles Dive Center\",\"url\":\"https:\/\/happybubbles.com\/\",\"logo\":{\"@type\":\"ImageObject\",\"inLanguage\":\"tr\",\"@id\":\"https:\/\/happybubbles.com\/#\/schema\/logo\/image\/\",\"url\":\"https:\/\/happybubbles.com\/wp-content\/uploads\/anaLogo4.png\",\"contentUrl\":\"https:\/\/happybubbles.com\/wp-content\/uploads\/anaLogo4.png\",\"width\":139,\"height\":128,\"caption\":\"Happy Bubbles Dive Center\"},\"image\":{\"@id\":\"https:\/\/happybubbles.com\/#\/schema\/logo\/image\/\"},\"sameAs\":[\"https:\/\/www.facebook.com\/HappyBubblesDive\/\",\"https:\/\/www.instagram.com\/happybubblesdive\/\"]}]}<\/script>\n<!-- \/ Yoast SEO plugin. -->","yoast_head_json":{"title":"SSI Dalg\u0131\u00e7 Stres ve Kurtarma &#187; Happy Bubbles Dal\u0131\u015f Merkezi","robots":{"index":"index","follow":"follow","max-snippet":"max-snippet:-1","max-image-preview":"max-image-preview:large","max-video-preview":"max-video-preview:-1"},"canonical":"https:\/\/happybubbles.com\/ssi-diver-stress-and-rescue\/","og_locale":"tr_TR","og_type":"article","og_title":"SSI Dalg\u0131\u00e7 Stres ve Kurtarma &#187; Happy Bubbles Dal\u0131\u015f Merkezi","og_description":"DIVER STRESS AND RESCUE Stres dal\u0131\u015f kazalar\u0131n\u0131n en \u00f6nemli sebeplerinden biridir ve kurtarma s\u00fcrecini de etkiler. Bu program size stresi nas\u0131l tan\u0131mlayabilece\u011finiz ve onunla nas\u0131l ba\u015fa \u00e7\u0131kabilece\u011finize dair bilgi ve becerileri \u00f6\u011fretir. Bu sayede kazalar\u0131 &hellip;","og_url":"https:\/\/happybubbles.com\/ssi-diver-stress-and-rescue\/","og_site_name":"Happy Bubbles Dal\u0131\u015f Merkezi","article_publisher":"https:\/\/www.facebook.com\/HappyBubblesDive\/","article_modified_time":"2024-03-05T18:41:04+00:00","og_image":[{"url":"https:\/\/happybubbles.com\/wp-content\/uploads\/ssiHeader2024.png","type":"","width":"","height":""}],"twitter_card":"summary_large_image","twitter_misc":{"Tahmini okuma s\u00fcresi":"2 dakika"},"schema":{"@context":"https:\/\/schema.org","@graph":[{"@type":"WebPage","@id":"https:\/\/happybubbles.com\/ssi-diver-stress-and-rescue\/","url":"https:\/\/happybubbles.com\/ssi-diver-stress-and-rescue\/","name":"SSI Dalg\u0131\u00e7 Stres ve Kurtarma &#187; Happy Bubbles Dal\u0131\u015f Merkezi","isPartOf":{"@id":"https:\/\/happybubbles.com\/#website"},"primaryImageOfPage":{"@id":"https:\/\/happybubbles.com\/ssi-diver-stress-and-rescue\/#primaryimage"},"image":{"@id":"https:\/\/happybubbles.com\/ssi-diver-stress-and-rescue\/#primaryimage"},"thumbnailUrl":"https:\/\/happybubbles.com\/wp-content\/uploads\/ssiHeader2024.png","datePublished":"2018-05-05T04:24:58+00:00","dateModified":"2024-03-05T18:41:04+00:00","breadcrumb":{"@id":"https:\/\/happybubbles.com\/ssi-diver-stress-and-rescue\/#breadcrumb"},"inLanguage":"tr","potentialAction":[{"@type":"ReadAction","target":["https:\/\/happybubbles.com\/ssi-diver-stress-and-rescue\/"]}]},{"@type":"ImageObject","inLanguage":"tr","@id":"https:\/\/happybubbles.com\/ssi-diver-stress-and-rescue\/#primaryimage","url":"https:\/\/happybubbles.com\/wp-content\/uploads\/ssiHeader2024.png","contentUrl":"https:\/\/happybubbles.com\/wp-content\/uploads\/ssiHeader2024.png"},{"@type":"BreadcrumbList","@id":"https:\/\/happybubbles.com\/ssi-diver-stress-and-rescue\/#breadcrumb","itemListElement":[{"@type":"ListItem","position":1,"name":"Ana sayfa","item":"https:\/\/happybubbles.com\/"},{"@type":"ListItem","position":2,"name":"SSI Dalg\u0131\u00e7 Stres ve Kurtarma"}]},{"@type":"WebSite","@id":"https:\/\/happybubbles.com\/#website","url":"https:\/\/happybubbles.com\/","name":"Happy Bubbles Dal\u0131\u015f Merkezi","description":"arkada\u015f\u00e7a ve keyifli dal\u0131\u015flar, Bodrum - T\u00fcrkiye","publisher":{"@id":"https:\/\/happybubbles.com\/#organization"},"potentialAction":[{"@type":"SearchAction","target":{"@type":"EntryPoint","urlTemplate":"https:\/\/happybubbles.com\/?s={search_term_string}"},"query-input":{"@type":"PropertyValueSpecification","valueRequired":true,"valueName":"search_term_string"}}],"inLanguage":"tr"},{"@type":"Organization","@id":"https:\/\/happybubbles.com\/#organization","name":"Happy Bubbles Dive Center","url":"https:\/\/happybubbles.com\/","logo":{"@type":"ImageObject","inLanguage":"tr","@id":"https:\/\/happybubbles.com\/#\/schema\/logo\/image\/","url":"https:\/\/happybubbles.com\/wp-content\/uploads\/anaLogo4.png","contentUrl":"https:\/\/happybubbles.com\/wp-content\/uploads\/anaLogo4.png","width":139,"height":128,"caption":"Happy Bubbles Dive Center"},"image":{"@id":"https:\/\/happybubbles.com\/#\/schema\/logo\/image\/"},"sameAs":["https:\/\/www.facebook.com\/HappyBubblesDive\/","https:\/\/www.instagram.com\/happybubblesdive\/"]}]}},"_links":{"self":[{"href":"https:\/\/happybubbles.com\/tr\/wp-json\/wp\/v2\/pages\/2369","targetHints":{"allow":["GET"]}}],"collection":[{"href":"https:\/\/happybubbles.com\/tr\/wp-json\/wp\/v2\/pages"}],"about":[{"href":"https:\/\/happybubbles.com\/tr\/wp-json\/wp\/v2\/types\/page"}],"author":[{"embeddable":true,"href":"https:\/\/happybubbles.com\/tr\/wp-json\/wp\/v2\/users\/10"}],"replies":[{"embeddable":true,"href":"https:\/\/happybubbles.com\/tr\/wp-json\/wp\/v2\/comments?post=2369"}],"version-history":[{"count":4,"href":"https:\/\/happybubbles.com\/tr\/wp-json\/wp\/v2\/pages\/2369\/revisions"}],"predecessor-version":[{"id":57300,"href":"https:\/\/happybubbles.com\/tr\/wp-json\/wp\/v2\/pages\/2369\/revisions\/57300"}],"wp:attachment":[{"href":"https:\/\/happybubbles.com\/tr\/wp-json\/wp\/v2\/media?parent=2369"}],"curies":[{"name":"wp","href":"https:\/\/api.w.org\/{rel}","templated":true}]}}