{"id":2406,"date":"2018-06-26T17:38:40","date_gmt":"2018-06-26T14:38:40","guid":{"rendered":"http:\/\/happybubbles.com\/?page_id=2406"},"modified":"2024-03-05T15:48:00","modified_gmt":"2024-03-05T12:48:00","slug":"yener-celtikci","status":"publish","type":"page","link":"https:\/\/happybubbles.com\/tr\/yener-celtikci\/","title":{"rendered":"Yener \u00c7eltikci"},"content":{"rendered":"<p><img loading=\"lazy\" decoding=\"async\" class=\"wp-image-57224 alignleft\" src=\"https:\/\/happybubbles.com\/wp-content\/uploads\/FB_IMG_1613553864953.jpg\" alt=\"\" width=\"246\" height=\"246\" srcset=\"https:\/\/happybubbles.com\/wp-content\/uploads\/FB_IMG_1613553864953.jpg 890w, https:\/\/happybubbles.com\/wp-content\/uploads\/FB_IMG_1613553864953-300x300.jpg 300w, https:\/\/happybubbles.com\/wp-content\/uploads\/FB_IMG_1613553864953-150x150.jpg 150w, https:\/\/happybubbles.com\/wp-content\/uploads\/FB_IMG_1613553864953-768x768.jpg 768w, https:\/\/happybubbles.com\/wp-content\/uploads\/FB_IMG_1613553864953-350x350.jpg 350w\" sizes=\"auto, (max-width: 246px) 100vw, 246px\" \/><\/p>\n<p>Yener \u00c7ELT\u0130KC\u0130 &#8211; 1971<\/p>\n<p>Scuba: 1989<\/p>\n<p>E\u011fitmen: 2005<\/p>\n<p>Dal\u0131\u015f Pro: 2007<\/p>\n<p>Dal\u0131\u015f Merkezi: 2013<\/p>\n<p>Kaptan ve Telsiz: 2018<\/p>\n<p>SSI E\u011fitmen E\u011fiticisi: 2019<\/p>\n<h3><\/h3>\n<h3>Ba\u015f E\u011fitmen<\/h3>\n<p><img loading=\"lazy\" decoding=\"async\" class=\" wp-image-2409 alignnone\" src=\"http:\/\/happybubbles.com\/wp-content\/uploads\/SSI_LOGO_Stack_RGB_Black-281x300.jpg\" alt=\"\" width=\"110\" height=\"117\" srcset=\"https:\/\/happybubbles.com\/wp-content\/uploads\/SSI_LOGO_Stack_RGB_Black-281x300.jpg 281w, https:\/\/happybubbles.com\/wp-content\/uploads\/SSI_LOGO_Stack_RGB_Black-768x819.jpg 768w, https:\/\/happybubbles.com\/wp-content\/uploads\/SSI_LOGO_Stack_RGB_Black-141x150.jpg 141w, https:\/\/happybubbles.com\/wp-content\/uploads\/SSI_LOGO_Stack_RGB_Black.jpg 826w\" sizes=\"auto, (max-width: 110px) 100vw, 110px\" \/><\/p>\n<p><img loading=\"lazy\" decoding=\"async\" class=\" wp-image-2795 alignleft\" src=\"http:\/\/happybubbles.com\/wp-content\/uploads\/IT-300x191.jpg\" alt=\"\" width=\"240\" height=\"153\" srcset=\"https:\/\/happybubbles.com\/wp-content\/uploads\/IT-300x191.jpg 300w, https:\/\/happybubbles.com\/wp-content\/uploads\/IT-150x95.jpg 150w, https:\/\/happybubbles.com\/wp-content\/uploads\/IT.jpg 400w\" sizes=\"auto, (max-width: 240px) 100vw, 240px\" \/><img loading=\"lazy\" decoding=\"async\" class=\"wp-image-2796 alignleft\" src=\"http:\/\/happybubbles.com\/wp-content\/uploads\/pview_tempccard-300x188.png\" alt=\"\" width=\"240\" height=\"151\" srcset=\"https:\/\/happybubbles.com\/wp-content\/uploads\/pview_tempccard-300x188.png 300w, https:\/\/happybubbles.com\/wp-content\/uploads\/pview_tempccard-150x94.png 150w, https:\/\/happybubbles.com\/wp-content\/uploads\/pview_tempccard.png 400w\" sizes=\"auto, (max-width: 240px) 100vw, 240px\" \/><\/p>\n<p>&nbsp;<\/p>\n<p>&nbsp;<\/p>\n<p>&nbsp;<\/p>\n<p>&nbsp;<\/p>\n<p>&nbsp;<\/p>\n<div id='gallery-1' class='gallery galleryid-2406 gallery-columns-5 gallery-size-medium'><figure class='gallery-item'>\n\t\t\t<div class='gallery-icon landscape'>\n\t\t\t\t<img loading=\"lazy\" decoding=\"async\" width=\"300\" height=\"183\" src=\"https:\/\/happybubbles.com\/wp-content\/uploads\/xrn-300x183.jpg\" class=\"attachment-medium size-medium\" alt=\"\" srcset=\"https:\/\/happybubbles.com\/wp-content\/uploads\/xrn-300x183.jpg 300w, https:\/\/happybubbles.com\/wp-content\/uploads\/xrn-150x91.jpg 150w, https:\/\/happybubbles.com\/wp-content\/uploads\/xrn.jpg 364w\" sizes=\"auto, (max-width: 300px) 100vw, 300px\" \/>\n\t\t\t<\/div><\/figure><figure class='gallery-item'>\n\t\t\t<div class='gallery-icon landscape'>\n\t\t\t\t<img loading=\"lazy\" decoding=\"async\" width=\"300\" height=\"186\" src=\"https:\/\/happybubbles.com\/wp-content\/uploads\/ffm-300x186.jpg\" class=\"attachment-medium size-medium\" alt=\"\" srcset=\"https:\/\/happybubbles.com\/wp-content\/uploads\/ffm-300x186.jpg 300w, https:\/\/happybubbles.com\/wp-content\/uploads\/ffm-150x93.jpg 150w, https:\/\/happybubbles.com\/wp-content\/uploads\/ffm.jpg 359w\" sizes=\"auto, (max-width: 300px) 100vw, 300px\" \/>\n\t\t\t<\/div><\/figure><figure class='gallery-item'>\n\t\t\t<div class='gallery-icon landscape'>\n\t\t\t\t<img loading=\"lazy\" decoding=\"async\" width=\"300\" height=\"182\" src=\"https:\/\/happybubbles.com\/wp-content\/uploads\/bfd-300x182.jpg\" class=\"attachment-medium size-medium\" alt=\"\" srcset=\"https:\/\/happybubbles.com\/wp-content\/uploads\/bfd-300x182.jpg 300w, https:\/\/happybubbles.com\/wp-content\/uploads\/bfd-150x91.jpg 150w, https:\/\/happybubbles.com\/wp-content\/uploads\/bfd.jpg 361w\" sizes=\"auto, (max-width: 300px) 100vw, 300px\" \/>\n\t\t\t<\/div><\/figure><figure class='gallery-item'>\n\t\t\t<div class='gallery-icon landscape'>\n\t\t\t\t<img loading=\"lazy\" decoding=\"async\" width=\"300\" height=\"180\" src=\"https:\/\/happybubbles.com\/wp-content\/uploads\/gold-300x180.jpg\" class=\"attachment-medium size-medium\" alt=\"\" srcset=\"https:\/\/happybubbles.com\/wp-content\/uploads\/gold-300x180.jpg 300w, https:\/\/happybubbles.com\/wp-content\/uploads\/gold-150x90.jpg 150w, https:\/\/happybubbles.com\/wp-content\/uploads\/gold-250x150.jpg 250w, https:\/\/happybubbles.com\/wp-content\/uploads\/gold.jpg 360w\" sizes=\"auto, (max-width: 300px) 100vw, 300px\" \/>\n\t\t\t<\/div><\/figure><figure class='gallery-item'>\n\t\t\t<div class='gallery-icon landscape'>\n\t\t\t\t<img loading=\"lazy\" decoding=\"async\" width=\"300\" height=\"185\" src=\"https:\/\/happybubbles.com\/wp-content\/uploads\/rr-300x185.jpg\" class=\"attachment-medium size-medium\" alt=\"\" srcset=\"https:\/\/happybubbles.com\/wp-content\/uploads\/rr-300x185.jpg 300w, https:\/\/happybubbles.com\/wp-content\/uploads\/rr-150x92.jpg 150w, https:\/\/happybubbles.com\/wp-content\/uploads\/rr.jpg 357w\" sizes=\"auto, (max-width: 300px) 100vw, 300px\" \/>\n\t\t\t<\/div><\/figure><figure class='gallery-item'>\n\t\t\t<div class='gallery-icon landscape'>\n\t\t\t\t<img loading=\"lazy\" decoding=\"async\" width=\"300\" height=\"187\" src=\"https:\/\/happybubbles.com\/wp-content\/uploads\/snr-300x187.jpg\" class=\"attachment-medium size-medium\" alt=\"\" srcset=\"https:\/\/happybubbles.com\/wp-content\/uploads\/snr-300x187.jpg 300w, https:\/\/happybubbles.com\/wp-content\/uploads\/snr-150x94.jpg 150w, https:\/\/happybubbles.com\/wp-content\/uploads\/snr.jpg 354w\" sizes=\"auto, (max-width: 300px) 100vw, 300px\" \/>\n\t\t\t<\/div><\/figure><figure class='gallery-item'>\n\t\t\t<div class='gallery-icon landscape'>\n\t\t\t\t<img loading=\"lazy\" decoding=\"async\" width=\"300\" height=\"182\" src=\"https:\/\/happybubbles.com\/wp-content\/uploads\/ean-300x182.jpg\" class=\"attachment-medium size-medium\" alt=\"\" srcset=\"https:\/\/happybubbles.com\/wp-content\/uploads\/ean-300x182.jpg 300w, https:\/\/happybubbles.com\/wp-content\/uploads\/ean-150x91.jpg 150w, https:\/\/happybubbles.com\/wp-content\/uploads\/ean.jpg 359w\" sizes=\"auto, (max-width: 300px) 100vw, 300px\" \/>\n\t\t\t<\/div><\/figure><figure class='gallery-item'>\n\t\t\t<div class='gallery-icon landscape'>\n\t\t\t\t<img loading=\"lazy\" decoding=\"async\" width=\"300\" height=\"206\" src=\"https:\/\/happybubbles.com\/wp-content\/uploads\/nlv-300x206.jpg\" class=\"attachment-medium size-medium\" alt=\"\" srcset=\"https:\/\/happybubbles.com\/wp-content\/uploads\/nlv-300x206.jpg 300w, https:\/\/happybubbles.com\/wp-content\/uploads\/nlv-150x103.jpg 150w, https:\/\/happybubbles.com\/wp-content\/uploads\/nlv.jpg 356w\" sizes=\"auto, (max-width: 300px) 100vw, 300px\" \/>\n\t\t\t<\/div><\/figure><figure class='gallery-item'>\n\t\t\t<div class='gallery-icon landscape'>\n\t\t\t\t<img loading=\"lazy\" decoding=\"async\" width=\"300\" height=\"185\" src=\"https:\/\/happybubbles.com\/wp-content\/uploads\/nav-1-300x185.jpg\" class=\"attachment-medium size-medium\" alt=\"\" srcset=\"https:\/\/happybubbles.com\/wp-content\/uploads\/nav-1-300x185.jpg 300w, https:\/\/happybubbles.com\/wp-content\/uploads\/nav-1-150x93.jpg 150w, https:\/\/happybubbles.com\/wp-content\/uploads\/nav-1.jpg 358w\" sizes=\"auto, (max-width: 300px) 100vw, 300px\" \/>\n\t\t\t<\/div><\/figure><figure class='gallery-item'>\n\t\t\t<div class='gallery-icon landscape'>\n\t\t\t\t<img loading=\"lazy\" decoding=\"async\" width=\"300\" height=\"188\" src=\"https:\/\/happybubbles.com\/wp-content\/uploads\/wd-300x188.jpg\" class=\"attachment-medium size-medium\" alt=\"\" srcset=\"https:\/\/happybubbles.com\/wp-content\/uploads\/wd-300x188.jpg 300w, https:\/\/happybubbles.com\/wp-content\/uploads\/wd-150x94.jpg 150w, https:\/\/happybubbles.com\/wp-content\/uploads\/wd.jpg 357w\" sizes=\"auto, (max-width: 300px) 100vw, 300px\" \/>\n\t\t\t<\/div><\/figure><figure class='gallery-item'>\n\t\t\t<div class='gallery-icon landscape'>\n\t\t\t\t<img loading=\"lazy\" decoding=\"async\" width=\"300\" height=\"188\" src=\"https:\/\/happybubbles.com\/wp-content\/uploads\/dd-300x188.jpg\" class=\"attachment-medium size-medium\" alt=\"\" srcset=\"https:\/\/happybubbles.com\/wp-content\/uploads\/dd-300x188.jpg 300w, https:\/\/happybubbles.com\/wp-content\/uploads\/dd-150x94.jpg 150w, https:\/\/happybubbles.com\/wp-content\/uploads\/dd.jpg 360w\" sizes=\"auto, (max-width: 300px) 100vw, 300px\" \/>\n\t\t\t<\/div><\/figure><figure class='gallery-item'>\n\t\t\t<div class='gallery-icon landscape'>\n\t\t\t\t<img loading=\"lazy\" decoding=\"async\" width=\"300\" height=\"199\" src=\"https:\/\/happybubbles.com\/wp-content\/uploads\/dpv-300x199.jpg\" class=\"attachment-medium size-medium\" alt=\"\" srcset=\"https:\/\/happybubbles.com\/wp-content\/uploads\/dpv-300x200.jpg 300w, https:\/\/happybubbles.com\/wp-content\/uploads\/dpv-150x100.jpg 150w, https:\/\/happybubbles.com\/wp-content\/uploads\/dpv.jpg 364w\" sizes=\"auto, (max-width: 300px) 100vw, 300px\" \/>\n\t\t\t<\/div><\/figure><figure class='gallery-item'>\n\t\t\t<div class='gallery-icon landscape'>\n\t\t\t\t<img loading=\"lazy\" decoding=\"async\" width=\"300\" height=\"189\" src=\"https:\/\/happybubbles.com\/wp-content\/uploads\/pb-300x189.jpg\" class=\"attachment-medium size-medium\" alt=\"\" srcset=\"https:\/\/happybubbles.com\/wp-content\/uploads\/pb-300x189.jpg 300w, https:\/\/happybubbles.com\/wp-content\/uploads\/pb-150x95.jpg 150w, https:\/\/happybubbles.com\/wp-content\/uploads\/pb.jpg 360w\" sizes=\"auto, (max-width: 300px) 100vw, 300px\" \/>\n\t\t\t<\/div><\/figure><figure class='gallery-item'>\n\t\t\t<div class='gallery-icon landscape'>\n\t\t\t\t<img loading=\"lazy\" decoding=\"async\" width=\"300\" height=\"182\" src=\"https:\/\/happybubbles.com\/wp-content\/uploads\/srec-300x182.jpg\" class=\"attachment-medium size-medium\" alt=\"\" srcset=\"https:\/\/happybubbles.com\/wp-content\/uploads\/srec-300x182.jpg 300w, https:\/\/happybubbles.com\/wp-content\/uploads\/srec-150x91.jpg 150w, https:\/\/happybubbles.com\/wp-content\/uploads\/srec.jpg 361w\" sizes=\"auto, (max-width: 300px) 100vw, 300px\" \/>\n\t\t\t<\/div><\/figure><figure class='gallery-item'>\n\t\t\t<div class='gallery-icon landscape'>\n\t\t\t\t<img loading=\"lazy\" decoding=\"async\" width=\"300\" height=\"184\" src=\"https:\/\/happybubbles.com\/wp-content\/uploads\/dry-300x184.jpg\" class=\"attachment-medium size-medium\" alt=\"\" srcset=\"https:\/\/happybubbles.com\/wp-content\/uploads\/dry-300x184.jpg 300w, https:\/\/happybubbles.com\/wp-content\/uploads\/dry-150x92.jpg 150w, https:\/\/happybubbles.com\/wp-content\/uploads\/dry.jpg 359w\" sizes=\"auto, (max-width: 300px) 100vw, 300px\" \/>\n\t\t\t<\/div><\/figure><figure class='gallery-item'>\n\t\t\t<div class='gallery-icon landscape'>\n\t\t\t\t<img loading=\"lazy\" decoding=\"async\" width=\"300\" height=\"187\" src=\"https:\/\/happybubbles.com\/wp-content\/uploads\/sno-300x187.jpg\" class=\"attachment-medium size-medium\" alt=\"\" srcset=\"https:\/\/happybubbles.com\/wp-content\/uploads\/sno-300x187.jpg 300w, https:\/\/happybubbles.com\/wp-content\/uploads\/sno-150x93.jpg 150w, https:\/\/happybubbles.com\/wp-content\/uploads\/sno.jpg 361w\" sizes=\"auto, (max-width: 300px) 100vw, 300px\" \/>\n\t\t\t<\/div><\/figure><figure class='gallery-item'>\n\t\t\t<div class='gallery-icon landscape'>\n\t\t\t\t<img loading=\"lazy\" decoding=\"async\" width=\"300\" height=\"204\" src=\"https:\/\/happybubbles.com\/wp-content\/uploads\/eqp-300x204.jpg\" class=\"attachment-medium size-medium\" alt=\"\" srcset=\"https:\/\/happybubbles.com\/wp-content\/uploads\/eqp-300x204.jpg 300w, https:\/\/happybubbles.com\/wp-content\/uploads\/eqp-150x102.jpg 150w, https:\/\/happybubbles.com\/wp-content\/uploads\/eqp.jpg 359w\" sizes=\"auto, (max-width: 300px) 100vw, 300px\" \/>\n\t\t\t<\/div><\/figure><figure class='gallery-item'>\n\t\t\t<div class='gallery-icon landscape'>\n\t\t\t\t<img loading=\"lazy\" decoding=\"async\" width=\"300\" height=\"183\" src=\"https:\/\/happybubbles.com\/wp-content\/uploads\/gb-300x183.jpg\" class=\"attachment-medium size-medium\" alt=\"\" srcset=\"https:\/\/happybubbles.com\/wp-content\/uploads\/gb-300x183.jpg 300w, https:\/\/happybubbles.com\/wp-content\/uploads\/gb-150x92.jpg 150w, https:\/\/happybubbles.com\/wp-content\/uploads\/gb.jpg 360w\" sizes=\"auto, (max-width: 300px) 100vw, 300px\" \/>\n\t\t\t<\/div><\/figure><figure class='gallery-item'>\n\t\t\t<div class='gallery-icon landscape'>\n\t\t\t\t<img loading=\"lazy\" decoding=\"async\" width=\"300\" height=\"185\" src=\"https:\/\/happybubbles.com\/wp-content\/uploads\/me-300x185.jpg\" class=\"attachment-medium size-medium\" alt=\"\" srcset=\"https:\/\/happybubbles.com\/wp-content\/uploads\/me-300x185.jpg 300w, https:\/\/happybubbles.com\/wp-content\/uploads\/me-150x93.jpg 150w, https:\/\/happybubbles.com\/wp-content\/uploads\/me.jpg 356w\" sizes=\"auto, (max-width: 300px) 100vw, 300px\" \/>\n\t\t\t<\/div><\/figure><figure class='gallery-item'>\n\t\t\t<div class='gallery-icon landscape'>\n\t\t\t\t<img loading=\"lazy\" decoding=\"async\" width=\"300\" height=\"191\" src=\"https:\/\/happybubbles.com\/wp-content\/uploads\/IT-300x191.jpg\" class=\"attachment-medium size-medium\" alt=\"\" srcset=\"https:\/\/happybubbles.com\/wp-content\/uploads\/IT-300x191.jpg 300w, https:\/\/happybubbles.com\/wp-content\/uploads\/IT-150x95.jpg 150w, https:\/\/happybubbles.com\/wp-content\/uploads\/IT.jpg 400w\" sizes=\"auto, (max-width: 300px) 100vw, 300px\" \/>\n\t\t\t<\/div><\/figure>\n\t\t<\/div>\n\n<p><img loading=\"lazy\" decoding=\"async\" class=\" wp-image-2408 alignnone\" src=\"http:\/\/happybubbles.com\/wp-content\/uploads\/tssf-logo-300x300.png\" alt=\"\" width=\"110\" height=\"110\" srcset=\"https:\/\/happybubbles.com\/wp-content\/uploads\/tssf-logo-300x300.png 300w, https:\/\/happybubbles.com\/wp-content\/uploads\/tssf-logo-150x150.png 150w, https:\/\/happybubbles.com\/wp-content\/uploads\/tssf-logo-768x768.png 768w, https:\/\/happybubbles.com\/wp-content\/uploads\/tssf-logo.png 886w\" sizes=\"auto, (max-width: 110px) 100vw, 110px\" \/><\/p>\n<p><img loading=\"lazy\" decoding=\"async\" class=\" wp-image-2432 alignnone\" src=\"http:\/\/happybubbles.com\/wp-content\/uploads\/TSSFcards-190x300.png\" alt=\"\" width=\"350\" height=\"552\" srcset=\"https:\/\/happybubbles.com\/wp-content\/uploads\/TSSFcards-190x300.png 190w, https:\/\/happybubbles.com\/wp-content\/uploads\/TSSFcards-768x1212.png 768w, https:\/\/happybubbles.com\/wp-content\/uploads\/TSSFcards-649x1024.png 649w, https:\/\/happybubbles.com\/wp-content\/uploads\/TSSFcards-95x150.png 95w, https:\/\/happybubbles.com\/wp-content\/uploads\/TSSFcards.png 1357w\" sizes=\"auto, (max-width: 350px) 100vw, 350px\" \/><\/p>\n","protected":false},"excerpt":{"rendered":"<p>Yener \u00c7ELT\u0130KC\u0130 &#8211; 1971 Scuba: 1989 E\u011fitmen: 2005 Dal\u0131\u015f Pro: 2007 Dal\u0131\u015f Merkezi: 2013 Kaptan ve Telsiz: 2018 SSI E\u011fitmen E\u011fiticisi: 2019 Ba\u015f E\u011fitmen &nbsp; &nbsp; &nbsp; &nbsp; &nbsp;<\/p>\n","protected":false},"author":10,"featured_media":0,"parent":0,"menu_order":0,"comment_status":"closed","ping_status":"closed","template":"","meta":{"footnotes":""},"class_list":["post-2406","page","type-page","status-publish","hentry"],"yoast_head":"<!-- This site is optimized with the Yoast SEO plugin v27.1.1 - https:\/\/yoast.com\/product\/yoast-seo-wordpress\/ -->\n<title>Yener \u00c7eltikci &#187; Happy Bubbles Dal\u0131\u015f Merkezi<\/title>\n<meta name=\"robots\" content=\"index, follow, max-snippet:-1, max-image-preview:large, max-video-preview:-1\" \/>\n<link rel=\"canonical\" href=\"https:\/\/happybubbles.com\/yener-celtikci\/\" \/>\n<meta property=\"og:locale\" content=\"tr_TR\" \/>\n<meta property=\"og:type\" content=\"article\" \/>\n<meta property=\"og:title\" content=\"Yener \u00c7eltikci &#187; Happy Bubbles Dal\u0131\u015f Merkezi\" \/>\n<meta property=\"og:description\" content=\"Yener \u00c7ELT\u0130KC\u0130 &#8211; 1971 Scuba: 1989 E\u011fitmen: 2005 Dal\u0131\u015f Pro: 2007 Dal\u0131\u015f Merkezi: 2013 Kaptan ve Telsiz: 2018 SSI E\u011fitmen E\u011fiticisi: 2019 Ba\u015f E\u011fitmen &nbsp; &nbsp; &nbsp; &nbsp; &nbsp;\" \/>\n<meta property=\"og:url\" content=\"https:\/\/happybubbles.com\/yener-celtikci\/\" \/>\n<meta property=\"og:site_name\" content=\"Happy Bubbles Dal\u0131\u015f Merkezi\" \/>\n<meta property=\"article:publisher\" content=\"https:\/\/www.facebook.com\/HappyBubblesDive\/\" \/>\n<meta property=\"article:modified_time\" content=\"2024-03-05T12:48:00+00:00\" \/>\n<meta property=\"og:image\" content=\"https:\/\/happybubbles.com\/wp-content\/uploads\/xrn-300x183.jpg\" \/>\n<meta name=\"twitter:card\" content=\"summary_large_image\" \/>\n<meta name=\"twitter:label1\" content=\"Tahmini okuma s\u00fcresi\" \/>\n\t<meta name=\"twitter:data1\" content=\"2 dakika\" \/>\n<script type=\"application\/ld+json\" class=\"yoast-schema-graph\">{\"@context\":\"https:\/\/schema.org\",\"@graph\":[{\"@type\":\"WebPage\",\"@id\":\"https:\/\/happybubbles.com\/yener-celtikci\/\",\"url\":\"https:\/\/happybubbles.com\/yener-celtikci\/\",\"name\":\"Yener \u00c7eltikci &#187; Happy Bubbles Dal\u0131\u015f Merkezi\",\"isPartOf\":{\"@id\":\"https:\/\/happybubbles.com\/#website\"},\"primaryImageOfPage\":{\"@id\":\"https:\/\/happybubbles.com\/yener-celtikci\/#primaryimage\"},\"image\":{\"@id\":\"https:\/\/happybubbles.com\/yener-celtikci\/#primaryimage\"},\"thumbnailUrl\":\"https:\/\/happybubbles.com\/wp-content\/uploads\/FB_IMG_1613553864953.jpg\",\"datePublished\":\"2018-06-26T14:38:40+00:00\",\"dateModified\":\"2024-03-05T12:48:00+00:00\",\"breadcrumb\":{\"@id\":\"https:\/\/happybubbles.com\/yener-celtikci\/#breadcrumb\"},\"inLanguage\":\"tr\",\"potentialAction\":[{\"@type\":\"ReadAction\",\"target\":[\"https:\/\/happybubbles.com\/yener-celtikci\/\"]}]},{\"@type\":\"ImageObject\",\"inLanguage\":\"tr\",\"@id\":\"https:\/\/happybubbles.com\/yener-celtikci\/#primaryimage\",\"url\":\"https:\/\/happybubbles.com\/wp-content\/uploads\/FB_IMG_1613553864953.jpg\",\"contentUrl\":\"https:\/\/happybubbles.com\/wp-content\/uploads\/FB_IMG_1613553864953.jpg\"},{\"@type\":\"BreadcrumbList\",\"@id\":\"https:\/\/happybubbles.com\/yener-celtikci\/#breadcrumb\",\"itemListElement\":[{\"@type\":\"ListItem\",\"position\":1,\"name\":\"Ana sayfa\",\"item\":\"https:\/\/happybubbles.com\/\"},{\"@type\":\"ListItem\",\"position\":2,\"name\":\"Yener \u00c7eltikci\"}]},{\"@type\":\"WebSite\",\"@id\":\"https:\/\/happybubbles.com\/#website\",\"url\":\"https:\/\/happybubbles.com\/\",\"name\":\"Happy Bubbles Dal\u0131\u015f Merkezi\",\"description\":\"arkada\u015f\u00e7a ve keyifli dal\u0131\u015flar, Bodrum - T\u00fcrkiye\",\"publisher\":{\"@id\":\"https:\/\/happybubbles.com\/#organization\"},\"potentialAction\":[{\"@type\":\"SearchAction\",\"target\":{\"@type\":\"EntryPoint\",\"urlTemplate\":\"https:\/\/happybubbles.com\/?s={search_term_string}\"},\"query-input\":{\"@type\":\"PropertyValueSpecification\",\"valueRequired\":true,\"valueName\":\"search_term_string\"}}],\"inLanguage\":\"tr\"},{\"@type\":\"Organization\",\"@id\":\"https:\/\/happybubbles.com\/#organization\",\"name\":\"Happy Bubbles Dive Center\",\"url\":\"https:\/\/happybubbles.com\/\",\"logo\":{\"@type\":\"ImageObject\",\"inLanguage\":\"tr\",\"@id\":\"https:\/\/happybubbles.com\/#\/schema\/logo\/image\/\",\"url\":\"https:\/\/happybubbles.com\/wp-content\/uploads\/anaLogo4.png\",\"contentUrl\":\"https:\/\/happybubbles.com\/wp-content\/uploads\/anaLogo4.png\",\"width\":139,\"height\":128,\"caption\":\"Happy Bubbles Dive Center\"},\"image\":{\"@id\":\"https:\/\/happybubbles.com\/#\/schema\/logo\/image\/\"},\"sameAs\":[\"https:\/\/www.facebook.com\/HappyBubblesDive\/\",\"https:\/\/www.instagram.com\/happybubblesdive\/\"]}]}<\/script>\n<!-- \/ Yoast SEO plugin. -->","yoast_head_json":{"title":"Yener \u00c7eltikci &#187; Happy Bubbles Dal\u0131\u015f Merkezi","robots":{"index":"index","follow":"follow","max-snippet":"max-snippet:-1","max-image-preview":"max-image-preview:large","max-video-preview":"max-video-preview:-1"},"canonical":"https:\/\/happybubbles.com\/yener-celtikci\/","og_locale":"tr_TR","og_type":"article","og_title":"Yener \u00c7eltikci &#187; Happy Bubbles Dal\u0131\u015f Merkezi","og_description":"Yener \u00c7ELT\u0130KC\u0130 &#8211; 1971 Scuba: 1989 E\u011fitmen: 2005 Dal\u0131\u015f Pro: 2007 Dal\u0131\u015f Merkezi: 2013 Kaptan ve Telsiz: 2018 SSI E\u011fitmen E\u011fiticisi: 2019 Ba\u015f E\u011fitmen &nbsp; &nbsp; &nbsp; &nbsp; &nbsp;","og_url":"https:\/\/happybubbles.com\/yener-celtikci\/","og_site_name":"Happy Bubbles Dal\u0131\u015f Merkezi","article_publisher":"https:\/\/www.facebook.com\/HappyBubblesDive\/","article_modified_time":"2024-03-05T12:48:00+00:00","og_image":[{"url":"https:\/\/happybubbles.com\/wp-content\/uploads\/xrn-300x183.jpg","type":"","width":"","height":""}],"twitter_card":"summary_large_image","twitter_misc":{"Tahmini okuma s\u00fcresi":"2 dakika"},"schema":{"@context":"https:\/\/schema.org","@graph":[{"@type":"WebPage","@id":"https:\/\/happybubbles.com\/yener-celtikci\/","url":"https:\/\/happybubbles.com\/yener-celtikci\/","name":"Yener \u00c7eltikci &#187; Happy Bubbles Dal\u0131\u015f Merkezi","isPartOf":{"@id":"https:\/\/happybubbles.com\/#website"},"primaryImageOfPage":{"@id":"https:\/\/happybubbles.com\/yener-celtikci\/#primaryimage"},"image":{"@id":"https:\/\/happybubbles.com\/yener-celtikci\/#primaryimage"},"thumbnailUrl":"https:\/\/happybubbles.com\/wp-content\/uploads\/FB_IMG_1613553864953.jpg","datePublished":"2018-06-26T14:38:40+00:00","dateModified":"2024-03-05T12:48:00+00:00","breadcrumb":{"@id":"https:\/\/happybubbles.com\/yener-celtikci\/#breadcrumb"},"inLanguage":"tr","potentialAction":[{"@type":"ReadAction","target":["https:\/\/happybubbles.com\/yener-celtikci\/"]}]},{"@type":"ImageObject","inLanguage":"tr","@id":"https:\/\/happybubbles.com\/yener-celtikci\/#primaryimage","url":"https:\/\/happybubbles.com\/wp-content\/uploads\/FB_IMG_1613553864953.jpg","contentUrl":"https:\/\/happybubbles.com\/wp-content\/uploads\/FB_IMG_1613553864953.jpg"},{"@type":"BreadcrumbList","@id":"https:\/\/happybubbles.com\/yener-celtikci\/#breadcrumb","itemListElement":[{"@type":"ListItem","position":1,"name":"Ana sayfa","item":"https:\/\/happybubbles.com\/"},{"@type":"ListItem","position":2,"name":"Yener \u00c7eltikci"}]},{"@type":"WebSite","@id":"https:\/\/happybubbles.com\/#website","url":"https:\/\/happybubbles.com\/","name":"Happy Bubbles Dal\u0131\u015f Merkezi","description":"arkada\u015f\u00e7a ve keyifli dal\u0131\u015flar, Bodrum - T\u00fcrkiye","publisher":{"@id":"https:\/\/happybubbles.com\/#organization"},"potentialAction":[{"@type":"SearchAction","target":{"@type":"EntryPoint","urlTemplate":"https:\/\/happybubbles.com\/?s={search_term_string}"},"query-input":{"@type":"PropertyValueSpecification","valueRequired":true,"valueName":"search_term_string"}}],"inLanguage":"tr"},{"@type":"Organization","@id":"https:\/\/happybubbles.com\/#organization","name":"Happy Bubbles Dive Center","url":"https:\/\/happybubbles.com\/","logo":{"@type":"ImageObject","inLanguage":"tr","@id":"https:\/\/happybubbles.com\/#\/schema\/logo\/image\/","url":"https:\/\/happybubbles.com\/wp-content\/uploads\/anaLogo4.png","contentUrl":"https:\/\/happybubbles.com\/wp-content\/uploads\/anaLogo4.png","width":139,"height":128,"caption":"Happy Bubbles Dive Center"},"image":{"@id":"https:\/\/happybubbles.com\/#\/schema\/logo\/image\/"},"sameAs":["https:\/\/www.facebook.com\/HappyBubblesDive\/","https:\/\/www.instagram.com\/happybubblesdive\/"]}]}},"_links":{"self":[{"href":"https:\/\/happybubbles.com\/tr\/wp-json\/wp\/v2\/pages\/2406","targetHints":{"allow":["GET"]}}],"collection":[{"href":"https:\/\/happybubbles.com\/tr\/wp-json\/wp\/v2\/pages"}],"about":[{"href":"https:\/\/happybubbles.com\/tr\/wp-json\/wp\/v2\/types\/page"}],"author":[{"embeddable":true,"href":"https:\/\/happybubbles.com\/tr\/wp-json\/wp\/v2\/users\/10"}],"replies":[{"embeddable":true,"href":"https:\/\/happybubbles.com\/tr\/wp-json\/wp\/v2\/comments?post=2406"}],"version-history":[{"count":19,"href":"https:\/\/happybubbles.com\/tr\/wp-json\/wp\/v2\/pages\/2406\/revisions"}],"predecessor-version":[{"id":57227,"href":"https:\/\/happybubbles.com\/tr\/wp-json\/wp\/v2\/pages\/2406\/revisions\/57227"}],"wp:attachment":[{"href":"https:\/\/happybubbles.com\/tr\/wp-json\/wp\/v2\/media?parent=2406"}],"curies":[{"name":"wp","href":"https:\/\/api.w.org\/{rel}","templated":true}]}}