{"id":343,"date":"2013-03-09T17:15:18","date_gmt":"2013-03-09T15:15:18","guid":{"rendered":"http:\/\/happybubbles.com\/?page_id=343"},"modified":"2024-03-08T16:45:56","modified_gmt":"2024-03-08T13:45:56","slug":"ssi-free-diving","status":"publish","type":"page","link":"https:\/\/happybubbles.com\/tr\/ssi-free-diving\/","title":{"rendered":"SSI Serbest Dal\u0131\u015f"},"content":{"rendered":"<p><img loading=\"lazy\" decoding=\"async\" class=\"alignnone size-full wp-image-57266\" src=\"https:\/\/happybubbles.com\/wp-content\/uploads\/webHeader2024.png\" alt=\"\" width=\"2590\" height=\"442\" srcset=\"https:\/\/happybubbles.com\/wp-content\/uploads\/webHeader2024.png 2590w, https:\/\/happybubbles.com\/wp-content\/uploads\/webHeader2024-300x51.png 300w, https:\/\/happybubbles.com\/wp-content\/uploads\/webHeader2024-1024x175.png 1024w, https:\/\/happybubbles.com\/wp-content\/uploads\/webHeader2024-768x131.png 768w, https:\/\/happybubbles.com\/wp-content\/uploads\/webHeader2024-1536x262.png 1536w, https:\/\/happybubbles.com\/wp-content\/uploads\/webHeader2024-2048x350.png 2048w, https:\/\/happybubbles.com\/wp-content\/uploads\/webHeader2024-1510x258.png 1510w, https:\/\/happybubbles.com\/wp-content\/uploads\/webHeader2024-800x137.png 800w, https:\/\/happybubbles.com\/wp-content\/uploads\/webHeader2024-512x87.png 512w\" sizes=\"auto, (max-width: 2590px) 100vw, 2590px\" \/><\/p>\n<h1 data-key=\"product_category_headline_start_frd\">Serbest Dal\u0131\u015f Antremanlar\u0131<\/h1>\n<p>Happy Bubbles ile macera \u00e7\u0131tas\u0131n\u0131 bir \u00fcst seviyeye ta\u015f\u0131maya haz\u0131r m\u0131s\u0131n\u0131z?<\/p>\n<p>Ulusal ya da uluslararas\u0131 herhangi bir e\u011fitim kurulu\u015fundan sertifikal\u0131 serbest dalg\u0131\u00e7 iseniz bizimle beraber antreman ve e\u011flence serbest dal\u0131\u015flar\u0131na kat\u0131labilirsiniz.<\/p>\n<p>Bodrum&#8217;da serbest dal\u0131\u015flara yeni bir anlam kazand\u0131rarak dal\u0131\u015flar\u0131n\u0131z\u0131 sadece bir nefes tutma antreman\u0131 olmaktan \u00e7\u0131kart\u0131p, bat\u0131k, resif ve kovuklara dal\u0131\u015flar yaparak maceran\u0131n dibine vuruyoruz!<\/p>\n<p>SSI Serbest Dal\u0131\u015f E\u011fitmen E\u011fiticisi ve SSI L1 E\u011fitmenler e\u015fli\u011finde son derece g\u00fcvenli, sertifika limitlerinizde antreman dal\u0131\u015flar\u0131 yapmak i\u00e7in bizimle mutlaka ileti\u015fime ge\u00e7in.<\/p>\n<p>\u0130\u015fte size baz\u0131 dal\u0131\u015flar\u0131m\u0131zdan g\u00f6r\u00fcnt\u00fcler:<\/p>\n<div id='gallery-1' class='gallery galleryid-343 gallery-columns-4 gallery-size-medium'><figure class='gallery-item'>\n\t\t\t<div class='gallery-icon portrait'>\n\t\t\t\t<a href='https:\/\/happybubbles.com\/tr\/ssi-free-diving\/free1\/'><img loading=\"lazy\" decoding=\"async\" width=\"256\" height=\"300\" src=\"https:\/\/happybubbles.com\/wp-content\/uploads\/free1-256x300.png\" class=\"attachment-medium size-medium\" alt=\"\" srcset=\"https:\/\/happybubbles.com\/wp-content\/uploads\/free1-256x300.png 256w, https:\/\/happybubbles.com\/wp-content\/uploads\/free1-298x350.png 298w, https:\/\/happybubbles.com\/wp-content\/uploads\/free1.png 683w\" sizes=\"auto, (max-width: 256px) 100vw, 256px\" \/><\/a>\n\t\t\t<\/div><\/figure><figure class='gallery-item'>\n\t\t\t<div class='gallery-icon landscape'>\n\t\t\t\t<a href='https:\/\/happybubbles.com\/tr\/ssi-free-diving\/ekran-goruntusu-2022-05-10-215348\/'><img loading=\"lazy\" decoding=\"async\" width=\"300\" height=\"201\" src=\"https:\/\/happybubbles.com\/wp-content\/uploads\/Ekran-goruntusu-2022-05-10-215348-300x201.jpg\" class=\"attachment-medium size-medium\" alt=\"\" srcset=\"https:\/\/happybubbles.com\/wp-content\/uploads\/Ekran-goruntusu-2022-05-10-215348-300x201.jpg 300w, https:\/\/happybubbles.com\/wp-content\/uploads\/Ekran-goruntusu-2022-05-10-215348-524x350.jpg 524w, https:\/\/happybubbles.com\/wp-content\/uploads\/Ekran-goruntusu-2022-05-10-215348-512x342.jpg 512w, https:\/\/happybubbles.com\/wp-content\/uploads\/Ekran-goruntusu-2022-05-10-215348.jpg 591w\" sizes=\"auto, (max-width: 300px) 100vw, 300px\" \/><\/a>\n\t\t\t<\/div><\/figure><figure class='gallery-item'>\n\t\t\t<div class='gallery-icon portrait'>\n\t\t\t\t<a href='https:\/\/happybubbles.com\/tr\/ssi-free-diving\/free2\/'><img loading=\"lazy\" decoding=\"async\" width=\"255\" height=\"300\" src=\"https:\/\/happybubbles.com\/wp-content\/uploads\/free2-255x300.png\" class=\"attachment-medium size-medium\" alt=\"\" srcset=\"https:\/\/happybubbles.com\/wp-content\/uploads\/free2-255x300.png 255w, https:\/\/happybubbles.com\/wp-content\/uploads\/free2-297x350.png 297w, https:\/\/happybubbles.com\/wp-content\/uploads\/free2.png 681w\" sizes=\"auto, (max-width: 255px) 100vw, 255px\" \/><\/a>\n\t\t\t<\/div><\/figure><figure class='gallery-item'>\n\t\t\t<div class='gallery-icon portrait'>\n\t\t\t\t<a href='https:\/\/happybubbles.com\/tr\/ssi-free-diving\/ekran-goruntusu-2022-05-10-215516\/'><img loading=\"lazy\" decoding=\"async\" width=\"256\" height=\"300\" src=\"https:\/\/happybubbles.com\/wp-content\/uploads\/Ekran-goruntusu-2022-05-10-215516-256x300.jpg\" class=\"attachment-medium size-medium\" alt=\"\" srcset=\"https:\/\/happybubbles.com\/wp-content\/uploads\/Ekran-goruntusu-2022-05-10-215516-256x300.jpg 256w, https:\/\/happybubbles.com\/wp-content\/uploads\/Ekran-goruntusu-2022-05-10-215516-298x350.jpg 298w, https:\/\/happybubbles.com\/wp-content\/uploads\/Ekran-goruntusu-2022-05-10-215516.jpg 462w\" sizes=\"auto, (max-width: 256px) 100vw, 256px\" \/><\/a>\n\t\t\t<\/div><\/figure><figure class='gallery-item'>\n\t\t\t<div class='gallery-icon landscape'>\n\t\t\t\t<a href='https:\/\/happybubbles.com\/tr\/ssi-free-diving\/free11\/'><img loading=\"lazy\" decoding=\"async\" width=\"300\" height=\"300\" src=\"https:\/\/happybubbles.com\/wp-content\/uploads\/free11-300x300.png\" class=\"attachment-medium size-medium\" alt=\"\" srcset=\"https:\/\/happybubbles.com\/wp-content\/uploads\/free11-300x300.png 300w, https:\/\/happybubbles.com\/wp-content\/uploads\/free11-150x150.png 150w, https:\/\/happybubbles.com\/wp-content\/uploads\/free11-768x768.png 768w, https:\/\/happybubbles.com\/wp-content\/uploads\/free11-350x350.png 350w, https:\/\/happybubbles.com\/wp-content\/uploads\/free11.png 851w\" sizes=\"auto, (max-width: 300px) 100vw, 300px\" \/><\/a>\n\t\t\t<\/div><\/figure><figure class='gallery-item'>\n\t\t\t<div class='gallery-icon portrait'>\n\t\t\t\t<a href='https:\/\/happybubbles.com\/tr\/ssi-free-diving\/free7\/'><img loading=\"lazy\" decoding=\"async\" width=\"254\" height=\"300\" src=\"https:\/\/happybubbles.com\/wp-content\/uploads\/free7-254x300.png\" class=\"attachment-medium size-medium\" alt=\"\" srcset=\"https:\/\/happybubbles.com\/wp-content\/uploads\/free7-254x300.png 254w, https:\/\/happybubbles.com\/wp-content\/uploads\/free7-296x350.png 296w, https:\/\/happybubbles.com\/wp-content\/uploads\/free7.png 680w\" sizes=\"auto, (max-width: 254px) 100vw, 254px\" \/><\/a>\n\t\t\t<\/div><\/figure><figure class='gallery-item'>\n\t\t\t<div class='gallery-icon portrait'>\n\t\t\t\t<a href='https:\/\/happybubbles.com\/tr\/ssi-free-diving\/ekran-goruntusu-2022-05-10-215603\/'><img loading=\"lazy\" decoding=\"async\" width=\"254\" height=\"300\" src=\"https:\/\/happybubbles.com\/wp-content\/uploads\/Ekran-goruntusu-2022-05-10-215603-254x300.jpg\" class=\"attachment-medium size-medium\" alt=\"\" srcset=\"https:\/\/happybubbles.com\/wp-content\/uploads\/Ekran-goruntusu-2022-05-10-215603-254x300.jpg 254w, https:\/\/happybubbles.com\/wp-content\/uploads\/Ekran-goruntusu-2022-05-10-215603-296x350.jpg 296w, https:\/\/happybubbles.com\/wp-content\/uploads\/Ekran-goruntusu-2022-05-10-215603.jpg 463w\" sizes=\"auto, (max-width: 254px) 100vw, 254px\" \/><\/a>\n\t\t\t<\/div><\/figure><figure class='gallery-item'>\n\t\t\t<div class='gallery-icon portrait'>\n\t\t\t\t<a href='https:\/\/happybubbles.com\/tr\/ssi-free-diving\/free3\/'><img loading=\"lazy\" decoding=\"async\" width=\"255\" height=\"300\" src=\"https:\/\/happybubbles.com\/wp-content\/uploads\/free3-255x300.png\" class=\"attachment-medium size-medium\" alt=\"\" srcset=\"https:\/\/happybubbles.com\/wp-content\/uploads\/free3-255x300.png 255w, https:\/\/happybubbles.com\/wp-content\/uploads\/free3-298x350.png 298w, https:\/\/happybubbles.com\/wp-content\/uploads\/free3.png 681w\" sizes=\"auto, (max-width: 255px) 100vw, 255px\" \/><\/a>\n\t\t\t<\/div><\/figure><figure class='gallery-item'>\n\t\t\t<div class='gallery-icon landscape'>\n\t\t\t\t<a href='https:\/\/happybubbles.com\/tr\/ssi-free-diving\/free8\/'><img loading=\"lazy\" decoding=\"async\" width=\"300\" height=\"277\" src=\"https:\/\/happybubbles.com\/wp-content\/uploads\/free8-300x277.png\" class=\"attachment-medium size-medium\" alt=\"\" srcset=\"https:\/\/happybubbles.com\/wp-content\/uploads\/free8-300x277.png 300w, https:\/\/happybubbles.com\/wp-content\/uploads\/free8-768x708.png 768w, https:\/\/happybubbles.com\/wp-content\/uploads\/free8-380x350.png 380w, https:\/\/happybubbles.com\/wp-content\/uploads\/free8.png 849w\" sizes=\"auto, (max-width: 300px) 100vw, 300px\" \/><\/a>\n\t\t\t<\/div><\/figure><figure class='gallery-item'>\n\t\t\t<div class='gallery-icon landscape'>\n\t\t\t\t<a href='https:\/\/happybubbles.com\/tr\/ssi-free-diving\/free5\/'><img loading=\"lazy\" decoding=\"async\" width=\"300\" height=\"167\" src=\"https:\/\/happybubbles.com\/wp-content\/uploads\/free5-300x167.png\" class=\"attachment-medium size-medium\" alt=\"\" srcset=\"https:\/\/happybubbles.com\/wp-content\/uploads\/free5-300x167.png 300w, https:\/\/happybubbles.com\/wp-content\/uploads\/free5-768x428.png 768w, https:\/\/happybubbles.com\/wp-content\/uploads\/free5-628x350.png 628w, https:\/\/happybubbles.com\/wp-content\/uploads\/free5-512x285.png 512w, https:\/\/happybubbles.com\/wp-content\/uploads\/free5.png 851w\" sizes=\"auto, (max-width: 300px) 100vw, 300px\" \/><\/a>\n\t\t\t<\/div><\/figure><figure class='gallery-item'>\n\t\t\t<div class='gallery-icon portrait'>\n\t\t\t\t<a href='https:\/\/happybubbles.com\/tr\/ssi-free-diving\/free4\/'><img loading=\"lazy\" decoding=\"async\" width=\"239\" height=\"300\" src=\"https:\/\/happybubbles.com\/wp-content\/uploads\/free4-239x300.png\" class=\"attachment-medium size-medium\" alt=\"\" srcset=\"https:\/\/happybubbles.com\/wp-content\/uploads\/free4-239x300.png 239w, https:\/\/happybubbles.com\/wp-content\/uploads\/free4-279x350.png 279w, https:\/\/happybubbles.com\/wp-content\/uploads\/free4.png 639w\" sizes=\"auto, (max-width: 239px) 100vw, 239px\" \/><\/a>\n\t\t\t<\/div><\/figure><figure class='gallery-item'>\n\t\t\t<div class='gallery-icon landscape'>\n\t\t\t\t<a href='https:\/\/happybubbles.com\/tr\/ssi-free-diving\/free9\/'><img loading=\"lazy\" decoding=\"async\" width=\"300\" height=\"197\" src=\"https:\/\/happybubbles.com\/wp-content\/uploads\/free9-300x197.png\" class=\"attachment-medium size-medium\" alt=\"\" srcset=\"https:\/\/happybubbles.com\/wp-content\/uploads\/free9-300x197.png 300w, https:\/\/happybubbles.com\/wp-content\/uploads\/free9-768x505.png 768w, https:\/\/happybubbles.com\/wp-content\/uploads\/free9-532x350.png 532w, https:\/\/happybubbles.com\/wp-content\/uploads\/free9-512x337.png 512w, https:\/\/happybubbles.com\/wp-content\/uploads\/free9.png 845w\" sizes=\"auto, (max-width: 300px) 100vw, 300px\" \/><\/a>\n\t\t\t<\/div><\/figure>\n\t\t<\/div>\n\n<p>&nbsp;<\/p>\n<hr \/>\n<hr \/>\n<p><iframe loading=\"lazy\" title=\"Vertical Passion | Freediving\" width=\"1183\" height=\"665\" src=\"https:\/\/www.youtube.com\/embed\/Az-n8SFJL7A?feature=oembed\" frameborder=\"0\" allow=\"accelerometer; autoplay; clipboard-write; encrypted-media; gyroscope; picture-in-picture; web-share\" allowfullscreen><\/iframe><\/p>\n<p>&nbsp;<\/p>\n","protected":false},"excerpt":{"rendered":"<p>Serbest Dal\u0131\u015f Antremanlar\u0131 Happy Bubbles ile macera \u00e7\u0131tas\u0131n\u0131 bir \u00fcst seviyeye ta\u015f\u0131maya haz\u0131r m\u0131s\u0131n\u0131z? Ulusal ya da uluslararas\u0131 herhangi bir e\u011fitim kurulu\u015fundan sertifikal\u0131 serbest dalg\u0131\u00e7 iseniz bizimle beraber antreman ve e\u011flence serbest dal\u0131\u015flar\u0131na kat\u0131labilirsiniz. Bodrum&#8217;da &hellip;<\/p>\n","protected":false},"author":1,"featured_media":57266,"parent":0,"menu_order":0,"comment_status":"closed","ping_status":"closed","template":"","meta":{"footnotes":""},"class_list":["post-343","page","type-page","status-publish","has-post-thumbnail","hentry"],"yoast_head":"<!-- This site is optimized with the Yoast SEO plugin v27.1.1 - https:\/\/yoast.com\/product\/yoast-seo-wordpress\/ -->\n<title>SSI Serbest Dal\u0131\u015f &#187; Happy Bubbles Dal\u0131\u015f Merkezi<\/title>\n<meta name=\"robots\" content=\"index, follow, max-snippet:-1, max-image-preview:large, max-video-preview:-1\" \/>\n<link rel=\"canonical\" href=\"https:\/\/happybubbles.com\/ssi-free-diving\/\" \/>\n<meta property=\"og:locale\" content=\"tr_TR\" \/>\n<meta property=\"og:type\" content=\"article\" \/>\n<meta property=\"og:title\" content=\"SSI Serbest Dal\u0131\u015f &#187; Happy Bubbles Dal\u0131\u015f Merkezi\" \/>\n<meta property=\"og:description\" content=\"Serbest Dal\u0131\u015f Antremanlar\u0131 Happy Bubbles ile macera \u00e7\u0131tas\u0131n\u0131 bir \u00fcst seviyeye ta\u015f\u0131maya haz\u0131r m\u0131s\u0131n\u0131z? Ulusal ya da uluslararas\u0131 herhangi bir e\u011fitim kurulu\u015fundan sertifikal\u0131 serbest dalg\u0131\u00e7 iseniz bizimle beraber antreman ve e\u011flence serbest dal\u0131\u015flar\u0131na kat\u0131labilirsiniz. Bodrum&#8217;da &hellip;\" \/>\n<meta property=\"og:url\" content=\"https:\/\/happybubbles.com\/ssi-free-diving\/\" \/>\n<meta property=\"og:site_name\" content=\"Happy Bubbles Dal\u0131\u015f Merkezi\" \/>\n<meta property=\"article:publisher\" content=\"https:\/\/www.facebook.com\/HappyBubblesDive\/\" \/>\n<meta property=\"article:modified_time\" content=\"2024-03-08T13:45:56+00:00\" \/>\n<meta property=\"og:image\" content=\"https:\/\/happybubbles.com\/wp-content\/uploads\/webHeader2024-1024x175.png\" \/>\n\t<meta property=\"og:image:width\" content=\"1024\" \/>\n\t<meta property=\"og:image:height\" content=\"175\" \/>\n\t<meta property=\"og:image:type\" content=\"image\/png\" \/>\n<meta name=\"twitter:card\" content=\"summary_large_image\" \/>\n<meta name=\"twitter:label1\" content=\"Tahmini okuma s\u00fcresi\" \/>\n\t<meta name=\"twitter:data1\" content=\"2 dakika\" \/>\n<script type=\"application\/ld+json\" class=\"yoast-schema-graph\">{\"@context\":\"https:\/\/schema.org\",\"@graph\":[{\"@type\":\"WebPage\",\"@id\":\"https:\/\/happybubbles.com\/ssi-free-diving\/\",\"url\":\"https:\/\/happybubbles.com\/ssi-free-diving\/\",\"name\":\"SSI Serbest Dal\u0131\u015f &#187; Happy Bubbles Dal\u0131\u015f Merkezi\",\"isPartOf\":{\"@id\":\"https:\/\/happybubbles.com\/#website\"},\"primaryImageOfPage\":{\"@id\":\"https:\/\/happybubbles.com\/ssi-free-diving\/#primaryimage\"},\"image\":{\"@id\":\"https:\/\/happybubbles.com\/ssi-free-diving\/#primaryimage\"},\"thumbnailUrl\":\"https:\/\/happybubbles.com\/wp-content\/uploads\/webHeader2024.png\",\"datePublished\":\"2013-03-09T15:15:18+00:00\",\"dateModified\":\"2024-03-08T13:45:56+00:00\",\"breadcrumb\":{\"@id\":\"https:\/\/happybubbles.com\/ssi-free-diving\/#breadcrumb\"},\"inLanguage\":\"tr\",\"potentialAction\":[{\"@type\":\"ReadAction\",\"target\":[\"https:\/\/happybubbles.com\/ssi-free-diving\/\"]}]},{\"@type\":\"ImageObject\",\"inLanguage\":\"tr\",\"@id\":\"https:\/\/happybubbles.com\/ssi-free-diving\/#primaryimage\",\"url\":\"https:\/\/happybubbles.com\/wp-content\/uploads\/webHeader2024.png\",\"contentUrl\":\"https:\/\/happybubbles.com\/wp-content\/uploads\/webHeader2024.png\",\"width\":2590,\"height\":442},{\"@type\":\"BreadcrumbList\",\"@id\":\"https:\/\/happybubbles.com\/ssi-free-diving\/#breadcrumb\",\"itemListElement\":[{\"@type\":\"ListItem\",\"position\":1,\"name\":\"Ana sayfa\",\"item\":\"https:\/\/happybubbles.com\/\"},{\"@type\":\"ListItem\",\"position\":2,\"name\":\"SSI Serbest Dal\u0131\u015f\"}]},{\"@type\":\"WebSite\",\"@id\":\"https:\/\/happybubbles.com\/#website\",\"url\":\"https:\/\/happybubbles.com\/\",\"name\":\"Happy Bubbles Dal\u0131\u015f Merkezi\",\"description\":\"arkada\u015f\u00e7a ve keyifli dal\u0131\u015flar, Bodrum - T\u00fcrkiye\",\"publisher\":{\"@id\":\"https:\/\/happybubbles.com\/#organization\"},\"potentialAction\":[{\"@type\":\"SearchAction\",\"target\":{\"@type\":\"EntryPoint\",\"urlTemplate\":\"https:\/\/happybubbles.com\/?s={search_term_string}\"},\"query-input\":{\"@type\":\"PropertyValueSpecification\",\"valueRequired\":true,\"valueName\":\"search_term_string\"}}],\"inLanguage\":\"tr\"},{\"@type\":\"Organization\",\"@id\":\"https:\/\/happybubbles.com\/#organization\",\"name\":\"Happy Bubbles Dive Center\",\"url\":\"https:\/\/happybubbles.com\/\",\"logo\":{\"@type\":\"ImageObject\",\"inLanguage\":\"tr\",\"@id\":\"https:\/\/happybubbles.com\/#\/schema\/logo\/image\/\",\"url\":\"https:\/\/happybubbles.com\/wp-content\/uploads\/anaLogo4.png\",\"contentUrl\":\"https:\/\/happybubbles.com\/wp-content\/uploads\/anaLogo4.png\",\"width\":139,\"height\":128,\"caption\":\"Happy Bubbles Dive Center\"},\"image\":{\"@id\":\"https:\/\/happybubbles.com\/#\/schema\/logo\/image\/\"},\"sameAs\":[\"https:\/\/www.facebook.com\/HappyBubblesDive\/\",\"https:\/\/www.instagram.com\/happybubblesdive\/\"]}]}<\/script>\n<!-- \/ Yoast SEO plugin. -->","yoast_head_json":{"title":"SSI Serbest Dal\u0131\u015f &#187; Happy Bubbles Dal\u0131\u015f Merkezi","robots":{"index":"index","follow":"follow","max-snippet":"max-snippet:-1","max-image-preview":"max-image-preview:large","max-video-preview":"max-video-preview:-1"},"canonical":"https:\/\/happybubbles.com\/ssi-free-diving\/","og_locale":"tr_TR","og_type":"article","og_title":"SSI Serbest Dal\u0131\u015f &#187; Happy Bubbles Dal\u0131\u015f Merkezi","og_description":"Serbest Dal\u0131\u015f Antremanlar\u0131 Happy Bubbles ile macera \u00e7\u0131tas\u0131n\u0131 bir \u00fcst seviyeye ta\u015f\u0131maya haz\u0131r m\u0131s\u0131n\u0131z? Ulusal ya da uluslararas\u0131 herhangi bir e\u011fitim kurulu\u015fundan sertifikal\u0131 serbest dalg\u0131\u00e7 iseniz bizimle beraber antreman ve e\u011flence serbest dal\u0131\u015flar\u0131na kat\u0131labilirsiniz. Bodrum&#8217;da &hellip;","og_url":"https:\/\/happybubbles.com\/ssi-free-diving\/","og_site_name":"Happy Bubbles Dal\u0131\u015f Merkezi","article_publisher":"https:\/\/www.facebook.com\/HappyBubblesDive\/","article_modified_time":"2024-03-08T13:45:56+00:00","og_image":[{"width":1024,"height":175,"url":"https:\/\/happybubbles.com\/wp-content\/uploads\/webHeader2024-1024x175.png","type":"image\/png"}],"twitter_card":"summary_large_image","twitter_misc":{"Tahmini okuma s\u00fcresi":"2 dakika"},"schema":{"@context":"https:\/\/schema.org","@graph":[{"@type":"WebPage","@id":"https:\/\/happybubbles.com\/ssi-free-diving\/","url":"https:\/\/happybubbles.com\/ssi-free-diving\/","name":"SSI Serbest Dal\u0131\u015f &#187; Happy Bubbles Dal\u0131\u015f Merkezi","isPartOf":{"@id":"https:\/\/happybubbles.com\/#website"},"primaryImageOfPage":{"@id":"https:\/\/happybubbles.com\/ssi-free-diving\/#primaryimage"},"image":{"@id":"https:\/\/happybubbles.com\/ssi-free-diving\/#primaryimage"},"thumbnailUrl":"https:\/\/happybubbles.com\/wp-content\/uploads\/webHeader2024.png","datePublished":"2013-03-09T15:15:18+00:00","dateModified":"2024-03-08T13:45:56+00:00","breadcrumb":{"@id":"https:\/\/happybubbles.com\/ssi-free-diving\/#breadcrumb"},"inLanguage":"tr","potentialAction":[{"@type":"ReadAction","target":["https:\/\/happybubbles.com\/ssi-free-diving\/"]}]},{"@type":"ImageObject","inLanguage":"tr","@id":"https:\/\/happybubbles.com\/ssi-free-diving\/#primaryimage","url":"https:\/\/happybubbles.com\/wp-content\/uploads\/webHeader2024.png","contentUrl":"https:\/\/happybubbles.com\/wp-content\/uploads\/webHeader2024.png","width":2590,"height":442},{"@type":"BreadcrumbList","@id":"https:\/\/happybubbles.com\/ssi-free-diving\/#breadcrumb","itemListElement":[{"@type":"ListItem","position":1,"name":"Ana sayfa","item":"https:\/\/happybubbles.com\/"},{"@type":"ListItem","position":2,"name":"SSI Serbest Dal\u0131\u015f"}]},{"@type":"WebSite","@id":"https:\/\/happybubbles.com\/#website","url":"https:\/\/happybubbles.com\/","name":"Happy Bubbles Dal\u0131\u015f Merkezi","description":"arkada\u015f\u00e7a ve keyifli dal\u0131\u015flar, Bodrum - T\u00fcrkiye","publisher":{"@id":"https:\/\/happybubbles.com\/#organization"},"potentialAction":[{"@type":"SearchAction","target":{"@type":"EntryPoint","urlTemplate":"https:\/\/happybubbles.com\/?s={search_term_string}"},"query-input":{"@type":"PropertyValueSpecification","valueRequired":true,"valueName":"search_term_string"}}],"inLanguage":"tr"},{"@type":"Organization","@id":"https:\/\/happybubbles.com\/#organization","name":"Happy Bubbles Dive Center","url":"https:\/\/happybubbles.com\/","logo":{"@type":"ImageObject","inLanguage":"tr","@id":"https:\/\/happybubbles.com\/#\/schema\/logo\/image\/","url":"https:\/\/happybubbles.com\/wp-content\/uploads\/anaLogo4.png","contentUrl":"https:\/\/happybubbles.com\/wp-content\/uploads\/anaLogo4.png","width":139,"height":128,"caption":"Happy Bubbles Dive Center"},"image":{"@id":"https:\/\/happybubbles.com\/#\/schema\/logo\/image\/"},"sameAs":["https:\/\/www.facebook.com\/HappyBubblesDive\/","https:\/\/www.instagram.com\/happybubblesdive\/"]}]}},"_links":{"self":[{"href":"https:\/\/happybubbles.com\/tr\/wp-json\/wp\/v2\/pages\/343","targetHints":{"allow":["GET"]}}],"collection":[{"href":"https:\/\/happybubbles.com\/tr\/wp-json\/wp\/v2\/pages"}],"about":[{"href":"https:\/\/happybubbles.com\/tr\/wp-json\/wp\/v2\/types\/page"}],"author":[{"embeddable":true,"href":"https:\/\/happybubbles.com\/tr\/wp-json\/wp\/v2\/users\/1"}],"replies":[{"embeddable":true,"href":"https:\/\/happybubbles.com\/tr\/wp-json\/wp\/v2\/comments?post=343"}],"version-history":[{"count":41,"href":"https:\/\/happybubbles.com\/tr\/wp-json\/wp\/v2\/pages\/343\/revisions"}],"predecessor-version":[{"id":57348,"href":"https:\/\/happybubbles.com\/tr\/wp-json\/wp\/v2\/pages\/343\/revisions\/57348"}],"wp:featuredmedia":[{"embeddable":true,"href":"https:\/\/happybubbles.com\/tr\/wp-json\/wp\/v2\/media\/57266"}],"wp:attachment":[{"href":"https:\/\/happybubbles.com\/tr\/wp-json\/wp\/v2\/media?parent=343"}],"curies":[{"name":"wp","href":"https:\/\/api.w.org\/{rel}","templated":true}]}}