{"id":38,"date":"2015-12-19T12:13:10","date_gmt":"2015-12-19T10:13:10","guid":{"rendered":"http:\/\/happybubbles.com\/?page_id=38"},"modified":"2025-01-11T13:08:05","modified_gmt":"2025-01-11T10:08:05","slug":"team","status":"publish","type":"page","link":"https:\/\/happybubbles.com\/tr\/team\/","title":{"rendered":"Ekip"},"content":{"rendered":"<h5>KURUCULAR<\/h5>\n<p><img loading=\"lazy\" decoding=\"async\" class=\"size-full wp-image-474 aligncenter\" src=\"http:\/\/happybubbles.com\/wp-content\/uploads\/ynr-oky.png\" alt=\"Yener &amp; Oktay\" width=\"700\" height=\"300\" srcset=\"https:\/\/happybubbles.com\/wp-content\/uploads\/ynr-oky.png 700w, https:\/\/happybubbles.com\/wp-content\/uploads\/ynr-oky-300x128.png 300w, https:\/\/happybubbles.com\/wp-content\/uploads\/ynr-oky-250x107.png 250w\" sizes=\"auto, (max-width: 700px) 100vw, 700px\" \/><\/p>\n<p>Yener &amp; Oktay onlarca y\u0131ll\u0131k dal\u0131\u015f tecr\u00fcbesine sahiptirler. \u015eimdi bu dal\u0131\u015f merkezini i\u015fletmek \u00fczere g\u00fc\u00e7lerini birle\u015ftirdiler. G\u00fcvenlik ve kalite dal\u0131\u015f i\u015finin en \u00f6nemli \u00f6zellikleridir. Happy Bubbles ekibi bu \u00f6zellikleri e\u011flenceli ve dostane bir atmosfer i\u00e7inde\u00a0harmanlamay\u0131 ba\u015farm\u0131\u015ft\u0131r. E\u011fitmenlerimiz SSI, PADI ve CMAS kurslar\u0131n\u0131 vermeye yetkindirler. T\u00fcm dal\u0131\u015f liderleri SSI, PADI ya da CMAS sertifikal\u0131d\u0131r ve her biri grup idaresi ve g\u00fcvenli\u011fi konular\u0131nda ustad\u0131r.<\/p>\n<h6>Tayfa<\/h6>\n<div id='gallery-1' class='gallery galleryid-38 gallery-columns-3 gallery-size-medium'><figure class='gallery-item'>\n\t\t\t<div class='gallery-icon portrait'>\n\t\t\t\t<img loading=\"lazy\" decoding=\"async\" width=\"275\" height=\"300\" src=\"https:\/\/happybubbles.com\/wp-content\/uploads\/aliKaptan-275x300.jpg\" class=\"attachment-medium size-medium\" alt=\"\" aria-describedby=\"gallery-1-56529\" srcset=\"https:\/\/happybubbles.com\/wp-content\/uploads\/aliKaptan-275x300.jpg 275w, https:\/\/happybubbles.com\/wp-content\/uploads\/aliKaptan-138x150.jpg 138w, https:\/\/happybubbles.com\/wp-content\/uploads\/aliKaptan.jpg 600w\" sizes=\"auto, (max-width: 275px) 100vw, 275px\" \/>\n\t\t\t<\/div>\n\t\t\t\t<figcaption class='wp-caption-text gallery-caption' id='gallery-1-56529'>\n\t\t\t\tAli Akka\u015f &#8211; Kaptan\n\t\t\t\t<\/figcaption><\/figure><figure class='gallery-item'>\n\t\t\t<div class='gallery-icon landscape'>\n\t\t\t\t<img loading=\"lazy\" decoding=\"async\" width=\"300\" height=\"266\" src=\"https:\/\/happybubbles.com\/wp-content\/uploads\/atilla-300x266.jpg\" class=\"attachment-medium size-medium\" alt=\"\" aria-describedby=\"gallery-1-56524\" srcset=\"https:\/\/happybubbles.com\/wp-content\/uploads\/atilla-300x266.jpg 300w, https:\/\/happybubbles.com\/wp-content\/uploads\/atilla-768x682.jpg 768w, https:\/\/happybubbles.com\/wp-content\/uploads\/atilla-150x133.jpg 150w, https:\/\/happybubbles.com\/wp-content\/uploads\/atilla.jpg 808w\" sizes=\"auto, (max-width: 300px) 100vw, 300px\" \/>\n\t\t\t<\/div>\n\t\t\t\t<figcaption class='wp-caption-text gallery-caption' id='gallery-1-56524'>\n\t\t\t\tAtilla G\u00fcrmen &#8211; SSI Divemaster E\u011fitmen\n\t\t\t\t<\/figcaption><\/figure><figure class='gallery-item'>\n\t\t\t<div class='gallery-icon landscape'>\n\t\t\t\t<img loading=\"lazy\" decoding=\"async\" width=\"300\" height=\"225\" src=\"https:\/\/happybubbles.com\/wp-content\/uploads\/38742266_10156553087751591_5130936393303851008_o-300x225.jpg\" class=\"attachment-medium size-medium\" alt=\"\" aria-describedby=\"gallery-1-2460\" srcset=\"https:\/\/happybubbles.com\/wp-content\/uploads\/38742266_10156553087751591_5130936393303851008_o-300x225.jpg 300w, https:\/\/happybubbles.com\/wp-content\/uploads\/38742266_10156553087751591_5130936393303851008_o-768x576.jpg 768w, https:\/\/happybubbles.com\/wp-content\/uploads\/38742266_10156553087751591_5130936393303851008_o-1024x768.jpg 1024w, https:\/\/happybubbles.com\/wp-content\/uploads\/38742266_10156553087751591_5130936393303851008_o-150x113.jpg 150w, https:\/\/happybubbles.com\/wp-content\/uploads\/38742266_10156553087751591_5130936393303851008_o.jpg 1944w\" sizes=\"auto, (max-width: 300px) 100vw, 300px\" \/>\n\t\t\t<\/div>\n\t\t\t\t<figcaption class='wp-caption-text gallery-caption' id='gallery-1-2460'>\n\t\t\t\tHarun Akan &#8211; Dal\u0131\u015f Lideri &#038; Gemi Adam\u0131\n\t\t\t\t<\/figcaption><\/figure><figure class='gallery-item'>\n\t\t\t<div class='gallery-icon landscape'>\n\t\t\t\t<img loading=\"lazy\" decoding=\"async\" width=\"300\" height=\"267\" src=\"https:\/\/happybubbles.com\/wp-content\/uploads\/onur-300x267.jpg\" class=\"attachment-medium size-medium\" alt=\"\" aria-describedby=\"gallery-1-56526\" srcset=\"https:\/\/happybubbles.com\/wp-content\/uploads\/onur-300x267.jpg 300w, https:\/\/happybubbles.com\/wp-content\/uploads\/onur-768x683.jpg 768w, https:\/\/happybubbles.com\/wp-content\/uploads\/onur-150x133.jpg 150w, https:\/\/happybubbles.com\/wp-content\/uploads\/onur.jpg 811w\" sizes=\"auto, (max-width: 300px) 100vw, 300px\" \/>\n\t\t\t<\/div>\n\t\t\t\t<figcaption class='wp-caption-text gallery-caption' id='gallery-1-56526'>\n\t\t\t\tOnur Ay &#8211; SSI Asistan E\u011fitmen E\u011fiticisi\n\t\t\t\t<\/figcaption><\/figure><figure class='gallery-item'>\n\t\t\t<div class='gallery-icon landscape'>\n\t\t\t\t<img loading=\"lazy\" decoding=\"async\" width=\"300\" height=\"225\" src=\"https:\/\/happybubbles.com\/wp-content\/uploads\/WhatsApp-Image-2024-03-02-at-16.26.08-2-300x225.jpeg\" class=\"attachment-medium size-medium\" alt=\"\" aria-describedby=\"gallery-1-57141\" srcset=\"https:\/\/happybubbles.com\/wp-content\/uploads\/WhatsApp-Image-2024-03-02-at-16.26.08-2-300x225.jpeg 300w, https:\/\/happybubbles.com\/wp-content\/uploads\/WhatsApp-Image-2024-03-02-at-16.26.08-2-1024x768.jpeg 1024w, https:\/\/happybubbles.com\/wp-content\/uploads\/WhatsApp-Image-2024-03-02-at-16.26.08-2-768x576.jpeg 768w, https:\/\/happybubbles.com\/wp-content\/uploads\/WhatsApp-Image-2024-03-02-at-16.26.08-2-1536x1152.jpeg 1536w, https:\/\/happybubbles.com\/wp-content\/uploads\/WhatsApp-Image-2024-03-02-at-16.26.08-2-467x350.jpeg 467w, https:\/\/happybubbles.com\/wp-content\/uploads\/WhatsApp-Image-2024-03-02-at-16.26.08-2.jpeg 1600w\" sizes=\"auto, (max-width: 300px) 100vw, 300px\" \/>\n\t\t\t<\/div>\n\t\t\t\t<figcaption class='wp-caption-text gallery-caption' id='gallery-1-57141'>\n\t\t\t\tG\u00fcl\u015fah Argun\u015fah &#8211; SSI Open Water E\u011fitmen\n\t\t\t\t<\/figcaption><\/figure><figure class='gallery-item'>\n\t\t\t<div class='gallery-icon landscape'>\n\t\t\t\t<img loading=\"lazy\" decoding=\"async\" width=\"300\" height=\"294\" src=\"https:\/\/happybubbles.com\/wp-content\/uploads\/Ekran-goruntusu-2024-09-12-122919-300x294.png\" class=\"attachment-medium size-medium\" alt=\"\" aria-describedby=\"gallery-1-57414\" srcset=\"https:\/\/happybubbles.com\/wp-content\/uploads\/Ekran-goruntusu-2024-09-12-122919-300x294.png 300w, https:\/\/happybubbles.com\/wp-content\/uploads\/Ekran-goruntusu-2024-09-12-122919-357x350.png 357w, https:\/\/happybubbles.com\/wp-content\/uploads\/Ekran-goruntusu-2024-09-12-122919.png 763w\" sizes=\"auto, (max-width: 300px) 100vw, 300px\" \/>\n\t\t\t<\/div>\n\t\t\t\t<figcaption class='wp-caption-text gallery-caption' id='gallery-1-57414'>\n\t\t\t\tBurak Balc\u0131o\u011flu &#8211; SSI Open Water E\u011fitmen\n\t\t\t\t<\/figcaption><\/figure><figure class='gallery-item'>\n\t\t\t<div class='gallery-icon landscape'>\n\t\t\t\t<img loading=\"lazy\" decoding=\"async\" width=\"300\" height=\"291\" src=\"https:\/\/happybubbles.com\/wp-content\/uploads\/ruken-300x291.jpg\" class=\"attachment-medium size-medium\" alt=\"\" aria-describedby=\"gallery-1-56535\" srcset=\"https:\/\/happybubbles.com\/wp-content\/uploads\/ruken-300x291.jpg 300w, https:\/\/happybubbles.com\/wp-content\/uploads\/ruken-150x145.jpg 150w, https:\/\/happybubbles.com\/wp-content\/uploads\/ruken.jpg 542w\" sizes=\"auto, (max-width: 300px) 100vw, 300px\" \/>\n\t\t\t<\/div>\n\t\t\t\t<figcaption class='wp-caption-text gallery-caption' id='gallery-1-56535'>\n\t\t\t\tRuken Kaya Ay &#8211; Dal\u0131\u015f Lideri &#038; Asistan\n\t\t\t\t<\/figcaption><\/figure><figure class='gallery-item'>\n\t\t\t<div class='gallery-icon landscape'>\n\t\t\t\t<img loading=\"lazy\" decoding=\"async\" width=\"300\" height=\"289\" src=\"https:\/\/happybubbles.com\/wp-content\/uploads\/fatihSevuk-300x289.png\" class=\"attachment-medium size-medium\" alt=\"\" aria-describedby=\"gallery-1-56634\" srcset=\"https:\/\/happybubbles.com\/wp-content\/uploads\/fatihSevuk-300x289.png 300w, https:\/\/happybubbles.com\/wp-content\/uploads\/fatihSevuk-768x739.png 768w, https:\/\/happybubbles.com\/wp-content\/uploads\/fatihSevuk-150x144.png 150w, https:\/\/happybubbles.com\/wp-content\/uploads\/fatihSevuk.png 827w\" sizes=\"auto, (max-width: 300px) 100vw, 300px\" \/>\n\t\t\t<\/div>\n\t\t\t\t<figcaption class='wp-caption-text gallery-caption' id='gallery-1-56634'>\n\t\t\t\tFatih Sev\u00fck &#8211; SD E\u011fitmen E\u011fiticisi\n\t\t\t\t<\/figcaption><\/figure><figure class='gallery-item'>\n\t\t\t<div class='gallery-icon landscape'>\n\t\t\t\t<img loading=\"lazy\" decoding=\"async\" width=\"300\" height=\"272\" src=\"https:\/\/happybubbles.com\/wp-content\/uploads\/behiye-300x272.png\" class=\"attachment-medium size-medium\" alt=\"\" aria-describedby=\"gallery-1-56648\" srcset=\"https:\/\/happybubbles.com\/wp-content\/uploads\/behiye-300x272.png 300w, https:\/\/happybubbles.com\/wp-content\/uploads\/behiye-150x136.png 150w, https:\/\/happybubbles.com\/wp-content\/uploads\/behiye.png 493w\" sizes=\"auto, (max-width: 300px) 100vw, 300px\" \/>\n\t\t\t<\/div>\n\t\t\t\t<figcaption class='wp-caption-text gallery-caption' id='gallery-1-56648'>\n\t\t\t\tBehiye Bi\u00e7er &#8211; SD E\u011fitmen\n\t\t\t\t<\/figcaption><\/figure><figure class='gallery-item'>\n\t\t\t<div class='gallery-icon landscape'>\n\t\t\t\t<img loading=\"lazy\" decoding=\"async\" width=\"300\" height=\"300\" src=\"https:\/\/happybubbles.com\/wp-content\/uploads\/44993912_1011287562376891_4012268034566651904_n-300x300.jpg\" class=\"attachment-medium size-medium\" alt=\"\" aria-describedby=\"gallery-1-57413\" srcset=\"https:\/\/happybubbles.com\/wp-content\/uploads\/44993912_1011287562376891_4012268034566651904_n-300x300.jpg 300w, https:\/\/happybubbles.com\/wp-content\/uploads\/44993912_1011287562376891_4012268034566651904_n-150x150.jpg 150w, https:\/\/happybubbles.com\/wp-content\/uploads\/44993912_1011287562376891_4012268034566651904_n-350x350.jpg 350w, https:\/\/happybubbles.com\/wp-content\/uploads\/44993912_1011287562376891_4012268034566651904_n.jpg 720w\" sizes=\"auto, (max-width: 300px) 100vw, 300px\" \/>\n\t\t\t<\/div>\n\t\t\t\t<figcaption class='wp-caption-text gallery-caption' id='gallery-1-57413'>\n\t\t\t\tNevzat Zengel &#8211; Dal\u0131\u015f Lideri\n\t\t\t\t<\/figcaption><\/figure><figure class='gallery-item'>\n\t\t\t<div class='gallery-icon landscape'>\n\t\t\t\t<img loading=\"lazy\" decoding=\"async\" width=\"300\" height=\"300\" src=\"https:\/\/happybubbles.com\/wp-content\/uploads\/hainAsci-300x300.png\" class=\"attachment-medium size-medium\" alt=\"\" aria-describedby=\"gallery-1-57437\" srcset=\"https:\/\/happybubbles.com\/wp-content\/uploads\/hainAsci-300x300.png 300w, https:\/\/happybubbles.com\/wp-content\/uploads\/hainAsci-150x150.png 150w, https:\/\/happybubbles.com\/wp-content\/uploads\/hainAsci-768x768.png 768w, https:\/\/happybubbles.com\/wp-content\/uploads\/hainAsci-350x350.png 350w, https:\/\/happybubbles.com\/wp-content\/uploads\/hainAsci.png 856w\" sizes=\"auto, (max-width: 300px) 100vw, 300px\" \/>\n\t\t\t<\/div>\n\t\t\t\t<figcaption class='wp-caption-text gallery-caption' id='gallery-1-57437'>\n\t\t\t\t\u0130smail Bekar &#8211; Hain A\u015f\u00e7\u0131\n\t\t\t\t<\/figcaption><\/figure>\n\t\t<\/div>\n\n","protected":false},"excerpt":{"rendered":"<p>KURUCULAR Yener &amp; Oktay onlarca y\u0131ll\u0131k dal\u0131\u015f tecr\u00fcbesine sahiptirler. \u015eimdi bu dal\u0131\u015f merkezini i\u015fletmek \u00fczere g\u00fc\u00e7lerini birle\u015ftirdiler. G\u00fcvenlik ve kalite dal\u0131\u015f i\u015finin en \u00f6nemli \u00f6zellikleridir. Happy Bubbles ekibi bu \u00f6zellikleri e\u011flenceli ve dostane bir atmosfer &hellip;<\/p>\n","protected":false},"author":1,"featured_media":0,"parent":0,"menu_order":0,"comment_status":"closed","ping_status":"closed","template":"","meta":{"footnotes":""},"class_list":["post-38","page","type-page","status-publish","hentry"],"yoast_head":"<!-- This site is optimized with the Yoast SEO plugin v27.1.1 - https:\/\/yoast.com\/product\/yoast-seo-wordpress\/ -->\n<title>Ekip &#187; Happy Bubbles Dal\u0131\u015f Merkezi<\/title>\n<meta name=\"robots\" content=\"index, follow, max-snippet:-1, max-image-preview:large, max-video-preview:-1\" \/>\n<link rel=\"canonical\" href=\"https:\/\/happybubbles.com\/team\/\" \/>\n<meta property=\"og:locale\" content=\"tr_TR\" \/>\n<meta property=\"og:type\" content=\"article\" \/>\n<meta property=\"og:title\" content=\"Ekip &#187; Happy Bubbles Dal\u0131\u015f Merkezi\" \/>\n<meta property=\"og:description\" content=\"KURUCULAR Yener &amp; Oktay onlarca y\u0131ll\u0131k dal\u0131\u015f tecr\u00fcbesine sahiptirler. \u015eimdi bu dal\u0131\u015f merkezini i\u015fletmek \u00fczere g\u00fc\u00e7lerini birle\u015ftirdiler. G\u00fcvenlik ve kalite dal\u0131\u015f i\u015finin en \u00f6nemli \u00f6zellikleridir. Happy Bubbles ekibi bu \u00f6zellikleri e\u011flenceli ve dostane bir atmosfer &hellip;\" \/>\n<meta property=\"og:url\" content=\"https:\/\/happybubbles.com\/team\/\" \/>\n<meta property=\"og:site_name\" content=\"Happy Bubbles Dal\u0131\u015f Merkezi\" \/>\n<meta property=\"article:publisher\" content=\"https:\/\/www.facebook.com\/HappyBubblesDive\/\" \/>\n<meta property=\"article:modified_time\" content=\"2025-01-11T10:08:05+00:00\" \/>\n<meta property=\"og:image\" content=\"https:\/\/happybubbles.com\/wp-content\/uploads\/aliKaptan-275x300.jpg\" \/>\n<meta name=\"twitter:card\" content=\"summary_large_image\" \/>\n<meta name=\"twitter:label1\" content=\"Tahmini okuma s\u00fcresi\" \/>\n\t<meta name=\"twitter:data1\" content=\"1 dakika\" \/>\n<script type=\"application\/ld+json\" class=\"yoast-schema-graph\">{\"@context\":\"https:\/\/schema.org\",\"@graph\":[{\"@type\":\"WebPage\",\"@id\":\"https:\/\/happybubbles.com\/team\/\",\"url\":\"https:\/\/happybubbles.com\/team\/\",\"name\":\"Ekip &#187; Happy Bubbles Dal\u0131\u015f Merkezi\",\"isPartOf\":{\"@id\":\"https:\/\/happybubbles.com\/#website\"},\"primaryImageOfPage\":{\"@id\":\"https:\/\/happybubbles.com\/team\/#primaryimage\"},\"image\":{\"@id\":\"https:\/\/happybubbles.com\/team\/#primaryimage\"},\"thumbnailUrl\":\"http:\/\/happybubbles.com\/wp-content\/uploads\/ynr-oky.png\",\"datePublished\":\"2015-12-19T10:13:10+00:00\",\"dateModified\":\"2025-01-11T10:08:05+00:00\",\"breadcrumb\":{\"@id\":\"https:\/\/happybubbles.com\/team\/#breadcrumb\"},\"inLanguage\":\"tr\",\"potentialAction\":[{\"@type\":\"ReadAction\",\"target\":[\"https:\/\/happybubbles.com\/team\/\"]}]},{\"@type\":\"ImageObject\",\"inLanguage\":\"tr\",\"@id\":\"https:\/\/happybubbles.com\/team\/#primaryimage\",\"url\":\"http:\/\/happybubbles.com\/wp-content\/uploads\/ynr-oky.png\",\"contentUrl\":\"http:\/\/happybubbles.com\/wp-content\/uploads\/ynr-oky.png\"},{\"@type\":\"BreadcrumbList\",\"@id\":\"https:\/\/happybubbles.com\/team\/#breadcrumb\",\"itemListElement\":[{\"@type\":\"ListItem\",\"position\":1,\"name\":\"Ana sayfa\",\"item\":\"https:\/\/happybubbles.com\/\"},{\"@type\":\"ListItem\",\"position\":2,\"name\":\"Ekip\"}]},{\"@type\":\"WebSite\",\"@id\":\"https:\/\/happybubbles.com\/#website\",\"url\":\"https:\/\/happybubbles.com\/\",\"name\":\"Happy Bubbles Dal\u0131\u015f Merkezi\",\"description\":\"arkada\u015f\u00e7a ve keyifli dal\u0131\u015flar, Bodrum - T\u00fcrkiye\",\"publisher\":{\"@id\":\"https:\/\/happybubbles.com\/#organization\"},\"potentialAction\":[{\"@type\":\"SearchAction\",\"target\":{\"@type\":\"EntryPoint\",\"urlTemplate\":\"https:\/\/happybubbles.com\/?s={search_term_string}\"},\"query-input\":{\"@type\":\"PropertyValueSpecification\",\"valueRequired\":true,\"valueName\":\"search_term_string\"}}],\"inLanguage\":\"tr\"},{\"@type\":\"Organization\",\"@id\":\"https:\/\/happybubbles.com\/#organization\",\"name\":\"Happy Bubbles Dive Center\",\"url\":\"https:\/\/happybubbles.com\/\",\"logo\":{\"@type\":\"ImageObject\",\"inLanguage\":\"tr\",\"@id\":\"https:\/\/happybubbles.com\/#\/schema\/logo\/image\/\",\"url\":\"https:\/\/happybubbles.com\/wp-content\/uploads\/anaLogo4.png\",\"contentUrl\":\"https:\/\/happybubbles.com\/wp-content\/uploads\/anaLogo4.png\",\"width\":139,\"height\":128,\"caption\":\"Happy Bubbles Dive Center\"},\"image\":{\"@id\":\"https:\/\/happybubbles.com\/#\/schema\/logo\/image\/\"},\"sameAs\":[\"https:\/\/www.facebook.com\/HappyBubblesDive\/\",\"https:\/\/www.instagram.com\/happybubblesdive\/\"]}]}<\/script>\n<!-- \/ Yoast SEO plugin. -->","yoast_head_json":{"title":"Ekip &#187; Happy Bubbles Dal\u0131\u015f Merkezi","robots":{"index":"index","follow":"follow","max-snippet":"max-snippet:-1","max-image-preview":"max-image-preview:large","max-video-preview":"max-video-preview:-1"},"canonical":"https:\/\/happybubbles.com\/team\/","og_locale":"tr_TR","og_type":"article","og_title":"Ekip &#187; Happy Bubbles Dal\u0131\u015f Merkezi","og_description":"KURUCULAR Yener &amp; Oktay onlarca y\u0131ll\u0131k dal\u0131\u015f tecr\u00fcbesine sahiptirler. \u015eimdi bu dal\u0131\u015f merkezini i\u015fletmek \u00fczere g\u00fc\u00e7lerini birle\u015ftirdiler. G\u00fcvenlik ve kalite dal\u0131\u015f i\u015finin en \u00f6nemli \u00f6zellikleridir. Happy Bubbles ekibi bu \u00f6zellikleri e\u011flenceli ve dostane bir atmosfer &hellip;","og_url":"https:\/\/happybubbles.com\/team\/","og_site_name":"Happy Bubbles Dal\u0131\u015f Merkezi","article_publisher":"https:\/\/www.facebook.com\/HappyBubblesDive\/","article_modified_time":"2025-01-11T10:08:05+00:00","og_image":[{"url":"https:\/\/happybubbles.com\/wp-content\/uploads\/aliKaptan-275x300.jpg","type":"","width":"","height":""}],"twitter_card":"summary_large_image","twitter_misc":{"Tahmini okuma s\u00fcresi":"1 dakika"},"schema":{"@context":"https:\/\/schema.org","@graph":[{"@type":"WebPage","@id":"https:\/\/happybubbles.com\/team\/","url":"https:\/\/happybubbles.com\/team\/","name":"Ekip &#187; Happy Bubbles Dal\u0131\u015f Merkezi","isPartOf":{"@id":"https:\/\/happybubbles.com\/#website"},"primaryImageOfPage":{"@id":"https:\/\/happybubbles.com\/team\/#primaryimage"},"image":{"@id":"https:\/\/happybubbles.com\/team\/#primaryimage"},"thumbnailUrl":"http:\/\/happybubbles.com\/wp-content\/uploads\/ynr-oky.png","datePublished":"2015-12-19T10:13:10+00:00","dateModified":"2025-01-11T10:08:05+00:00","breadcrumb":{"@id":"https:\/\/happybubbles.com\/team\/#breadcrumb"},"inLanguage":"tr","potentialAction":[{"@type":"ReadAction","target":["https:\/\/happybubbles.com\/team\/"]}]},{"@type":"ImageObject","inLanguage":"tr","@id":"https:\/\/happybubbles.com\/team\/#primaryimage","url":"http:\/\/happybubbles.com\/wp-content\/uploads\/ynr-oky.png","contentUrl":"http:\/\/happybubbles.com\/wp-content\/uploads\/ynr-oky.png"},{"@type":"BreadcrumbList","@id":"https:\/\/happybubbles.com\/team\/#breadcrumb","itemListElement":[{"@type":"ListItem","position":1,"name":"Ana sayfa","item":"https:\/\/happybubbles.com\/"},{"@type":"ListItem","position":2,"name":"Ekip"}]},{"@type":"WebSite","@id":"https:\/\/happybubbles.com\/#website","url":"https:\/\/happybubbles.com\/","name":"Happy Bubbles Dal\u0131\u015f Merkezi","description":"arkada\u015f\u00e7a ve keyifli dal\u0131\u015flar, Bodrum - T\u00fcrkiye","publisher":{"@id":"https:\/\/happybubbles.com\/#organization"},"potentialAction":[{"@type":"SearchAction","target":{"@type":"EntryPoint","urlTemplate":"https:\/\/happybubbles.com\/?s={search_term_string}"},"query-input":{"@type":"PropertyValueSpecification","valueRequired":true,"valueName":"search_term_string"}}],"inLanguage":"tr"},{"@type":"Organization","@id":"https:\/\/happybubbles.com\/#organization","name":"Happy Bubbles Dive Center","url":"https:\/\/happybubbles.com\/","logo":{"@type":"ImageObject","inLanguage":"tr","@id":"https:\/\/happybubbles.com\/#\/schema\/logo\/image\/","url":"https:\/\/happybubbles.com\/wp-content\/uploads\/anaLogo4.png","contentUrl":"https:\/\/happybubbles.com\/wp-content\/uploads\/anaLogo4.png","width":139,"height":128,"caption":"Happy Bubbles Dive Center"},"image":{"@id":"https:\/\/happybubbles.com\/#\/schema\/logo\/image\/"},"sameAs":["https:\/\/www.facebook.com\/HappyBubblesDive\/","https:\/\/www.instagram.com\/happybubblesdive\/"]}]}},"_links":{"self":[{"href":"https:\/\/happybubbles.com\/tr\/wp-json\/wp\/v2\/pages\/38","targetHints":{"allow":["GET"]}}],"collection":[{"href":"https:\/\/happybubbles.com\/tr\/wp-json\/wp\/v2\/pages"}],"about":[{"href":"https:\/\/happybubbles.com\/tr\/wp-json\/wp\/v2\/types\/page"}],"author":[{"embeddable":true,"href":"https:\/\/happybubbles.com\/tr\/wp-json\/wp\/v2\/users\/1"}],"replies":[{"embeddable":true,"href":"https:\/\/happybubbles.com\/tr\/wp-json\/wp\/v2\/comments?post=38"}],"version-history":[{"count":68,"href":"https:\/\/happybubbles.com\/tr\/wp-json\/wp\/v2\/pages\/38\/revisions"}],"predecessor-version":[{"id":57439,"href":"https:\/\/happybubbles.com\/tr\/wp-json\/wp\/v2\/pages\/38\/revisions\/57439"}],"wp:attachment":[{"href":"https:\/\/happybubbles.com\/tr\/wp-json\/wp\/v2\/media?parent=38"}],"curies":[{"name":"wp","href":"https:\/\/api.w.org\/{rel}","templated":true}]}}