{"id":444,"date":"2013-03-09T18:50:19","date_gmt":"2013-03-09T16:50:19","guid":{"rendered":"http:\/\/happybubbles.com\/?page_id=444"},"modified":"2022-02-20T08:12:30","modified_gmt":"2022-02-20T05:12:30","slug":"diving","status":"publish","type":"page","link":"https:\/\/happybubbles.com\/tr\/diving\/","title":{"rendered":"Dal\u0131\u015flar"},"content":{"rendered":"<div id='gallery-1' class='gallery galleryid-444 gallery-columns-3 gallery-size-medium'><figure class='gallery-item'>\n\t\t\t<div class='gallery-icon portrait'>\n\t\t\t\t<a href='https:\/\/happybubbles.com\/tr\/diving\/divinghakanegel_04\/'><img loading=\"lazy\" decoding=\"async\" width=\"200\" height=\"300\" src=\"https:\/\/happybubbles.com\/wp-content\/uploads\/divingHakanEgel_04-200x300.jpg\" class=\"attachment-medium size-medium\" alt=\"\" srcset=\"https:\/\/happybubbles.com\/wp-content\/uploads\/divingHakanEgel_04-200x300.jpg 200w, https:\/\/happybubbles.com\/wp-content\/uploads\/divingHakanEgel_04-685x1024.jpg 685w, https:\/\/happybubbles.com\/wp-content\/uploads\/divingHakanEgel_04-100x150.jpg 100w, https:\/\/happybubbles.com\/wp-content\/uploads\/divingHakanEgel_04.jpg 1296w\" sizes=\"auto, (max-width: 200px) 100vw, 200px\" \/><\/a>\n\t\t\t<\/div><\/figure><figure class='gallery-item'>\n\t\t\t<div class='gallery-icon landscape'>\n\t\t\t\t<a href='https:\/\/happybubbles.com\/tr\/diving\/divinghakanegel_03\/'><img loading=\"lazy\" decoding=\"async\" width=\"300\" height=\"200\" src=\"https:\/\/happybubbles.com\/wp-content\/uploads\/divingHakanEgel_03-300x200.jpg\" class=\"attachment-medium size-medium\" alt=\"\" srcset=\"https:\/\/happybubbles.com\/wp-content\/uploads\/divingHakanEgel_03-300x200.jpg 300w, https:\/\/happybubbles.com\/wp-content\/uploads\/divingHakanEgel_03-1024x685.jpg 1024w, https:\/\/happybubbles.com\/wp-content\/uploads\/divingHakanEgel_03-224x150.jpg 224w, https:\/\/happybubbles.com\/wp-content\/uploads\/divingHakanEgel_03.jpg 1936w\" sizes=\"auto, (max-width: 300px) 100vw, 300px\" \/><\/a>\n\t\t\t<\/div><\/figure><figure class='gallery-item'>\n\t\t\t<div class='gallery-icon portrait'>\n\t\t\t\t<a href='https:\/\/happybubbles.com\/tr\/diving\/divinghakanegel_02\/'><img loading=\"lazy\" decoding=\"async\" width=\"200\" height=\"300\" src=\"https:\/\/happybubbles.com\/wp-content\/uploads\/divingHakanEgel_02-200x300.jpg\" class=\"attachment-medium size-medium\" alt=\"\" srcset=\"https:\/\/happybubbles.com\/wp-content\/uploads\/divingHakanEgel_02-200x300.jpg 200w, https:\/\/happybubbles.com\/wp-content\/uploads\/divingHakanEgel_02-685x1024.jpg 685w, https:\/\/happybubbles.com\/wp-content\/uploads\/divingHakanEgel_02-100x150.jpg 100w, https:\/\/happybubbles.com\/wp-content\/uploads\/divingHakanEgel_02.jpg 1296w\" sizes=\"auto, (max-width: 200px) 100vw, 200px\" \/><\/a>\n\t\t\t<\/div><\/figure><figure class='gallery-item'>\n\t\t\t<div class='gallery-icon landscape'>\n\t\t\t\t<a href='https:\/\/happybubbles.com\/tr\/diving\/divinghakanegel_01\/'><img loading=\"lazy\" decoding=\"async\" width=\"300\" height=\"200\" src=\"https:\/\/happybubbles.com\/wp-content\/uploads\/divingHakanEgel_01-300x200.jpg\" class=\"attachment-medium size-medium\" alt=\"\" srcset=\"https:\/\/happybubbles.com\/wp-content\/uploads\/divingHakanEgel_01-300x200.jpg 300w, https:\/\/happybubbles.com\/wp-content\/uploads\/divingHakanEgel_01-1024x685.jpg 1024w, https:\/\/happybubbles.com\/wp-content\/uploads\/divingHakanEgel_01-224x150.jpg 224w, https:\/\/happybubbles.com\/wp-content\/uploads\/divingHakanEgel_01.jpg 1936w\" sizes=\"auto, (max-width: 300px) 100vw, 300px\" \/><\/a>\n\t\t\t<\/div><\/figure><figure class='gallery-item'>\n\t\t\t<div class='gallery-icon landscape'>\n\t\t\t\t<a href='https:\/\/happybubbles.com\/tr\/diving\/divingalpbaranok_07\/'><img loading=\"lazy\" decoding=\"async\" width=\"300\" height=\"200\" src=\"https:\/\/happybubbles.com\/wp-content\/uploads\/divingAlpBaranok_07-300x200.jpg\" class=\"attachment-medium size-medium\" alt=\"\" srcset=\"https:\/\/happybubbles.com\/wp-content\/uploads\/divingAlpBaranok_07-300x200.jpg 300w, https:\/\/happybubbles.com\/wp-content\/uploads\/divingAlpBaranok_07-1024x685.jpg 1024w, https:\/\/happybubbles.com\/wp-content\/uploads\/divingAlpBaranok_07-224x150.jpg 224w, https:\/\/happybubbles.com\/wp-content\/uploads\/divingAlpBaranok_07.jpg 1936w\" sizes=\"auto, (max-width: 300px) 100vw, 300px\" \/><\/a>\n\t\t\t<\/div><\/figure><figure class='gallery-item'>\n\t\t\t<div class='gallery-icon landscape'>\n\t\t\t\t<a href='https:\/\/happybubbles.com\/tr\/diving\/divingalpbaranok_06\/'><img loading=\"lazy\" decoding=\"async\" width=\"300\" height=\"200\" src=\"https:\/\/happybubbles.com\/wp-content\/uploads\/divingAlpBaranok_06-300x200.jpg\" class=\"attachment-medium size-medium\" alt=\"\" srcset=\"https:\/\/happybubbles.com\/wp-content\/uploads\/divingAlpBaranok_06-300x200.jpg 300w, https:\/\/happybubbles.com\/wp-content\/uploads\/divingAlpBaranok_06-1024x685.jpg 1024w, https:\/\/happybubbles.com\/wp-content\/uploads\/divingAlpBaranok_06-224x150.jpg 224w, https:\/\/happybubbles.com\/wp-content\/uploads\/divingAlpBaranok_06.jpg 1936w\" sizes=\"auto, (max-width: 300px) 100vw, 300px\" \/><\/a>\n\t\t\t<\/div><\/figure><figure class='gallery-item'>\n\t\t\t<div class='gallery-icon landscape'>\n\t\t\t\t<a href='https:\/\/happybubbles.com\/tr\/diving\/divingalpbaranok_05\/'><img loading=\"lazy\" decoding=\"async\" width=\"300\" height=\"200\" src=\"https:\/\/happybubbles.com\/wp-content\/uploads\/divingAlpBaranok_05-300x200.jpg\" class=\"attachment-medium size-medium\" alt=\"\" srcset=\"https:\/\/happybubbles.com\/wp-content\/uploads\/divingAlpBaranok_05-300x200.jpg 300w, https:\/\/happybubbles.com\/wp-content\/uploads\/divingAlpBaranok_05-1024x685.jpg 1024w, https:\/\/happybubbles.com\/wp-content\/uploads\/divingAlpBaranok_05-224x150.jpg 224w, https:\/\/happybubbles.com\/wp-content\/uploads\/divingAlpBaranok_05.jpg 1936w\" sizes=\"auto, (max-width: 300px) 100vw, 300px\" \/><\/a>\n\t\t\t<\/div><\/figure><figure class='gallery-item'>\n\t\t\t<div class='gallery-icon portrait'>\n\t\t\t\t<a href='https:\/\/happybubbles.com\/tr\/diving\/divingalpbaranok_04\/'><img loading=\"lazy\" decoding=\"async\" width=\"200\" height=\"300\" src=\"https:\/\/happybubbles.com\/wp-content\/uploads\/divingAlpBaranok_04-200x300.jpg\" class=\"attachment-medium size-medium\" alt=\"\" srcset=\"https:\/\/happybubbles.com\/wp-content\/uploads\/divingAlpBaranok_04-200x300.jpg 200w, https:\/\/happybubbles.com\/wp-content\/uploads\/divingAlpBaranok_04-685x1024.jpg 685w, https:\/\/happybubbles.com\/wp-content\/uploads\/divingAlpBaranok_04-100x150.jpg 100w, https:\/\/happybubbles.com\/wp-content\/uploads\/divingAlpBaranok_04.jpg 1296w\" sizes=\"auto, (max-width: 200px) 100vw, 200px\" \/><\/a>\n\t\t\t<\/div><\/figure><figure class='gallery-item'>\n\t\t\t<div class='gallery-icon portrait'>\n\t\t\t\t<a href='https:\/\/happybubbles.com\/tr\/diving\/divingalpbaranok_03\/'><img loading=\"lazy\" decoding=\"async\" width=\"200\" height=\"300\" src=\"https:\/\/happybubbles.com\/wp-content\/uploads\/divingAlpBaranok_03-200x300.jpg\" class=\"attachment-medium size-medium\" alt=\"\" srcset=\"https:\/\/happybubbles.com\/wp-content\/uploads\/divingAlpBaranok_03-200x300.jpg 200w, https:\/\/happybubbles.com\/wp-content\/uploads\/divingAlpBaranok_03-685x1024.jpg 685w, https:\/\/happybubbles.com\/wp-content\/uploads\/divingAlpBaranok_03-100x150.jpg 100w, https:\/\/happybubbles.com\/wp-content\/uploads\/divingAlpBaranok_03.jpg 1296w\" sizes=\"auto, (max-width: 200px) 100vw, 200px\" \/><\/a>\n\t\t\t<\/div><\/figure><figure class='gallery-item'>\n\t\t\t<div class='gallery-icon landscape'>\n\t\t\t\t<a href='https:\/\/happybubbles.com\/tr\/diving\/divingalpbaranok_02\/'><img loading=\"lazy\" decoding=\"async\" width=\"300\" height=\"201\" src=\"https:\/\/happybubbles.com\/wp-content\/uploads\/divingAlpBaranok_02-300x201.jpg\" class=\"attachment-medium size-medium\" alt=\"\" srcset=\"https:\/\/happybubbles.com\/wp-content\/uploads\/divingAlpBaranok_02-300x201.jpg 300w, https:\/\/happybubbles.com\/wp-content\/uploads\/divingAlpBaranok_02-1024x686.jpg 1024w, https:\/\/happybubbles.com\/wp-content\/uploads\/divingAlpBaranok_02-223x150.jpg 223w, https:\/\/happybubbles.com\/wp-content\/uploads\/divingAlpBaranok_02.jpg 1183w\" sizes=\"auto, (max-width: 300px) 100vw, 300px\" \/><\/a>\n\t\t\t<\/div><\/figure><figure class='gallery-item'>\n\t\t\t<div class='gallery-icon portrait'>\n\t\t\t\t<a href='https:\/\/happybubbles.com\/tr\/diving\/divingalpbaranok_01\/'><img loading=\"lazy\" decoding=\"async\" width=\"200\" height=\"300\" src=\"https:\/\/happybubbles.com\/wp-content\/uploads\/divingAlpBaranok_01-200x300.jpg\" class=\"attachment-medium size-medium\" alt=\"\" srcset=\"https:\/\/happybubbles.com\/wp-content\/uploads\/divingAlpBaranok_01-200x300.jpg 200w, https:\/\/happybubbles.com\/wp-content\/uploads\/divingAlpBaranok_01-685x1024.jpg 685w, https:\/\/happybubbles.com\/wp-content\/uploads\/divingAlpBaranok_01-100x150.jpg 100w, https:\/\/happybubbles.com\/wp-content\/uploads\/divingAlpBaranok_01.jpg 1296w\" sizes=\"auto, (max-width: 200px) 100vw, 200px\" \/><\/a>\n\t\t\t<\/div><\/figure><figure class='gallery-item'>\n\t\t\t<div class='gallery-icon landscape'>\n\t\t\t\t<a href='https:\/\/happybubbles.com\/tr\/diving\/diving_04\/'><img loading=\"lazy\" decoding=\"async\" width=\"300\" height=\"225\" src=\"https:\/\/happybubbles.com\/wp-content\/uploads\/diving_04-300x225.jpg\" class=\"attachment-medium size-medium\" alt=\"\" srcset=\"https:\/\/happybubbles.com\/wp-content\/uploads\/diving_04-300x225.jpg 300w, https:\/\/happybubbles.com\/wp-content\/uploads\/diving_04-200x150.jpg 200w, https:\/\/happybubbles.com\/wp-content\/uploads\/diving_04.jpg 640w\" sizes=\"auto, (max-width: 300px) 100vw, 300px\" \/><\/a>\n\t\t\t<\/div><\/figure><figure class='gallery-item'>\n\t\t\t<div class='gallery-icon landscape'>\n\t\t\t\t<a href='https:\/\/happybubbles.com\/tr\/diving\/diving_03\/'><img loading=\"lazy\" decoding=\"async\" width=\"300\" height=\"225\" src=\"https:\/\/happybubbles.com\/wp-content\/uploads\/diving_03-300x225.jpg\" class=\"attachment-medium size-medium\" alt=\"\" srcset=\"https:\/\/happybubbles.com\/wp-content\/uploads\/diving_03-300x225.jpg 300w, https:\/\/happybubbles.com\/wp-content\/uploads\/diving_03-200x150.jpg 200w, https:\/\/happybubbles.com\/wp-content\/uploads\/diving_03.jpg 640w\" sizes=\"auto, (max-width: 300px) 100vw, 300px\" \/><\/a>\n\t\t\t<\/div><\/figure><figure class='gallery-item'>\n\t\t\t<div class='gallery-icon landscape'>\n\t\t\t\t<a href='https:\/\/happybubbles.com\/tr\/diving\/diving_02\/'><img loading=\"lazy\" decoding=\"async\" width=\"300\" height=\"225\" src=\"https:\/\/happybubbles.com\/wp-content\/uploads\/diving_02-300x225.jpg\" class=\"attachment-medium size-medium\" alt=\"\" srcset=\"https:\/\/happybubbles.com\/wp-content\/uploads\/diving_02-300x225.jpg 300w, https:\/\/happybubbles.com\/wp-content\/uploads\/diving_02-200x150.jpg 200w, https:\/\/happybubbles.com\/wp-content\/uploads\/diving_02.jpg 640w\" sizes=\"auto, (max-width: 300px) 100vw, 300px\" \/><\/a>\n\t\t\t<\/div><\/figure><figure class='gallery-item'>\n\t\t\t<div class='gallery-icon landscape'>\n\t\t\t\t<a href='https:\/\/happybubbles.com\/tr\/diving\/diving_01\/'><img loading=\"lazy\" decoding=\"async\" width=\"300\" height=\"225\" src=\"https:\/\/happybubbles.com\/wp-content\/uploads\/diving_01-300x225.jpg\" class=\"attachment-medium size-medium\" alt=\"\" srcset=\"https:\/\/happybubbles.com\/wp-content\/uploads\/diving_01-300x225.jpg 300w, https:\/\/happybubbles.com\/wp-content\/uploads\/diving_01-200x150.jpg 200w, https:\/\/happybubbles.com\/wp-content\/uploads\/diving_01.jpg 640w\" sizes=\"auto, (max-width: 300px) 100vw, 300px\" \/><\/a>\n\t\t\t<\/div><\/figure>\n\t\t<\/div>\n\n","protected":false},"excerpt":{"rendered":"","protected":false},"author":1,"featured_media":0,"parent":0,"menu_order":0,"comment_status":"closed","ping_status":"closed","template":"","meta":{"footnotes":""},"class_list":["post-444","page","type-page","status-publish","hentry"],"yoast_head":"<!-- This site is optimized with the Yoast SEO plugin v27.1.1 - https:\/\/yoast.com\/product\/yoast-seo-wordpress\/ -->\n<title>Dal\u0131\u015flar &#187; Happy Bubbles Dal\u0131\u015f Merkezi<\/title>\n<meta name=\"robots\" content=\"index, follow, max-snippet:-1, max-image-preview:large, max-video-preview:-1\" \/>\n<link rel=\"canonical\" href=\"https:\/\/happybubbles.com\/diving\/\" \/>\n<meta property=\"og:locale\" content=\"tr_TR\" \/>\n<meta property=\"og:type\" content=\"article\" \/>\n<meta property=\"og:title\" content=\"Dal\u0131\u015flar &#187; Happy Bubbles Dal\u0131\u015f Merkezi\" \/>\n<meta property=\"og:url\" content=\"https:\/\/happybubbles.com\/diving\/\" \/>\n<meta property=\"og:site_name\" content=\"Happy Bubbles Dal\u0131\u015f Merkezi\" \/>\n<meta property=\"article:publisher\" content=\"https:\/\/www.facebook.com\/HappyBubblesDive\/\" \/>\n<meta property=\"article:modified_time\" content=\"2022-02-20T05:12:30+00:00\" \/>\n<meta property=\"og:image\" content=\"https:\/\/happybubbles.com\/wp-content\/uploads\/divingHakanEgel_04-200x300.jpg\" \/>\n<meta name=\"twitter:card\" content=\"summary_large_image\" \/>\n<meta name=\"twitter:label1\" content=\"Tahmini okuma s\u00fcresi\" \/>\n\t<meta name=\"twitter:data1\" content=\"1 dakika\" \/>\n<script type=\"application\/ld+json\" class=\"yoast-schema-graph\">{\"@context\":\"https:\/\/schema.org\",\"@graph\":[{\"@type\":\"WebPage\",\"@id\":\"https:\/\/happybubbles.com\/diving\/\",\"url\":\"https:\/\/happybubbles.com\/diving\/\",\"name\":\"Dal\u0131\u015flar &#187; Happy Bubbles Dal\u0131\u015f Merkezi\",\"isPartOf\":{\"@id\":\"https:\/\/happybubbles.com\/#website\"},\"datePublished\":\"2013-03-09T16:50:19+00:00\",\"dateModified\":\"2022-02-20T05:12:30+00:00\",\"breadcrumb\":{\"@id\":\"https:\/\/happybubbles.com\/diving\/#breadcrumb\"},\"inLanguage\":\"tr\",\"potentialAction\":[{\"@type\":\"ReadAction\",\"target\":[\"https:\/\/happybubbles.com\/diving\/\"]}]},{\"@type\":\"BreadcrumbList\",\"@id\":\"https:\/\/happybubbles.com\/diving\/#breadcrumb\",\"itemListElement\":[{\"@type\":\"ListItem\",\"position\":1,\"name\":\"Ana sayfa\",\"item\":\"https:\/\/happybubbles.com\/\"},{\"@type\":\"ListItem\",\"position\":2,\"name\":\"Diving\"}]},{\"@type\":\"WebSite\",\"@id\":\"https:\/\/happybubbles.com\/#website\",\"url\":\"https:\/\/happybubbles.com\/\",\"name\":\"Happy Bubbles Dal\u0131\u015f Merkezi\",\"description\":\"arkada\u015f\u00e7a ve keyifli dal\u0131\u015flar, Bodrum - T\u00fcrkiye\",\"publisher\":{\"@id\":\"https:\/\/happybubbles.com\/#organization\"},\"potentialAction\":[{\"@type\":\"SearchAction\",\"target\":{\"@type\":\"EntryPoint\",\"urlTemplate\":\"https:\/\/happybubbles.com\/?s={search_term_string}\"},\"query-input\":{\"@type\":\"PropertyValueSpecification\",\"valueRequired\":true,\"valueName\":\"search_term_string\"}}],\"inLanguage\":\"tr\"},{\"@type\":\"Organization\",\"@id\":\"https:\/\/happybubbles.com\/#organization\",\"name\":\"Happy Bubbles Dive Center\",\"url\":\"https:\/\/happybubbles.com\/\",\"logo\":{\"@type\":\"ImageObject\",\"inLanguage\":\"tr\",\"@id\":\"https:\/\/happybubbles.com\/#\/schema\/logo\/image\/\",\"url\":\"https:\/\/happybubbles.com\/wp-content\/uploads\/anaLogo4.png\",\"contentUrl\":\"https:\/\/happybubbles.com\/wp-content\/uploads\/anaLogo4.png\",\"width\":139,\"height\":128,\"caption\":\"Happy Bubbles Dive Center\"},\"image\":{\"@id\":\"https:\/\/happybubbles.com\/#\/schema\/logo\/image\/\"},\"sameAs\":[\"https:\/\/www.facebook.com\/HappyBubblesDive\/\",\"https:\/\/www.instagram.com\/happybubblesdive\/\"]}]}<\/script>\n<!-- \/ Yoast SEO plugin. -->","yoast_head_json":{"title":"Dal\u0131\u015flar &#187; Happy Bubbles Dal\u0131\u015f Merkezi","robots":{"index":"index","follow":"follow","max-snippet":"max-snippet:-1","max-image-preview":"max-image-preview:large","max-video-preview":"max-video-preview:-1"},"canonical":"https:\/\/happybubbles.com\/diving\/","og_locale":"tr_TR","og_type":"article","og_title":"Dal\u0131\u015flar &#187; Happy Bubbles Dal\u0131\u015f Merkezi","og_url":"https:\/\/happybubbles.com\/diving\/","og_site_name":"Happy Bubbles Dal\u0131\u015f Merkezi","article_publisher":"https:\/\/www.facebook.com\/HappyBubblesDive\/","article_modified_time":"2022-02-20T05:12:30+00:00","og_image":[{"url":"https:\/\/happybubbles.com\/wp-content\/uploads\/divingHakanEgel_04-200x300.jpg","type":"","width":"","height":""}],"twitter_card":"summary_large_image","twitter_misc":{"Tahmini okuma s\u00fcresi":"1 dakika"},"schema":{"@context":"https:\/\/schema.org","@graph":[{"@type":"WebPage","@id":"https:\/\/happybubbles.com\/diving\/","url":"https:\/\/happybubbles.com\/diving\/","name":"Dal\u0131\u015flar &#187; Happy Bubbles Dal\u0131\u015f Merkezi","isPartOf":{"@id":"https:\/\/happybubbles.com\/#website"},"datePublished":"2013-03-09T16:50:19+00:00","dateModified":"2022-02-20T05:12:30+00:00","breadcrumb":{"@id":"https:\/\/happybubbles.com\/diving\/#breadcrumb"},"inLanguage":"tr","potentialAction":[{"@type":"ReadAction","target":["https:\/\/happybubbles.com\/diving\/"]}]},{"@type":"BreadcrumbList","@id":"https:\/\/happybubbles.com\/diving\/#breadcrumb","itemListElement":[{"@type":"ListItem","position":1,"name":"Ana sayfa","item":"https:\/\/happybubbles.com\/"},{"@type":"ListItem","position":2,"name":"Diving"}]},{"@type":"WebSite","@id":"https:\/\/happybubbles.com\/#website","url":"https:\/\/happybubbles.com\/","name":"Happy Bubbles Dal\u0131\u015f Merkezi","description":"arkada\u015f\u00e7a ve keyifli dal\u0131\u015flar, Bodrum - T\u00fcrkiye","publisher":{"@id":"https:\/\/happybubbles.com\/#organization"},"potentialAction":[{"@type":"SearchAction","target":{"@type":"EntryPoint","urlTemplate":"https:\/\/happybubbles.com\/?s={search_term_string}"},"query-input":{"@type":"PropertyValueSpecification","valueRequired":true,"valueName":"search_term_string"}}],"inLanguage":"tr"},{"@type":"Organization","@id":"https:\/\/happybubbles.com\/#organization","name":"Happy Bubbles Dive Center","url":"https:\/\/happybubbles.com\/","logo":{"@type":"ImageObject","inLanguage":"tr","@id":"https:\/\/happybubbles.com\/#\/schema\/logo\/image\/","url":"https:\/\/happybubbles.com\/wp-content\/uploads\/anaLogo4.png","contentUrl":"https:\/\/happybubbles.com\/wp-content\/uploads\/anaLogo4.png","width":139,"height":128,"caption":"Happy Bubbles Dive Center"},"image":{"@id":"https:\/\/happybubbles.com\/#\/schema\/logo\/image\/"},"sameAs":["https:\/\/www.facebook.com\/HappyBubblesDive\/","https:\/\/www.instagram.com\/happybubblesdive\/"]}]}},"_links":{"self":[{"href":"https:\/\/happybubbles.com\/tr\/wp-json\/wp\/v2\/pages\/444","targetHints":{"allow":["GET"]}}],"collection":[{"href":"https:\/\/happybubbles.com\/tr\/wp-json\/wp\/v2\/pages"}],"about":[{"href":"https:\/\/happybubbles.com\/tr\/wp-json\/wp\/v2\/types\/page"}],"author":[{"embeddable":true,"href":"https:\/\/happybubbles.com\/tr\/wp-json\/wp\/v2\/users\/1"}],"replies":[{"embeddable":true,"href":"https:\/\/happybubbles.com\/tr\/wp-json\/wp\/v2\/comments?post=444"}],"version-history":[{"count":5,"href":"https:\/\/happybubbles.com\/tr\/wp-json\/wp\/v2\/pages\/444\/revisions"}],"predecessor-version":[{"id":56568,"href":"https:\/\/happybubbles.com\/tr\/wp-json\/wp\/v2\/pages\/444\/revisions\/56568"}],"wp:attachment":[{"href":"https:\/\/happybubbles.com\/tr\/wp-json\/wp\/v2\/media?parent=444"}],"curies":[{"name":"wp","href":"https:\/\/api.w.org\/{rel}","templated":true}]}}