{"id":465,"date":"2013-03-09T18:53:35","date_gmt":"2013-03-09T16:53:35","guid":{"rendered":"http:\/\/happybubbles.com\/?page_id=465"},"modified":"2016-12-19T14:51:50","modified_gmt":"2016-12-19T12:51:50","slug":"photo-gallery-2","status":"publish","type":"page","link":"https:\/\/happybubbles.com\/tr\/photo-gallery-2\/","title":{"rendered":"Photo Gallery"},"content":{"rendered":"<p><a title=\"Aquatic Life Photos\" href=\"http:\/\/happybubbles.com\/photo-gallery\/\">Sualt\u0131 Ya\u015fam\u0131<\/a><\/p>\n<p><a title=\"Wrecks Photos\" href=\"http:\/\/happybubbles.com\/wrecks\/\">Bat\u0131klar<\/a><\/p>\n<p><a title=\"Diving\" href=\"http:\/\/happybubbles.com\/diving\/\">Dal\u0131\u015flar<\/a><\/p>\n<p><a title=\"Group Activities\" href=\"http:\/\/happybubbles.com\/group-activities\/\">Grup Aktiviteleri<\/a><\/p>\n<p><a href=\"http:\/\/happybubbles.com\/tr\/diving-abroad\/\">Yurtd\u0131\u015f\u0131 Dal\u0131\u015flar<\/a><\/p>\n","protected":false},"excerpt":{"rendered":"<p>Sualt\u0131 Ya\u015fam\u0131 Bat\u0131klar Dal\u0131\u015flar Grup Aktiviteleri Yurtd\u0131\u015f\u0131 Dal\u0131\u015flar<\/p>\n","protected":false},"author":1,"featured_media":0,"parent":0,"menu_order":0,"comment_status":"closed","ping_status":"closed","template":"","meta":{"footnotes":""},"class_list":["post-465","page","type-page","status-publish","hentry"],"yoast_head":"<!-- This site is optimized with the Yoast SEO plugin v27.1.1 - https:\/\/yoast.com\/product\/yoast-seo-wordpress\/ -->\n<title>Photo Gallery &#187; Happy Bubbles Dal\u0131\u015f Merkezi<\/title>\n<meta name=\"robots\" content=\"index, follow, max-snippet:-1, max-image-preview:large, max-video-preview:-1\" \/>\n<link rel=\"canonical\" href=\"https:\/\/happybubbles.com\/en\/photo-gallery-2\/\" \/>\n<meta property=\"og:locale\" content=\"tr_TR\" \/>\n<meta property=\"og:type\" content=\"article\" \/>\n<meta property=\"og:title\" content=\"Photo Gallery &#187; Happy Bubbles Dal\u0131\u015f Merkezi\" \/>\n<meta property=\"og:description\" content=\"Sualt\u0131 Ya\u015fam\u0131 Bat\u0131klar Dal\u0131\u015flar Grup Aktiviteleri Yurtd\u0131\u015f\u0131 Dal\u0131\u015flar\" \/>\n<meta property=\"og:url\" content=\"https:\/\/happybubbles.com\/en\/photo-gallery-2\/\" \/>\n<meta property=\"og:site_name\" content=\"Happy Bubbles Dal\u0131\u015f Merkezi\" \/>\n<meta property=\"article:publisher\" content=\"https:\/\/www.facebook.com\/HappyBubblesDive\/\" \/>\n<meta property=\"article:modified_time\" content=\"2016-12-19T12:51:50+00:00\" \/>\n<meta property=\"og:image\" content=\"https:\/\/happybubbles.com\/wp-content\/uploads\/anaLogo4.png\" \/>\n\t<meta property=\"og:image:width\" content=\"139\" \/>\n\t<meta property=\"og:image:height\" content=\"128\" \/>\n\t<meta property=\"og:image:type\" content=\"image\/png\" \/>\n<meta name=\"twitter:card\" content=\"summary_large_image\" \/>\n<script type=\"application\/ld+json\" class=\"yoast-schema-graph\">{\"@context\":\"https:\/\/schema.org\",\"@graph\":[{\"@type\":\"WebPage\",\"@id\":\"https:\/\/happybubbles.com\/en\/photo-gallery-2\/\",\"url\":\"https:\/\/happybubbles.com\/en\/photo-gallery-2\/\",\"name\":\"Photo Gallery &#187; Happy Bubbles Dal\u0131\u015f Merkezi\",\"isPartOf\":{\"@id\":\"https:\/\/happybubbles.com\/#website\"},\"datePublished\":\"2013-03-09T16:53:35+00:00\",\"dateModified\":\"2016-12-19T12:51:50+00:00\",\"breadcrumb\":{\"@id\":\"https:\/\/happybubbles.com\/en\/photo-gallery-2\/#breadcrumb\"},\"inLanguage\":\"tr\",\"potentialAction\":[{\"@type\":\"ReadAction\",\"target\":[\"https:\/\/happybubbles.com\/en\/photo-gallery-2\/\"]}]},{\"@type\":\"BreadcrumbList\",\"@id\":\"https:\/\/happybubbles.com\/en\/photo-gallery-2\/#breadcrumb\",\"itemListElement\":[{\"@type\":\"ListItem\",\"position\":1,\"name\":\"Ana sayfa\",\"item\":\"https:\/\/happybubbles.com\/\"},{\"@type\":\"ListItem\",\"position\":2,\"name\":\"Photo Gallery\"}]},{\"@type\":\"WebSite\",\"@id\":\"https:\/\/happybubbles.com\/#website\",\"url\":\"https:\/\/happybubbles.com\/\",\"name\":\"Happy Bubbles Dal\u0131\u015f Merkezi\",\"description\":\"arkada\u015f\u00e7a ve keyifli dal\u0131\u015flar, Bodrum - T\u00fcrkiye\",\"publisher\":{\"@id\":\"https:\/\/happybubbles.com\/#organization\"},\"potentialAction\":[{\"@type\":\"SearchAction\",\"target\":{\"@type\":\"EntryPoint\",\"urlTemplate\":\"https:\/\/happybubbles.com\/?s={search_term_string}\"},\"query-input\":{\"@type\":\"PropertyValueSpecification\",\"valueRequired\":true,\"valueName\":\"search_term_string\"}}],\"inLanguage\":\"tr\"},{\"@type\":\"Organization\",\"@id\":\"https:\/\/happybubbles.com\/#organization\",\"name\":\"Happy Bubbles Dive Center\",\"url\":\"https:\/\/happybubbles.com\/\",\"logo\":{\"@type\":\"ImageObject\",\"inLanguage\":\"tr\",\"@id\":\"https:\/\/happybubbles.com\/#\/schema\/logo\/image\/\",\"url\":\"https:\/\/happybubbles.com\/wp-content\/uploads\/anaLogo4.png\",\"contentUrl\":\"https:\/\/happybubbles.com\/wp-content\/uploads\/anaLogo4.png\",\"width\":139,\"height\":128,\"caption\":\"Happy Bubbles Dive Center\"},\"image\":{\"@id\":\"https:\/\/happybubbles.com\/#\/schema\/logo\/image\/\"},\"sameAs\":[\"https:\/\/www.facebook.com\/HappyBubblesDive\/\",\"https:\/\/www.instagram.com\/happybubblesdive\/\"]}]}<\/script>\n<!-- \/ Yoast SEO plugin. -->","yoast_head_json":{"title":"Photo Gallery &#187; Happy Bubbles Dal\u0131\u015f Merkezi","robots":{"index":"index","follow":"follow","max-snippet":"max-snippet:-1","max-image-preview":"max-image-preview:large","max-video-preview":"max-video-preview:-1"},"canonical":"https:\/\/happybubbles.com\/en\/photo-gallery-2\/","og_locale":"tr_TR","og_type":"article","og_title":"Photo Gallery &#187; Happy Bubbles Dal\u0131\u015f Merkezi","og_description":"Sualt\u0131 Ya\u015fam\u0131 Bat\u0131klar Dal\u0131\u015flar Grup Aktiviteleri Yurtd\u0131\u015f\u0131 Dal\u0131\u015flar","og_url":"https:\/\/happybubbles.com\/en\/photo-gallery-2\/","og_site_name":"Happy Bubbles Dal\u0131\u015f Merkezi","article_publisher":"https:\/\/www.facebook.com\/HappyBubblesDive\/","article_modified_time":"2016-12-19T12:51:50+00:00","og_image":[{"width":139,"height":128,"url":"https:\/\/happybubbles.com\/wp-content\/uploads\/anaLogo4.png","type":"image\/png"}],"twitter_card":"summary_large_image","schema":{"@context":"https:\/\/schema.org","@graph":[{"@type":"WebPage","@id":"https:\/\/happybubbles.com\/en\/photo-gallery-2\/","url":"https:\/\/happybubbles.com\/en\/photo-gallery-2\/","name":"Photo Gallery &#187; Happy Bubbles Dal\u0131\u015f Merkezi","isPartOf":{"@id":"https:\/\/happybubbles.com\/#website"},"datePublished":"2013-03-09T16:53:35+00:00","dateModified":"2016-12-19T12:51:50+00:00","breadcrumb":{"@id":"https:\/\/happybubbles.com\/en\/photo-gallery-2\/#breadcrumb"},"inLanguage":"tr","potentialAction":[{"@type":"ReadAction","target":["https:\/\/happybubbles.com\/en\/photo-gallery-2\/"]}]},{"@type":"BreadcrumbList","@id":"https:\/\/happybubbles.com\/en\/photo-gallery-2\/#breadcrumb","itemListElement":[{"@type":"ListItem","position":1,"name":"Ana sayfa","item":"https:\/\/happybubbles.com\/"},{"@type":"ListItem","position":2,"name":"Photo Gallery"}]},{"@type":"WebSite","@id":"https:\/\/happybubbles.com\/#website","url":"https:\/\/happybubbles.com\/","name":"Happy Bubbles Dal\u0131\u015f Merkezi","description":"arkada\u015f\u00e7a ve keyifli dal\u0131\u015flar, Bodrum - T\u00fcrkiye","publisher":{"@id":"https:\/\/happybubbles.com\/#organization"},"potentialAction":[{"@type":"SearchAction","target":{"@type":"EntryPoint","urlTemplate":"https:\/\/happybubbles.com\/?s={search_term_string}"},"query-input":{"@type":"PropertyValueSpecification","valueRequired":true,"valueName":"search_term_string"}}],"inLanguage":"tr"},{"@type":"Organization","@id":"https:\/\/happybubbles.com\/#organization","name":"Happy Bubbles Dive Center","url":"https:\/\/happybubbles.com\/","logo":{"@type":"ImageObject","inLanguage":"tr","@id":"https:\/\/happybubbles.com\/#\/schema\/logo\/image\/","url":"https:\/\/happybubbles.com\/wp-content\/uploads\/anaLogo4.png","contentUrl":"https:\/\/happybubbles.com\/wp-content\/uploads\/anaLogo4.png","width":139,"height":128,"caption":"Happy Bubbles Dive Center"},"image":{"@id":"https:\/\/happybubbles.com\/#\/schema\/logo\/image\/"},"sameAs":["https:\/\/www.facebook.com\/HappyBubblesDive\/","https:\/\/www.instagram.com\/happybubblesdive\/"]}]}},"_links":{"self":[{"href":"https:\/\/happybubbles.com\/tr\/wp-json\/wp\/v2\/pages\/465","targetHints":{"allow":["GET"]}}],"collection":[{"href":"https:\/\/happybubbles.com\/tr\/wp-json\/wp\/v2\/pages"}],"about":[{"href":"https:\/\/happybubbles.com\/tr\/wp-json\/wp\/v2\/types\/page"}],"author":[{"embeddable":true,"href":"https:\/\/happybubbles.com\/tr\/wp-json\/wp\/v2\/users\/1"}],"replies":[{"embeddable":true,"href":"https:\/\/happybubbles.com\/tr\/wp-json\/wp\/v2\/comments?post=465"}],"version-history":[{"count":5,"href":"https:\/\/happybubbles.com\/tr\/wp-json\/wp\/v2\/pages\/465\/revisions"}],"predecessor-version":[{"id":2006,"href":"https:\/\/happybubbles.com\/tr\/wp-json\/wp\/v2\/pages\/465\/revisions\/2006"}],"wp:attachment":[{"href":"https:\/\/happybubbles.com\/tr\/wp-json\/wp\/v2\/media?parent=465"}],"curies":[{"name":"wp","href":"https:\/\/api.w.org\/{rel}","templated":true}]}}