{"id":56625,"date":"2022-02-21T08:22:01","date_gmt":"2022-02-21T05:22:01","guid":{"rendered":"https:\/\/happybubbles.com\/?page_id=56625"},"modified":"2024-03-06T14:18:12","modified_gmt":"2024-03-06T11:18:12","slug":"dive-professional-training","status":"publish","type":"page","link":"https:\/\/happybubbles.com\/tr\/dive-professional-training\/","title":{"rendered":"SSI Dal\u0131\u015f Profesyoneli E\u011fitimi"},"content":{"rendered":"<p><img loading=\"lazy\" decoding=\"async\" class=\"alignnone size-full wp-image-57318\" src=\"https:\/\/happybubbles.com\/wp-content\/uploads\/proHeader2024.png\" alt=\"\" width=\"2590\" height=\"442\" srcset=\"https:\/\/happybubbles.com\/wp-content\/uploads\/proHeader2024.png 2590w, https:\/\/happybubbles.com\/wp-content\/uploads\/proHeader2024-300x51.png 300w, https:\/\/happybubbles.com\/wp-content\/uploads\/proHeader2024-1024x175.png 1024w, https:\/\/happybubbles.com\/wp-content\/uploads\/proHeader2024-768x131.png 768w, https:\/\/happybubbles.com\/wp-content\/uploads\/proHeader2024-1536x262.png 1536w, https:\/\/happybubbles.com\/wp-content\/uploads\/proHeader2024-2048x350.png 2048w, https:\/\/happybubbles.com\/wp-content\/uploads\/proHeader2024-1510x258.png 1510w, https:\/\/happybubbles.com\/wp-content\/uploads\/proHeader2024-800x137.png 800w, https:\/\/happybubbles.com\/wp-content\/uploads\/proHeader2024-512x87.png 512w\" sizes=\"auto, (max-width: 2590px) 100vw, 2590px\" \/><\/p>\n<p><span style=\"font-family: Verdana, Geneva, sans-serif;\">Bug\u00fcn d\u00fcnyada dal\u0131\u015f e\u011fitimi veren ve dal\u0131\u015f profesyoneli yeti\u015ftiren bir \u00e7ok \u015firket ve kurulu\u015f vard\u0131r. Bunlara ilaveten yerel federasyonlar\u0131n kendi dizgelerini de listeye ekleyebilirsiniz. Her y\u0131l milyonlarca dalg\u0131\u00e7 ve binlerce dal\u0131\u015f profesyoneli sertifikaland\u0131r\u0131lmaktad\u0131r. Bunlar\u0131n aras\u0131ndan belirgin bir \u015fekilde sivrilen SSI\u2019\u0131n dal\u0131\u015f end\u00fcstrisinin lider kurulu\u015flar\u0131ndan olmas\u0131 tesad\u00fcfi de\u011fildir.<\/span><\/p>\n<div class=\"entry-content clearfix\">\n<blockquote class=\"wp-block-quote is-style-large\"><p>SSI sistemi i\u00e7erisinde y\u00fczmeden scuba dal\u0131\u015fa, teknik dal\u0131\u015ftan cankurtarmaya, serbest dal\u0131\u015ftan \u00e7evre duyarl\u0131l\u0131k programlar\u0131na kadar her alanda e\u011fitimler bulunmaktad\u0131r. M\u00fc\u015fterilerine bu zenginlikte i\u00e7erik sunabilen \u00e7ok az e\u011fitim sistemi vard\u0131r.<\/p><\/blockquote>\n<p>1970 y\u0131l\u0131ndan beri t\u00fcm d\u00fcnyada dal\u0131\u015f e\u011fitimlerini veren SSI \u00f6ncelikle kalite standartlar\u0131na \u00f6nem vermi\u015ftir ve ISO belgeli bir e\u011fitim sistemine sahiptir. T\u00fcm d\u00fcnyada SSI e\u011fitmenleri, \u00f6\u011frettikleri programlar\u0131 standartlar\u0131n belirledi\u011fi \u015fekilde \u00f6\u011fretmekte ve \u00f6\u011frenciler aras\u0131nda e\u011fitimden kaynakl\u0131 farkl\u0131l\u0131klar ya da e\u011fitmenlerin keyfi \u015fekilde y\u00fcr\u00fctt\u00fckleri programlardan kaynakl\u0131 kalite farkl\u0131l\u0131klar\u0131 g\u00f6r\u00fclmemektedir. SSI ayn\u0131 zamanda RSTC ve WRSTC\u2019nin kurucular\u0131 aras\u0131ndad\u0131r.<\/p>\n<p style=\"text-align: center;\"><iframe loading=\"lazy\" src=\"https:\/\/www.youtube.com\/embed\/oeq954uo4NA?feature=oembed\" width=\"840\" height=\"473\" frameborder=\"0\" allowfullscreen=\"allowfullscreen\" data-mce-fragment=\"1\"><\/iframe><\/p>\n<p>E\u011fitim materyallerinde muazzam bir dijital d\u00f6n\u00fc\u015f\u00fcm\u00fc ger\u00e7ekle\u015ftiren SSI t\u00fcm seviyelerdeki e\u011fitim i\u00e7eriklerini g\u00fcn\u00fcm\u00fcz\u00fcn vazge\u00e7ilmez mobil platformlar\u0131nda uygulama olarak ve web aray\u00fcz\u00fc arac\u0131l\u0131\u011f\u0131 ile m\u00fc\u015fterilerine ula\u015ft\u0131rmaktad\u0131r. 30+ lisanda yay\u0131nlanan i\u00e7eriklere eri\u015fim son derece kolayd\u0131r.<\/p>\n<p>E\u011fitmen ve dal\u0131\u015f profesyonellerinin i\u015flerini yapabilmeleri i\u00e7in gerekli t\u00fcm e\u011fitim materyalleri de muhtelif dillerde ve\u00a0<em><strong>\u00fccretsiz\u00a0<\/strong><\/em>olarak eri\u015filebilir haldedir.<\/p>\n<p>Buna benzer daha pek \u00e7ok avantaj\u0131 di\u011fer sistemlerle de kar\u015f\u0131la\u015ft\u0131rabilmek amac\u0131yla a\u015fa\u011f\u0131daki tabloyu sorgulamak gerekir.<\/p>\n<div class=\"wp-block-image\"><img loading=\"lazy\" decoding=\"async\" class=\"wp-image-56689 size-large aligncenter\" src=\"https:\/\/happybubbles.com\/wp-content\/uploads\/IMG-20211104-WA0020-1016x1024.jpg\" alt=\"\" width=\"980\" height=\"988\" srcset=\"https:\/\/happybubbles.com\/wp-content\/uploads\/IMG-20211104-WA0020-1016x1024.jpg 1016w, https:\/\/happybubbles.com\/wp-content\/uploads\/IMG-20211104-WA0020-298x300.jpg 298w, https:\/\/happybubbles.com\/wp-content\/uploads\/IMG-20211104-WA0020-150x150.jpg 150w, https:\/\/happybubbles.com\/wp-content\/uploads\/IMG-20211104-WA0020-768x774.jpg 768w, https:\/\/happybubbles.com\/wp-content\/uploads\/IMG-20211104-WA0020.jpg 1080w\" sizes=\"auto, (max-width: 980px) 100vw, 980px\" \/><\/div>\n<p>Dal\u0131\u015f profesyonelleri a\u00e7\u0131s\u0131ndan bak\u0131ld\u0131\u011f\u0131nda da SSI Pro&#8217;lar\u0131n bir dal\u0131\u015f merkezine ba\u011fl\u0131 olarak \u00e7al\u0131\u015fmak zorunluluklar\u0131 vard\u0131r. Bu sayede hem m\u00fc\u015fteriler a\u00e7\u0131s\u0131ndan daha fazla g\u00fcven duygusu olu\u015fmakta, hem de dal\u0131\u015f profesyonellerinin kendilerini geli\u015ftirmeleri ve i\u015f g\u00fcvenlikler garanti alt\u0131na al\u0131nmaktad\u0131r. Bu mecburiyet ayn\u0131 zamanda sistemin kalite y\u00f6netim sisteminin bir par\u00e7as\u0131 olup, e\u011fitmenlerin ve e\u011fitim performanslar\u0131n\u0131n \u00f6l\u00e7\u00fclebilmesi a\u00e7\u0131s\u0131ndan zaruridir.<\/p>\n<blockquote class=\"wp-block-quote is-style-large\"><p>Son olarak \u015funu da ekleyelim, SSI, ard\u0131ndaki marka deste\u011finin g\u00fcc\u00fcyle tan\u0131t\u0131ma, sosyal medyaya, i\u00e7erik geli\u015ftirmeye, malzemeye ve dal\u0131\u015f merkezleri ve profesyonellerine destek vermeye en \u00e7ok \u00f6nem veren kurulu\u015f olarak \u00f6n plana \u00e7\u0131kmaktad\u0131r. SSI ailesine kat\u0131ld\u0131\u011f\u0131n\u0131zda kendinizi ayr\u0131cal\u0131kl\u0131 bir toplulu\u011fun \u00fcyesi olarak g\u00f6receksiniz. \u0130\u015fte en \u00f6nemli fark burada yatmaktad\u0131r.<\/p><\/blockquote>\n<\/div>\n","protected":false},"excerpt":{"rendered":"<p>Bug\u00fcn d\u00fcnyada dal\u0131\u015f e\u011fitimi veren ve dal\u0131\u015f profesyoneli yeti\u015ftiren bir \u00e7ok \u015firket ve kurulu\u015f vard\u0131r. Bunlara ilaveten yerel federasyonlar\u0131n kendi dizgelerini de listeye ekleyebilirsiniz. Her y\u0131l milyonlarca dalg\u0131\u00e7 ve binlerce dal\u0131\u015f profesyoneli sertifikaland\u0131r\u0131lmaktad\u0131r. Bunlar\u0131n aras\u0131ndan &hellip;<\/p>\n","protected":false},"author":10,"featured_media":0,"parent":0,"menu_order":0,"comment_status":"closed","ping_status":"closed","template":"","meta":{"footnotes":""},"class_list":["post-56625","page","type-page","status-publish","hentry"],"yoast_head":"<!-- This site is optimized with the Yoast SEO plugin v27.1.1 - https:\/\/yoast.com\/product\/yoast-seo-wordpress\/ -->\n<title>SSI Dal\u0131\u015f Profesyoneli E\u011fitimi &#187; Happy Bubbles Dal\u0131\u015f Merkezi<\/title>\n<meta name=\"robots\" content=\"index, follow, max-snippet:-1, max-image-preview:large, max-video-preview:-1\" \/>\n<link rel=\"canonical\" href=\"https:\/\/happybubbles.com\/dive-professional-training\/\" \/>\n<meta property=\"og:locale\" content=\"tr_TR\" \/>\n<meta property=\"og:type\" content=\"article\" \/>\n<meta property=\"og:title\" content=\"SSI Dal\u0131\u015f Profesyoneli E\u011fitimi &#187; Happy Bubbles Dal\u0131\u015f Merkezi\" \/>\n<meta property=\"og:description\" content=\"Bug\u00fcn d\u00fcnyada dal\u0131\u015f e\u011fitimi veren ve dal\u0131\u015f profesyoneli yeti\u015ftiren bir \u00e7ok \u015firket ve kurulu\u015f vard\u0131r. Bunlara ilaveten yerel federasyonlar\u0131n kendi dizgelerini de listeye ekleyebilirsiniz. Her y\u0131l milyonlarca dalg\u0131\u00e7 ve binlerce dal\u0131\u015f profesyoneli sertifikaland\u0131r\u0131lmaktad\u0131r. Bunlar\u0131n aras\u0131ndan &hellip;\" \/>\n<meta property=\"og:url\" content=\"https:\/\/happybubbles.com\/dive-professional-training\/\" \/>\n<meta property=\"og:site_name\" content=\"Happy Bubbles Dal\u0131\u015f Merkezi\" \/>\n<meta property=\"article:publisher\" content=\"https:\/\/www.facebook.com\/HappyBubblesDive\/\" \/>\n<meta property=\"article:modified_time\" content=\"2024-03-06T11:18:12+00:00\" \/>\n<meta property=\"og:image\" content=\"https:\/\/happybubbles.com\/wp-content\/uploads\/proHeader2024.png\" \/>\n<meta name=\"twitter:card\" content=\"summary_large_image\" \/>\n<meta name=\"twitter:label1\" content=\"Tahmini okuma s\u00fcresi\" \/>\n\t<meta name=\"twitter:data1\" content=\"2 dakika\" \/>\n<script type=\"application\/ld+json\" class=\"yoast-schema-graph\">{\"@context\":\"https:\/\/schema.org\",\"@graph\":[{\"@type\":\"WebPage\",\"@id\":\"https:\/\/happybubbles.com\/dive-professional-training\/\",\"url\":\"https:\/\/happybubbles.com\/dive-professional-training\/\",\"name\":\"SSI Dal\u0131\u015f Profesyoneli E\u011fitimi &#187; Happy Bubbles Dal\u0131\u015f Merkezi\",\"isPartOf\":{\"@id\":\"https:\/\/happybubbles.com\/#website\"},\"primaryImageOfPage\":{\"@id\":\"https:\/\/happybubbles.com\/dive-professional-training\/#primaryimage\"},\"image\":{\"@id\":\"https:\/\/happybubbles.com\/dive-professional-training\/#primaryimage\"},\"thumbnailUrl\":\"https:\/\/happybubbles.com\/wp-content\/uploads\/proHeader2024.png\",\"datePublished\":\"2022-02-21T05:22:01+00:00\",\"dateModified\":\"2024-03-06T11:18:12+00:00\",\"breadcrumb\":{\"@id\":\"https:\/\/happybubbles.com\/dive-professional-training\/#breadcrumb\"},\"inLanguage\":\"tr\",\"potentialAction\":[{\"@type\":\"ReadAction\",\"target\":[\"https:\/\/happybubbles.com\/dive-professional-training\/\"]}]},{\"@type\":\"ImageObject\",\"inLanguage\":\"tr\",\"@id\":\"https:\/\/happybubbles.com\/dive-professional-training\/#primaryimage\",\"url\":\"https:\/\/happybubbles.com\/wp-content\/uploads\/proHeader2024.png\",\"contentUrl\":\"https:\/\/happybubbles.com\/wp-content\/uploads\/proHeader2024.png\"},{\"@type\":\"BreadcrumbList\",\"@id\":\"https:\/\/happybubbles.com\/dive-professional-training\/#breadcrumb\",\"itemListElement\":[{\"@type\":\"ListItem\",\"position\":1,\"name\":\"Ana sayfa\",\"item\":\"https:\/\/happybubbles.com\/\"},{\"@type\":\"ListItem\",\"position\":2,\"name\":\"SSI Dal\u0131\u015f Profesyoneli E\u011fitimi\"}]},{\"@type\":\"WebSite\",\"@id\":\"https:\/\/happybubbles.com\/#website\",\"url\":\"https:\/\/happybubbles.com\/\",\"name\":\"Happy Bubbles Dal\u0131\u015f Merkezi\",\"description\":\"arkada\u015f\u00e7a ve keyifli dal\u0131\u015flar, Bodrum - T\u00fcrkiye\",\"publisher\":{\"@id\":\"https:\/\/happybubbles.com\/#organization\"},\"potentialAction\":[{\"@type\":\"SearchAction\",\"target\":{\"@type\":\"EntryPoint\",\"urlTemplate\":\"https:\/\/happybubbles.com\/?s={search_term_string}\"},\"query-input\":{\"@type\":\"PropertyValueSpecification\",\"valueRequired\":true,\"valueName\":\"search_term_string\"}}],\"inLanguage\":\"tr\"},{\"@type\":\"Organization\",\"@id\":\"https:\/\/happybubbles.com\/#organization\",\"name\":\"Happy Bubbles Dive Center\",\"url\":\"https:\/\/happybubbles.com\/\",\"logo\":{\"@type\":\"ImageObject\",\"inLanguage\":\"tr\",\"@id\":\"https:\/\/happybubbles.com\/#\/schema\/logo\/image\/\",\"url\":\"https:\/\/happybubbles.com\/wp-content\/uploads\/anaLogo4.png\",\"contentUrl\":\"https:\/\/happybubbles.com\/wp-content\/uploads\/anaLogo4.png\",\"width\":139,\"height\":128,\"caption\":\"Happy Bubbles Dive Center\"},\"image\":{\"@id\":\"https:\/\/happybubbles.com\/#\/schema\/logo\/image\/\"},\"sameAs\":[\"https:\/\/www.facebook.com\/HappyBubblesDive\/\",\"https:\/\/www.instagram.com\/happybubblesdive\/\"]}]}<\/script>\n<!-- \/ Yoast SEO plugin. -->","yoast_head_json":{"title":"SSI Dal\u0131\u015f Profesyoneli E\u011fitimi &#187; Happy Bubbles Dal\u0131\u015f Merkezi","robots":{"index":"index","follow":"follow","max-snippet":"max-snippet:-1","max-image-preview":"max-image-preview:large","max-video-preview":"max-video-preview:-1"},"canonical":"https:\/\/happybubbles.com\/dive-professional-training\/","og_locale":"tr_TR","og_type":"article","og_title":"SSI Dal\u0131\u015f Profesyoneli E\u011fitimi &#187; Happy Bubbles Dal\u0131\u015f Merkezi","og_description":"Bug\u00fcn d\u00fcnyada dal\u0131\u015f e\u011fitimi veren ve dal\u0131\u015f profesyoneli yeti\u015ftiren bir \u00e7ok \u015firket ve kurulu\u015f vard\u0131r. Bunlara ilaveten yerel federasyonlar\u0131n kendi dizgelerini de listeye ekleyebilirsiniz. Her y\u0131l milyonlarca dalg\u0131\u00e7 ve binlerce dal\u0131\u015f profesyoneli sertifikaland\u0131r\u0131lmaktad\u0131r. Bunlar\u0131n aras\u0131ndan &hellip;","og_url":"https:\/\/happybubbles.com\/dive-professional-training\/","og_site_name":"Happy Bubbles Dal\u0131\u015f Merkezi","article_publisher":"https:\/\/www.facebook.com\/HappyBubblesDive\/","article_modified_time":"2024-03-06T11:18:12+00:00","og_image":[{"url":"https:\/\/happybubbles.com\/wp-content\/uploads\/proHeader2024.png","type":"","width":"","height":""}],"twitter_card":"summary_large_image","twitter_misc":{"Tahmini okuma s\u00fcresi":"2 dakika"},"schema":{"@context":"https:\/\/schema.org","@graph":[{"@type":"WebPage","@id":"https:\/\/happybubbles.com\/dive-professional-training\/","url":"https:\/\/happybubbles.com\/dive-professional-training\/","name":"SSI Dal\u0131\u015f Profesyoneli E\u011fitimi &#187; Happy Bubbles Dal\u0131\u015f Merkezi","isPartOf":{"@id":"https:\/\/happybubbles.com\/#website"},"primaryImageOfPage":{"@id":"https:\/\/happybubbles.com\/dive-professional-training\/#primaryimage"},"image":{"@id":"https:\/\/happybubbles.com\/dive-professional-training\/#primaryimage"},"thumbnailUrl":"https:\/\/happybubbles.com\/wp-content\/uploads\/proHeader2024.png","datePublished":"2022-02-21T05:22:01+00:00","dateModified":"2024-03-06T11:18:12+00:00","breadcrumb":{"@id":"https:\/\/happybubbles.com\/dive-professional-training\/#breadcrumb"},"inLanguage":"tr","potentialAction":[{"@type":"ReadAction","target":["https:\/\/happybubbles.com\/dive-professional-training\/"]}]},{"@type":"ImageObject","inLanguage":"tr","@id":"https:\/\/happybubbles.com\/dive-professional-training\/#primaryimage","url":"https:\/\/happybubbles.com\/wp-content\/uploads\/proHeader2024.png","contentUrl":"https:\/\/happybubbles.com\/wp-content\/uploads\/proHeader2024.png"},{"@type":"BreadcrumbList","@id":"https:\/\/happybubbles.com\/dive-professional-training\/#breadcrumb","itemListElement":[{"@type":"ListItem","position":1,"name":"Ana sayfa","item":"https:\/\/happybubbles.com\/"},{"@type":"ListItem","position":2,"name":"SSI Dal\u0131\u015f Profesyoneli E\u011fitimi"}]},{"@type":"WebSite","@id":"https:\/\/happybubbles.com\/#website","url":"https:\/\/happybubbles.com\/","name":"Happy Bubbles Dal\u0131\u015f Merkezi","description":"arkada\u015f\u00e7a ve keyifli dal\u0131\u015flar, Bodrum - T\u00fcrkiye","publisher":{"@id":"https:\/\/happybubbles.com\/#organization"},"potentialAction":[{"@type":"SearchAction","target":{"@type":"EntryPoint","urlTemplate":"https:\/\/happybubbles.com\/?s={search_term_string}"},"query-input":{"@type":"PropertyValueSpecification","valueRequired":true,"valueName":"search_term_string"}}],"inLanguage":"tr"},{"@type":"Organization","@id":"https:\/\/happybubbles.com\/#organization","name":"Happy Bubbles Dive Center","url":"https:\/\/happybubbles.com\/","logo":{"@type":"ImageObject","inLanguage":"tr","@id":"https:\/\/happybubbles.com\/#\/schema\/logo\/image\/","url":"https:\/\/happybubbles.com\/wp-content\/uploads\/anaLogo4.png","contentUrl":"https:\/\/happybubbles.com\/wp-content\/uploads\/anaLogo4.png","width":139,"height":128,"caption":"Happy Bubbles Dive Center"},"image":{"@id":"https:\/\/happybubbles.com\/#\/schema\/logo\/image\/"},"sameAs":["https:\/\/www.facebook.com\/HappyBubblesDive\/","https:\/\/www.instagram.com\/happybubblesdive\/"]}]}},"_links":{"self":[{"href":"https:\/\/happybubbles.com\/tr\/wp-json\/wp\/v2\/pages\/56625","targetHints":{"allow":["GET"]}}],"collection":[{"href":"https:\/\/happybubbles.com\/tr\/wp-json\/wp\/v2\/pages"}],"about":[{"href":"https:\/\/happybubbles.com\/tr\/wp-json\/wp\/v2\/types\/page"}],"author":[{"embeddable":true,"href":"https:\/\/happybubbles.com\/tr\/wp-json\/wp\/v2\/users\/10"}],"replies":[{"embeddable":true,"href":"https:\/\/happybubbles.com\/tr\/wp-json\/wp\/v2\/comments?post=56625"}],"version-history":[{"count":13,"href":"https:\/\/happybubbles.com\/tr\/wp-json\/wp\/v2\/pages\/56625\/revisions"}],"predecessor-version":[{"id":57322,"href":"https:\/\/happybubbles.com\/tr\/wp-json\/wp\/v2\/pages\/56625\/revisions\/57322"}],"wp:attachment":[{"href":"https:\/\/happybubbles.com\/tr\/wp-json\/wp\/v2\/media?parent=56625"}],"curies":[{"name":"wp","href":"https:\/\/api.w.org\/{rel}","templated":true}]}}