{"id":56696,"date":"2022-02-22T15:41:56","date_gmt":"2022-02-22T12:41:56","guid":{"rendered":"https:\/\/happybubbles.com\/?page_id=56696"},"modified":"2022-02-22T16:01:23","modified_gmt":"2022-02-22T13:01:23","slug":"mermaid","status":"publish","type":"page","link":"https:\/\/happybubbles.com\/tr\/mermaid\/","title":{"rendered":"SSI Deniz K\u0131z\u0131"},"content":{"rendered":"<p><img loading=\"lazy\" decoding=\"async\" class=\"alignnone wp-image-56698 size-large\" src=\"https:\/\/happybubbles.com\/wp-content\/uploads\/mermaid-e1645533810307-1024x445.jpg\" alt=\"\" width=\"980\" height=\"426\" srcset=\"https:\/\/happybubbles.com\/wp-content\/uploads\/mermaid-e1645533810307-1024x445.jpg 1024w, https:\/\/happybubbles.com\/wp-content\/uploads\/mermaid-e1645533810307-300x130.jpg 300w, https:\/\/happybubbles.com\/wp-content\/uploads\/mermaid-e1645533810307-768x334.jpg 768w, https:\/\/happybubbles.com\/wp-content\/uploads\/mermaid-e1645533810307-1536x668.jpg 1536w, https:\/\/happybubbles.com\/wp-content\/uploads\/mermaid-e1645533810307-150x65.jpg 150w, https:\/\/happybubbles.com\/wp-content\/uploads\/mermaid-e1645533810307.jpg 1599w\" sizes=\"auto, (max-width: 980px) 100vw, 980px\" \/><\/p>\n<p>Bir peri masal\u0131n\u0131n par\u00e7as\u0131 olmak ister misiniz? SSI Denizk\u0131z\u0131 program\u0131na kat\u0131larak siz de denizk\u0131zlar\u0131n\u0131n b\u00fcy\u00fcl\u00fc alemine dalabilirsiniz! Yeni beceriler \u00f6\u011frenin, konfor seviyenizi artt\u0131r\u0131n ve sualt\u0131 d\u00fcnyas\u0131n\u0131 denizk\u0131z\u0131 kuyru\u011fu ile ke\u015ffe ba\u015flay\u0131n.<\/p>\n<p>Happy Bubbles art\u0131k sizlere SSI Denizk\u0131z\u0131 kurslar\u0131n\u0131 e\u011flenceli ve g\u00fcvenli bir ortamda sunuyor. SSI Denizk\u0131z\u0131 kursuna hemen kaydolun!<\/p>\n<div id='gallery-1' class='gallery galleryid-56696 gallery-columns-4 gallery-size-medium'><figure class='gallery-item'>\n\t\t\t<div class='gallery-icon landscape'>\n\t\t\t\t<img loading=\"lazy\" decoding=\"async\" width=\"300\" height=\"191\" src=\"https:\/\/happybubbles.com\/wp-content\/uploads\/Mermaid-1-300x191.jpg\" class=\"attachment-medium size-medium\" alt=\"\" srcset=\"https:\/\/happybubbles.com\/wp-content\/uploads\/Mermaid-1-300x191.jpg 300w, https:\/\/happybubbles.com\/wp-content\/uploads\/Mermaid-1-768x488.jpg 768w, https:\/\/happybubbles.com\/wp-content\/uploads\/Mermaid-1-150x95.jpg 150w, https:\/\/happybubbles.com\/wp-content\/uploads\/Mermaid-1.jpg 1000w\" sizes=\"auto, (max-width: 300px) 100vw, 300px\" \/>\n\t\t\t<\/div><\/figure><figure class='gallery-item'>\n\t\t\t<div class='gallery-icon landscape'>\n\t\t\t\t<img loading=\"lazy\" decoding=\"async\" width=\"300\" height=\"191\" src=\"https:\/\/happybubbles.com\/wp-content\/uploads\/ModelMermaid-300x191.jpg\" class=\"attachment-medium size-medium\" alt=\"\" srcset=\"https:\/\/happybubbles.com\/wp-content\/uploads\/ModelMermaid-300x191.jpg 300w, https:\/\/happybubbles.com\/wp-content\/uploads\/ModelMermaid-768x488.jpg 768w, https:\/\/happybubbles.com\/wp-content\/uploads\/ModelMermaid-150x95.jpg 150w, https:\/\/happybubbles.com\/wp-content\/uploads\/ModelMermaid.jpg 1000w\" sizes=\"auto, (max-width: 300px) 100vw, 300px\" \/>\n\t\t\t<\/div><\/figure><figure class='gallery-item'>\n\t\t\t<div class='gallery-icon landscape'>\n\t\t\t\t<img loading=\"lazy\" decoding=\"async\" width=\"300\" height=\"191\" src=\"https:\/\/happybubbles.com\/wp-content\/uploads\/OceanMermaid-300x191.jpg\" class=\"attachment-medium size-medium\" alt=\"\" srcset=\"https:\/\/happybubbles.com\/wp-content\/uploads\/OceanMermaid-300x191.jpg 300w, https:\/\/happybubbles.com\/wp-content\/uploads\/OceanMermaid-768x488.jpg 768w, https:\/\/happybubbles.com\/wp-content\/uploads\/OceanMermaid-150x95.jpg 150w, https:\/\/happybubbles.com\/wp-content\/uploads\/OceanMermaid.jpg 1000w\" sizes=\"auto, (max-width: 300px) 100vw, 300px\" \/>\n\t\t\t<\/div><\/figure><figure class='gallery-item'>\n\t\t\t<div class='gallery-icon landscape'>\n\t\t\t\t<img loading=\"lazy\" decoding=\"async\" width=\"300\" height=\"191\" src=\"https:\/\/happybubbles.com\/wp-content\/uploads\/merInstr-300x191.png\" class=\"attachment-medium size-medium\" alt=\"\" srcset=\"https:\/\/happybubbles.com\/wp-content\/uploads\/merInstr-300x191.png 300w, https:\/\/happybubbles.com\/wp-content\/uploads\/merInstr-768x488.png 768w, https:\/\/happybubbles.com\/wp-content\/uploads\/merInstr-150x95.png 150w, https:\/\/happybubbles.com\/wp-content\/uploads\/merInstr.png 800w\" sizes=\"auto, (max-width: 300px) 100vw, 300px\" \/>\n\t\t\t<\/div><\/figure>\n\t\t<\/div>\n\n<p><iframe loading=\"lazy\" title=\"SSI Mermaid Specialty Course | Scuba Schools International\" width=\"1183\" height=\"665\" src=\"https:\/\/www.youtube.com\/embed\/HOnDC5szhXo?feature=oembed\" frameborder=\"0\" allow=\"accelerometer; autoplay; clipboard-write; encrypted-media; gyroscope; picture-in-picture; web-share\" allowfullscreen><\/iframe><\/p>\n<div id='gallery-2' class='gallery galleryid-56696 gallery-columns-4 gallery-size-medium'><figure class='gallery-item'>\n\t\t\t<div class='gallery-icon landscape'>\n\t\t\t\t<img loading=\"lazy\" decoding=\"async\" width=\"300\" height=\"200\" src=\"https:\/\/happybubbles.com\/wp-content\/uploads\/webimage-0B2EAF86-3D32-4065-821C00320921A7D1-300x200.jpg\" class=\"attachment-medium size-medium\" alt=\"\" srcset=\"https:\/\/happybubbles.com\/wp-content\/uploads\/webimage-0B2EAF86-3D32-4065-821C00320921A7D1-300x200.jpg 300w, https:\/\/happybubbles.com\/wp-content\/uploads\/webimage-0B2EAF86-3D32-4065-821C00320921A7D1-768x512.jpg 768w, https:\/\/happybubbles.com\/wp-content\/uploads\/webimage-0B2EAF86-3D32-4065-821C00320921A7D1-150x100.jpg 150w, https:\/\/happybubbles.com\/wp-content\/uploads\/webimage-0B2EAF86-3D32-4065-821C00320921A7D1.jpg 800w\" sizes=\"auto, (max-width: 300px) 100vw, 300px\" \/>\n\t\t\t<\/div><\/figure><figure class='gallery-item'>\n\t\t\t<div class='gallery-icon landscape'>\n\t\t\t\t<img loading=\"lazy\" decoding=\"async\" width=\"300\" height=\"200\" src=\"https:\/\/happybubbles.com\/wp-content\/uploads\/webimage-9EB73BEF-5E31-414C-BBFD901E2AB63901-300x200.jpg\" class=\"attachment-medium size-medium\" alt=\"\" srcset=\"https:\/\/happybubbles.com\/wp-content\/uploads\/webimage-9EB73BEF-5E31-414C-BBFD901E2AB63901-300x200.jpg 300w, https:\/\/happybubbles.com\/wp-content\/uploads\/webimage-9EB73BEF-5E31-414C-BBFD901E2AB63901-768x512.jpg 768w, https:\/\/happybubbles.com\/wp-content\/uploads\/webimage-9EB73BEF-5E31-414C-BBFD901E2AB63901-150x100.jpg 150w, https:\/\/happybubbles.com\/wp-content\/uploads\/webimage-9EB73BEF-5E31-414C-BBFD901E2AB63901.jpg 800w\" sizes=\"auto, (max-width: 300px) 100vw, 300px\" \/>\n\t\t\t<\/div><\/figure><figure class='gallery-item'>\n\t\t\t<div class='gallery-icon landscape'>\n\t\t\t\t<img loading=\"lazy\" decoding=\"async\" width=\"300\" height=\"200\" src=\"https:\/\/happybubbles.com\/wp-content\/uploads\/webimage-842F19F2-5C00-4F10-BCB49659E72AF567-300x200.jpg\" class=\"attachment-medium size-medium\" alt=\"\" srcset=\"https:\/\/happybubbles.com\/wp-content\/uploads\/webimage-842F19F2-5C00-4F10-BCB49659E72AF567-300x200.jpg 300w, https:\/\/happybubbles.com\/wp-content\/uploads\/webimage-842F19F2-5C00-4F10-BCB49659E72AF567-768x512.jpg 768w, https:\/\/happybubbles.com\/wp-content\/uploads\/webimage-842F19F2-5C00-4F10-BCB49659E72AF567-150x100.jpg 150w, https:\/\/happybubbles.com\/wp-content\/uploads\/webimage-842F19F2-5C00-4F10-BCB49659E72AF567.jpg 800w\" sizes=\"auto, (max-width: 300px) 100vw, 300px\" \/>\n\t\t\t<\/div><\/figure><figure class='gallery-item'>\n\t\t\t<div class='gallery-icon landscape'>\n\t\t\t\t<img loading=\"lazy\" decoding=\"async\" width=\"300\" height=\"200\" src=\"https:\/\/happybubbles.com\/wp-content\/uploads\/webimage-49AC50CA-869B-4309-97FB2C3FDF06F3FD-300x200.jpg\" class=\"attachment-medium size-medium\" alt=\"\" srcset=\"https:\/\/happybubbles.com\/wp-content\/uploads\/webimage-49AC50CA-869B-4309-97FB2C3FDF06F3FD-300x200.jpg 300w, https:\/\/happybubbles.com\/wp-content\/uploads\/webimage-49AC50CA-869B-4309-97FB2C3FDF06F3FD-768x512.jpg 768w, https:\/\/happybubbles.com\/wp-content\/uploads\/webimage-49AC50CA-869B-4309-97FB2C3FDF06F3FD-150x100.jpg 150w, https:\/\/happybubbles.com\/wp-content\/uploads\/webimage-49AC50CA-869B-4309-97FB2C3FDF06F3FD.jpg 800w\" sizes=\"auto, (max-width: 300px) 100vw, 300px\" \/>\n\t\t\t<\/div><\/figure>\n\t\t<\/div>\n\n<p>&nbsp;<\/p>\n<p>&nbsp;<\/p>\n","protected":false},"excerpt":{"rendered":"<p>Bir peri masal\u0131n\u0131n par\u00e7as\u0131 olmak ister misiniz? SSI Denizk\u0131z\u0131 program\u0131na kat\u0131larak siz de denizk\u0131zlar\u0131n\u0131n b\u00fcy\u00fcl\u00fc alemine dalabilirsiniz! Yeni beceriler \u00f6\u011frenin, konfor seviyenizi artt\u0131r\u0131n ve sualt\u0131 d\u00fcnyas\u0131n\u0131 denizk\u0131z\u0131 kuyru\u011fu ile ke\u015ffe ba\u015flay\u0131n. Happy Bubbles art\u0131k sizlere &hellip;<\/p>\n","protected":false},"author":10,"featured_media":0,"parent":0,"menu_order":0,"comment_status":"closed","ping_status":"closed","template":"","meta":{"footnotes":""},"class_list":["post-56696","page","type-page","status-publish","hentry"],"yoast_head":"<!-- This site is optimized with the Yoast SEO plugin v27.1.1 - https:\/\/yoast.com\/product\/yoast-seo-wordpress\/ -->\n<title>SSI Deniz K\u0131z\u0131 &#187; Happy Bubbles Dal\u0131\u015f Merkezi<\/title>\n<meta name=\"robots\" content=\"index, follow, max-snippet:-1, max-image-preview:large, max-video-preview:-1\" \/>\n<link rel=\"canonical\" href=\"https:\/\/happybubbles.com\/mermaid\/\" \/>\n<meta property=\"og:locale\" content=\"tr_TR\" \/>\n<meta property=\"og:type\" content=\"article\" \/>\n<meta property=\"og:title\" content=\"SSI Deniz K\u0131z\u0131 &#187; Happy Bubbles Dal\u0131\u015f Merkezi\" \/>\n<meta property=\"og:description\" content=\"Bir peri masal\u0131n\u0131n par\u00e7as\u0131 olmak ister misiniz? SSI Denizk\u0131z\u0131 program\u0131na kat\u0131larak siz de denizk\u0131zlar\u0131n\u0131n b\u00fcy\u00fcl\u00fc alemine dalabilirsiniz! Yeni beceriler \u00f6\u011frenin, konfor seviyenizi artt\u0131r\u0131n ve sualt\u0131 d\u00fcnyas\u0131n\u0131 denizk\u0131z\u0131 kuyru\u011fu ile ke\u015ffe ba\u015flay\u0131n. Happy Bubbles art\u0131k sizlere &hellip;\" \/>\n<meta property=\"og:url\" content=\"https:\/\/happybubbles.com\/mermaid\/\" \/>\n<meta property=\"og:site_name\" content=\"Happy Bubbles Dal\u0131\u015f Merkezi\" \/>\n<meta property=\"article:publisher\" content=\"https:\/\/www.facebook.com\/HappyBubblesDive\/\" \/>\n<meta property=\"article:modified_time\" content=\"2022-02-22T13:01:23+00:00\" \/>\n<meta property=\"og:image\" content=\"https:\/\/happybubbles.com\/wp-content\/uploads\/Mermaid-1-300x191.jpg\" \/>\n<meta name=\"twitter:card\" content=\"summary_large_image\" \/>\n<meta name=\"twitter:label1\" content=\"Tahmini okuma s\u00fcresi\" \/>\n\t<meta name=\"twitter:data1\" content=\"1 dakika\" \/>\n<script type=\"application\/ld+json\" class=\"yoast-schema-graph\">{\"@context\":\"https:\/\/schema.org\",\"@graph\":[{\"@type\":\"WebPage\",\"@id\":\"https:\/\/happybubbles.com\/mermaid\/\",\"url\":\"https:\/\/happybubbles.com\/mermaid\/\",\"name\":\"SSI Deniz K\u0131z\u0131 &#187; Happy Bubbles Dal\u0131\u015f Merkezi\",\"isPartOf\":{\"@id\":\"https:\/\/happybubbles.com\/#website\"},\"primaryImageOfPage\":{\"@id\":\"https:\/\/happybubbles.com\/mermaid\/#primaryimage\"},\"image\":{\"@id\":\"https:\/\/happybubbles.com\/mermaid\/#primaryimage\"},\"thumbnailUrl\":\"https:\/\/happybubbles.com\/wp-content\/uploads\/mermaid-e1645533810307-1024x445.jpg\",\"datePublished\":\"2022-02-22T12:41:56+00:00\",\"dateModified\":\"2022-02-22T13:01:23+00:00\",\"breadcrumb\":{\"@id\":\"https:\/\/happybubbles.com\/mermaid\/#breadcrumb\"},\"inLanguage\":\"tr\",\"potentialAction\":[{\"@type\":\"ReadAction\",\"target\":[\"https:\/\/happybubbles.com\/mermaid\/\"]}]},{\"@type\":\"ImageObject\",\"inLanguage\":\"tr\",\"@id\":\"https:\/\/happybubbles.com\/mermaid\/#primaryimage\",\"url\":\"https:\/\/happybubbles.com\/wp-content\/uploads\/mermaid-e1645533810307-1024x445.jpg\",\"contentUrl\":\"https:\/\/happybubbles.com\/wp-content\/uploads\/mermaid-e1645533810307-1024x445.jpg\"},{\"@type\":\"BreadcrumbList\",\"@id\":\"https:\/\/happybubbles.com\/mermaid\/#breadcrumb\",\"itemListElement\":[{\"@type\":\"ListItem\",\"position\":1,\"name\":\"Ana sayfa\",\"item\":\"https:\/\/happybubbles.com\/\"},{\"@type\":\"ListItem\",\"position\":2,\"name\":\"SSI Mermaid\"}]},{\"@type\":\"WebSite\",\"@id\":\"https:\/\/happybubbles.com\/#website\",\"url\":\"https:\/\/happybubbles.com\/\",\"name\":\"Happy Bubbles Dal\u0131\u015f Merkezi\",\"description\":\"arkada\u015f\u00e7a ve keyifli dal\u0131\u015flar, Bodrum - T\u00fcrkiye\",\"publisher\":{\"@id\":\"https:\/\/happybubbles.com\/#organization\"},\"potentialAction\":[{\"@type\":\"SearchAction\",\"target\":{\"@type\":\"EntryPoint\",\"urlTemplate\":\"https:\/\/happybubbles.com\/?s={search_term_string}\"},\"query-input\":{\"@type\":\"PropertyValueSpecification\",\"valueRequired\":true,\"valueName\":\"search_term_string\"}}],\"inLanguage\":\"tr\"},{\"@type\":\"Organization\",\"@id\":\"https:\/\/happybubbles.com\/#organization\",\"name\":\"Happy Bubbles Dive Center\",\"url\":\"https:\/\/happybubbles.com\/\",\"logo\":{\"@type\":\"ImageObject\",\"inLanguage\":\"tr\",\"@id\":\"https:\/\/happybubbles.com\/#\/schema\/logo\/image\/\",\"url\":\"https:\/\/happybubbles.com\/wp-content\/uploads\/anaLogo4.png\",\"contentUrl\":\"https:\/\/happybubbles.com\/wp-content\/uploads\/anaLogo4.png\",\"width\":139,\"height\":128,\"caption\":\"Happy Bubbles Dive Center\"},\"image\":{\"@id\":\"https:\/\/happybubbles.com\/#\/schema\/logo\/image\/\"},\"sameAs\":[\"https:\/\/www.facebook.com\/HappyBubblesDive\/\",\"https:\/\/www.instagram.com\/happybubblesdive\/\"]}]}<\/script>\n<!-- \/ Yoast SEO plugin. -->","yoast_head_json":{"title":"SSI Deniz K\u0131z\u0131 &#187; Happy Bubbles Dal\u0131\u015f Merkezi","robots":{"index":"index","follow":"follow","max-snippet":"max-snippet:-1","max-image-preview":"max-image-preview:large","max-video-preview":"max-video-preview:-1"},"canonical":"https:\/\/happybubbles.com\/mermaid\/","og_locale":"tr_TR","og_type":"article","og_title":"SSI Deniz K\u0131z\u0131 &#187; Happy Bubbles Dal\u0131\u015f Merkezi","og_description":"Bir peri masal\u0131n\u0131n par\u00e7as\u0131 olmak ister misiniz? SSI Denizk\u0131z\u0131 program\u0131na kat\u0131larak siz de denizk\u0131zlar\u0131n\u0131n b\u00fcy\u00fcl\u00fc alemine dalabilirsiniz! Yeni beceriler \u00f6\u011frenin, konfor seviyenizi artt\u0131r\u0131n ve sualt\u0131 d\u00fcnyas\u0131n\u0131 denizk\u0131z\u0131 kuyru\u011fu ile ke\u015ffe ba\u015flay\u0131n. Happy Bubbles art\u0131k sizlere &hellip;","og_url":"https:\/\/happybubbles.com\/mermaid\/","og_site_name":"Happy Bubbles Dal\u0131\u015f Merkezi","article_publisher":"https:\/\/www.facebook.com\/HappyBubblesDive\/","article_modified_time":"2022-02-22T13:01:23+00:00","og_image":[{"url":"https:\/\/happybubbles.com\/wp-content\/uploads\/Mermaid-1-300x191.jpg","type":"","width":"","height":""}],"twitter_card":"summary_large_image","twitter_misc":{"Tahmini okuma s\u00fcresi":"1 dakika"},"schema":{"@context":"https:\/\/schema.org","@graph":[{"@type":"WebPage","@id":"https:\/\/happybubbles.com\/mermaid\/","url":"https:\/\/happybubbles.com\/mermaid\/","name":"SSI Deniz K\u0131z\u0131 &#187; Happy Bubbles Dal\u0131\u015f Merkezi","isPartOf":{"@id":"https:\/\/happybubbles.com\/#website"},"primaryImageOfPage":{"@id":"https:\/\/happybubbles.com\/mermaid\/#primaryimage"},"image":{"@id":"https:\/\/happybubbles.com\/mermaid\/#primaryimage"},"thumbnailUrl":"https:\/\/happybubbles.com\/wp-content\/uploads\/mermaid-e1645533810307-1024x445.jpg","datePublished":"2022-02-22T12:41:56+00:00","dateModified":"2022-02-22T13:01:23+00:00","breadcrumb":{"@id":"https:\/\/happybubbles.com\/mermaid\/#breadcrumb"},"inLanguage":"tr","potentialAction":[{"@type":"ReadAction","target":["https:\/\/happybubbles.com\/mermaid\/"]}]},{"@type":"ImageObject","inLanguage":"tr","@id":"https:\/\/happybubbles.com\/mermaid\/#primaryimage","url":"https:\/\/happybubbles.com\/wp-content\/uploads\/mermaid-e1645533810307-1024x445.jpg","contentUrl":"https:\/\/happybubbles.com\/wp-content\/uploads\/mermaid-e1645533810307-1024x445.jpg"},{"@type":"BreadcrumbList","@id":"https:\/\/happybubbles.com\/mermaid\/#breadcrumb","itemListElement":[{"@type":"ListItem","position":1,"name":"Ana sayfa","item":"https:\/\/happybubbles.com\/"},{"@type":"ListItem","position":2,"name":"SSI Mermaid"}]},{"@type":"WebSite","@id":"https:\/\/happybubbles.com\/#website","url":"https:\/\/happybubbles.com\/","name":"Happy Bubbles Dal\u0131\u015f Merkezi","description":"arkada\u015f\u00e7a ve keyifli dal\u0131\u015flar, Bodrum - T\u00fcrkiye","publisher":{"@id":"https:\/\/happybubbles.com\/#organization"},"potentialAction":[{"@type":"SearchAction","target":{"@type":"EntryPoint","urlTemplate":"https:\/\/happybubbles.com\/?s={search_term_string}"},"query-input":{"@type":"PropertyValueSpecification","valueRequired":true,"valueName":"search_term_string"}}],"inLanguage":"tr"},{"@type":"Organization","@id":"https:\/\/happybubbles.com\/#organization","name":"Happy Bubbles Dive Center","url":"https:\/\/happybubbles.com\/","logo":{"@type":"ImageObject","inLanguage":"tr","@id":"https:\/\/happybubbles.com\/#\/schema\/logo\/image\/","url":"https:\/\/happybubbles.com\/wp-content\/uploads\/anaLogo4.png","contentUrl":"https:\/\/happybubbles.com\/wp-content\/uploads\/anaLogo4.png","width":139,"height":128,"caption":"Happy Bubbles Dive Center"},"image":{"@id":"https:\/\/happybubbles.com\/#\/schema\/logo\/image\/"},"sameAs":["https:\/\/www.facebook.com\/HappyBubblesDive\/","https:\/\/www.instagram.com\/happybubblesdive\/"]}]}},"_links":{"self":[{"href":"https:\/\/happybubbles.com\/tr\/wp-json\/wp\/v2\/pages\/56696","targetHints":{"allow":["GET"]}}],"collection":[{"href":"https:\/\/happybubbles.com\/tr\/wp-json\/wp\/v2\/pages"}],"about":[{"href":"https:\/\/happybubbles.com\/tr\/wp-json\/wp\/v2\/types\/page"}],"author":[{"embeddable":true,"href":"https:\/\/happybubbles.com\/tr\/wp-json\/wp\/v2\/users\/10"}],"replies":[{"embeddable":true,"href":"https:\/\/happybubbles.com\/tr\/wp-json\/wp\/v2\/comments?post=56696"}],"version-history":[{"count":6,"href":"https:\/\/happybubbles.com\/tr\/wp-json\/wp\/v2\/pages\/56696\/revisions"}],"predecessor-version":[{"id":56716,"href":"https:\/\/happybubbles.com\/tr\/wp-json\/wp\/v2\/pages\/56696\/revisions\/56716"}],"wp:attachment":[{"href":"https:\/\/happybubbles.com\/tr\/wp-json\/wp\/v2\/media?parent=56696"}],"curies":[{"name":"wp","href":"https:\/\/api.w.org\/{rel}","templated":true}]}}