{"id":56726,"date":"2022-02-24T13:52:10","date_gmt":"2022-02-24T10:52:10","guid":{"rendered":"https:\/\/happybubbles.com\/?page_id=56726"},"modified":"2022-02-24T14:13:52","modified_gmt":"2022-02-24T11:13:52","slug":"ds-big-reef","status":"publish","type":"page","link":"https:\/\/happybubbles.com\/tr\/ds-big-reef\/","title":{"rendered":"Dal\u0131\u015f B\u00f6lgesi: B\u00fcy\u00fck Resif"},"content":{"rendered":"<p>Bodrum\u2019un en guzel ve buyuleyici dal\u0131\u015f bolgesi. Big Reef t\u00fcm dalis firsatlarina sahiptir. Derinlik 7 m\u2019den baslar. Dalgiclar, \u00e7apa zincirini resifin tepesine kadar kolaylastirabilir. Kara Adaya bakan ve 7 metreden 34 metreye kadar uzanan bir inise sahiptir.<\/p>\n<p>Ahtapotlar, m\u00fcren, papaz baliklar, dev orfozlar, barrakudalar, krikolar, renkli salyangozlar, dikenli istakozlar ve deniz ya\u015faminin di\u011fer bir\u00e7ok \u00e7e\u015fidi burada g\u00f6r\u00fcl\u00fcr.<\/p>\n<p>Duvar sualt\u0131 canl\u0131l\u0131\u011f\u0131 a\u00e7\u0131s\u0131ndan son derece zengin ve foto\u011fraf\u00e7\u0131lar i\u00e7in caziptir. Bodrum&#8217;dan 20 dk.da eri\u015fim m\u00fcmk\u00fcnd\u00fcr.<\/p>\n<p><img loading=\"lazy\" decoding=\"async\" class=\"alignnone size-large wp-image-56730\" src=\"https:\/\/happybubbles.com\/wp-content\/uploads\/bigReef-1024x721.png\" alt=\"\" width=\"980\" height=\"690\" srcset=\"https:\/\/happybubbles.com\/wp-content\/uploads\/bigReef-1024x721.png 1024w, https:\/\/happybubbles.com\/wp-content\/uploads\/bigReef-300x211.png 300w, https:\/\/happybubbles.com\/wp-content\/uploads\/bigReef-768x541.png 768w, https:\/\/happybubbles.com\/wp-content\/uploads\/bigReef-1536x1082.png 1536w, https:\/\/happybubbles.com\/wp-content\/uploads\/bigReef-150x106.png 150w, https:\/\/happybubbles.com\/wp-content\/uploads\/bigReef.png 1654w\" sizes=\"auto, (max-width: 980px) 100vw, 980px\" \/><\/p>\n","protected":false},"excerpt":{"rendered":"<p>Bodrum\u2019un en guzel ve buyuleyici dal\u0131\u015f bolgesi. Big Reef t\u00fcm dalis firsatlarina sahiptir. Derinlik 7 m\u2019den baslar. Dalgiclar, \u00e7apa zincirini resifin tepesine kadar kolaylastirabilir. Kara Adaya bakan ve 7 metreden 34 metreye kadar uzanan bir &hellip;<\/p>\n","protected":false},"author":10,"featured_media":0,"parent":0,"menu_order":0,"comment_status":"closed","ping_status":"closed","template":"","meta":{"footnotes":""},"class_list":["post-56726","page","type-page","status-publish","hentry"],"yoast_head":"<!-- This site is optimized with the Yoast SEO plugin v27.1.1 - https:\/\/yoast.com\/product\/yoast-seo-wordpress\/ -->\n<title>Dal\u0131\u015f B\u00f6lgesi: B\u00fcy\u00fck Resif &#187; Happy Bubbles Dal\u0131\u015f Merkezi<\/title>\n<meta name=\"robots\" content=\"index, follow, max-snippet:-1, max-image-preview:large, max-video-preview:-1\" \/>\n<link rel=\"canonical\" href=\"https:\/\/happybubbles.com\/ds-big-reef\/\" \/>\n<meta property=\"og:locale\" content=\"tr_TR\" \/>\n<meta property=\"og:type\" content=\"article\" \/>\n<meta property=\"og:title\" content=\"Dal\u0131\u015f B\u00f6lgesi: B\u00fcy\u00fck Resif &#187; Happy Bubbles Dal\u0131\u015f Merkezi\" \/>\n<meta property=\"og:description\" content=\"Bodrum\u2019un en guzel ve buyuleyici dal\u0131\u015f bolgesi. Big Reef t\u00fcm dalis firsatlarina sahiptir. Derinlik 7 m\u2019den baslar. Dalgiclar, \u00e7apa zincirini resifin tepesine kadar kolaylastirabilir. Kara Adaya bakan ve 7 metreden 34 metreye kadar uzanan bir &hellip;\" \/>\n<meta property=\"og:url\" content=\"https:\/\/happybubbles.com\/ds-big-reef\/\" \/>\n<meta property=\"og:site_name\" content=\"Happy Bubbles Dal\u0131\u015f Merkezi\" \/>\n<meta property=\"article:publisher\" content=\"https:\/\/www.facebook.com\/HappyBubblesDive\/\" \/>\n<meta property=\"article:modified_time\" content=\"2022-02-24T11:13:52+00:00\" \/>\n<meta property=\"og:image\" content=\"https:\/\/happybubbles.com\/wp-content\/uploads\/bigReef-1024x721.png\" \/>\n<meta name=\"twitter:card\" content=\"summary_large_image\" \/>\n<meta name=\"twitter:label1\" content=\"Tahmini okuma s\u00fcresi\" \/>\n\t<meta name=\"twitter:data1\" content=\"1 dakika\" \/>\n<script type=\"application\/ld+json\" class=\"yoast-schema-graph\">{\"@context\":\"https:\/\/schema.org\",\"@graph\":[{\"@type\":\"WebPage\",\"@id\":\"https:\/\/happybubbles.com\/ds-big-reef\/\",\"url\":\"https:\/\/happybubbles.com\/ds-big-reef\/\",\"name\":\"Dal\u0131\u015f B\u00f6lgesi: B\u00fcy\u00fck Resif &#187; Happy Bubbles Dal\u0131\u015f Merkezi\",\"isPartOf\":{\"@id\":\"https:\/\/happybubbles.com\/#website\"},\"primaryImageOfPage\":{\"@id\":\"https:\/\/happybubbles.com\/ds-big-reef\/#primaryimage\"},\"image\":{\"@id\":\"https:\/\/happybubbles.com\/ds-big-reef\/#primaryimage\"},\"thumbnailUrl\":\"https:\/\/happybubbles.com\/wp-content\/uploads\/bigReef-1024x721.png\",\"datePublished\":\"2022-02-24T10:52:10+00:00\",\"dateModified\":\"2022-02-24T11:13:52+00:00\",\"breadcrumb\":{\"@id\":\"https:\/\/happybubbles.com\/ds-big-reef\/#breadcrumb\"},\"inLanguage\":\"tr\",\"potentialAction\":[{\"@type\":\"ReadAction\",\"target\":[\"https:\/\/happybubbles.com\/ds-big-reef\/\"]}]},{\"@type\":\"ImageObject\",\"inLanguage\":\"tr\",\"@id\":\"https:\/\/happybubbles.com\/ds-big-reef\/#primaryimage\",\"url\":\"https:\/\/happybubbles.com\/wp-content\/uploads\/bigReef-1024x721.png\",\"contentUrl\":\"https:\/\/happybubbles.com\/wp-content\/uploads\/bigReef-1024x721.png\"},{\"@type\":\"BreadcrumbList\",\"@id\":\"https:\/\/happybubbles.com\/ds-big-reef\/#breadcrumb\",\"itemListElement\":[{\"@type\":\"ListItem\",\"position\":1,\"name\":\"Ana sayfa\",\"item\":\"https:\/\/happybubbles.com\/\"},{\"@type\":\"ListItem\",\"position\":2,\"name\":\"Dive Site: Big Reef\"}]},{\"@type\":\"WebSite\",\"@id\":\"https:\/\/happybubbles.com\/#website\",\"url\":\"https:\/\/happybubbles.com\/\",\"name\":\"Happy Bubbles Dal\u0131\u015f Merkezi\",\"description\":\"arkada\u015f\u00e7a ve keyifli dal\u0131\u015flar, Bodrum - T\u00fcrkiye\",\"publisher\":{\"@id\":\"https:\/\/happybubbles.com\/#organization\"},\"potentialAction\":[{\"@type\":\"SearchAction\",\"target\":{\"@type\":\"EntryPoint\",\"urlTemplate\":\"https:\/\/happybubbles.com\/?s={search_term_string}\"},\"query-input\":{\"@type\":\"PropertyValueSpecification\",\"valueRequired\":true,\"valueName\":\"search_term_string\"}}],\"inLanguage\":\"tr\"},{\"@type\":\"Organization\",\"@id\":\"https:\/\/happybubbles.com\/#organization\",\"name\":\"Happy Bubbles Dive Center\",\"url\":\"https:\/\/happybubbles.com\/\",\"logo\":{\"@type\":\"ImageObject\",\"inLanguage\":\"tr\",\"@id\":\"https:\/\/happybubbles.com\/#\/schema\/logo\/image\/\",\"url\":\"https:\/\/happybubbles.com\/wp-content\/uploads\/anaLogo4.png\",\"contentUrl\":\"https:\/\/happybubbles.com\/wp-content\/uploads\/anaLogo4.png\",\"width\":139,\"height\":128,\"caption\":\"Happy Bubbles Dive Center\"},\"image\":{\"@id\":\"https:\/\/happybubbles.com\/#\/schema\/logo\/image\/\"},\"sameAs\":[\"https:\/\/www.facebook.com\/HappyBubblesDive\/\",\"https:\/\/www.instagram.com\/happybubblesdive\/\"]}]}<\/script>\n<!-- \/ Yoast SEO plugin. -->","yoast_head_json":{"title":"Dal\u0131\u015f B\u00f6lgesi: B\u00fcy\u00fck Resif &#187; Happy Bubbles Dal\u0131\u015f Merkezi","robots":{"index":"index","follow":"follow","max-snippet":"max-snippet:-1","max-image-preview":"max-image-preview:large","max-video-preview":"max-video-preview:-1"},"canonical":"https:\/\/happybubbles.com\/ds-big-reef\/","og_locale":"tr_TR","og_type":"article","og_title":"Dal\u0131\u015f B\u00f6lgesi: B\u00fcy\u00fck Resif &#187; Happy Bubbles Dal\u0131\u015f Merkezi","og_description":"Bodrum\u2019un en guzel ve buyuleyici dal\u0131\u015f bolgesi. Big Reef t\u00fcm dalis firsatlarina sahiptir. Derinlik 7 m\u2019den baslar. Dalgiclar, \u00e7apa zincirini resifin tepesine kadar kolaylastirabilir. Kara Adaya bakan ve 7 metreden 34 metreye kadar uzanan bir &hellip;","og_url":"https:\/\/happybubbles.com\/ds-big-reef\/","og_site_name":"Happy Bubbles Dal\u0131\u015f Merkezi","article_publisher":"https:\/\/www.facebook.com\/HappyBubblesDive\/","article_modified_time":"2022-02-24T11:13:52+00:00","og_image":[{"url":"https:\/\/happybubbles.com\/wp-content\/uploads\/bigReef-1024x721.png","type":"","width":"","height":""}],"twitter_card":"summary_large_image","twitter_misc":{"Tahmini okuma s\u00fcresi":"1 dakika"},"schema":{"@context":"https:\/\/schema.org","@graph":[{"@type":"WebPage","@id":"https:\/\/happybubbles.com\/ds-big-reef\/","url":"https:\/\/happybubbles.com\/ds-big-reef\/","name":"Dal\u0131\u015f B\u00f6lgesi: B\u00fcy\u00fck Resif &#187; Happy Bubbles Dal\u0131\u015f Merkezi","isPartOf":{"@id":"https:\/\/happybubbles.com\/#website"},"primaryImageOfPage":{"@id":"https:\/\/happybubbles.com\/ds-big-reef\/#primaryimage"},"image":{"@id":"https:\/\/happybubbles.com\/ds-big-reef\/#primaryimage"},"thumbnailUrl":"https:\/\/happybubbles.com\/wp-content\/uploads\/bigReef-1024x721.png","datePublished":"2022-02-24T10:52:10+00:00","dateModified":"2022-02-24T11:13:52+00:00","breadcrumb":{"@id":"https:\/\/happybubbles.com\/ds-big-reef\/#breadcrumb"},"inLanguage":"tr","potentialAction":[{"@type":"ReadAction","target":["https:\/\/happybubbles.com\/ds-big-reef\/"]}]},{"@type":"ImageObject","inLanguage":"tr","@id":"https:\/\/happybubbles.com\/ds-big-reef\/#primaryimage","url":"https:\/\/happybubbles.com\/wp-content\/uploads\/bigReef-1024x721.png","contentUrl":"https:\/\/happybubbles.com\/wp-content\/uploads\/bigReef-1024x721.png"},{"@type":"BreadcrumbList","@id":"https:\/\/happybubbles.com\/ds-big-reef\/#breadcrumb","itemListElement":[{"@type":"ListItem","position":1,"name":"Ana sayfa","item":"https:\/\/happybubbles.com\/"},{"@type":"ListItem","position":2,"name":"Dive Site: Big Reef"}]},{"@type":"WebSite","@id":"https:\/\/happybubbles.com\/#website","url":"https:\/\/happybubbles.com\/","name":"Happy Bubbles Dal\u0131\u015f Merkezi","description":"arkada\u015f\u00e7a ve keyifli dal\u0131\u015flar, Bodrum - T\u00fcrkiye","publisher":{"@id":"https:\/\/happybubbles.com\/#organization"},"potentialAction":[{"@type":"SearchAction","target":{"@type":"EntryPoint","urlTemplate":"https:\/\/happybubbles.com\/?s={search_term_string}"},"query-input":{"@type":"PropertyValueSpecification","valueRequired":true,"valueName":"search_term_string"}}],"inLanguage":"tr"},{"@type":"Organization","@id":"https:\/\/happybubbles.com\/#organization","name":"Happy Bubbles Dive Center","url":"https:\/\/happybubbles.com\/","logo":{"@type":"ImageObject","inLanguage":"tr","@id":"https:\/\/happybubbles.com\/#\/schema\/logo\/image\/","url":"https:\/\/happybubbles.com\/wp-content\/uploads\/anaLogo4.png","contentUrl":"https:\/\/happybubbles.com\/wp-content\/uploads\/anaLogo4.png","width":139,"height":128,"caption":"Happy Bubbles Dive Center"},"image":{"@id":"https:\/\/happybubbles.com\/#\/schema\/logo\/image\/"},"sameAs":["https:\/\/www.facebook.com\/HappyBubblesDive\/","https:\/\/www.instagram.com\/happybubblesdive\/"]}]}},"_links":{"self":[{"href":"https:\/\/happybubbles.com\/tr\/wp-json\/wp\/v2\/pages\/56726","targetHints":{"allow":["GET"]}}],"collection":[{"href":"https:\/\/happybubbles.com\/tr\/wp-json\/wp\/v2\/pages"}],"about":[{"href":"https:\/\/happybubbles.com\/tr\/wp-json\/wp\/v2\/types\/page"}],"author":[{"embeddable":true,"href":"https:\/\/happybubbles.com\/tr\/wp-json\/wp\/v2\/users\/10"}],"replies":[{"embeddable":true,"href":"https:\/\/happybubbles.com\/tr\/wp-json\/wp\/v2\/comments?post=56726"}],"version-history":[{"count":3,"href":"https:\/\/happybubbles.com\/tr\/wp-json\/wp\/v2\/pages\/56726\/revisions"}],"predecessor-version":[{"id":56735,"href":"https:\/\/happybubbles.com\/tr\/wp-json\/wp\/v2\/pages\/56726\/revisions\/56735"}],"wp:attachment":[{"href":"https:\/\/happybubbles.com\/tr\/wp-json\/wp\/v2\/media?parent=56726"}],"curies":[{"name":"wp","href":"https:\/\/api.w.org\/{rel}","templated":true}]}}