{"id":56753,"date":"2022-03-05T13:52:34","date_gmt":"2022-03-05T10:52:34","guid":{"rendered":"https:\/\/happybubbles.com\/?page_id=56753"},"modified":"2024-03-05T21:24:53","modified_gmt":"2024-03-05T18:24:53","slug":"ecology-specialties","status":"publish","type":"page","link":"https:\/\/happybubbles.com\/tr\/ecology-specialties\/","title":{"rendered":"Ekoloji Uzmanl\u0131klar\u0131"},"content":{"rendered":"<p><img loading=\"lazy\" decoding=\"async\" class=\"alignnone size-full wp-image-57279\" src=\"https:\/\/happybubbles.com\/wp-content\/uploads\/ssiHeader2024.png\" alt=\"\" width=\"2590\" height=\"442\" srcset=\"https:\/\/happybubbles.com\/wp-content\/uploads\/ssiHeader2024.png 2590w, https:\/\/happybubbles.com\/wp-content\/uploads\/ssiHeader2024-300x51.png 300w, https:\/\/happybubbles.com\/wp-content\/uploads\/ssiHeader2024-1024x175.png 1024w, https:\/\/happybubbles.com\/wp-content\/uploads\/ssiHeader2024-768x131.png 768w, https:\/\/happybubbles.com\/wp-content\/uploads\/ssiHeader2024-1536x262.png 1536w, https:\/\/happybubbles.com\/wp-content\/uploads\/ssiHeader2024-2048x350.png 2048w, https:\/\/happybubbles.com\/wp-content\/uploads\/ssiHeader2024-1510x258.png 1510w, https:\/\/happybubbles.com\/wp-content\/uploads\/ssiHeader2024-800x137.png 800w, https:\/\/happybubbles.com\/wp-content\/uploads\/ssiHeader2024-512x87.png 512w\" sizes=\"auto, (max-width: 2590px) 100vw, 2590px\" \/><\/p>\n<div class=\"row row-headline-intro\">\n<div class=\"col-xs-12\">\n<h3 class=\"col-xs-12\" data-key=\"product_category_products_headline_start_eco\">EKOLOJ\u0130 UZMANI DALGI\u00c7 OLUN<\/h3>\n<p data-key=\"product_category_intro_long_start_eco\">Yeni ba\u015flayan bir sualt\u0131 do\u011fa bilimci iseniz, Ekoloji uzmanl\u0131k programlar\u0131m\u0131za kat\u0131l\u0131n! Farkl\u0131 deniz ya\u015fam\u0131, okyanus ekosistemlerinin nas\u0131l i\u015fledi\u011fi ve k\u00f6pekbal\u0131klar\u0131, vatozlar ve daha fazlas\u0131yla nas\u0131l g\u00fcvenli bir \u015fekilde dal\u0131\u015f yap\u0131laca\u011f\u0131 hakk\u0131nda bilgi edinerek dal\u0131\u015f deneyiminizi geli\u015ftirmenin m\u00fckemmel bir yoludur. Tutkunuz ne olursa olsun, sizin i\u00e7in bir uzmanl\u0131\u011f\u0131m\u0131z var! 10 ya\u015f\u0131ndan b\u00fcy\u00fck t\u00fcm \u015fnorkelle y\u00fcz\u00fcc\u00fcler bu SSI Ekoloji kurslar\u0131na kat\u0131labilir, a\u00e7\u0131k su seanslar\u0131 iste\u011fe ba\u011fl\u0131d\u0131r ve hepsi \u00e7evrimi\u00e7i olarak tamamlanabilir &#8211; bu da herkesin e\u011flenmesi i\u00e7in m\u00fckemmeldir. \u015eimdi ba\u015flay\u0131n!<\/p>\n<\/div>\n<\/div>\n<div class=\"row row-products \">\n<div class=\"col-xs-12\">\n<p data-key=\"product_category_products_headline_info_start_eco\">SSI Shark Ecology uzmanl\u0131\u011f\u0131nda, k\u00f6pekbal\u0131klar\u0131yla nas\u0131l g\u00fcvenli bir \u015fekilde dal\u0131\u015f yapaca\u011f\u0131n\u0131z\u0131 \u00f6\u011frenecek ve bu karizmatik hayvanlar\u0131n neden genellikle yanl\u0131\u015f anla\u015f\u0131ld\u0131\u011f\u0131n\u0131 ke\u015ffedeceksiniz. K\u00f6pekbal\u0131\u011f\u0131 hayranlar\u0131 i\u00e7in m\u00fckemmel! Vatozlar\u0131 sever misiniz? Vatozlar\u0131 nas\u0131l tan\u0131mlayaca\u011f\u0131n\u0131z\u0131 ve Vatozlarla g\u00fcvenli bir \u015fekilde dal\u0131\u015f yapaca\u011f\u0131n\u0131z\u0131 ve bunlar\u0131n sa\u011fl\u0131kl\u0131 okyanuslar i\u00e7in neden bu kadar \u00f6nemli oldu\u011funu \u00f6\u011frenmek i\u00e7in SSI Manta &amp; Vatoz Ekolojisi uzmanl\u0131\u011f\u0131na kat\u0131l\u0131n. SSI Deniz Kaplumba\u011fas\u0131 Ekolojisi uzmanl\u0131\u011f\u0131 ile deniz kaplumba\u011falar\u0131n\u0131n b\u00fcy\u00fcleyici d\u00fcnyas\u0131na dal\u0131n veya Mercan ve Bal\u0131k Tan\u0131mlama uzmanl\u0131klar\u0131m\u0131zla tan\u0131mlama becerilerinizi geli\u015ftirin. Okyanuslar\u0131 kapsaml\u0131 bir \u015fekilde anlamak i\u00e7in SSI Deniz Ekolojisi uzmanl\u0131\u011f\u0131na kat\u0131l\u0131n. Deniz Ekolojisinin heyecan verici bilimi ve okyanus ekosistemlerinin nas\u0131l etkile\u015fime girdi\u011fi hakk\u0131nda bilgi edineceksiniz.<\/p>\n<div id='gallery-1' class='gallery galleryid-56753 gallery-columns-4 gallery-size-medium'><figure class='gallery-item'>\n\t\t\t<div class='gallery-icon landscape'>\n\t\t\t\t<img loading=\"lazy\" decoding=\"async\" width=\"300\" height=\"191\" src=\"https:\/\/happybubbles.com\/wp-content\/uploads\/ECO_Turtle-300x191.png\" class=\"attachment-medium size-medium\" alt=\"\" srcset=\"https:\/\/happybubbles.com\/wp-content\/uploads\/ECO_Turtle-300x191.png 300w, https:\/\/happybubbles.com\/wp-content\/uploads\/ECO_Turtle-768x488.png 768w, https:\/\/happybubbles.com\/wp-content\/uploads\/ECO_Turtle-150x95.png 150w, https:\/\/happybubbles.com\/wp-content\/uploads\/ECO_Turtle.png 800w\" sizes=\"auto, (max-width: 300px) 100vw, 300px\" \/>\n\t\t\t<\/div><\/figure><figure class='gallery-item'>\n\t\t\t<div class='gallery-icon landscape'>\n\t\t\t\t<img loading=\"lazy\" decoding=\"async\" width=\"300\" height=\"191\" src=\"https:\/\/happybubbles.com\/wp-content\/uploads\/ECO_shark-300x191.png\" class=\"attachment-medium size-medium\" alt=\"\" srcset=\"https:\/\/happybubbles.com\/wp-content\/uploads\/ECO_shark-300x191.png 300w, https:\/\/happybubbles.com\/wp-content\/uploads\/ECO_shark-768x488.png 768w, https:\/\/happybubbles.com\/wp-content\/uploads\/ECO_shark-150x95.png 150w, https:\/\/happybubbles.com\/wp-content\/uploads\/ECO_shark.png 800w\" sizes=\"auto, (max-width: 300px) 100vw, 300px\" \/>\n\t\t\t<\/div><\/figure><figure class='gallery-item'>\n\t\t\t<div class='gallery-icon landscape'>\n\t\t\t\t<img loading=\"lazy\" decoding=\"async\" width=\"300\" height=\"191\" src=\"https:\/\/happybubbles.com\/wp-content\/uploads\/ECO_manta-300x191.png\" class=\"attachment-medium size-medium\" alt=\"\" srcset=\"https:\/\/happybubbles.com\/wp-content\/uploads\/ECO_manta-300x191.png 300w, https:\/\/happybubbles.com\/wp-content\/uploads\/ECO_manta-768x488.png 768w, https:\/\/happybubbles.com\/wp-content\/uploads\/ECO_manta-150x95.png 150w, https:\/\/happybubbles.com\/wp-content\/uploads\/ECO_manta.png 800w\" sizes=\"auto, (max-width: 300px) 100vw, 300px\" \/>\n\t\t\t<\/div><\/figure><figure class='gallery-item'>\n\t\t\t<div class='gallery-icon landscape'>\n\t\t\t\t<img loading=\"lazy\" decoding=\"async\" width=\"300\" height=\"191\" src=\"https:\/\/happybubbles.com\/wp-content\/uploads\/ECO_fishID-300x191.png\" class=\"attachment-medium size-medium\" alt=\"\" srcset=\"https:\/\/happybubbles.com\/wp-content\/uploads\/ECO_fishID-300x191.png 300w, https:\/\/happybubbles.com\/wp-content\/uploads\/ECO_fishID-768x488.png 768w, https:\/\/happybubbles.com\/wp-content\/uploads\/ECO_fishID-150x95.png 150w, https:\/\/happybubbles.com\/wp-content\/uploads\/ECO_fishID.png 800w\" sizes=\"auto, (max-width: 300px) 100vw, 300px\" \/>\n\t\t\t<\/div><\/figure><figure class='gallery-item'>\n\t\t\t<div class='gallery-icon landscape'>\n\t\t\t\t<img loading=\"lazy\" decoding=\"async\" width=\"300\" height=\"191\" src=\"https:\/\/happybubbles.com\/wp-content\/uploads\/ECO_coral-300x191.png\" class=\"attachment-medium size-medium\" alt=\"\" srcset=\"https:\/\/happybubbles.com\/wp-content\/uploads\/ECO_coral-300x191.png 300w, https:\/\/happybubbles.com\/wp-content\/uploads\/ECO_coral-768x488.png 768w, https:\/\/happybubbles.com\/wp-content\/uploads\/ECO_coral-150x95.png 150w, https:\/\/happybubbles.com\/wp-content\/uploads\/ECO_coral.png 800w\" sizes=\"auto, (max-width: 300px) 100vw, 300px\" \/>\n\t\t\t<\/div><\/figure><figure class='gallery-item'>\n\t\t\t<div class='gallery-icon landscape'>\n\t\t\t\t<img loading=\"lazy\" decoding=\"async\" width=\"300\" height=\"191\" src=\"https:\/\/happybubbles.com\/wp-content\/uploads\/ECO_marine-300x191.png\" class=\"attachment-medium size-medium\" alt=\"\" srcset=\"https:\/\/happybubbles.com\/wp-content\/uploads\/ECO_marine-300x191.png 300w, https:\/\/happybubbles.com\/wp-content\/uploads\/ECO_marine-768x488.png 768w, https:\/\/happybubbles.com\/wp-content\/uploads\/ECO_marine-150x95.png 150w, https:\/\/happybubbles.com\/wp-content\/uploads\/ECO_marine.png 800w\" sizes=\"auto, (max-width: 300px) 100vw, 300px\" \/>\n\t\t\t<\/div><\/figure><figure class='gallery-item'>\n\t\t\t<div class='gallery-icon landscape'>\n\t\t\t\t<img loading=\"lazy\" decoding=\"async\" width=\"300\" height=\"191\" src=\"https:\/\/happybubbles.com\/wp-content\/uploads\/ECO_blueOceans-300x191.png\" class=\"attachment-medium size-medium\" alt=\"\" srcset=\"https:\/\/happybubbles.com\/wp-content\/uploads\/ECO_blueOceans-300x191.png 300w, https:\/\/happybubbles.com\/wp-content\/uploads\/ECO_blueOceans-768x488.png 768w, https:\/\/happybubbles.com\/wp-content\/uploads\/ECO_blueOceans-150x95.png 150w, https:\/\/happybubbles.com\/wp-content\/uploads\/ECO_blueOceans.png 800w\" sizes=\"auto, (max-width: 300px) 100vw, 300px\" \/>\n\t\t\t<\/div><\/figure><figure class='gallery-item'>\n\t\t\t<div class='gallery-icon landscape'>\n\t\t\t\t<img loading=\"lazy\" decoding=\"async\" width=\"300\" height=\"191\" src=\"https:\/\/happybubbles.com\/wp-content\/uploads\/webimage-09EC786E-FABA-4437-83EB565C0F9ADD2A-300x191.png\" class=\"attachment-medium size-medium\" alt=\"\" aria-describedby=\"gallery-1-56949\" srcset=\"https:\/\/happybubbles.com\/wp-content\/uploads\/webimage-09EC786E-FABA-4437-83EB565C0F9ADD2A-300x191.png 300w, https:\/\/happybubbles.com\/wp-content\/uploads\/webimage-09EC786E-FABA-4437-83EB565C0F9ADD2A-768x488.png 768w, https:\/\/happybubbles.com\/wp-content\/uploads\/webimage-09EC786E-FABA-4437-83EB565C0F9ADD2A-150x95.png 150w, https:\/\/happybubbles.com\/wp-content\/uploads\/webimage-09EC786E-FABA-4437-83EB565C0F9ADD2A.png 800w\" sizes=\"auto, (max-width: 300px) 100vw, 300px\" \/>\n\t\t\t<\/div>\n\t\t\t\t<figcaption class='wp-caption-text gallery-caption' id='gallery-1-56949'>\n\t\t\t\tYEN\u0130!!!\n\t\t\t\t<\/figcaption><\/figure>\n\t\t<\/div>\n\n<\/div>\n<\/div>\n","protected":false},"excerpt":{"rendered":"<p>EKOLOJ\u0130 UZMANI DALGI\u00c7 OLUN Yeni ba\u015flayan bir sualt\u0131 do\u011fa bilimci iseniz, Ekoloji uzmanl\u0131k programlar\u0131m\u0131za kat\u0131l\u0131n! Farkl\u0131 deniz ya\u015fam\u0131, okyanus ekosistemlerinin nas\u0131l i\u015fledi\u011fi ve k\u00f6pekbal\u0131klar\u0131, vatozlar ve daha fazlas\u0131yla nas\u0131l g\u00fcvenli bir \u015fekilde dal\u0131\u015f yap\u0131laca\u011f\u0131 hakk\u0131nda &hellip;<\/p>\n","protected":false},"author":10,"featured_media":0,"parent":0,"menu_order":0,"comment_status":"closed","ping_status":"closed","template":"","meta":{"footnotes":""},"class_list":["post-56753","page","type-page","status-publish","hentry"],"yoast_head":"<!-- This site is optimized with the Yoast SEO plugin v27.1.1 - https:\/\/yoast.com\/product\/yoast-seo-wordpress\/ -->\n<title>Ekoloji Uzmanl\u0131klar\u0131 &#187; Happy Bubbles Dal\u0131\u015f Merkezi<\/title>\n<meta name=\"robots\" content=\"index, follow, max-snippet:-1, max-image-preview:large, max-video-preview:-1\" \/>\n<link rel=\"canonical\" href=\"https:\/\/happybubbles.com\/ecology-specialties\/\" \/>\n<meta property=\"og:locale\" content=\"tr_TR\" \/>\n<meta property=\"og:type\" content=\"article\" \/>\n<meta property=\"og:title\" content=\"Ekoloji Uzmanl\u0131klar\u0131 &#187; Happy Bubbles Dal\u0131\u015f Merkezi\" \/>\n<meta property=\"og:description\" content=\"EKOLOJ\u0130 UZMANI DALGI\u00c7 OLUN Yeni ba\u015flayan bir sualt\u0131 do\u011fa bilimci iseniz, Ekoloji uzmanl\u0131k programlar\u0131m\u0131za kat\u0131l\u0131n! Farkl\u0131 deniz ya\u015fam\u0131, okyanus ekosistemlerinin nas\u0131l i\u015fledi\u011fi ve k\u00f6pekbal\u0131klar\u0131, vatozlar ve daha fazlas\u0131yla nas\u0131l g\u00fcvenli bir \u015fekilde dal\u0131\u015f yap\u0131laca\u011f\u0131 hakk\u0131nda &hellip;\" \/>\n<meta property=\"og:url\" content=\"https:\/\/happybubbles.com\/ecology-specialties\/\" \/>\n<meta property=\"og:site_name\" content=\"Happy Bubbles Dal\u0131\u015f Merkezi\" \/>\n<meta property=\"article:publisher\" content=\"https:\/\/www.facebook.com\/HappyBubblesDive\/\" \/>\n<meta property=\"article:modified_time\" content=\"2024-03-05T18:24:53+00:00\" \/>\n<meta property=\"og:image\" content=\"https:\/\/happybubbles.com\/wp-content\/uploads\/ECO_Turtle-300x191.png\" \/>\n<meta name=\"twitter:card\" content=\"summary_large_image\" \/>\n<meta name=\"twitter:label1\" content=\"Tahmini okuma s\u00fcresi\" \/>\n\t<meta name=\"twitter:data1\" content=\"2 dakika\" \/>\n<script type=\"application\/ld+json\" class=\"yoast-schema-graph\">{\"@context\":\"https:\/\/schema.org\",\"@graph\":[{\"@type\":\"WebPage\",\"@id\":\"https:\/\/happybubbles.com\/ecology-specialties\/\",\"url\":\"https:\/\/happybubbles.com\/ecology-specialties\/\",\"name\":\"Ekoloji Uzmanl\u0131klar\u0131 &#187; Happy Bubbles Dal\u0131\u015f Merkezi\",\"isPartOf\":{\"@id\":\"https:\/\/happybubbles.com\/#website\"},\"primaryImageOfPage\":{\"@id\":\"https:\/\/happybubbles.com\/ecology-specialties\/#primaryimage\"},\"image\":{\"@id\":\"https:\/\/happybubbles.com\/ecology-specialties\/#primaryimage\"},\"thumbnailUrl\":\"https:\/\/happybubbles.com\/wp-content\/uploads\/ssiHeader2024.png\",\"datePublished\":\"2022-03-05T10:52:34+00:00\",\"dateModified\":\"2024-03-05T18:24:53+00:00\",\"breadcrumb\":{\"@id\":\"https:\/\/happybubbles.com\/ecology-specialties\/#breadcrumb\"},\"inLanguage\":\"tr\",\"potentialAction\":[{\"@type\":\"ReadAction\",\"target\":[\"https:\/\/happybubbles.com\/ecology-specialties\/\"]}]},{\"@type\":\"ImageObject\",\"inLanguage\":\"tr\",\"@id\":\"https:\/\/happybubbles.com\/ecology-specialties\/#primaryimage\",\"url\":\"https:\/\/happybubbles.com\/wp-content\/uploads\/ssiHeader2024.png\",\"contentUrl\":\"https:\/\/happybubbles.com\/wp-content\/uploads\/ssiHeader2024.png\"},{\"@type\":\"BreadcrumbList\",\"@id\":\"https:\/\/happybubbles.com\/ecology-specialties\/#breadcrumb\",\"itemListElement\":[{\"@type\":\"ListItem\",\"position\":1,\"name\":\"Ana sayfa\",\"item\":\"https:\/\/happybubbles.com\/\"},{\"@type\":\"ListItem\",\"position\":2,\"name\":\"Ekoloji Uzmanl\u0131klar\u0131\"}]},{\"@type\":\"WebSite\",\"@id\":\"https:\/\/happybubbles.com\/#website\",\"url\":\"https:\/\/happybubbles.com\/\",\"name\":\"Happy Bubbles Dal\u0131\u015f Merkezi\",\"description\":\"arkada\u015f\u00e7a ve keyifli dal\u0131\u015flar, Bodrum - T\u00fcrkiye\",\"publisher\":{\"@id\":\"https:\/\/happybubbles.com\/#organization\"},\"potentialAction\":[{\"@type\":\"SearchAction\",\"target\":{\"@type\":\"EntryPoint\",\"urlTemplate\":\"https:\/\/happybubbles.com\/?s={search_term_string}\"},\"query-input\":{\"@type\":\"PropertyValueSpecification\",\"valueRequired\":true,\"valueName\":\"search_term_string\"}}],\"inLanguage\":\"tr\"},{\"@type\":\"Organization\",\"@id\":\"https:\/\/happybubbles.com\/#organization\",\"name\":\"Happy Bubbles Dive Center\",\"url\":\"https:\/\/happybubbles.com\/\",\"logo\":{\"@type\":\"ImageObject\",\"inLanguage\":\"tr\",\"@id\":\"https:\/\/happybubbles.com\/#\/schema\/logo\/image\/\",\"url\":\"https:\/\/happybubbles.com\/wp-content\/uploads\/anaLogo4.png\",\"contentUrl\":\"https:\/\/happybubbles.com\/wp-content\/uploads\/anaLogo4.png\",\"width\":139,\"height\":128,\"caption\":\"Happy Bubbles Dive Center\"},\"image\":{\"@id\":\"https:\/\/happybubbles.com\/#\/schema\/logo\/image\/\"},\"sameAs\":[\"https:\/\/www.facebook.com\/HappyBubblesDive\/\",\"https:\/\/www.instagram.com\/happybubblesdive\/\"]}]}<\/script>\n<!-- \/ Yoast SEO plugin. -->","yoast_head_json":{"title":"Ekoloji Uzmanl\u0131klar\u0131 &#187; Happy Bubbles Dal\u0131\u015f Merkezi","robots":{"index":"index","follow":"follow","max-snippet":"max-snippet:-1","max-image-preview":"max-image-preview:large","max-video-preview":"max-video-preview:-1"},"canonical":"https:\/\/happybubbles.com\/ecology-specialties\/","og_locale":"tr_TR","og_type":"article","og_title":"Ekoloji Uzmanl\u0131klar\u0131 &#187; Happy Bubbles Dal\u0131\u015f Merkezi","og_description":"EKOLOJ\u0130 UZMANI DALGI\u00c7 OLUN Yeni ba\u015flayan bir sualt\u0131 do\u011fa bilimci iseniz, Ekoloji uzmanl\u0131k programlar\u0131m\u0131za kat\u0131l\u0131n! Farkl\u0131 deniz ya\u015fam\u0131, okyanus ekosistemlerinin nas\u0131l i\u015fledi\u011fi ve k\u00f6pekbal\u0131klar\u0131, vatozlar ve daha fazlas\u0131yla nas\u0131l g\u00fcvenli bir \u015fekilde dal\u0131\u015f yap\u0131laca\u011f\u0131 hakk\u0131nda &hellip;","og_url":"https:\/\/happybubbles.com\/ecology-specialties\/","og_site_name":"Happy Bubbles Dal\u0131\u015f Merkezi","article_publisher":"https:\/\/www.facebook.com\/HappyBubblesDive\/","article_modified_time":"2024-03-05T18:24:53+00:00","og_image":[{"url":"https:\/\/happybubbles.com\/wp-content\/uploads\/ECO_Turtle-300x191.png","type":"","width":"","height":""}],"twitter_card":"summary_large_image","twitter_misc":{"Tahmini okuma s\u00fcresi":"2 dakika"},"schema":{"@context":"https:\/\/schema.org","@graph":[{"@type":"WebPage","@id":"https:\/\/happybubbles.com\/ecology-specialties\/","url":"https:\/\/happybubbles.com\/ecology-specialties\/","name":"Ekoloji Uzmanl\u0131klar\u0131 &#187; Happy Bubbles Dal\u0131\u015f Merkezi","isPartOf":{"@id":"https:\/\/happybubbles.com\/#website"},"primaryImageOfPage":{"@id":"https:\/\/happybubbles.com\/ecology-specialties\/#primaryimage"},"image":{"@id":"https:\/\/happybubbles.com\/ecology-specialties\/#primaryimage"},"thumbnailUrl":"https:\/\/happybubbles.com\/wp-content\/uploads\/ssiHeader2024.png","datePublished":"2022-03-05T10:52:34+00:00","dateModified":"2024-03-05T18:24:53+00:00","breadcrumb":{"@id":"https:\/\/happybubbles.com\/ecology-specialties\/#breadcrumb"},"inLanguage":"tr","potentialAction":[{"@type":"ReadAction","target":["https:\/\/happybubbles.com\/ecology-specialties\/"]}]},{"@type":"ImageObject","inLanguage":"tr","@id":"https:\/\/happybubbles.com\/ecology-specialties\/#primaryimage","url":"https:\/\/happybubbles.com\/wp-content\/uploads\/ssiHeader2024.png","contentUrl":"https:\/\/happybubbles.com\/wp-content\/uploads\/ssiHeader2024.png"},{"@type":"BreadcrumbList","@id":"https:\/\/happybubbles.com\/ecology-specialties\/#breadcrumb","itemListElement":[{"@type":"ListItem","position":1,"name":"Ana sayfa","item":"https:\/\/happybubbles.com\/"},{"@type":"ListItem","position":2,"name":"Ekoloji Uzmanl\u0131klar\u0131"}]},{"@type":"WebSite","@id":"https:\/\/happybubbles.com\/#website","url":"https:\/\/happybubbles.com\/","name":"Happy Bubbles Dal\u0131\u015f Merkezi","description":"arkada\u015f\u00e7a ve keyifli dal\u0131\u015flar, Bodrum - T\u00fcrkiye","publisher":{"@id":"https:\/\/happybubbles.com\/#organization"},"potentialAction":[{"@type":"SearchAction","target":{"@type":"EntryPoint","urlTemplate":"https:\/\/happybubbles.com\/?s={search_term_string}"},"query-input":{"@type":"PropertyValueSpecification","valueRequired":true,"valueName":"search_term_string"}}],"inLanguage":"tr"},{"@type":"Organization","@id":"https:\/\/happybubbles.com\/#organization","name":"Happy Bubbles Dive Center","url":"https:\/\/happybubbles.com\/","logo":{"@type":"ImageObject","inLanguage":"tr","@id":"https:\/\/happybubbles.com\/#\/schema\/logo\/image\/","url":"https:\/\/happybubbles.com\/wp-content\/uploads\/anaLogo4.png","contentUrl":"https:\/\/happybubbles.com\/wp-content\/uploads\/anaLogo4.png","width":139,"height":128,"caption":"Happy Bubbles Dive Center"},"image":{"@id":"https:\/\/happybubbles.com\/#\/schema\/logo\/image\/"},"sameAs":["https:\/\/www.facebook.com\/HappyBubblesDive\/","https:\/\/www.instagram.com\/happybubblesdive\/"]}]}},"_links":{"self":[{"href":"https:\/\/happybubbles.com\/tr\/wp-json\/wp\/v2\/pages\/56753","targetHints":{"allow":["GET"]}}],"collection":[{"href":"https:\/\/happybubbles.com\/tr\/wp-json\/wp\/v2\/pages"}],"about":[{"href":"https:\/\/happybubbles.com\/tr\/wp-json\/wp\/v2\/types\/page"}],"author":[{"embeddable":true,"href":"https:\/\/happybubbles.com\/tr\/wp-json\/wp\/v2\/users\/10"}],"replies":[{"embeddable":true,"href":"https:\/\/happybubbles.com\/tr\/wp-json\/wp\/v2\/comments?post=56753"}],"version-history":[{"count":6,"href":"https:\/\/happybubbles.com\/tr\/wp-json\/wp\/v2\/pages\/56753\/revisions"}],"predecessor-version":[{"id":57286,"href":"https:\/\/happybubbles.com\/tr\/wp-json\/wp\/v2\/pages\/56753\/revisions\/57286"}],"wp:attachment":[{"href":"https:\/\/happybubbles.com\/tr\/wp-json\/wp\/v2\/media?parent=56753"}],"curies":[{"name":"wp","href":"https:\/\/api.w.org\/{rel}","templated":true}]}}