{"id":56782,"date":"2022-04-01T13:09:24","date_gmt":"2022-04-01T10:09:24","guid":{"rendered":"https:\/\/happybubbles.com\/?page_id=56782"},"modified":"2024-03-05T08:40:40","modified_gmt":"2024-03-05T05:40:40","slug":"easybook-2022","status":"publish","type":"page","link":"https:\/\/happybubbles.com\/tr\/easybook-2022\/","title":{"rendered":"Easybook 2022"},"content":{"rendered":"<p><img loading=\"lazy\" decoding=\"async\" class=\"alignnone size-full wp-image-56783\" src=\"https:\/\/happybubbles.com\/wp-content\/uploads\/easybook.png\" alt=\"\" width=\"523\" height=\"154\" srcset=\"https:\/\/happybubbles.com\/wp-content\/uploads\/easybook.png 523w, https:\/\/happybubbles.com\/wp-content\/uploads\/easybook-300x88.png 300w, https:\/\/happybubbles.com\/wp-content\/uploads\/easybook-150x44.png 150w\" sizes=\"auto, (max-width: 523px) 100vw, 523px\" \/><\/p>\n<p>&nbsp;<\/p>\n<p>Happy Bubbles 2024 Net fiyatlar:<\/p>\n<p>Try: \u20ba (sat\u0131\u015f \u20ba)<\/p>\n<p>Usta: \u20ba (sat\u0131\u015f \u20ba)<\/p>\n<p>Non: \u20ba (sat\u0131\u015f \u20ba)<\/p>\n<p>Transfer: \u20ba (g\u00fcmbet i\u00e7i \u00fccretsiz)<\/p>\n<p>Basic Diver: \u20ac (sat\u0131\u015f \u20ac)<\/p>\n<p>Open Water: \u20ac (sat\u0131\u015f \u20ac)<\/p>\n<p>M\u00fc\u015fterinin en ge\u00e7 saat 08:30&#8217;da teknede olmas\u0131 gerekmektedir.<\/p>\n<p>Hafta sonlar\u0131 grup dal\u0131\u015flar\u0131 oldu\u011fu durumlarda acenta m\u00fc\u015fterisi al\u0131nmamaktad\u0131r.<\/p>\n<p>Transfer saatleri b\u00f6lgeye g\u00f6re de\u011fi\u015fmektedir. SORUN!<\/p>\n<p>Fiyatlar sezon i\u00e7erisinde ekonomik \u015fartlar gere\u011fi de\u011fi\u015febilir. De\u011fi\u015fiklikler buraya yans\u0131t\u0131l\u0131r. Kontrol etmeden m\u00fc\u015fterinize fiyat vermeyiniz.<\/p>\n","protected":false},"excerpt":{"rendered":"<p>&nbsp; Happy Bubbles 2024 Net fiyatlar: Try: \u20ba (sat\u0131\u015f \u20ba) Usta: \u20ba (sat\u0131\u015f \u20ba) Non: \u20ba (sat\u0131\u015f \u20ba) Transfer: \u20ba (g\u00fcmbet i\u00e7i \u00fccretsiz) Basic Diver: \u20ac (sat\u0131\u015f \u20ac) Open Water: \u20ac (sat\u0131\u015f \u20ac) M\u00fc\u015fterinin en &hellip;<\/p>\n","protected":false},"author":10,"featured_media":0,"parent":0,"menu_order":0,"comment_status":"closed","ping_status":"closed","template":"","meta":{"footnotes":""},"class_list":["post-56782","page","type-page","status-publish","hentry"],"yoast_head":"<!-- This site is optimized with the Yoast SEO plugin v27.1.1 - https:\/\/yoast.com\/product\/yoast-seo-wordpress\/ -->\n<title>Easybook 2022 &#187; Happy Bubbles Dal\u0131\u015f Merkezi<\/title>\n<meta name=\"robots\" content=\"index, follow, max-snippet:-1, max-image-preview:large, max-video-preview:-1\" \/>\n<link rel=\"canonical\" href=\"https:\/\/happybubbles.com\/easybook-2022\/\" \/>\n<meta property=\"og:locale\" content=\"tr_TR\" \/>\n<meta property=\"og:type\" content=\"article\" \/>\n<meta property=\"og:title\" content=\"Easybook 2022 &#187; Happy Bubbles Dal\u0131\u015f Merkezi\" \/>\n<meta property=\"og:description\" content=\"&nbsp; Happy Bubbles 2024 Net fiyatlar: Try: \u20ba (sat\u0131\u015f \u20ba) Usta: \u20ba (sat\u0131\u015f \u20ba) Non: \u20ba (sat\u0131\u015f \u20ba) Transfer: \u20ba (g\u00fcmbet i\u00e7i \u00fccretsiz) Basic Diver: \u20ac (sat\u0131\u015f \u20ac) Open Water: \u20ac (sat\u0131\u015f \u20ac) M\u00fc\u015fterinin en &hellip;\" \/>\n<meta property=\"og:url\" content=\"https:\/\/happybubbles.com\/easybook-2022\/\" \/>\n<meta property=\"og:site_name\" content=\"Happy Bubbles Dal\u0131\u015f Merkezi\" \/>\n<meta property=\"article:publisher\" content=\"https:\/\/www.facebook.com\/HappyBubblesDive\/\" \/>\n<meta property=\"article:modified_time\" content=\"2024-03-05T05:40:40+00:00\" \/>\n<meta property=\"og:image\" content=\"https:\/\/happybubbles.com\/wp-content\/uploads\/easybook.png\" \/>\n<meta name=\"twitter:card\" content=\"summary_large_image\" \/>\n<meta name=\"twitter:label1\" content=\"Tahmini okuma s\u00fcresi\" \/>\n\t<meta name=\"twitter:data1\" content=\"1 dakika\" \/>\n<script type=\"application\/ld+json\" class=\"yoast-schema-graph\">{\"@context\":\"https:\/\/schema.org\",\"@graph\":[{\"@type\":\"WebPage\",\"@id\":\"https:\/\/happybubbles.com\/easybook-2022\/\",\"url\":\"https:\/\/happybubbles.com\/easybook-2022\/\",\"name\":\"Easybook 2022 &#187; Happy Bubbles Dal\u0131\u015f Merkezi\",\"isPartOf\":{\"@id\":\"https:\/\/happybubbles.com\/#website\"},\"primaryImageOfPage\":{\"@id\":\"https:\/\/happybubbles.com\/easybook-2022\/#primaryimage\"},\"image\":{\"@id\":\"https:\/\/happybubbles.com\/easybook-2022\/#primaryimage\"},\"thumbnailUrl\":\"https:\/\/happybubbles.com\/wp-content\/uploads\/easybook.png\",\"datePublished\":\"2022-04-01T10:09:24+00:00\",\"dateModified\":\"2024-03-05T05:40:40+00:00\",\"breadcrumb\":{\"@id\":\"https:\/\/happybubbles.com\/easybook-2022\/#breadcrumb\"},\"inLanguage\":\"tr\",\"potentialAction\":[{\"@type\":\"ReadAction\",\"target\":[\"https:\/\/happybubbles.com\/easybook-2022\/\"]}]},{\"@type\":\"ImageObject\",\"inLanguage\":\"tr\",\"@id\":\"https:\/\/happybubbles.com\/easybook-2022\/#primaryimage\",\"url\":\"https:\/\/happybubbles.com\/wp-content\/uploads\/easybook.png\",\"contentUrl\":\"https:\/\/happybubbles.com\/wp-content\/uploads\/easybook.png\"},{\"@type\":\"BreadcrumbList\",\"@id\":\"https:\/\/happybubbles.com\/easybook-2022\/#breadcrumb\",\"itemListElement\":[{\"@type\":\"ListItem\",\"position\":1,\"name\":\"Ana sayfa\",\"item\":\"https:\/\/happybubbles.com\/\"},{\"@type\":\"ListItem\",\"position\":2,\"name\":\"Easybook 2022\"}]},{\"@type\":\"WebSite\",\"@id\":\"https:\/\/happybubbles.com\/#website\",\"url\":\"https:\/\/happybubbles.com\/\",\"name\":\"Happy Bubbles Dal\u0131\u015f Merkezi\",\"description\":\"arkada\u015f\u00e7a ve keyifli dal\u0131\u015flar, Bodrum - T\u00fcrkiye\",\"publisher\":{\"@id\":\"https:\/\/happybubbles.com\/#organization\"},\"potentialAction\":[{\"@type\":\"SearchAction\",\"target\":{\"@type\":\"EntryPoint\",\"urlTemplate\":\"https:\/\/happybubbles.com\/?s={search_term_string}\"},\"query-input\":{\"@type\":\"PropertyValueSpecification\",\"valueRequired\":true,\"valueName\":\"search_term_string\"}}],\"inLanguage\":\"tr\"},{\"@type\":\"Organization\",\"@id\":\"https:\/\/happybubbles.com\/#organization\",\"name\":\"Happy Bubbles Dive Center\",\"url\":\"https:\/\/happybubbles.com\/\",\"logo\":{\"@type\":\"ImageObject\",\"inLanguage\":\"tr\",\"@id\":\"https:\/\/happybubbles.com\/#\/schema\/logo\/image\/\",\"url\":\"https:\/\/happybubbles.com\/wp-content\/uploads\/anaLogo4.png\",\"contentUrl\":\"https:\/\/happybubbles.com\/wp-content\/uploads\/anaLogo4.png\",\"width\":139,\"height\":128,\"caption\":\"Happy Bubbles Dive Center\"},\"image\":{\"@id\":\"https:\/\/happybubbles.com\/#\/schema\/logo\/image\/\"},\"sameAs\":[\"https:\/\/www.facebook.com\/HappyBubblesDive\/\",\"https:\/\/www.instagram.com\/happybubblesdive\/\"]}]}<\/script>\n<!-- \/ Yoast SEO plugin. -->","yoast_head_json":{"title":"Easybook 2022 &#187; Happy Bubbles Dal\u0131\u015f Merkezi","robots":{"index":"index","follow":"follow","max-snippet":"max-snippet:-1","max-image-preview":"max-image-preview:large","max-video-preview":"max-video-preview:-1"},"canonical":"https:\/\/happybubbles.com\/easybook-2022\/","og_locale":"tr_TR","og_type":"article","og_title":"Easybook 2022 &#187; Happy Bubbles Dal\u0131\u015f Merkezi","og_description":"&nbsp; Happy Bubbles 2024 Net fiyatlar: Try: \u20ba (sat\u0131\u015f \u20ba) Usta: \u20ba (sat\u0131\u015f \u20ba) Non: \u20ba (sat\u0131\u015f \u20ba) Transfer: \u20ba (g\u00fcmbet i\u00e7i \u00fccretsiz) Basic Diver: \u20ac (sat\u0131\u015f \u20ac) Open Water: \u20ac (sat\u0131\u015f \u20ac) M\u00fc\u015fterinin en &hellip;","og_url":"https:\/\/happybubbles.com\/easybook-2022\/","og_site_name":"Happy Bubbles Dal\u0131\u015f Merkezi","article_publisher":"https:\/\/www.facebook.com\/HappyBubblesDive\/","article_modified_time":"2024-03-05T05:40:40+00:00","og_image":[{"url":"https:\/\/happybubbles.com\/wp-content\/uploads\/easybook.png","type":"","width":"","height":""}],"twitter_card":"summary_large_image","twitter_misc":{"Tahmini okuma s\u00fcresi":"1 dakika"},"schema":{"@context":"https:\/\/schema.org","@graph":[{"@type":"WebPage","@id":"https:\/\/happybubbles.com\/easybook-2022\/","url":"https:\/\/happybubbles.com\/easybook-2022\/","name":"Easybook 2022 &#187; Happy Bubbles Dal\u0131\u015f Merkezi","isPartOf":{"@id":"https:\/\/happybubbles.com\/#website"},"primaryImageOfPage":{"@id":"https:\/\/happybubbles.com\/easybook-2022\/#primaryimage"},"image":{"@id":"https:\/\/happybubbles.com\/easybook-2022\/#primaryimage"},"thumbnailUrl":"https:\/\/happybubbles.com\/wp-content\/uploads\/easybook.png","datePublished":"2022-04-01T10:09:24+00:00","dateModified":"2024-03-05T05:40:40+00:00","breadcrumb":{"@id":"https:\/\/happybubbles.com\/easybook-2022\/#breadcrumb"},"inLanguage":"tr","potentialAction":[{"@type":"ReadAction","target":["https:\/\/happybubbles.com\/easybook-2022\/"]}]},{"@type":"ImageObject","inLanguage":"tr","@id":"https:\/\/happybubbles.com\/easybook-2022\/#primaryimage","url":"https:\/\/happybubbles.com\/wp-content\/uploads\/easybook.png","contentUrl":"https:\/\/happybubbles.com\/wp-content\/uploads\/easybook.png"},{"@type":"BreadcrumbList","@id":"https:\/\/happybubbles.com\/easybook-2022\/#breadcrumb","itemListElement":[{"@type":"ListItem","position":1,"name":"Ana sayfa","item":"https:\/\/happybubbles.com\/"},{"@type":"ListItem","position":2,"name":"Easybook 2022"}]},{"@type":"WebSite","@id":"https:\/\/happybubbles.com\/#website","url":"https:\/\/happybubbles.com\/","name":"Happy Bubbles Dal\u0131\u015f Merkezi","description":"arkada\u015f\u00e7a ve keyifli dal\u0131\u015flar, Bodrum - T\u00fcrkiye","publisher":{"@id":"https:\/\/happybubbles.com\/#organization"},"potentialAction":[{"@type":"SearchAction","target":{"@type":"EntryPoint","urlTemplate":"https:\/\/happybubbles.com\/?s={search_term_string}"},"query-input":{"@type":"PropertyValueSpecification","valueRequired":true,"valueName":"search_term_string"}}],"inLanguage":"tr"},{"@type":"Organization","@id":"https:\/\/happybubbles.com\/#organization","name":"Happy Bubbles Dive Center","url":"https:\/\/happybubbles.com\/","logo":{"@type":"ImageObject","inLanguage":"tr","@id":"https:\/\/happybubbles.com\/#\/schema\/logo\/image\/","url":"https:\/\/happybubbles.com\/wp-content\/uploads\/anaLogo4.png","contentUrl":"https:\/\/happybubbles.com\/wp-content\/uploads\/anaLogo4.png","width":139,"height":128,"caption":"Happy Bubbles Dive Center"},"image":{"@id":"https:\/\/happybubbles.com\/#\/schema\/logo\/image\/"},"sameAs":["https:\/\/www.facebook.com\/HappyBubblesDive\/","https:\/\/www.instagram.com\/happybubblesdive\/"]}]}},"_links":{"self":[{"href":"https:\/\/happybubbles.com\/tr\/wp-json\/wp\/v2\/pages\/56782","targetHints":{"allow":["GET"]}}],"collection":[{"href":"https:\/\/happybubbles.com\/tr\/wp-json\/wp\/v2\/pages"}],"about":[{"href":"https:\/\/happybubbles.com\/tr\/wp-json\/wp\/v2\/types\/page"}],"author":[{"embeddable":true,"href":"https:\/\/happybubbles.com\/tr\/wp-json\/wp\/v2\/users\/10"}],"replies":[{"embeddable":true,"href":"https:\/\/happybubbles.com\/tr\/wp-json\/wp\/v2\/comments?post=56782"}],"version-history":[{"count":10,"href":"https:\/\/happybubbles.com\/tr\/wp-json\/wp\/v2\/pages\/56782\/revisions"}],"predecessor-version":[{"id":57087,"href":"https:\/\/happybubbles.com\/tr\/wp-json\/wp\/v2\/pages\/56782\/revisions\/57087"}],"wp:attachment":[{"href":"https:\/\/happybubbles.com\/tr\/wp-json\/wp\/v2\/media?parent=56782"}],"curies":[{"name":"wp","href":"https:\/\/api.w.org\/{rel}","templated":true}]}}