{"id":57202,"date":"2024-03-05T15:05:51","date_gmt":"2024-03-05T12:05:51","guid":{"rendered":"https:\/\/happybubbles.com\/?page_id=57202"},"modified":"2026-03-10T17:25:06","modified_gmt":"2026-03-10T14:25:06","slug":"about-hbdc","status":"publish","type":"page","link":"https:\/\/happybubbles.com\/tr\/","title":{"rendered":"HBDC Hakk\u0131nda"},"content":{"rendered":"<p>Bodrum her zaman d\u00fcnyan\u0131n en iyi dal\u0131\u015f b\u00f6lgeleri aras\u0131nda yerini alm\u0131\u015ft\u0131r. Burada, Ege Denizi&#8217;nin p\u0131r\u0131l p\u0131r\u0131l, \u0131l\u0131k sular\u0131 sizi kucaklar. G\u00f6r\u00fclmeye de\u011fer duvarlar, gizemli bat\u0131klar, \u00fcrk\u00fct\u00fcc\u00fc kovuklar, el de\u011fmemi\u015f resifler ve nefes kesen sualt\u0131 u\u00e7urumlar\u0131 ile her ya\u015ftan dalg\u0131\u00e7lar\u0131n be\u011fenisini kazanm\u0131\u015ft\u0131r.<\/p>\n<p>Misafirlerimiz uluslaras\u0131 sertifikalara sahip ilgili, profesyonel ve e\u011flenceli bir ekip taraf\u0131ndan a\u011f\u0131rlanmaktad\u0131r.<\/p>\n<p>Happy Bubbles Dal\u0131\u015f Merkezi Bodrum&#8217;da arkada\u015f\u00e7a ve keyifli bir dal\u0131\u015f ortam\u0131 sunmaktad\u0131r!..<\/p>\n<p>Y\u0131llar\u0131n tecr\u00fcbesi m\u00fckemmeli\u011fi de yan\u0131nda getirir. Happy Bubbles Dal\u0131\u015f Merkezi 90&#8217;l\u0131 y\u0131llar\u0131n ba\u015f\u0131nda kurulmu\u015ftur. Bu deneyim \u015fimdi yepyeni, dinamik ve yetkin bir ekip taraf\u0131ndan ta\u00e7land\u0131r\u0131lm\u0131\u015ft\u0131r. Dal\u0131\u015f merkezimiz G\u00fcmbet&#8217;te yer almaktad\u0131r ve teknemiz SELKIE de G\u00fcmbet limanda demirlidir.<\/p>","protected":false},"excerpt":{"rendered":"<p>Bodrum her zaman d\u00fcnyan\u0131n en iyi dal\u0131\u015f b\u00f6lgeleri aras\u0131nda yerini alm\u0131\u015ft\u0131r. Burada, Ege Denizi&#8217;nin p\u0131r\u0131l p\u0131r\u0131l, \u0131l\u0131k sular\u0131 sizi kucaklar. G\u00f6r\u00fclmeye de\u011fer duvarlar, gizemli bat\u0131klar, \u00fcrk\u00fct\u00fcc\u00fc kovuklar, el de\u011fmemi\u015f resifler ve nefes kesen sualt\u0131 u\u00e7urumlar\u0131 &hellip;<\/p>\n","protected":false},"author":10,"featured_media":0,"parent":0,"menu_order":0,"comment_status":"closed","ping_status":"closed","template":"","meta":{"footnotes":""},"class_list":["post-57202","page","type-page","status-publish","hentry"],"yoast_head":"<!-- This site is optimized with the Yoast SEO plugin v27.1.1 - https:\/\/yoast.com\/product\/yoast-seo-wordpress\/ -->\n<title>HBDC Hakk\u0131nda &#187; Happy Bubbles Dal\u0131\u015f Merkezi<\/title>\n<meta name=\"robots\" content=\"index, follow, max-snippet:-1, max-image-preview:large, max-video-preview:-1\" \/>\n<link rel=\"canonical\" href=\"https:\/\/happybubbles.com\/\" \/>\n<meta property=\"og:locale\" content=\"tr_TR\" \/>\n<meta property=\"og:type\" content=\"article\" \/>\n<meta property=\"og:title\" content=\"HBDC Hakk\u0131nda &#187; Happy Bubbles Dal\u0131\u015f Merkezi\" \/>\n<meta property=\"og:description\" content=\"Bodrum her zaman d\u00fcnyan\u0131n en iyi dal\u0131\u015f b\u00f6lgeleri aras\u0131nda yerini alm\u0131\u015ft\u0131r. Burada, Ege Denizi&#8217;nin p\u0131r\u0131l p\u0131r\u0131l, \u0131l\u0131k sular\u0131 sizi kucaklar. G\u00f6r\u00fclmeye de\u011fer duvarlar, gizemli bat\u0131klar, \u00fcrk\u00fct\u00fcc\u00fc kovuklar, el de\u011fmemi\u015f resifler ve nefes kesen sualt\u0131 u\u00e7urumlar\u0131 &hellip;\" \/>\n<meta property=\"og:url\" content=\"https:\/\/happybubbles.com\/\" \/>\n<meta property=\"og:site_name\" content=\"Happy Bubbles Dal\u0131\u015f Merkezi\" \/>\n<meta property=\"article:publisher\" content=\"https:\/\/www.facebook.com\/HappyBubblesDive\/\" \/>\n<meta property=\"article:modified_time\" content=\"2026-03-10T14:25:06+00:00\" \/>\n<meta property=\"og:image\" content=\"https:\/\/happybubbles.com\/wp-content\/uploads\/anaLogo4.png\" \/>\n\t<meta property=\"og:image:width\" content=\"139\" \/>\n\t<meta property=\"og:image:height\" content=\"128\" \/>\n\t<meta property=\"og:image:type\" content=\"image\/png\" \/>\n<meta name=\"twitter:card\" content=\"summary_large_image\" \/>\n<meta name=\"twitter:label1\" content=\"Tahmini okuma s\u00fcresi\" \/>\n\t<meta name=\"twitter:data1\" content=\"1 dakika\" \/>\n<script type=\"application\/ld+json\" class=\"yoast-schema-graph\">{\"@context\":\"https:\/\/schema.org\",\"@graph\":[{\"@type\":\"WebPage\",\"@id\":\"https:\/\/happybubbles.com\/\",\"url\":\"https:\/\/happybubbles.com\/\",\"name\":\"HBDC Hakk\u0131nda &#187; Happy Bubbles Dal\u0131\u015f Merkezi\",\"isPartOf\":{\"@id\":\"https:\/\/happybubbles.com\/#website\"},\"datePublished\":\"2024-03-05T12:05:51+00:00\",\"dateModified\":\"2026-03-10T14:25:06+00:00\",\"breadcrumb\":{\"@id\":\"https:\/\/happybubbles.com\/#breadcrumb\"},\"inLanguage\":\"tr\",\"potentialAction\":[{\"@type\":\"ReadAction\",\"target\":[\"https:\/\/happybubbles.com\/\"]}]},{\"@type\":\"BreadcrumbList\",\"@id\":\"https:\/\/happybubbles.com\/#breadcrumb\",\"itemListElement\":[{\"@type\":\"ListItem\",\"position\":1,\"name\":\"Ana sayfa\",\"item\":\"https:\/\/happybubbles.com\/\"},{\"@type\":\"ListItem\",\"position\":2,\"name\":\"HBDC Hakk\u0131nda\"}]},{\"@type\":\"WebSite\",\"@id\":\"https:\/\/happybubbles.com\/#website\",\"url\":\"https:\/\/happybubbles.com\/\",\"name\":\"Happy Bubbles Dal\u0131\u015f Merkezi\",\"description\":\"arkada\u015f\u00e7a ve keyifli dal\u0131\u015flar, Bodrum - T\u00fcrkiye\",\"publisher\":{\"@id\":\"https:\/\/happybubbles.com\/#organization\"},\"potentialAction\":[{\"@type\":\"SearchAction\",\"target\":{\"@type\":\"EntryPoint\",\"urlTemplate\":\"https:\/\/happybubbles.com\/?s={search_term_string}\"},\"query-input\":{\"@type\":\"PropertyValueSpecification\",\"valueRequired\":true,\"valueName\":\"search_term_string\"}}],\"inLanguage\":\"tr\"},{\"@type\":\"Organization\",\"@id\":\"https:\/\/happybubbles.com\/#organization\",\"name\":\"Happy Bubbles Dive Center\",\"url\":\"https:\/\/happybubbles.com\/\",\"logo\":{\"@type\":\"ImageObject\",\"inLanguage\":\"tr\",\"@id\":\"https:\/\/happybubbles.com\/#\/schema\/logo\/image\/\",\"url\":\"https:\/\/happybubbles.com\/wp-content\/uploads\/anaLogo4.png\",\"contentUrl\":\"https:\/\/happybubbles.com\/wp-content\/uploads\/anaLogo4.png\",\"width\":139,\"height\":128,\"caption\":\"Happy Bubbles Dive Center\"},\"image\":{\"@id\":\"https:\/\/happybubbles.com\/#\/schema\/logo\/image\/\"},\"sameAs\":[\"https:\/\/www.facebook.com\/HappyBubblesDive\/\",\"https:\/\/www.instagram.com\/happybubblesdive\/\"]}]}<\/script>\n<!-- \/ Yoast SEO plugin. -->","yoast_head_json":{"title":"HBDC Hakk\u0131nda &#187; Happy Bubbles Dal\u0131\u015f Merkezi","robots":{"index":"index","follow":"follow","max-snippet":"max-snippet:-1","max-image-preview":"max-image-preview:large","max-video-preview":"max-video-preview:-1"},"canonical":"https:\/\/happybubbles.com\/","og_locale":"tr_TR","og_type":"article","og_title":"HBDC Hakk\u0131nda &#187; Happy Bubbles Dal\u0131\u015f Merkezi","og_description":"Bodrum her zaman d\u00fcnyan\u0131n en iyi dal\u0131\u015f b\u00f6lgeleri aras\u0131nda yerini alm\u0131\u015ft\u0131r. Burada, Ege Denizi&#8217;nin p\u0131r\u0131l p\u0131r\u0131l, \u0131l\u0131k sular\u0131 sizi kucaklar. G\u00f6r\u00fclmeye de\u011fer duvarlar, gizemli bat\u0131klar, \u00fcrk\u00fct\u00fcc\u00fc kovuklar, el de\u011fmemi\u015f resifler ve nefes kesen sualt\u0131 u\u00e7urumlar\u0131 &hellip;","og_url":"https:\/\/happybubbles.com\/","og_site_name":"Happy Bubbles Dal\u0131\u015f Merkezi","article_publisher":"https:\/\/www.facebook.com\/HappyBubblesDive\/","article_modified_time":"2026-03-10T14:25:06+00:00","og_image":[{"width":139,"height":128,"url":"https:\/\/happybubbles.com\/wp-content\/uploads\/anaLogo4.png","type":"image\/png"}],"twitter_card":"summary_large_image","twitter_misc":{"Tahmini okuma s\u00fcresi":"1 dakika"},"schema":{"@context":"https:\/\/schema.org","@graph":[{"@type":"WebPage","@id":"https:\/\/happybubbles.com\/","url":"https:\/\/happybubbles.com\/","name":"HBDC Hakk\u0131nda &#187; Happy Bubbles Dal\u0131\u015f Merkezi","isPartOf":{"@id":"https:\/\/happybubbles.com\/#website"},"datePublished":"2024-03-05T12:05:51+00:00","dateModified":"2026-03-10T14:25:06+00:00","breadcrumb":{"@id":"https:\/\/happybubbles.com\/#breadcrumb"},"inLanguage":"tr","potentialAction":[{"@type":"ReadAction","target":["https:\/\/happybubbles.com\/"]}]},{"@type":"BreadcrumbList","@id":"https:\/\/happybubbles.com\/#breadcrumb","itemListElement":[{"@type":"ListItem","position":1,"name":"Ana sayfa","item":"https:\/\/happybubbles.com\/"},{"@type":"ListItem","position":2,"name":"HBDC Hakk\u0131nda"}]},{"@type":"WebSite","@id":"https:\/\/happybubbles.com\/#website","url":"https:\/\/happybubbles.com\/","name":"Happy Bubbles Dal\u0131\u015f Merkezi","description":"arkada\u015f\u00e7a ve keyifli dal\u0131\u015flar, Bodrum - T\u00fcrkiye","publisher":{"@id":"https:\/\/happybubbles.com\/#organization"},"potentialAction":[{"@type":"SearchAction","target":{"@type":"EntryPoint","urlTemplate":"https:\/\/happybubbles.com\/?s={search_term_string}"},"query-input":{"@type":"PropertyValueSpecification","valueRequired":true,"valueName":"search_term_string"}}],"inLanguage":"tr"},{"@type":"Organization","@id":"https:\/\/happybubbles.com\/#organization","name":"Happy Bubbles Dive Center","url":"https:\/\/happybubbles.com\/","logo":{"@type":"ImageObject","inLanguage":"tr","@id":"https:\/\/happybubbles.com\/#\/schema\/logo\/image\/","url":"https:\/\/happybubbles.com\/wp-content\/uploads\/anaLogo4.png","contentUrl":"https:\/\/happybubbles.com\/wp-content\/uploads\/anaLogo4.png","width":139,"height":128,"caption":"Happy Bubbles Dive Center"},"image":{"@id":"https:\/\/happybubbles.com\/#\/schema\/logo\/image\/"},"sameAs":["https:\/\/www.facebook.com\/HappyBubblesDive\/","https:\/\/www.instagram.com\/happybubblesdive\/"]}]}},"_links":{"self":[{"href":"https:\/\/happybubbles.com\/tr\/wp-json\/wp\/v2\/pages\/57202","targetHints":{"allow":["GET"]}}],"collection":[{"href":"https:\/\/happybubbles.com\/tr\/wp-json\/wp\/v2\/pages"}],"about":[{"href":"https:\/\/happybubbles.com\/tr\/wp-json\/wp\/v2\/types\/page"}],"author":[{"embeddable":true,"href":"https:\/\/happybubbles.com\/tr\/wp-json\/wp\/v2\/users\/10"}],"replies":[{"embeddable":true,"href":"https:\/\/happybubbles.com\/tr\/wp-json\/wp\/v2\/comments?post=57202"}],"version-history":[{"count":2,"href":"https:\/\/happybubbles.com\/tr\/wp-json\/wp\/v2\/pages\/57202\/revisions"}],"predecessor-version":[{"id":57209,"href":"https:\/\/happybubbles.com\/tr\/wp-json\/wp\/v2\/pages\/57202\/revisions\/57209"}],"wp:attachment":[{"href":"https:\/\/happybubbles.com\/tr\/wp-json\/wp\/v2\/media?parent=57202"}],"curies":[{"name":"wp","href":"https:\/\/api.w.org\/{rel}","templated":true}]}}