{"id":57336,"date":"2024-03-08T16:18:43","date_gmt":"2024-03-08T13:18:43","guid":{"rendered":"https:\/\/happybubbles.com\/?page_id=57336"},"modified":"2024-03-08T16:22:02","modified_gmt":"2024-03-08T13:22:02","slug":"ssi-advanced-freediver-l2","status":"publish","type":"page","link":"https:\/\/happybubbles.com\/tr\/ssi-advanced-freediver-l2\/","title":{"rendered":"SSI Advanced Serbest Dal\u0131c\u0131 (L2)"},"content":{"rendered":"<p><\/p>\n<h5><img loading=\"lazy\" decoding=\"async\" class=\"alignnone size-full wp-image-57266\" src=\"https:\/\/happybubbles.com\/wp-content\/uploads\/webHeader2024.png\" alt=\"\" width=\"2590\" height=\"442\" srcset=\"https:\/\/happybubbles.com\/wp-content\/uploads\/webHeader2024.png 2590w, https:\/\/happybubbles.com\/wp-content\/uploads\/webHeader2024-300x51.png 300w, https:\/\/happybubbles.com\/wp-content\/uploads\/webHeader2024-1024x175.png 1024w, https:\/\/happybubbles.com\/wp-content\/uploads\/webHeader2024-768x131.png 768w, https:\/\/happybubbles.com\/wp-content\/uploads\/webHeader2024-1536x262.png 1536w, https:\/\/happybubbles.com\/wp-content\/uploads\/webHeader2024-2048x350.png 2048w, https:\/\/happybubbles.com\/wp-content\/uploads\/webHeader2024-1510x258.png 1510w, https:\/\/happybubbles.com\/wp-content\/uploads\/webHeader2024-800x137.png 800w, https:\/\/happybubbles.com\/wp-content\/uploads\/webHeader2024-512x87.png 512w\" sizes=\"auto, (max-width: 2590px) 100vw, 2590px\" \/><\/h5>\n<h5 class=\"tag-element\">SSI ADVANCED Serbest Dal\u0131c\u0131 (L2) olarak sertifika al\u0131n<\/h5>\n<p class=\"tag-element\">Bir\u00e7ok serbest dalg\u0131c\u0131n daha derine dalma tutkusu vard\u0131r. SSI (SSI) Advanced Freediver program\u0131, serbest dal\u0131\u015fta nefes tutma e\u011fitiminizi ilerleterek ortalama dal\u0131\u015f s\u00fcrenizi art\u0131rmak i\u00e7in bilmeniz gereken her \u015feyi size \u00f6\u011fretecektir.<\/p>\n<p class=\"tag-element\">SSI (SSI) Advanced Freediver size serbest dal\u0131\u015f s\u0131ras\u0131nda verimlilik kavram\u0131n\u0131 \u00f6\u011fretir, v\u00fccudunuzu suda daha g\u00fc\u00e7l\u00fc ve daha etkili k\u0131lar. Heyecan verici serbest d\u00fc\u015f\u00fc\u015f ve Frenzel tekniklerini, geli\u015ftirilmi\u015f dal\u0131\u015f arkada\u015f\u0131 sistemi becerilerini ve daha fazlas\u0131n\u0131 ke\u015ffedin.<\/p>\n<h2><img loading=\"lazy\" decoding=\"async\" class=\"alignnone wp-image-57333 size-medium\" src=\"https:\/\/happybubbles.com\/wp-content\/uploads\/advancedFreediver-300x191.png\" alt=\"\" width=\"300\" height=\"191\" srcset=\"https:\/\/happybubbles.com\/wp-content\/uploads\/advancedFreediver-300x191.png 300w, https:\/\/happybubbles.com\/wp-content\/uploads\/advancedFreediver-768x488.png 768w, https:\/\/happybubbles.com\/wp-content\/uploads\/advancedFreediver-551x350.png 551w, https:\/\/happybubbles.com\/wp-content\/uploads\/advancedFreediver-512x325.png 512w, https:\/\/happybubbles.com\/wp-content\/uploads\/advancedFreediver.png 800w\" sizes=\"auto, (max-width: 300px) 100vw, 300px\" \/><\/h2>\n<p>MySSI hesab\u0131n\u0131za kaydolun ve bug\u00fcn \u00e7evrimi\u00e7i olmaya ba\u015flay\u0131n!<\/p>\n<p>https:\/\/www.youtube.com\/watch?v=2uCgdmdKRz8<\/p>","protected":false},"excerpt":{"rendered":"<p>SSI ADVANCED Serbest Dal\u0131c\u0131 (L2) olarak sertifika al\u0131n Bir\u00e7ok serbest dalg\u0131c\u0131n daha derine dalma tutkusu vard\u0131r. SSI (SSI) Advanced Freediver program\u0131, serbest dal\u0131\u015fta nefes tutma e\u011fitiminizi ilerleterek ortalama dal\u0131\u015f s\u00fcrenizi art\u0131rmak i\u00e7in bilmeniz gereken her &hellip;<\/p>\n","protected":false},"author":10,"featured_media":0,"parent":0,"menu_order":0,"comment_status":"closed","ping_status":"closed","template":"","meta":{"footnotes":""},"class_list":["post-57336","page","type-page","status-publish","hentry"],"yoast_head":"<!-- This site is optimized with the Yoast SEO plugin v27.1.1 - https:\/\/yoast.com\/product\/yoast-seo-wordpress\/ -->\n<title>SSI Advanced Serbest Dal\u0131c\u0131 (L2) &#187; Happy Bubbles Dal\u0131\u015f Merkezi<\/title>\n<meta name=\"robots\" content=\"index, follow, max-snippet:-1, max-image-preview:large, max-video-preview:-1\" \/>\n<link rel=\"canonical\" href=\"https:\/\/happybubbles.com\/ssi-advanced-freediver-l2\/\" \/>\n<meta property=\"og:locale\" content=\"tr_TR\" \/>\n<meta property=\"og:type\" content=\"article\" \/>\n<meta property=\"og:title\" content=\"SSI Advanced Serbest Dal\u0131c\u0131 (L2) &#187; Happy Bubbles Dal\u0131\u015f Merkezi\" \/>\n<meta property=\"og:description\" content=\"SSI ADVANCED Serbest Dal\u0131c\u0131 (L2) olarak sertifika al\u0131n Bir\u00e7ok serbest dalg\u0131c\u0131n daha derine dalma tutkusu vard\u0131r. SSI (SSI) Advanced Freediver program\u0131, serbest dal\u0131\u015fta nefes tutma e\u011fitiminizi ilerleterek ortalama dal\u0131\u015f s\u00fcrenizi art\u0131rmak i\u00e7in bilmeniz gereken her &hellip;\" \/>\n<meta property=\"og:url\" content=\"https:\/\/happybubbles.com\/ssi-advanced-freediver-l2\/\" \/>\n<meta property=\"og:site_name\" content=\"Happy Bubbles Dal\u0131\u015f Merkezi\" \/>\n<meta property=\"article:publisher\" content=\"https:\/\/www.facebook.com\/HappyBubblesDive\/\" \/>\n<meta property=\"article:modified_time\" content=\"2024-03-08T13:22:02+00:00\" \/>\n<meta property=\"og:image\" content=\"https:\/\/happybubbles.com\/wp-content\/uploads\/webHeader2024.png\" \/>\n<meta name=\"twitter:card\" content=\"summary_large_image\" \/>\n<meta name=\"twitter:label1\" content=\"Tahmini okuma s\u00fcresi\" \/>\n\t<meta name=\"twitter:data1\" content=\"1 dakika\" \/>\n<script type=\"application\/ld+json\" class=\"yoast-schema-graph\">{\"@context\":\"https:\/\/schema.org\",\"@graph\":[{\"@type\":\"WebPage\",\"@id\":\"https:\/\/happybubbles.com\/ssi-advanced-freediver-l2\/\",\"url\":\"https:\/\/happybubbles.com\/ssi-advanced-freediver-l2\/\",\"name\":\"SSI Advanced Serbest Dal\u0131c\u0131 (L2) &#187; Happy Bubbles Dal\u0131\u015f Merkezi\",\"isPartOf\":{\"@id\":\"https:\/\/happybubbles.com\/#website\"},\"primaryImageOfPage\":{\"@id\":\"https:\/\/happybubbles.com\/ssi-advanced-freediver-l2\/#primaryimage\"},\"image\":{\"@id\":\"https:\/\/happybubbles.com\/ssi-advanced-freediver-l2\/#primaryimage\"},\"thumbnailUrl\":\"https:\/\/happybubbles.com\/wp-content\/uploads\/webHeader2024.png\",\"datePublished\":\"2024-03-08T13:18:43+00:00\",\"dateModified\":\"2024-03-08T13:22:02+00:00\",\"breadcrumb\":{\"@id\":\"https:\/\/happybubbles.com\/ssi-advanced-freediver-l2\/#breadcrumb\"},\"inLanguage\":\"tr\",\"potentialAction\":[{\"@type\":\"ReadAction\",\"target\":[\"https:\/\/happybubbles.com\/ssi-advanced-freediver-l2\/\"]}]},{\"@type\":\"ImageObject\",\"inLanguage\":\"tr\",\"@id\":\"https:\/\/happybubbles.com\/ssi-advanced-freediver-l2\/#primaryimage\",\"url\":\"https:\/\/happybubbles.com\/wp-content\/uploads\/webHeader2024.png\",\"contentUrl\":\"https:\/\/happybubbles.com\/wp-content\/uploads\/webHeader2024.png\"},{\"@type\":\"BreadcrumbList\",\"@id\":\"https:\/\/happybubbles.com\/ssi-advanced-freediver-l2\/#breadcrumb\",\"itemListElement\":[{\"@type\":\"ListItem\",\"position\":1,\"name\":\"Ana sayfa\",\"item\":\"https:\/\/happybubbles.com\/\"},{\"@type\":\"ListItem\",\"position\":2,\"name\":\"SSI Advanced Serbest Dal\u0131c\u0131 (L2)\"}]},{\"@type\":\"WebSite\",\"@id\":\"https:\/\/happybubbles.com\/#website\",\"url\":\"https:\/\/happybubbles.com\/\",\"name\":\"Happy Bubbles Dal\u0131\u015f Merkezi\",\"description\":\"arkada\u015f\u00e7a ve keyifli dal\u0131\u015flar, Bodrum - T\u00fcrkiye\",\"publisher\":{\"@id\":\"https:\/\/happybubbles.com\/#organization\"},\"potentialAction\":[{\"@type\":\"SearchAction\",\"target\":{\"@type\":\"EntryPoint\",\"urlTemplate\":\"https:\/\/happybubbles.com\/?s={search_term_string}\"},\"query-input\":{\"@type\":\"PropertyValueSpecification\",\"valueRequired\":true,\"valueName\":\"search_term_string\"}}],\"inLanguage\":\"tr\"},{\"@type\":\"Organization\",\"@id\":\"https:\/\/happybubbles.com\/#organization\",\"name\":\"Happy Bubbles Dive Center\",\"url\":\"https:\/\/happybubbles.com\/\",\"logo\":{\"@type\":\"ImageObject\",\"inLanguage\":\"tr\",\"@id\":\"https:\/\/happybubbles.com\/#\/schema\/logo\/image\/\",\"url\":\"https:\/\/happybubbles.com\/wp-content\/uploads\/anaLogo4.png\",\"contentUrl\":\"https:\/\/happybubbles.com\/wp-content\/uploads\/anaLogo4.png\",\"width\":139,\"height\":128,\"caption\":\"Happy Bubbles Dive Center\"},\"image\":{\"@id\":\"https:\/\/happybubbles.com\/#\/schema\/logo\/image\/\"},\"sameAs\":[\"https:\/\/www.facebook.com\/HappyBubblesDive\/\",\"https:\/\/www.instagram.com\/happybubblesdive\/\"]}]}<\/script>\n<!-- \/ Yoast SEO plugin. -->","yoast_head_json":{"title":"SSI Advanced Serbest Dal\u0131c\u0131 (L2) &#187; Happy Bubbles Dal\u0131\u015f Merkezi","robots":{"index":"index","follow":"follow","max-snippet":"max-snippet:-1","max-image-preview":"max-image-preview:large","max-video-preview":"max-video-preview:-1"},"canonical":"https:\/\/happybubbles.com\/ssi-advanced-freediver-l2\/","og_locale":"tr_TR","og_type":"article","og_title":"SSI Advanced Serbest Dal\u0131c\u0131 (L2) &#187; Happy Bubbles Dal\u0131\u015f Merkezi","og_description":"SSI ADVANCED Serbest Dal\u0131c\u0131 (L2) olarak sertifika al\u0131n Bir\u00e7ok serbest dalg\u0131c\u0131n daha derine dalma tutkusu vard\u0131r. SSI (SSI) Advanced Freediver program\u0131, serbest dal\u0131\u015fta nefes tutma e\u011fitiminizi ilerleterek ortalama dal\u0131\u015f s\u00fcrenizi art\u0131rmak i\u00e7in bilmeniz gereken her &hellip;","og_url":"https:\/\/happybubbles.com\/ssi-advanced-freediver-l2\/","og_site_name":"Happy Bubbles Dal\u0131\u015f Merkezi","article_publisher":"https:\/\/www.facebook.com\/HappyBubblesDive\/","article_modified_time":"2024-03-08T13:22:02+00:00","og_image":[{"url":"https:\/\/happybubbles.com\/wp-content\/uploads\/webHeader2024.png","type":"","width":"","height":""}],"twitter_card":"summary_large_image","twitter_misc":{"Tahmini okuma s\u00fcresi":"1 dakika"},"schema":{"@context":"https:\/\/schema.org","@graph":[{"@type":"WebPage","@id":"https:\/\/happybubbles.com\/ssi-advanced-freediver-l2\/","url":"https:\/\/happybubbles.com\/ssi-advanced-freediver-l2\/","name":"SSI Advanced Serbest Dal\u0131c\u0131 (L2) &#187; Happy Bubbles Dal\u0131\u015f Merkezi","isPartOf":{"@id":"https:\/\/happybubbles.com\/#website"},"primaryImageOfPage":{"@id":"https:\/\/happybubbles.com\/ssi-advanced-freediver-l2\/#primaryimage"},"image":{"@id":"https:\/\/happybubbles.com\/ssi-advanced-freediver-l2\/#primaryimage"},"thumbnailUrl":"https:\/\/happybubbles.com\/wp-content\/uploads\/webHeader2024.png","datePublished":"2024-03-08T13:18:43+00:00","dateModified":"2024-03-08T13:22:02+00:00","breadcrumb":{"@id":"https:\/\/happybubbles.com\/ssi-advanced-freediver-l2\/#breadcrumb"},"inLanguage":"tr","potentialAction":[{"@type":"ReadAction","target":["https:\/\/happybubbles.com\/ssi-advanced-freediver-l2\/"]}]},{"@type":"ImageObject","inLanguage":"tr","@id":"https:\/\/happybubbles.com\/ssi-advanced-freediver-l2\/#primaryimage","url":"https:\/\/happybubbles.com\/wp-content\/uploads\/webHeader2024.png","contentUrl":"https:\/\/happybubbles.com\/wp-content\/uploads\/webHeader2024.png"},{"@type":"BreadcrumbList","@id":"https:\/\/happybubbles.com\/ssi-advanced-freediver-l2\/#breadcrumb","itemListElement":[{"@type":"ListItem","position":1,"name":"Ana sayfa","item":"https:\/\/happybubbles.com\/"},{"@type":"ListItem","position":2,"name":"SSI Advanced Serbest Dal\u0131c\u0131 (L2)"}]},{"@type":"WebSite","@id":"https:\/\/happybubbles.com\/#website","url":"https:\/\/happybubbles.com\/","name":"Happy Bubbles Dal\u0131\u015f Merkezi","description":"arkada\u015f\u00e7a ve keyifli dal\u0131\u015flar, Bodrum - T\u00fcrkiye","publisher":{"@id":"https:\/\/happybubbles.com\/#organization"},"potentialAction":[{"@type":"SearchAction","target":{"@type":"EntryPoint","urlTemplate":"https:\/\/happybubbles.com\/?s={search_term_string}"},"query-input":{"@type":"PropertyValueSpecification","valueRequired":true,"valueName":"search_term_string"}}],"inLanguage":"tr"},{"@type":"Organization","@id":"https:\/\/happybubbles.com\/#organization","name":"Happy Bubbles Dive Center","url":"https:\/\/happybubbles.com\/","logo":{"@type":"ImageObject","inLanguage":"tr","@id":"https:\/\/happybubbles.com\/#\/schema\/logo\/image\/","url":"https:\/\/happybubbles.com\/wp-content\/uploads\/anaLogo4.png","contentUrl":"https:\/\/happybubbles.com\/wp-content\/uploads\/anaLogo4.png","width":139,"height":128,"caption":"Happy Bubbles Dive Center"},"image":{"@id":"https:\/\/happybubbles.com\/#\/schema\/logo\/image\/"},"sameAs":["https:\/\/www.facebook.com\/HappyBubblesDive\/","https:\/\/www.instagram.com\/happybubblesdive\/"]}]}},"_links":{"self":[{"href":"https:\/\/happybubbles.com\/tr\/wp-json\/wp\/v2\/pages\/57336","targetHints":{"allow":["GET"]}}],"collection":[{"href":"https:\/\/happybubbles.com\/tr\/wp-json\/wp\/v2\/pages"}],"about":[{"href":"https:\/\/happybubbles.com\/tr\/wp-json\/wp\/v2\/types\/page"}],"author":[{"embeddable":true,"href":"https:\/\/happybubbles.com\/tr\/wp-json\/wp\/v2\/users\/10"}],"replies":[{"embeddable":true,"href":"https:\/\/happybubbles.com\/tr\/wp-json\/wp\/v2\/comments?post=57336"}],"version-history":[{"count":2,"href":"https:\/\/happybubbles.com\/tr\/wp-json\/wp\/v2\/pages\/57336\/revisions"}],"predecessor-version":[{"id":57340,"href":"https:\/\/happybubbles.com\/tr\/wp-json\/wp\/v2\/pages\/57336\/revisions\/57340"}],"wp:attachment":[{"href":"https:\/\/happybubbles.com\/tr\/wp-json\/wp\/v2\/media?parent=57336"}],"curies":[{"name":"wp","href":"https:\/\/api.w.org\/{rel}","templated":true}]}}