{"id":57341,"date":"2024-03-08T16:25:19","date_gmt":"2024-03-08T13:25:19","guid":{"rendered":"https:\/\/happybubbles.com\/?page_id=57341"},"modified":"2024-03-08T16:25:48","modified_gmt":"2024-03-08T13:25:48","slug":"ssi-performance-freediver-l3","status":"publish","type":"page","link":"https:\/\/happybubbles.com\/tr\/ssi-performance-freediver-l3\/","title":{"rendered":"SSI Performans Serbest Dal\u0131c\u0131 (L3)"},"content":{"rendered":"<p><\/p>\n<h5><img loading=\"lazy\" decoding=\"async\" class=\"alignnone size-full wp-image-57266\" src=\"https:\/\/happybubbles.com\/wp-content\/uploads\/webHeader2024.png\" alt=\"\" width=\"2590\" height=\"442\" srcset=\"https:\/\/happybubbles.com\/wp-content\/uploads\/webHeader2024.png 2590w, https:\/\/happybubbles.com\/wp-content\/uploads\/webHeader2024-300x51.png 300w, https:\/\/happybubbles.com\/wp-content\/uploads\/webHeader2024-1024x175.png 1024w, https:\/\/happybubbles.com\/wp-content\/uploads\/webHeader2024-768x131.png 768w, https:\/\/happybubbles.com\/wp-content\/uploads\/webHeader2024-1536x262.png 1536w, https:\/\/happybubbles.com\/wp-content\/uploads\/webHeader2024-2048x350.png 2048w, https:\/\/happybubbles.com\/wp-content\/uploads\/webHeader2024-1510x258.png 1510w, https:\/\/happybubbles.com\/wp-content\/uploads\/webHeader2024-800x137.png 800w, https:\/\/happybubbles.com\/wp-content\/uploads\/webHeader2024-512x87.png 512w\" sizes=\"auto, (max-width: 2590px) 100vw, 2590px\" \/><\/h5>\n<h5 class=\"tag-element\">SSI PERFORMANS Serbest Dal\u0131c\u0131 (L3) olarak sertifika al\u0131n<\/h5>\n<p class=\"tag-element\">SSI Serbest Dal\u0131\u015f Seviye 3 sertifika program\u0131 ile nihai serbest dal\u0131\u015f hedeflerinizi ger\u00e7e\u011fe d\u00f6n\u00fc\u015ft\u00fcrmeye yakla\u015f\u0131n. Bu, serbest dal\u0131\u015f e\u011fitiminin en \u00fcst seviyesidir ve bir serbest dal\u0131\u015f\u00e7\u0131 olarak ger\u00e7ek potansiyelinizi ke\u015ffetmenize yard\u0131mc\u0131 olacakt\u0131r. \u00c7evrimi\u00e7i \u00f6\u011frenme ve serbest dal\u0131\u015f seanslar\u0131n\u0131n derinlemesine bir kombinasyonunu kullanarak becerilerinizi en \u00fcst d\u00fczeye \u00e7\u0131karacak ve serbest dal\u0131\u015f d\u00fcnya rekoru sahiplerinin kulland\u0131\u011f\u0131 teknikleri \u00f6\u011freneceksiniz.<\/p>\n<h2><img loading=\"lazy\" decoding=\"async\" class=\"alignnone wp-image-57342 size-medium\" src=\"https:\/\/happybubbles.com\/wp-content\/uploads\/performanceFreediver-300x191.png\" alt=\"\" width=\"300\" height=\"191\" srcset=\"https:\/\/happybubbles.com\/wp-content\/uploads\/performanceFreediver-300x191.png 300w, https:\/\/happybubbles.com\/wp-content\/uploads\/performanceFreediver-768x488.png 768w, https:\/\/happybubbles.com\/wp-content\/uploads\/performanceFreediver-551x350.png 551w, https:\/\/happybubbles.com\/wp-content\/uploads\/performanceFreediver-512x325.png 512w, https:\/\/happybubbles.com\/wp-content\/uploads\/performanceFreediver.png 800w\" sizes=\"auto, (max-width: 300px) 100vw, 300px\" \/><\/h2>\n<p>MySSI hesab\u0131n\u0131za kaydolun ve bug\u00fcn \u00e7evrimi\u00e7i olmaya ba\u015flay\u0131n!<\/p>\n<p>https:\/\/www.youtube.com\/watch?v=2uCgdmdKRz8<\/p>","protected":false},"excerpt":{"rendered":"<p>SSI PERFORMANS Serbest Dal\u0131c\u0131 (L3) olarak sertifika al\u0131n SSI Serbest Dal\u0131\u015f Seviye 3 sertifika program\u0131 ile nihai serbest dal\u0131\u015f hedeflerinizi ger\u00e7e\u011fe d\u00f6n\u00fc\u015ft\u00fcrmeye yakla\u015f\u0131n. Bu, serbest dal\u0131\u015f e\u011fitiminin en \u00fcst seviyesidir ve bir serbest dal\u0131\u015f\u00e7\u0131 olarak &hellip;<\/p>\n","protected":false},"author":10,"featured_media":0,"parent":0,"menu_order":0,"comment_status":"closed","ping_status":"closed","template":"","meta":{"footnotes":""},"class_list":["post-57341","page","type-page","status-publish","hentry"],"yoast_head":"<!-- This site is optimized with the Yoast SEO plugin v27.1.1 - https:\/\/yoast.com\/product\/yoast-seo-wordpress\/ -->\n<title>SSI Performans Serbest Dal\u0131c\u0131 (L3) &#187; Happy Bubbles Dal\u0131\u015f Merkezi<\/title>\n<meta name=\"robots\" content=\"index, follow, max-snippet:-1, max-image-preview:large, max-video-preview:-1\" \/>\n<link rel=\"canonical\" href=\"https:\/\/happybubbles.com\/ssi-performance-freediver-l3\/\" \/>\n<meta property=\"og:locale\" content=\"tr_TR\" \/>\n<meta property=\"og:type\" content=\"article\" \/>\n<meta property=\"og:title\" content=\"SSI Performans Serbest Dal\u0131c\u0131 (L3) &#187; Happy Bubbles Dal\u0131\u015f Merkezi\" \/>\n<meta property=\"og:description\" content=\"SSI PERFORMANS Serbest Dal\u0131c\u0131 (L3) olarak sertifika al\u0131n SSI Serbest Dal\u0131\u015f Seviye 3 sertifika program\u0131 ile nihai serbest dal\u0131\u015f hedeflerinizi ger\u00e7e\u011fe d\u00f6n\u00fc\u015ft\u00fcrmeye yakla\u015f\u0131n. Bu, serbest dal\u0131\u015f e\u011fitiminin en \u00fcst seviyesidir ve bir serbest dal\u0131\u015f\u00e7\u0131 olarak &hellip;\" \/>\n<meta property=\"og:url\" content=\"https:\/\/happybubbles.com\/ssi-performance-freediver-l3\/\" \/>\n<meta property=\"og:site_name\" content=\"Happy Bubbles Dal\u0131\u015f Merkezi\" \/>\n<meta property=\"article:publisher\" content=\"https:\/\/www.facebook.com\/HappyBubblesDive\/\" \/>\n<meta property=\"article:modified_time\" content=\"2024-03-08T13:25:48+00:00\" \/>\n<meta property=\"og:image\" content=\"https:\/\/happybubbles.com\/wp-content\/uploads\/webHeader2024.png\" \/>\n<meta name=\"twitter:card\" content=\"summary_large_image\" \/>\n<meta name=\"twitter:label1\" content=\"Tahmini okuma s\u00fcresi\" \/>\n\t<meta name=\"twitter:data1\" content=\"1 dakika\" \/>\n<script type=\"application\/ld+json\" class=\"yoast-schema-graph\">{\"@context\":\"https:\/\/schema.org\",\"@graph\":[{\"@type\":\"WebPage\",\"@id\":\"https:\/\/happybubbles.com\/ssi-performance-freediver-l3\/\",\"url\":\"https:\/\/happybubbles.com\/ssi-performance-freediver-l3\/\",\"name\":\"SSI Performans Serbest Dal\u0131c\u0131 (L3) &#187; Happy Bubbles Dal\u0131\u015f Merkezi\",\"isPartOf\":{\"@id\":\"https:\/\/happybubbles.com\/#website\"},\"primaryImageOfPage\":{\"@id\":\"https:\/\/happybubbles.com\/ssi-performance-freediver-l3\/#primaryimage\"},\"image\":{\"@id\":\"https:\/\/happybubbles.com\/ssi-performance-freediver-l3\/#primaryimage\"},\"thumbnailUrl\":\"https:\/\/happybubbles.com\/wp-content\/uploads\/webHeader2024.png\",\"datePublished\":\"2024-03-08T13:25:19+00:00\",\"dateModified\":\"2024-03-08T13:25:48+00:00\",\"breadcrumb\":{\"@id\":\"https:\/\/happybubbles.com\/ssi-performance-freediver-l3\/#breadcrumb\"},\"inLanguage\":\"tr\",\"potentialAction\":[{\"@type\":\"ReadAction\",\"target\":[\"https:\/\/happybubbles.com\/ssi-performance-freediver-l3\/\"]}]},{\"@type\":\"ImageObject\",\"inLanguage\":\"tr\",\"@id\":\"https:\/\/happybubbles.com\/ssi-performance-freediver-l3\/#primaryimage\",\"url\":\"https:\/\/happybubbles.com\/wp-content\/uploads\/webHeader2024.png\",\"contentUrl\":\"https:\/\/happybubbles.com\/wp-content\/uploads\/webHeader2024.png\"},{\"@type\":\"BreadcrumbList\",\"@id\":\"https:\/\/happybubbles.com\/ssi-performance-freediver-l3\/#breadcrumb\",\"itemListElement\":[{\"@type\":\"ListItem\",\"position\":1,\"name\":\"Ana sayfa\",\"item\":\"https:\/\/happybubbles.com\/\"},{\"@type\":\"ListItem\",\"position\":2,\"name\":\"SSI Performans Serbest Dal\u0131c\u0131 (L3)\"}]},{\"@type\":\"WebSite\",\"@id\":\"https:\/\/happybubbles.com\/#website\",\"url\":\"https:\/\/happybubbles.com\/\",\"name\":\"Happy Bubbles Dal\u0131\u015f Merkezi\",\"description\":\"arkada\u015f\u00e7a ve keyifli dal\u0131\u015flar, Bodrum - T\u00fcrkiye\",\"publisher\":{\"@id\":\"https:\/\/happybubbles.com\/#organization\"},\"potentialAction\":[{\"@type\":\"SearchAction\",\"target\":{\"@type\":\"EntryPoint\",\"urlTemplate\":\"https:\/\/happybubbles.com\/?s={search_term_string}\"},\"query-input\":{\"@type\":\"PropertyValueSpecification\",\"valueRequired\":true,\"valueName\":\"search_term_string\"}}],\"inLanguage\":\"tr\"},{\"@type\":\"Organization\",\"@id\":\"https:\/\/happybubbles.com\/#organization\",\"name\":\"Happy Bubbles Dive Center\",\"url\":\"https:\/\/happybubbles.com\/\",\"logo\":{\"@type\":\"ImageObject\",\"inLanguage\":\"tr\",\"@id\":\"https:\/\/happybubbles.com\/#\/schema\/logo\/image\/\",\"url\":\"https:\/\/happybubbles.com\/wp-content\/uploads\/anaLogo4.png\",\"contentUrl\":\"https:\/\/happybubbles.com\/wp-content\/uploads\/anaLogo4.png\",\"width\":139,\"height\":128,\"caption\":\"Happy Bubbles Dive Center\"},\"image\":{\"@id\":\"https:\/\/happybubbles.com\/#\/schema\/logo\/image\/\"},\"sameAs\":[\"https:\/\/www.facebook.com\/HappyBubblesDive\/\",\"https:\/\/www.instagram.com\/happybubblesdive\/\"]}]}<\/script>\n<!-- \/ Yoast SEO plugin. -->","yoast_head_json":{"title":"SSI Performans Serbest Dal\u0131c\u0131 (L3) &#187; Happy Bubbles Dal\u0131\u015f Merkezi","robots":{"index":"index","follow":"follow","max-snippet":"max-snippet:-1","max-image-preview":"max-image-preview:large","max-video-preview":"max-video-preview:-1"},"canonical":"https:\/\/happybubbles.com\/ssi-performance-freediver-l3\/","og_locale":"tr_TR","og_type":"article","og_title":"SSI Performans Serbest Dal\u0131c\u0131 (L3) &#187; Happy Bubbles Dal\u0131\u015f Merkezi","og_description":"SSI PERFORMANS Serbest Dal\u0131c\u0131 (L3) olarak sertifika al\u0131n SSI Serbest Dal\u0131\u015f Seviye 3 sertifika program\u0131 ile nihai serbest dal\u0131\u015f hedeflerinizi ger\u00e7e\u011fe d\u00f6n\u00fc\u015ft\u00fcrmeye yakla\u015f\u0131n. Bu, serbest dal\u0131\u015f e\u011fitiminin en \u00fcst seviyesidir ve bir serbest dal\u0131\u015f\u00e7\u0131 olarak &hellip;","og_url":"https:\/\/happybubbles.com\/ssi-performance-freediver-l3\/","og_site_name":"Happy Bubbles Dal\u0131\u015f Merkezi","article_publisher":"https:\/\/www.facebook.com\/HappyBubblesDive\/","article_modified_time":"2024-03-08T13:25:48+00:00","og_image":[{"url":"https:\/\/happybubbles.com\/wp-content\/uploads\/webHeader2024.png","type":"","width":"","height":""}],"twitter_card":"summary_large_image","twitter_misc":{"Tahmini okuma s\u00fcresi":"1 dakika"},"schema":{"@context":"https:\/\/schema.org","@graph":[{"@type":"WebPage","@id":"https:\/\/happybubbles.com\/ssi-performance-freediver-l3\/","url":"https:\/\/happybubbles.com\/ssi-performance-freediver-l3\/","name":"SSI Performans Serbest Dal\u0131c\u0131 (L3) &#187; Happy Bubbles Dal\u0131\u015f Merkezi","isPartOf":{"@id":"https:\/\/happybubbles.com\/#website"},"primaryImageOfPage":{"@id":"https:\/\/happybubbles.com\/ssi-performance-freediver-l3\/#primaryimage"},"image":{"@id":"https:\/\/happybubbles.com\/ssi-performance-freediver-l3\/#primaryimage"},"thumbnailUrl":"https:\/\/happybubbles.com\/wp-content\/uploads\/webHeader2024.png","datePublished":"2024-03-08T13:25:19+00:00","dateModified":"2024-03-08T13:25:48+00:00","breadcrumb":{"@id":"https:\/\/happybubbles.com\/ssi-performance-freediver-l3\/#breadcrumb"},"inLanguage":"tr","potentialAction":[{"@type":"ReadAction","target":["https:\/\/happybubbles.com\/ssi-performance-freediver-l3\/"]}]},{"@type":"ImageObject","inLanguage":"tr","@id":"https:\/\/happybubbles.com\/ssi-performance-freediver-l3\/#primaryimage","url":"https:\/\/happybubbles.com\/wp-content\/uploads\/webHeader2024.png","contentUrl":"https:\/\/happybubbles.com\/wp-content\/uploads\/webHeader2024.png"},{"@type":"BreadcrumbList","@id":"https:\/\/happybubbles.com\/ssi-performance-freediver-l3\/#breadcrumb","itemListElement":[{"@type":"ListItem","position":1,"name":"Ana sayfa","item":"https:\/\/happybubbles.com\/"},{"@type":"ListItem","position":2,"name":"SSI Performans Serbest Dal\u0131c\u0131 (L3)"}]},{"@type":"WebSite","@id":"https:\/\/happybubbles.com\/#website","url":"https:\/\/happybubbles.com\/","name":"Happy Bubbles Dal\u0131\u015f Merkezi","description":"arkada\u015f\u00e7a ve keyifli dal\u0131\u015flar, Bodrum - T\u00fcrkiye","publisher":{"@id":"https:\/\/happybubbles.com\/#organization"},"potentialAction":[{"@type":"SearchAction","target":{"@type":"EntryPoint","urlTemplate":"https:\/\/happybubbles.com\/?s={search_term_string}"},"query-input":{"@type":"PropertyValueSpecification","valueRequired":true,"valueName":"search_term_string"}}],"inLanguage":"tr"},{"@type":"Organization","@id":"https:\/\/happybubbles.com\/#organization","name":"Happy Bubbles Dive Center","url":"https:\/\/happybubbles.com\/","logo":{"@type":"ImageObject","inLanguage":"tr","@id":"https:\/\/happybubbles.com\/#\/schema\/logo\/image\/","url":"https:\/\/happybubbles.com\/wp-content\/uploads\/anaLogo4.png","contentUrl":"https:\/\/happybubbles.com\/wp-content\/uploads\/anaLogo4.png","width":139,"height":128,"caption":"Happy Bubbles Dive Center"},"image":{"@id":"https:\/\/happybubbles.com\/#\/schema\/logo\/image\/"},"sameAs":["https:\/\/www.facebook.com\/HappyBubblesDive\/","https:\/\/www.instagram.com\/happybubblesdive\/"]}]}},"_links":{"self":[{"href":"https:\/\/happybubbles.com\/tr\/wp-json\/wp\/v2\/pages\/57341","targetHints":{"allow":["GET"]}}],"collection":[{"href":"https:\/\/happybubbles.com\/tr\/wp-json\/wp\/v2\/pages"}],"about":[{"href":"https:\/\/happybubbles.com\/tr\/wp-json\/wp\/v2\/types\/page"}],"author":[{"embeddable":true,"href":"https:\/\/happybubbles.com\/tr\/wp-json\/wp\/v2\/users\/10"}],"replies":[{"embeddable":true,"href":"https:\/\/happybubbles.com\/tr\/wp-json\/wp\/v2\/comments?post=57341"}],"version-history":[{"count":2,"href":"https:\/\/happybubbles.com\/tr\/wp-json\/wp\/v2\/pages\/57341\/revisions"}],"predecessor-version":[{"id":57344,"href":"https:\/\/happybubbles.com\/tr\/wp-json\/wp\/v2\/pages\/57341\/revisions\/57344"}],"wp:attachment":[{"href":"https:\/\/happybubbles.com\/tr\/wp-json\/wp\/v2\/media?parent=57341"}],"curies":[{"name":"wp","href":"https:\/\/api.w.org\/{rel}","templated":true}]}}